{"id":229,"date":"2019-04-15T13:40:35","date_gmt":"2019-04-15T16:40:35","guid":{"rendered":"https:\/\/www.ufsm.br\/cursos\/pos-graduacao\/santa-maria\/ppgcc\/?page_id=229"},"modified":"2019-04-15T13:40:38","modified_gmt":"2019-04-15T16:40:38","slug":"egressos-dissertacoes-defendidas","status":"publish","type":"page","link":"https:\/\/www.ufsm.br\/cursos\/pos-graduacao\/santa-maria\/ppgcc\/egressos-dissertacoes-defendidas","title":{"rendered":"Egressos \/ Disserta\u00e7\u00f5es Defendidas"},"content":{"rendered":"\n<p>A seguir s\u00e3o disponibilizados links para acesso a informa\u00e7\u00f5es abertas ao p\u00fablico em geral acerca de egressos e suas disserta\u00e7\u00f5es (textos completos dispon\u00edveis):<\/p>\n\n\n\n<ul class=\"wp-block-list\"><li><a href=\"https:\/\/sucupira.capes.gov.br\/sucupira\/public\/consultas\/coleta\/trabalhoConclusao\/listaTrabalhoConclusao.jsf\">Cadastro Discente CAPES \u2013 Plataforma Sucupira<\/a><\/li><li><a href=\"https:\/\/repositorio.ufsm.br\/\">Biblioteca Digital de Teses e Disserta\u00e7\u00f5es da UFSM<\/a><\/li><\/ul>\n","protected":false},"excerpt":{"rendered":"<p>A seguir s\u00e3o disponibilizados links para acesso a informa\u00e7\u00f5es abertas ao p\u00fablico em geral acerca de egressos e suas disserta\u00e7\u00f5es (textos completos dispon\u00edveis): Cadastro Discente CAPES \u2013 Plataforma Sucupira Biblioteca Digital de Teses e Disserta\u00e7\u00f5es da UFSM<\/p>\n","protected":false},"author":115,"featured_media":0,"parent":0,"menu_order":0,"comment_status":"closed","ping_status":"closed","template":"","meta":{"footnotes":""},"categories":[],"tags":[],"class_list":["post-229","page","type-page","status-publish","hentry"],"acf":[],"_links":{"self":[{"href":"https:\/\/www.ufsm.br\/cursos\/pos-graduacao\/santa-maria\/ppgcc\/wp-json\/wp\/v2\/pages\/229","targetHints":{"allow":["GET"]}}],"collection":[{"href":"https:\/\/www.ufsm.br\/cursos\/pos-graduacao\/santa-maria\/ppgcc\/wp-json\/wp\/v2\/pages"}],"about":[{"href":"https:\/\/www.ufsm.br\/cursos\/pos-graduacao\/santa-maria\/ppgcc\/wp-json\/wp\/v2\/types\/page"}],"author":[{"embeddable":true,"href":"https:\/\/www.ufsm.br\/cursos\/pos-graduacao\/santa-maria\/ppgcc\/wp-json\/wp\/v2\/users\/115"}],"replies":[{"embeddable":true,"href":"https:\/\/www.ufsm.br\/cursos\/pos-graduacao\/santa-maria\/ppgcc\/wp-json\/wp\/v2\/comments?post=229"}],"version-history":[{"count":0,"href":"https:\/\/www.ufsm.br\/cursos\/pos-graduacao\/santa-maria\/ppgcc\/wp-json\/wp\/v2\/pages\/229\/revisions"}],"wp:attachment":[{"href":"https:\/\/www.ufsm.br\/cursos\/pos-graduacao\/santa-maria\/ppgcc\/wp-json\/wp\/v2\/media?parent=229"}],"wp:term":[{"taxonomy":"category","embeddable":true,"href":"https:\/\/www.ufsm.br\/cursos\/pos-graduacao\/santa-maria\/ppgcc\/wp-json\/wp\/v2\/categories?post=229"},{"taxonomy":"post_tag","embeddable":true,"href":"https:\/\/www.ufsm.br\/cursos\/pos-graduacao\/santa-maria\/ppgcc\/wp-json\/wp\/v2\/tags?post=229"}],"curies":[{"name":"wp","href":"https:\/\/api.w.org\/{rel}","templated":true}]}}