{"id":3206,"date":"2019-05-07T11:26:59","date_gmt":"2019-05-07T14:26:59","guid":{"rendered":"https:\/\/www.ufsm.br\/cursos\/pos-graduacao\/santa-maria\/ppgcc\/?page_id=3206"},"modified":"2022-02-22T15:21:25","modified_gmt":"2022-02-22T18:21:25","slug":"mestrado-academico","status":"publish","type":"page","link":"https:\/\/www.ufsm.br\/cursos\/pos-graduacao\/santa-maria\/ppgcc\/mestrado-academico","title":{"rendered":"Mestrado Acad\u00eamico"},"content":{"rendered":"\n<p><strong>Nome: <\/strong>Ci\u00eancia da Computa\u00e7\u00e3o.<\/p>\n<p><strong>N\u00edvel:<\/strong> Mestrado Stricto Sensu.<\/p>\n<p><strong>\u00c1rea de Concentra\u00e7\u00e3o:<\/strong> Computa\u00e7\u00e3o.<\/p>\n<p><strong>Conceito CAPES<\/strong>: 3.<\/p>\n<p><strong>Total de cr\u00e9ditos para titula\u00e7\u00e3o:<\/strong> 18 (m\u00ednimo).<\/p>\n<p><strong>Periodicidade de sele\u00e7\u00e3o:<\/strong> Anual.<\/p>\n<p>\u00a0<\/p>\n<p><strong>O Perfil do Profissional<\/strong><\/p>\n<p>O per\ufb01l pro\ufb01ssional a ser buscado \u00e9 um egresso com potencial para pesquisa e inova\u00e7\u00e3o. A caracter\u00edstica mais relevante para este pro\ufb01ssional \u00e9 a prepara\u00e7\u00e3o para a mudan\u00e7a. Para tal, \u00e9 necess\u00e1rio promover a evolu\u00e7\u00e3o de habilidades para o patamar de compet\u00eancias: aprender a pesquisar, a trabalhar em equipe, a comunicar-se com efetividade (oral e escrito), a pensar criticamente e a fazer re\ufb02ex\u00f5es com autonomia, agir de acordo com uma metodologia cient\u00ed\ufb01ca, resolver problemas e tomar decis\u00f5es.<\/p>\n<p>As atividades desses pro\ufb01ssionais englobam: (a) investiga\u00e7\u00e3o e desenvolvimento de conhecimento na \u00e1rea de computa\u00e7\u00e3o; (b) an\u00e1lise e modelagem de problemas do ponto de vista computacional-cient\u00ed\ufb01co; (c) projeto e implementa\u00e7\u00e3o de sistemas de computa\u00e7\u00e3o inovadores.<\/p>\n<p>Ao \ufb01nal do curso, o mestrando deve (I) demonstrar conhecimento dos principais aspectos e problemas envolvidos na \u00e1rea de computa\u00e7\u00e3o; (II) estar apto a projetar solu\u00e7\u00f5es para os problemas encontrados usando uma metodologia cient\u00ed\ufb01ca; (III) estar apto para introduzir inova\u00e7\u00f5es no projeto de sistemas.<\/p>\n<p>\u00c9 poss\u00edvel identi\ufb01car duas grandes \u00e1reas de atua\u00e7\u00e3o para esses pro\ufb01ssionais: (I) ensino e pesquisa, onde poder\u00e3o atuar em centros de pesquisas e universidades, principalmente, ap\u00f3s conclus\u00e3o do curso de doutorado; (II) empresarial, onde poder\u00e3o investir na cria\u00e7\u00e3o de novos produtos de software ou de hardware.<br \/><br \/><strong>Disciplinas<\/strong><\/p>\n<p>O curso de mestrado do PPGCC tem dura\u00e7\u00e3o m\u00ednima de doze meses (12) e m\u00e1xima de vinte e quatro (24) meses. A cada atividade do mestrado \u00e9 atribu\u00eddo um n\u00famero de unidades de cr\u00e9dito. Cada unidade de cr\u00e9dito equivale a 15 horas de atividades programadas, compreendendo aulas te\u00f3ricas, ou 30 horas de estudos dirigidos, semin\u00e1rios ou atividades de pesquisa visando a disserta\u00e7\u00e3o.<\/p>\n<p>As disciplinas do mestrado s\u00e3o ofertadas semestralmente e classi\ufb01cadas como N\u00facleo B\u00e1sico e N\u00facleo Espec\u00ed\ufb01co. As disciplinas do N\u00facleo B\u00e1sico t\u00eam por objetivo fornecer os fundamentos b\u00e1sicos de suporte ao conjunto de linhas de pesquisa do programa. As disciplinas do N\u00facleo Espec\u00ed\ufb01co t\u00eam como objetivo aprofundar os fundamentos em cada linha de pesquisa. A coopera\u00e7\u00e3o entre linhas de pesquisa \u00e9 incentivada de forma que o aluno poder\u00e1 cursar disciplinas em outras linhas de pesquisa, conforme estabelecido em seu Plano de Estudos.<\/p>\n<p>As disciplinas inclu\u00eddas em T\u00f3picos Especiais do N\u00facleo Espec\u00ed\ufb01co se caracterizam por apresentar ementas vari\u00e1veis, cujo detalhamento encontra-se em normas espec\u00ed\ufb01cas de\ufb01nidas pelo Colegiado do PPGCC (CPGCC). Poder\u00e3o ser oferecidas disciplinas e outras atividades curriculares concentradas, em atendimento \u00e0s necessidades espec\u00ed\ufb01cas do programa, ou ainda, em atendimento a circunst\u00e2ncias pr\u00f3prias relativas a professores visitantes nacionais ou estrangeiros.<\/p>\n<p>O curr\u00edculo de atividades a ser desenvolvido pelo aluno ser\u00e1 proposto pelo orientador, em comum acordo com o aluno, levando-se em conta a natureza de sua pesquisa e o est\u00e1gio de forma\u00e7\u00e3o desse \u00faltimo, e aprovado pelo CPGCC. Al\u00e9m disso, o curr\u00edculo das atividades programadas para o aluno, sempre visando sua disserta\u00e7\u00e3o, poder\u00e1 incluir disciplinas de cursos de p\u00f3s-gradua\u00e7\u00e3o de outras institui\u00e7\u00f5es de ensino superior. O CPGCC poder\u00e1 autorizar o reconhecimento de cr\u00e9ditos ao aluno que foi aprovado em disciplinas ou atividades de p\u00f3s-gradua\u00e7\u00e3o, as quais ocorreram antes ou ap\u00f3s seu ingresso no PPGCC e foram ministradas em outras universidades nacionais ou estrangeiras. A validade destas disciplinas, para o reconhecimento, \u00e9 de cinco anos.<\/p>\n<p>O candidato \u00e0 obten\u00e7\u00e3o do grau de Mestre em Ci\u00eancia da Computa\u00e7\u00e3o deve cumprir um m\u00ednimo de dezoito (18) cr\u00e9ditos.<br \/><br \/><\/p>\n<p>\u00a0<\/p>\n<p>\u00a0<\/p>\n<p>\u00a0<\/p>\n","protected":false},"excerpt":{"rendered":"<p>Nome: Ci\u00eancia da Computa\u00e7\u00e3o. N\u00edvel: Mestrado Stricto Sensu. \u00c1rea de Concentra\u00e7\u00e3o: Computa\u00e7\u00e3o. Conceito CAPES: 3. Total de cr\u00e9ditos para titula\u00e7\u00e3o: 18 (m\u00ednimo). Periodicidade de sele\u00e7\u00e3o: Anual. \u00a0 O Perfil do Profissional O per\ufb01l pro\ufb01ssional a ser buscado \u00e9 um egresso com potencial para pesquisa e inova\u00e7\u00e3o. A caracter\u00edstica mais relevante para este pro\ufb01ssional \u00e9 a [&hellip;]<\/p>\n","protected":false},"author":936,"featured_media":0,"parent":0,"menu_order":0,"comment_status":"closed","ping_status":"closed","template":"","meta":{"footnotes":""},"categories":[],"tags":[],"class_list":["post-3206","page","type-page","status-publish","hentry"],"acf":[],"_links":{"self":[{"href":"https:\/\/www.ufsm.br\/cursos\/pos-graduacao\/santa-maria\/ppgcc\/wp-json\/wp\/v2\/pages\/3206","targetHints":{"allow":["GET"]}}],"collection":[{"href":"https:\/\/www.ufsm.br\/cursos\/pos-graduacao\/santa-maria\/ppgcc\/wp-json\/wp\/v2\/pages"}],"about":[{"href":"https:\/\/www.ufsm.br\/cursos\/pos-graduacao\/santa-maria\/ppgcc\/wp-json\/wp\/v2\/types\/page"}],"author":[{"embeddable":true,"href":"https:\/\/www.ufsm.br\/cursos\/pos-graduacao\/santa-maria\/ppgcc\/wp-json\/wp\/v2\/users\/936"}],"replies":[{"embeddable":true,"href":"https:\/\/www.ufsm.br\/cursos\/pos-graduacao\/santa-maria\/ppgcc\/wp-json\/wp\/v2\/comments?post=3206"}],"version-history":[{"count":0,"href":"https:\/\/www.ufsm.br\/cursos\/pos-graduacao\/santa-maria\/ppgcc\/wp-json\/wp\/v2\/pages\/3206\/revisions"}],"wp:attachment":[{"href":"https:\/\/www.ufsm.br\/cursos\/pos-graduacao\/santa-maria\/ppgcc\/wp-json\/wp\/v2\/media?parent=3206"}],"wp:term":[{"taxonomy":"category","embeddable":true,"href":"https:\/\/www.ufsm.br\/cursos\/pos-graduacao\/santa-maria\/ppgcc\/wp-json\/wp\/v2\/categories?post=3206"},{"taxonomy":"post_tag","embeddable":true,"href":"https:\/\/www.ufsm.br\/cursos\/pos-graduacao\/santa-maria\/ppgcc\/wp-json\/wp\/v2\/tags?post=3206"}],"curies":[{"name":"wp","href":"https:\/\/api.w.org\/{rel}","templated":true}]}}