{"id":3574,"date":"2022-02-22T15:05:48","date_gmt":"2022-02-22T18:05:48","guid":{"rendered":"https:\/\/www.ufsm.br\/cursos\/pos-graduacao\/santa-maria\/ppgcc\/?page_id=3574"},"modified":"2022-02-24T17:57:02","modified_gmt":"2022-02-24T20:57:02","slug":"areas-de-atuacao","status":"publish","type":"page","link":"https:\/\/www.ufsm.br\/cursos\/pos-graduacao\/santa-maria\/ppgcc\/areas-de-atuacao","title":{"rendered":"\u00c1reas de Atua\u00e7\u00e3o"},"content":{"rendered":"\n<p>Os docentes do PPGCC fornecem suporte nas mais diversas \u00e1reas da Computa\u00e7\u00e3o, incluindo, mas n\u00e3o limitado:<\/p>\n<ul>\n<li>Arquitetura de Computadores\u00a0<\/li>\n<li>Arquiteturas de Alto Desempenho<\/li>\n<li>Banco de Dados<\/li>\n<li>Computa\u00e7\u00e3o Aplicada \u00e0 Educa\u00e7\u00e3o<\/li>\n<li>Computa\u00e7\u00e3o Gr\u00e1fica<\/li>\n<li>Computa\u00e7\u00e3o M\u00f3vel<\/li>\n<li>Computa\u00e7\u00e3o Pervasiva e Ub\u00edqua<\/li>\n<li>Eletr\u00f4nica Digital e Anal\u00f3gica<\/li>\n<li>Engenharia de Software<\/li>\n<li>Gest\u00e3o de Seguran\u00e7a\u00a0<\/li>\n<li>Heur\u00edsticas e Metaheur\u00edsticas<\/li>\n<li>Intelig\u00eancia Artificial<\/li>\n<li>Linguagens de Programa\u00e7\u00e3o<\/li>\n<li>Microeletr\u00f4nica<\/li>\n<li>M\u00e9todos Estoc\u00e1sticos<\/li>\n<li>Processamento de Imagens<\/li>\n<li>Processamento de Sinais<\/li>\n<li>Processamento Paralelo e Distribu\u00eddo<\/li>\n<li>Redes de Computadores<\/li>\n<li>Redes M\u00f3veis<\/li>\n<li>Seguran\u00e7a da Informa\u00e7\u00e3o<\/li>\n<li>Simula\u00e7\u00e3o<\/li>\n<li>Sistemas Embarcados<\/li>\n<li>Sistemas Inteligentes<\/li>\n<li>Sistemas Operacionais<\/li>\n<li>Tecnologias de Comunica\u00e7\u00e3o de Dados<\/li>\n<\/ul>\n","protected":false},"excerpt":{"rendered":"<p>Os docentes do PPGCC fornecem suporte nas mais diversas \u00e1reas da Computa\u00e7\u00e3o, incluindo, mas n\u00e3o limitado: Arquitetura de Computadores\u00a0 Arquiteturas de Alto Desempenho Banco de Dados Computa\u00e7\u00e3o Aplicada \u00e0 Educa\u00e7\u00e3o Computa\u00e7\u00e3o Gr\u00e1fica Computa\u00e7\u00e3o M\u00f3vel Computa\u00e7\u00e3o Pervasiva e Ub\u00edqua Eletr\u00f4nica Digital e Anal\u00f3gica Engenharia de Software Gest\u00e3o de Seguran\u00e7a\u00a0 Heur\u00edsticas e Metaheur\u00edsticas Intelig\u00eancia Artificial Linguagens de [&hellip;]<\/p>\n","protected":false},"author":1893,"featured_media":0,"parent":0,"menu_order":0,"comment_status":"closed","ping_status":"closed","template":"","meta":{"footnotes":""},"categories":[],"tags":[],"class_list":["post-3574","page","type-page","status-publish","hentry"],"acf":[],"_links":{"self":[{"href":"https:\/\/www.ufsm.br\/cursos\/pos-graduacao\/santa-maria\/ppgcc\/wp-json\/wp\/v2\/pages\/3574","targetHints":{"allow":["GET"]}}],"collection":[{"href":"https:\/\/www.ufsm.br\/cursos\/pos-graduacao\/santa-maria\/ppgcc\/wp-json\/wp\/v2\/pages"}],"about":[{"href":"https:\/\/www.ufsm.br\/cursos\/pos-graduacao\/santa-maria\/ppgcc\/wp-json\/wp\/v2\/types\/page"}],"author":[{"embeddable":true,"href":"https:\/\/www.ufsm.br\/cursos\/pos-graduacao\/santa-maria\/ppgcc\/wp-json\/wp\/v2\/users\/1893"}],"replies":[{"embeddable":true,"href":"https:\/\/www.ufsm.br\/cursos\/pos-graduacao\/santa-maria\/ppgcc\/wp-json\/wp\/v2\/comments?post=3574"}],"version-history":[{"count":0,"href":"https:\/\/www.ufsm.br\/cursos\/pos-graduacao\/santa-maria\/ppgcc\/wp-json\/wp\/v2\/pages\/3574\/revisions"}],"wp:attachment":[{"href":"https:\/\/www.ufsm.br\/cursos\/pos-graduacao\/santa-maria\/ppgcc\/wp-json\/wp\/v2\/media?parent=3574"}],"wp:term":[{"taxonomy":"category","embeddable":true,"href":"https:\/\/www.ufsm.br\/cursos\/pos-graduacao\/santa-maria\/ppgcc\/wp-json\/wp\/v2\/categories?post=3574"},{"taxonomy":"post_tag","embeddable":true,"href":"https:\/\/www.ufsm.br\/cursos\/pos-graduacao\/santa-maria\/ppgcc\/wp-json\/wp\/v2\/tags?post=3574"}],"curies":[{"name":"wp","href":"https:\/\/api.w.org\/{rel}","templated":true}]}}