{"id":3576,"date":"2022-02-22T15:22:29","date_gmt":"2022-02-22T18:22:29","guid":{"rendered":"https:\/\/www.ufsm.br\/cursos\/pos-graduacao\/santa-maria\/ppgcc\/?page_id=3576"},"modified":"2022-02-22T15:22:30","modified_gmt":"2022-02-22T18:22:30","slug":"grupos-academicos","status":"publish","type":"page","link":"https:\/\/www.ufsm.br\/cursos\/pos-graduacao\/santa-maria\/ppgcc\/grupos-academicos","title":{"rendered":"Grupos Acad\u00eamicos"},"content":{"rendered":"\n<p>Grupo de Sistemas de Computa\u00e7\u00e3o M\u00f3vel (GMob)<br \/>Grupo de Microeletr\u00f4nica (GMicro)<br \/>Grupo de Linguagens de Programa\u00e7\u00e3o e Bancos de Dados<br \/>Grupo de Pesquisa em Processamento de Sinais e Comunica\u00e7\u00f5es (GPSCom)<br \/>Grupo de Redes e Computa\u00e7\u00e3o Aplicada\u00a0(GRECA)<br \/>Grupo de Tecnologia em Gest\u00e3o da Seguran\u00e7a da Informa\u00e7\u00e3o (GTSeg)<br \/>Grupo Heur\u00edsticas e Metaheur\u00edsticas: Desenvolvimento e Estrat\u00e9gias de Ensino-Aprendizagem<br \/>Laborat\u00f3rio de Sistemas de Computa\u00e7\u00e3o (LSC)<br \/>Laborat\u00f3rio de Computa\u00e7\u00e3o Aplicada (LaCA)<\/p>\n","protected":false},"excerpt":{"rendered":"<p>Grupo de Sistemas de Computa\u00e7\u00e3o M\u00f3vel (GMob)Grupo de Microeletr\u00f4nica (GMicro)Grupo de Linguagens de Programa\u00e7\u00e3o e Bancos de DadosGrupo de Pesquisa em Processamento de Sinais e Comunica\u00e7\u00f5es (GPSCom)Grupo de Redes e Computa\u00e7\u00e3o Aplicada\u00a0(GRECA)Grupo de Tecnologia em Gest\u00e3o da Seguran\u00e7a da Informa\u00e7\u00e3o (GTSeg)Grupo Heur\u00edsticas e Metaheur\u00edsticas: Desenvolvimento e Estrat\u00e9gias de Ensino-AprendizagemLaborat\u00f3rio de Sistemas de Computa\u00e7\u00e3o (LSC)Laborat\u00f3rio de [&hellip;]<\/p>\n","protected":false},"author":1893,"featured_media":0,"parent":0,"menu_order":0,"comment_status":"closed","ping_status":"closed","template":"","meta":{"footnotes":""},"categories":[],"tags":[],"class_list":["post-3576","page","type-page","status-publish","hentry"],"acf":[],"_links":{"self":[{"href":"https:\/\/www.ufsm.br\/cursos\/pos-graduacao\/santa-maria\/ppgcc\/wp-json\/wp\/v2\/pages\/3576","targetHints":{"allow":["GET"]}}],"collection":[{"href":"https:\/\/www.ufsm.br\/cursos\/pos-graduacao\/santa-maria\/ppgcc\/wp-json\/wp\/v2\/pages"}],"about":[{"href":"https:\/\/www.ufsm.br\/cursos\/pos-graduacao\/santa-maria\/ppgcc\/wp-json\/wp\/v2\/types\/page"}],"author":[{"embeddable":true,"href":"https:\/\/www.ufsm.br\/cursos\/pos-graduacao\/santa-maria\/ppgcc\/wp-json\/wp\/v2\/users\/1893"}],"replies":[{"embeddable":true,"href":"https:\/\/www.ufsm.br\/cursos\/pos-graduacao\/santa-maria\/ppgcc\/wp-json\/wp\/v2\/comments?post=3576"}],"version-history":[{"count":0,"href":"https:\/\/www.ufsm.br\/cursos\/pos-graduacao\/santa-maria\/ppgcc\/wp-json\/wp\/v2\/pages\/3576\/revisions"}],"wp:attachment":[{"href":"https:\/\/www.ufsm.br\/cursos\/pos-graduacao\/santa-maria\/ppgcc\/wp-json\/wp\/v2\/media?parent=3576"}],"wp:term":[{"taxonomy":"category","embeddable":true,"href":"https:\/\/www.ufsm.br\/cursos\/pos-graduacao\/santa-maria\/ppgcc\/wp-json\/wp\/v2\/categories?post=3576"},{"taxonomy":"post_tag","embeddable":true,"href":"https:\/\/www.ufsm.br\/cursos\/pos-graduacao\/santa-maria\/ppgcc\/wp-json\/wp\/v2\/tags?post=3576"}],"curies":[{"name":"wp","href":"https:\/\/api.w.org\/{rel}","templated":true}]}}