{"id":3609,"date":"2022-03-18T15:55:48","date_gmt":"2022-03-18T18:55:48","guid":{"rendered":"https:\/\/www.ufsm.br\/cursos\/pos-graduacao\/santa-maria\/ppgcc\/?page_id=3609"},"modified":"2026-03-04T17:20:13","modified_gmt":"2026-03-04T20:20:13","slug":"elaboracao-dos-planos-de-estudo","status":"publish","type":"page","link":"https:\/\/www.ufsm.br\/cursos\/pos-graduacao\/santa-maria\/ppgcc\/elaboracao-dos-planos-de-estudo","title":{"rendered":"Elabora\u00e7\u00e3o do Plano de Estudos"},"content":{"rendered":"\n<p data-start=\"202\" data-end=\"504\">Todos os alunos da p\u00f3s-gradua\u00e7\u00e3o da UFSM devem, obrigatoriamente, elaborar um Plano de Estudos atrav\u00e9s do <a href=\"https:\/\/portal.ufsm.br\/estudantil\/index.html\">Portal do Aluno<\/a> durante o primeiro semestre do curso. O Plano de Estudos deve ser desenvolvido pelo discente em conjunto com seu orientador, considerando a natureza da pesquisa a ser desenvolvida.<\/p>\n<p data-start=\"506\" data-end=\"770\">O Plano de Estudos \u00e9 o conjunto organizado de disciplinas curriculares que o aluno pretende cursar ao longo do curso. No PPGCC, o Plano de Estudos deve conter no m\u00ednimo 18 cr\u00e9ditos, sendo obrigat\u00f3ria a inclus\u00e3o da disciplina Semin\u00e1rio de Andamento I.<\/p>\n<p data-start=\"772\" data-end=\"913\">Al\u00e9m disso, o aluno dever\u00e1 obrigatoriamente cursar pelo menos duas disciplinas do N\u00facleo B\u00e1sico (totalizando 4 cr\u00e9ditos). As disciplinas do N\u00facleo B\u00e1sico s\u00e3o:<\/p>\n<ul data-start=\"915\" data-end=\"1046\">\n<li data-start=\"915\" data-end=\"954\">\n<p data-start=\"917\" data-end=\"954\">Sistemas de Computa\u00e7\u00e3o (ELC940)<\/p>\n<\/li>\n<li data-start=\"955\" data-end=\"993\">\n<p data-start=\"957\" data-end=\"993\">Teoria da Computa\u00e7\u00e3o (DLSC816)<\/p>\n<\/li>\n<li data-start=\"994\" data-end=\"1046\">\n<p data-start=\"996\" data-end=\"1046\">Metodologia e T\u00e9cnicas de Computa\u00e7\u00e3o (DLSC818)<\/p>\n<\/li>\n<\/ul>\n<p data-start=\"1048\" data-end=\"1121\">Segue abaixo o link para o tutorial de preenchimento do Plano de Estudos:<\/p>\n<p><strong><a href=\"https:\/\/www.ufsm.br\/cursos\/pos-graduacao\/santa-maria\/ppgec\/wp-content\/uploads\/sites\/550\/2019\/03\/TUTORIAL-PLANO-DE-ESTUDOS-1.pdf\">Plano de Estudos On-line \u2013 Tutorial de preenchimento<\/a><\/strong><\/p>\n","protected":false},"excerpt":{"rendered":"<p>Todos os alunos da p\u00f3s-gradua\u00e7\u00e3o da UFSM devem, obrigatoriamente, elaborar um Plano de Estudos atrav\u00e9s do Portal do Aluno durante o primeiro semestre do curso. O Plano de Estudos deve ser desenvolvido pelo discente em conjunto com seu orientador, considerando a natureza da pesquisa a ser desenvolvida. O Plano de Estudos \u00e9 o conjunto organizado [&hellip;]<\/p>\n","protected":false},"author":936,"featured_media":0,"parent":0,"menu_order":0,"comment_status":"closed","ping_status":"closed","template":"","meta":{"footnotes":""},"categories":[],"tags":[],"class_list":["post-3609","page","type-page","status-publish","hentry"],"acf":[],"_links":{"self":[{"href":"https:\/\/www.ufsm.br\/cursos\/pos-graduacao\/santa-maria\/ppgcc\/wp-json\/wp\/v2\/pages\/3609","targetHints":{"allow":["GET"]}}],"collection":[{"href":"https:\/\/www.ufsm.br\/cursos\/pos-graduacao\/santa-maria\/ppgcc\/wp-json\/wp\/v2\/pages"}],"about":[{"href":"https:\/\/www.ufsm.br\/cursos\/pos-graduacao\/santa-maria\/ppgcc\/wp-json\/wp\/v2\/types\/page"}],"author":[{"embeddable":true,"href":"https:\/\/www.ufsm.br\/cursos\/pos-graduacao\/santa-maria\/ppgcc\/wp-json\/wp\/v2\/users\/936"}],"replies":[{"embeddable":true,"href":"https:\/\/www.ufsm.br\/cursos\/pos-graduacao\/santa-maria\/ppgcc\/wp-json\/wp\/v2\/comments?post=3609"}],"version-history":[{"count":0,"href":"https:\/\/www.ufsm.br\/cursos\/pos-graduacao\/santa-maria\/ppgcc\/wp-json\/wp\/v2\/pages\/3609\/revisions"}],"wp:attachment":[{"href":"https:\/\/www.ufsm.br\/cursos\/pos-graduacao\/santa-maria\/ppgcc\/wp-json\/wp\/v2\/media?parent=3609"}],"wp:term":[{"taxonomy":"category","embeddable":true,"href":"https:\/\/www.ufsm.br\/cursos\/pos-graduacao\/santa-maria\/ppgcc\/wp-json\/wp\/v2\/categories?post=3609"},{"taxonomy":"post_tag","embeddable":true,"href":"https:\/\/www.ufsm.br\/cursos\/pos-graduacao\/santa-maria\/ppgcc\/wp-json\/wp\/v2\/tags?post=3609"}],"curies":[{"name":"wp","href":"https:\/\/api.w.org\/{rel}","templated":true}]}}