{"id":3615,"date":"2022-03-18T17:03:54","date_gmt":"2022-03-18T20:03:54","guid":{"rendered":"https:\/\/www.ufsm.br\/cursos\/pos-graduacao\/santa-maria\/ppgcc\/?page_id=3615"},"modified":"2025-02-28T08:34:32","modified_gmt":"2025-02-28T11:34:32","slug":"dispensa-ou-aproveitamento-de-disciplina","status":"publish","type":"page","link":"https:\/\/www.ufsm.br\/cursos\/pos-graduacao\/santa-maria\/ppgcc\/dispensa-ou-aproveitamento-de-disciplina","title":{"rendered":"Dispensa ou Aproveitamento de disciplina"},"content":{"rendered":"\n<p>Os(as) discentes do PPGCC podem solicitar o aproveitamento ou a dispensa de disciplinas j\u00e1 cursadas na UFSM, como aluno regular ou especial, e em cursos de p\u00f3s-gradua\u00e7\u00e3o <em>stricto sensu<\/em> de outras institui\u00e7\u00f5es reconhecidos pela CAPES. De acordo com o <a href=\"https:\/\/www.ufsm.br\/cursos\/pos-graduacao\/santa-maria\/ppgcc\/wp-content\/uploads\/sites\/567\/2019\/05\/regulamento-do-PPGCC-.pdf\">Regulamento do PPGCC<\/a>, a validade destas disciplinas para o reconhecimento \u00e9 de cinco anos.\u00a0<\/p>\n<p>Para fazer a solicita\u00e7\u00e3o, o aluno deve abrir um processo eletr\u00f4nico via PEN-SIE, conforme as orienta\u00e7\u00f5es desde link: <a href=\"https:\/\/www.ufsm.br\/pro-reitorias\/prpgp\/servicos\/dispensa-aproveitamento-de-disciplinas-de-pos-graduacao\">https:\/\/www.ufsm.br\/pro-reitorias\/prpgp\/servicos\/dispensa-aproveitamento-de-disciplinas-de-pos-graduacao<\/a><br \/><br \/>Os documentos necess\u00e1rios para a abertura do processo s\u00e3o:<br \/>&#8211; <a href=\"https:\/\/www.ufsm.br\/app\/uploads\/sites\/345\/2022\/02\/Requerimento_de_Dispensa_de_Disciplinas-NCAPG.docx\">Requerimento de Dispensa de Disciplinas <\/a>OU <a href=\"https:\/\/www.ufsm.br\/app\/uploads\/sites\/345\/2022\/02\/Requerimento_de_Aproveitamento_de_Disciplinas-NCAPG-Copia.docx\">Requerimento de Aproveitamento de Disciplinas<\/a>;<br \/>&#8211; Hist\u00f3rico escolar contendo a disciplina a ser aproveitada<br \/>&#8211; Caso a disciplina n\u00e3o tenha sido cursada no PPGCC,\u00a0 a ementa\/programa da disciplina.<br \/><br \/><\/p>\n","protected":false},"excerpt":{"rendered":"<p>Os(as) discentes do PPGCC podem solicitar o aproveitamento ou a dispensa de disciplinas j\u00e1 cursadas na UFSM, como aluno regular ou especial, e em cursos de p\u00f3s-gradua\u00e7\u00e3o stricto sensu de outras institui\u00e7\u00f5es reconhecidos pela CAPES. De acordo com o Regulamento do PPGCC, a validade destas disciplinas para o reconhecimento \u00e9 de cinco anos.\u00a0 Para fazer [&hellip;]<\/p>\n","protected":false},"author":936,"featured_media":0,"parent":0,"menu_order":0,"comment_status":"closed","ping_status":"closed","template":"","meta":{"footnotes":""},"categories":[],"tags":[],"class_list":["post-3615","page","type-page","status-publish","hentry"],"acf":[],"_links":{"self":[{"href":"https:\/\/www.ufsm.br\/cursos\/pos-graduacao\/santa-maria\/ppgcc\/wp-json\/wp\/v2\/pages\/3615","targetHints":{"allow":["GET"]}}],"collection":[{"href":"https:\/\/www.ufsm.br\/cursos\/pos-graduacao\/santa-maria\/ppgcc\/wp-json\/wp\/v2\/pages"}],"about":[{"href":"https:\/\/www.ufsm.br\/cursos\/pos-graduacao\/santa-maria\/ppgcc\/wp-json\/wp\/v2\/types\/page"}],"author":[{"embeddable":true,"href":"https:\/\/www.ufsm.br\/cursos\/pos-graduacao\/santa-maria\/ppgcc\/wp-json\/wp\/v2\/users\/936"}],"replies":[{"embeddable":true,"href":"https:\/\/www.ufsm.br\/cursos\/pos-graduacao\/santa-maria\/ppgcc\/wp-json\/wp\/v2\/comments?post=3615"}],"version-history":[{"count":0,"href":"https:\/\/www.ufsm.br\/cursos\/pos-graduacao\/santa-maria\/ppgcc\/wp-json\/wp\/v2\/pages\/3615\/revisions"}],"wp:attachment":[{"href":"https:\/\/www.ufsm.br\/cursos\/pos-graduacao\/santa-maria\/ppgcc\/wp-json\/wp\/v2\/media?parent=3615"}],"wp:term":[{"taxonomy":"category","embeddable":true,"href":"https:\/\/www.ufsm.br\/cursos\/pos-graduacao\/santa-maria\/ppgcc\/wp-json\/wp\/v2\/categories?post=3615"},{"taxonomy":"post_tag","embeddable":true,"href":"https:\/\/www.ufsm.br\/cursos\/pos-graduacao\/santa-maria\/ppgcc\/wp-json\/wp\/v2\/tags?post=3615"}],"curies":[{"name":"wp","href":"https:\/\/api.w.org\/{rel}","templated":true}]}}