{"id":3629,"date":"2022-07-04T15:49:38","date_gmt":"2022-07-04T18:49:38","guid":{"rendered":"https:\/\/www.ufsm.br\/cursos\/pos-graduacao\/santa-maria\/ppgcc\/?page_id=3629"},"modified":"2022-08-22T15:52:36","modified_gmt":"2022-08-22T18:52:36","slug":"defesa-de-dissertacao-2","status":"publish","type":"page","link":"https:\/\/www.ufsm.br\/cursos\/pos-graduacao\/santa-maria\/ppgcc\/defesa-de-dissertacao-2","title":{"rendered":"Processo de defesa de Disserta\u00e7\u00e3o"},"content":{"rendered":"\n<p align=\"justify\"><span style=\"font-family: Arial, sans-serif;font-size: medium\">Para abrir o processo de\u00a0<\/span><span class=\"il\" style=\"font-family: Arial, sans-serif;font-size: medium\">defesa<\/span><span style=\"font-family: Arial, sans-serif;font-size: medium\"> de disserta\u00e7\u00e3o no PPGCC \u00e9 necess\u00e1rio:<\/span><br \/><br \/><span style=\"font-family: Arial, sans-serif;font-size: medium\">1) Ter ingressado no PPGCC a no m\u00ednimo 12 meses (dura\u00e7\u00e3o m\u00ednima do curso, conforme o <a href=\"https:\/\/www.ufsm.br\/cursos\/pos-graduacao\/santa-maria\/ppgcc\/wp-content\/uploads\/sites\/567\/2019\/05\/regulamento-do-PPGCC-.pdf\">Regulamento <\/a>do programa);<br \/><\/span><span style=\"color: initial;font-family: Arial, sans-serif;font-size: medium\">2) Ter realizado todos os cr\u00e9ditos em disciplinas que est\u00e3o previstas no <\/span><a style=\"font-family: Arial, sans-serif;font-size: medium\" href=\"https:\/\/www.ufsm.br\/cursos\/pos-graduacao\/santa-maria\/ppgcc\/elaboracao-dos-planos-de-estudo\/\">Plano de Estudos <\/a><span style=\"color: initial;font-family: Arial, sans-serif;font-size: medium\">do aluno (no m\u00ednimo 18 cr\u00e9ditos);<br \/><\/span><span style=\"font-family: Arial, sans-serif;font-size: medium\">3) Ter sido aprovado no <\/span><a style=\"font-family: Arial, sans-serif;font-size: medium\" href=\"https:\/\/www.ufsm.br\/cursos\/pos-graduacao\/santa-maria\/ppgcc\/teste-de-suficiencia-em-lingua-estrangeira\/\">Teste de Sufici\u00eancia<\/a><span style=\"font-family: Arial, sans-serif;font-size: medium\"> em l\u00edngua inglesa (caso ele ainda n\u00e3o conste no hist\u00f3rico escolar \u00e9 necess\u00e1rio solicitar a valida\u00e7\u00e3o do teste com a secretaria);<\/span><br \/><span style=\"font-family: Arial, sans-serif;font-size: medium\">4) Cumprir a <\/span><a style=\"font-family: Arial, sans-serif;font-size: medium\" href=\"https:\/\/www.ufsm.br\/cursos\/pos-graduacao\/santa-maria\/ppgcc\/wp-content\/uploads\/sites\/567\/2020\/08\/Resolu%C3%A7%C3%A3o-Normativa-02-19-PPGCC-Artigo-Cient%C3%ADfico.pdf\" target=\"_blank\" rel=\"noopener\" data-saferedirecturl=\"https:\/\/www.google.com\/url?q=https:\/\/www.ufsm.br\/cursos\/pos-graduacao\/santa-maria\/ppgcc\/wp-content\/uploads\/sites\/567\/2020\/08\/Resolu%25C3%25A7%25C3%25A3o-Normativa-02-19-PPGCC-Artigo-Cient%25C3%25ADfico.pdf&amp;source=gmail&amp;ust=1657045828037000&amp;usg=AOvVaw23kSajkQ-FnHEUnz9LajrJ\">Resolu\u00e7\u00e3o Normativa 02\/2019-PPGCC.<\/a><br \/><br \/><span style=\"font-family: Arial, sans-serif;font-size: medium\">* O processo de defesa deve ser aberto com, no m\u00ednimo, 20 dias de anteced\u00eancia da data prevista para a banca.<br \/>** \u00c9 necess\u00e1ria a presen\u00e7a de um membro externo \u00e0 UFSM na composi\u00e7\u00e3o da banca de defesa.<br \/>*** O prazo m\u00e1ximo para a defesa de disserta\u00e7\u00e3o \u00e9 de 24 meses. Caso o aluno n\u00e3o realize a defesa dentro deste prazo, \u00e9 necess\u00e1rio abrir um processo de <a href=\"https:\/\/www.ufsm.br\/cursos\/pos-graduacao\/santa-maria\/ppgcc\/prorrogacao-de-prazo-de-defesa\/\">prorroga\u00e7\u00e3o de prazo de defesa<\/a>.<br \/><br \/>O tutorial para a abertura do processo de defesa de disserta\u00e7\u00e3o na UFSM pode ser acessado <\/span><a style=\"font-family: Arial, sans-serif;font-size: medium\" href=\"https:\/\/www.ufsm.br\/cursos\/pos-graduacao\/santa-maria\/ppgeq\/wp-content\/uploads\/sites\/536\/2019\/01\/Tutorial_de_Solicita%C3%A7%C3%A3o_de_Defesa_de_MDT.pdf\">AQUI.<\/a><\/p>\n","protected":false},"excerpt":{"rendered":"<p>Para abrir o processo de\u00a0defesa de disserta\u00e7\u00e3o no PPGCC \u00e9 necess\u00e1rio: 1) Ter ingressado no PPGCC a no m\u00ednimo 12 meses (dura\u00e7\u00e3o m\u00ednima do curso, conforme o Regulamento do programa);2) Ter realizado todos os cr\u00e9ditos em disciplinas que est\u00e3o previstas no Plano de Estudos do aluno (no m\u00ednimo 18 cr\u00e9ditos);3) Ter sido aprovado no Teste [&hellip;]<\/p>\n","protected":false},"author":936,"featured_media":0,"parent":0,"menu_order":0,"comment_status":"closed","ping_status":"closed","template":"","meta":{"footnotes":""},"categories":[],"tags":[],"class_list":["post-3629","page","type-page","status-publish","hentry"],"acf":[],"_links":{"self":[{"href":"https:\/\/www.ufsm.br\/cursos\/pos-graduacao\/santa-maria\/ppgcc\/wp-json\/wp\/v2\/pages\/3629","targetHints":{"allow":["GET"]}}],"collection":[{"href":"https:\/\/www.ufsm.br\/cursos\/pos-graduacao\/santa-maria\/ppgcc\/wp-json\/wp\/v2\/pages"}],"about":[{"href":"https:\/\/www.ufsm.br\/cursos\/pos-graduacao\/santa-maria\/ppgcc\/wp-json\/wp\/v2\/types\/page"}],"author":[{"embeddable":true,"href":"https:\/\/www.ufsm.br\/cursos\/pos-graduacao\/santa-maria\/ppgcc\/wp-json\/wp\/v2\/users\/936"}],"replies":[{"embeddable":true,"href":"https:\/\/www.ufsm.br\/cursos\/pos-graduacao\/santa-maria\/ppgcc\/wp-json\/wp\/v2\/comments?post=3629"}],"version-history":[{"count":0,"href":"https:\/\/www.ufsm.br\/cursos\/pos-graduacao\/santa-maria\/ppgcc\/wp-json\/wp\/v2\/pages\/3629\/revisions"}],"wp:attachment":[{"href":"https:\/\/www.ufsm.br\/cursos\/pos-graduacao\/santa-maria\/ppgcc\/wp-json\/wp\/v2\/media?parent=3629"}],"wp:term":[{"taxonomy":"category","embeddable":true,"href":"https:\/\/www.ufsm.br\/cursos\/pos-graduacao\/santa-maria\/ppgcc\/wp-json\/wp\/v2\/categories?post=3629"},{"taxonomy":"post_tag","embeddable":true,"href":"https:\/\/www.ufsm.br\/cursos\/pos-graduacao\/santa-maria\/ppgcc\/wp-json\/wp\/v2\/tags?post=3629"}],"curies":[{"name":"wp","href":"https:\/\/api.w.org\/{rel}","templated":true}]}}