{"id":720,"date":"2012-01-04T12:36:16","date_gmt":"2012-01-04T15:36:16","guid":{"rendered":"http:\/\/w3.ufsm.br\/ppgi\/?page_id=720"},"modified":"2012-01-04T12:36:16","modified_gmt":"2012-01-04T15:36:16","slug":"onde-encontro-um-modelo-latex-ou-word-para-escrita-de-minha-dissertacao-seguindo-o-modelo-da-mdt","status":"publish","type":"page","link":"https:\/\/www.ufsm.br\/cursos\/pos-graduacao\/santa-maria\/ppgcc\/onde-encontro-um-modelo-latex-ou-word-para-escrita-de-minha-dissertacao-seguindo-o-modelo-da-mdt","title":{"rendered":"Onde encontro um modelo LaTeX ou Word para escrita de minha disserta\u00e7\u00e3o seguindo o modelo da MDT?"},"content":{"rendered":"<p><strong>Resposta: <\/strong>O  PPGI n\u00e3o mant\u00e9m um modelo &#8220;oficial&#8221; (assim  como a UFSM n\u00e3o o faz) no  formato LaTeX, Word, ou correlatos. No  entanto, \u00e9 interessante mantermos  um reposit\u00f3rio de modelos feitos por  alunos, professores ou outras  pessoas que precisaram usar a MDT de  alguma maneira. Inicialmente,  manteremos aqui esses modelos, exemplos  de disserta\u00e7\u00f5es, etc. Em momento  oportuno, a ideia \u00e9 que esse  reposit\u00f3rio seja gerenciado externamente  ao site do PPGI.<\/p>\n<p>Aqueles que  tiverem modelos, exemplos de disserta\u00e7\u00f5es  formatadas segundo a MDT, ou  outros materiais que possam auxiliar na  tarefa de formata\u00e7\u00e3o das  disserta\u00e7\u00f5es, por favor, poste diretamente aqui  (caso tenha permiss\u00e3o)  ou, no caso dos alunos, pe\u00e7a ao seu orientador  que o fa\u00e7a (ele tem  permiss\u00e3o &#8211; ou se n\u00e3o tem, pode pedir para que  tenha).<\/p>\n<p>Links:<\/p>\n<ul>\n<li>Projeto de modelo LaTeX: <a href=\"http:\/\/code.google.com\/p\/mdtufsm-ppgi\/\">http:\/\/code.google.com\/p\/mdtufsm-ppgi\/<\/a><\/li>\n<\/ul>\n","protected":false},"excerpt":{"rendered":"<p>Resposta: O PPGI n\u00e3o mant\u00e9m um modelo &#8220;oficial&#8221; (assim como a UFSM n\u00e3o o faz) no formato LaTeX, Word, ou correlatos. No entanto, \u00e9 interessante mantermos um reposit\u00f3rio de modelos feitos por alunos, professores ou outras pessoas que precisaram usar a MDT de alguma maneira. Inicialmente, manteremos aqui esses modelos, exemplos de disserta\u00e7\u00f5es, etc. Em [&hellip;]<\/p>\n","protected":false},"author":25,"featured_media":0,"parent":0,"menu_order":0,"comment_status":"open","ping_status":"open","template":"","meta":{"footnotes":""},"categories":[],"tags":[],"class_list":["post-720","page","type-page","status-publish","hentry"],"acf":[],"_links":{"self":[{"href":"https:\/\/www.ufsm.br\/cursos\/pos-graduacao\/santa-maria\/ppgcc\/wp-json\/wp\/v2\/pages\/720","targetHints":{"allow":["GET"]}}],"collection":[{"href":"https:\/\/www.ufsm.br\/cursos\/pos-graduacao\/santa-maria\/ppgcc\/wp-json\/wp\/v2\/pages"}],"about":[{"href":"https:\/\/www.ufsm.br\/cursos\/pos-graduacao\/santa-maria\/ppgcc\/wp-json\/wp\/v2\/types\/page"}],"author":[{"embeddable":true,"href":"https:\/\/www.ufsm.br\/cursos\/pos-graduacao\/santa-maria\/ppgcc\/wp-json\/wp\/v2\/users\/25"}],"replies":[{"embeddable":true,"href":"https:\/\/www.ufsm.br\/cursos\/pos-graduacao\/santa-maria\/ppgcc\/wp-json\/wp\/v2\/comments?post=720"}],"version-history":[{"count":0,"href":"https:\/\/www.ufsm.br\/cursos\/pos-graduacao\/santa-maria\/ppgcc\/wp-json\/wp\/v2\/pages\/720\/revisions"}],"wp:attachment":[{"href":"https:\/\/www.ufsm.br\/cursos\/pos-graduacao\/santa-maria\/ppgcc\/wp-json\/wp\/v2\/media?parent=720"}],"wp:term":[{"taxonomy":"category","embeddable":true,"href":"https:\/\/www.ufsm.br\/cursos\/pos-graduacao\/santa-maria\/ppgcc\/wp-json\/wp\/v2\/categories?post=720"},{"taxonomy":"post_tag","embeddable":true,"href":"https:\/\/www.ufsm.br\/cursos\/pos-graduacao\/santa-maria\/ppgcc\/wp-json\/wp\/v2\/tags?post=720"}],"curies":[{"name":"wp","href":"https:\/\/api.w.org\/{rel}","templated":true}]}}