{"id":256,"date":"2019-02-20T10:49:45","date_gmt":"2019-02-20T13:49:45","guid":{"rendered":"https:\/\/www.ufsm.br\/cursos\/pos-graduacao\/santa-maria\/ppgcf\/?page_id=256"},"modified":"2026-03-09T09:37:53","modified_gmt":"2026-03-09T12:37:53","slug":"coordenacao","status":"publish","type":"page","link":"https:\/\/www.ufsm.br\/cursos\/pos-graduacao\/santa-maria\/ppgcf\/coordenacao","title":{"rendered":"Coordena\u00e7\u00e3o"},"content":{"rendered":"\n\n\n<p><strong>Coordenadora:<\/strong> Prof.\u00aa Andr\u00e9a Ines Horn Adams<br \/><strong>Coordenadora substituta:<\/strong> Prof.\u00aa Daniele Rubert Nogueira Librelotto<br \/>Secretaria Integrada da P\u00f3s-Gradua\u00e7\u00e3o do CCS<\/p>\n<p><strong>Contato:<\/strong>\u00a0<br \/>Coordena\u00e7\u00e3o do Programa de P\u00f3s-Gradua\u00e7\u00e3o em Ci\u00eancias Farmac\u00eauticas\u00a0<br \/>Centro de Ci\u00eancias da Sa\u00fade &#8211; Pr\u00e9dio 26A &#8211; sala 1418\u00a0<br \/>Universidade Federal de Santa Maria\u00a0<br \/>Campus Universit\u00e1rio &#8211; Camobi\u00a0<br \/>97105-900 Santa Maria RS Brasil<\/p>\n<p>\u00a0<\/p>\n<p><strong>Telefone de Contato:<\/strong><\/p>\n<p>(55) 3220-8095\u00a0<br \/>E-mail:\u00a0<span id=\"cloak6127\"><a href=\"mailto:ppgcfarmaceutica@gmail.com\">ppgcf@ufsm.br<\/a><\/span><\/p>\n","protected":false},"excerpt":{"rendered":"<p>Coordenadora: Prof.\u00aa Andr\u00e9a Ines Horn AdamsCoordenadora substituta: Prof.\u00aa Daniele Rubert Nogueira LibrelottoSecretaria Integrada da P\u00f3s-Gradua\u00e7\u00e3o do CCS Contato:\u00a0Coordena\u00e7\u00e3o do Programa de P\u00f3s-Gradua\u00e7\u00e3o em Ci\u00eancias Farmac\u00eauticas\u00a0Centro de Ci\u00eancias da Sa\u00fade &#8211; Pr\u00e9dio 26A &#8211; sala 1418\u00a0Universidade Federal de Santa Maria\u00a0Campus Universit\u00e1rio &#8211; Camobi\u00a097105-900 Santa Maria RS Brasil \u00a0 Telefone de Contato: (55) 3220-8095\u00a0E-mail:\u00a0ppgcf@ufsm.br<\/p>\n","protected":false},"author":118,"featured_media":0,"parent":0,"menu_order":0,"comment_status":"closed","ping_status":"closed","template":"","meta":{"footnotes":""},"categories":[],"tags":[],"class_list":["post-256","page","type-page","status-publish","hentry"],"acf":[],"_links":{"self":[{"href":"https:\/\/www.ufsm.br\/cursos\/pos-graduacao\/santa-maria\/ppgcf\/wp-json\/wp\/v2\/pages\/256","targetHints":{"allow":["GET"]}}],"collection":[{"href":"https:\/\/www.ufsm.br\/cursos\/pos-graduacao\/santa-maria\/ppgcf\/wp-json\/wp\/v2\/pages"}],"about":[{"href":"https:\/\/www.ufsm.br\/cursos\/pos-graduacao\/santa-maria\/ppgcf\/wp-json\/wp\/v2\/types\/page"}],"author":[{"embeddable":true,"href":"https:\/\/www.ufsm.br\/cursos\/pos-graduacao\/santa-maria\/ppgcf\/wp-json\/wp\/v2\/users\/118"}],"replies":[{"embeddable":true,"href":"https:\/\/www.ufsm.br\/cursos\/pos-graduacao\/santa-maria\/ppgcf\/wp-json\/wp\/v2\/comments?post=256"}],"version-history":[{"count":0,"href":"https:\/\/www.ufsm.br\/cursos\/pos-graduacao\/santa-maria\/ppgcf\/wp-json\/wp\/v2\/pages\/256\/revisions"}],"wp:attachment":[{"href":"https:\/\/www.ufsm.br\/cursos\/pos-graduacao\/santa-maria\/ppgcf\/wp-json\/wp\/v2\/media?parent=256"}],"wp:term":[{"taxonomy":"category","embeddable":true,"href":"https:\/\/www.ufsm.br\/cursos\/pos-graduacao\/santa-maria\/ppgcf\/wp-json\/wp\/v2\/categories?post=256"},{"taxonomy":"post_tag","embeddable":true,"href":"https:\/\/www.ufsm.br\/cursos\/pos-graduacao\/santa-maria\/ppgcf\/wp-json\/wp\/v2\/tags?post=256"}],"curies":[{"name":"wp","href":"https:\/\/api.w.org\/{rel}","templated":true}]}}