{"id":548,"date":"2021-07-28T14:45:20","date_gmt":"2021-07-28T17:45:20","guid":{"rendered":"https:\/\/www.ufsm.br\/cursos\/pos-graduacao\/santa-maria\/ppgcf\/?page_id=548"},"modified":"2026-01-05T10:14:03","modified_gmt":"2026-01-05T13:14:03","slug":"colegiado-e-comissoes","status":"publish","type":"page","link":"https:\/\/www.ufsm.br\/cursos\/pos-graduacao\/santa-maria\/ppgcf\/colegiado-e-comissoes","title":{"rendered":"Colegiado e Comiss\u00f5es"},"content":{"rendered":"\t\t<div data-elementor-type=\"wp-page\" data-elementor-id=\"548\" class=\"elementor elementor-548\">\n\t\t\t\t\t\t<section class=\"elementor-section elementor-top-section elementor-element elementor-element-4f0cd40 elementor-section-boxed elementor-section-height-default elementor-section-height-default\" data-id=\"4f0cd40\" data-element_type=\"section\">\n\t\t\t\t\t\t<div class=\"elementor-container elementor-column-gap-default\">\n\t\t\t\t\t<div class=\"elementor-column elementor-col-100 elementor-top-column elementor-element elementor-element-33e634a\" data-id=\"33e634a\" data-element_type=\"column\">\n\t\t\t<div class=\"elementor-widget-wrap elementor-element-populated\">\n\t\t\t\t\t\t<div class=\"elementor-element elementor-element-a38bb4e elementor-widget elementor-widget-heading\" data-id=\"a38bb4e\" data-element_type=\"widget\" data-widget_type=\"heading.default\">\n\t\t\t\t<div class=\"elementor-widget-container\">\n\t\t\t<h5 class=\"elementor-heading-title elementor-size-default\"><a href=\"https:\/\/www.ufsm.br\/app\/uploads\/sites\/530\/2026\/01\/Portaria-001-Designar-Colegiado-do-PPGCF.pdf\"><strong>PORTARIA DE PESSOAL CCS\/UFSM N. 001, DE 05 DE JANEIRO DE 2026.\n<\/strong><\/a><\/h5>\t\t<\/div>\n\t\t\t\t<\/div>\n\t\t\t\t\t<\/div>\n\t\t<\/div>\n\t\t\t\t\t<\/div>\n\t\t<\/section>\n\t\t\t\t<section class=\"elementor-section elementor-top-section elementor-element elementor-element-4af4add elementor-section-boxed elementor-section-height-default elementor-section-height-default\" data-id=\"4af4add\" data-element_type=\"section\">\n\t\t\t\t\t\t<div class=\"elementor-container elementor-column-gap-default\">\n\t\t\t\t\t<div class=\"elementor-column elementor-col-100 elementor-top-column elementor-element elementor-element-e0697b7\" data-id=\"e0697b7\" data-element_type=\"column\">\n\t\t\t<div class=\"elementor-widget-wrap elementor-element-populated\">\n\t\t\t\t\t\t<div class=\"elementor-element elementor-element-2834744 elementor-widget elementor-widget-text-editor\" data-id=\"2834744\" data-element_type=\"widget\" data-widget_type=\"text-editor.default\">\n\t\t\t\t<div class=\"elementor-widget-container\">\n\t\t\t\t\t\t\t<p>Membros Titulares:<\/p><ul><li>Andr\u00e9a In\u00eas Horn Adams, SIAPE 1333360 &#8211; Coordenadora Presidente;<\/li><li>Daniele Rubert Nogueira Librelotto, SIAPE, 3048505 &#8211; Coordenadora Substituta;<\/li><li>Clarice Madalena Bueno Rolim, SIAPE, 6379317 (\u00e1rea 1);<\/li><li>Ang\u00e9lica Rocha Joaquim, SIAPE, 3334164 (\u00e1rea 1);<\/li><li>Thissiane de Lima Gon\u00e7alves, SIAPE, 2218480 (\u00e1rea 2);<\/li><li>Andr\u00e9 Valle de Bairros, SIAPE, 2630274 (\u00e1rea 2);<\/li><li>Luisa Donato Bortoluzzi, matr\u00edcula 202560229, Representante discente.<\/li><\/ul><p>Membros Suplentes:<\/p><ul><li>Fernando Fumagalli, SIAPE, 3088624 (\u00e1rea 1),<\/li><li>Daniela Bitencourt Rosa Leal, SIAPE, 2089195 (\u00e1rea 2)<\/li><li>Leonardo Corr\u00eaa Cardoso, matr\u00edcula 202371234, Representante discente<\/li><\/ul>\t\t\t\t\t\t<\/div>\n\t\t\t\t<\/div>\n\t\t\t\t\t<\/div>\n\t\t<\/div>\n\t\t\t\t\t<\/div>\n\t\t<\/section>\n\t\t\t\t<section class=\"elementor-section elementor-top-section elementor-element elementor-element-284732f elementor-section-boxed elementor-section-height-default elementor-section-height-default\" data-id=\"284732f\" data-element_type=\"section\">\n\t\t\t\t\t\t<div class=\"elementor-container elementor-column-gap-default\">\n\t\t\t\t\t<div class=\"elementor-column elementor-col-100 elementor-top-column elementor-element elementor-element-6693557\" data-id=\"6693557\" data-element_type=\"column\">\n\t\t\t<div class=\"elementor-widget-wrap elementor-element-populated\">\n\t\t\t\t\t\t<div class=\"elementor-element elementor-element-a1287c7 elementor-widget elementor-widget-heading\" data-id=\"a1287c7\" data-element_type=\"widget\" data-widget_type=\"heading.default\">\n\t\t\t\t<div class=\"elementor-widget-container\">\n\t\t\t<h5 class=\"elementor-heading-title elementor-size-default\"><a href=\"https:\/\/www.ufsm.br\/app\/uploads\/sites\/530\/2025\/12\/Portaria-397-Designar-Comisso-de-Bolsas-do-PPGCF.pdf\" target=\"_blank\"><strong>Comiss\u00e3o de Bolsas - PORTARIA DE PESSOAL CCS\/UFSM N. 397, DE 19 DE DEZEMBRO DE 2025<\/strong><\/a><\/h5>\t\t<\/div>\n\t\t\t\t<\/div>\n\t\t\t\t\t<\/div>\n\t\t<\/div>\n\t\t\t\t\t<\/div>\n\t\t<\/section>\n\t\t\t\t<section class=\"elementor-section elementor-top-section elementor-element elementor-element-872fe1d elementor-section-boxed elementor-section-height-default elementor-section-height-default\" data-id=\"872fe1d\" data-element_type=\"section\">\n\t\t\t\t\t\t<div class=\"elementor-container elementor-column-gap-default\">\n\t\t\t\t\t<div class=\"elementor-column elementor-col-100 elementor-top-column elementor-element elementor-element-47f668c\" data-id=\"47f668c\" data-element_type=\"column\">\n\t\t\t<div class=\"elementor-widget-wrap elementor-element-populated\">\n\t\t\t\t\t\t<div class=\"elementor-element elementor-element-f8be5ba elementor-widget elementor-widget-text-editor\" data-id=\"f8be5ba\" data-element_type=\"widget\" data-widget_type=\"text-editor.default\">\n\t\t\t\t<div class=\"elementor-widget-container\">\n\t\t\t\t\t\t\t<ul><li>Fernando Fumagalli \u2013 SIAPE 3088624 &#8211; Presidente<\/li><li>Paula Eliete Rodrigues Bitencourt \u2013 SIAPE 1046527)<\/li><li>Cl\u00f3vis Paniz &#8211; SIAPE 3139288<\/li><li>Andr\u00e9a In\u00eas Horn Adams \u2013 SIAPE 1333360<\/li><li>Marcelo Barcellos da Rosa \u2013 SIAPE 2630274<\/li><li>Representante discente: Leonardo Corr\u00eaa Cardoso Matr\u00edcula 202371234<\/li><\/ul>\t\t\t\t\t\t<\/div>\n\t\t\t\t<\/div>\n\t\t\t\t\t<\/div>\n\t\t<\/div>\n\t\t\t\t\t<\/div>\n\t\t<\/section>\n\t\t\t\t<section class=\"elementor-section elementor-top-section elementor-element elementor-element-14be5e6 elementor-section-boxed elementor-section-height-default elementor-section-height-default\" data-id=\"14be5e6\" data-element_type=\"section\">\n\t\t\t\t\t\t<div class=\"elementor-container elementor-column-gap-default\">\n\t\t\t\t\t<div class=\"elementor-column elementor-col-100 elementor-top-column elementor-element elementor-element-4dff454\" data-id=\"4dff454\" data-element_type=\"column\">\n\t\t\t<div class=\"elementor-widget-wrap elementor-element-populated\">\n\t\t\t\t\t\t<div class=\"elementor-element elementor-element-f4197b7 elementor-widget elementor-widget-heading\" data-id=\"f4197b7\" data-element_type=\"widget\" data-widget_type=\"heading.default\">\n\t\t\t\t<div class=\"elementor-widget-container\">\n\t\t\t<h5 class=\"elementor-heading-title elementor-size-default\"><a href=\"https:\/\/www.ufsm.br\/app\/uploads\/sites\/530\/2025\/05\/Portaria-103-Designar-Comisso-Seleco_PPGCF.pdf\"><strong>Comiss\u00e3o de Sele\u00e7\u00e3o - PORTARIA DE PESSOAL CCS\/UFSM N. 103, DE 04 DE ABRIL DE 2025<\/strong><\/a><\/h5>\t\t<\/div>\n\t\t\t\t<\/div>\n\t\t\t\t\t<\/div>\n\t\t<\/div>\n\t\t\t\t\t<\/div>\n\t\t<\/section>\n\t\t\t\t<section class=\"elementor-section elementor-top-section elementor-element elementor-element-fc8f0df elementor-section-boxed elementor-section-height-default elementor-section-height-default\" data-id=\"fc8f0df\" data-element_type=\"section\">\n\t\t\t\t\t\t<div class=\"elementor-container elementor-column-gap-default\">\n\t\t\t\t\t<div class=\"elementor-column elementor-col-100 elementor-top-column elementor-element elementor-element-8f3ecb2\" data-id=\"8f3ecb2\" data-element_type=\"column\">\n\t\t\t<div class=\"elementor-widget-wrap elementor-element-populated\">\n\t\t\t\t\t\t<div class=\"elementor-element elementor-element-44c25ae elementor-widget elementor-widget-text-editor\" data-id=\"44c25ae\" data-element_type=\"widget\" data-widget_type=\"text-editor.default\">\n\t\t\t\t<div class=\"elementor-widget-container\">\n\t\t\t\t\t\t\t<p>Mestrado<\/p>\n<ul>\n<li>Profa. Carine Viana Silva &#8211; SIAPE 1898632<\/li>\n<li>Prof. Roberto Christ Vianna Santos &#8211; SIAPE 2277116<\/li>\n<li>Profa. Ang\u00e9lica Rocha Joaquim &#8211; SIAPE 3334164<\/li>\n<\/ul>\n<p>Doutorado<\/p>\n<ul>\n<li>Profa. Daniela Bitencourt Rosa Leal &#8211; SIAPE 2089195<\/li>\n<li>Profa. Andr\u00e9a In\u00eas Horn Adams &#8211; SIAPE 1333360<\/li>\n<li>Prof. Alexandre De Barros Falc\u00e3o Ferraz &#8211; SIAPE 3392579<\/li>\n<\/ul>\t\t\t\t\t\t<\/div>\n\t\t\t\t<\/div>\n\t\t\t\t\t<\/div>\n\t\t<\/div>\n\t\t\t\t\t<\/div>\n\t\t<\/section>\n\t\t\t\t<section class=\"elementor-section elementor-top-section elementor-element elementor-element-71af60f elementor-section-boxed elementor-section-height-default elementor-section-height-default\" data-id=\"71af60f\" data-element_type=\"section\">\n\t\t\t\t\t\t<div class=\"elementor-container elementor-column-gap-default\">\n\t\t\t\t\t<div class=\"elementor-column elementor-col-100 elementor-top-column elementor-element elementor-element-c2659fd\" data-id=\"c2659fd\" data-element_type=\"column\">\n\t\t\t<div class=\"elementor-widget-wrap elementor-element-populated\">\n\t\t\t\t\t\t<div class=\"elementor-element elementor-element-5f882cc elementor-widget elementor-widget-heading\" data-id=\"5f882cc\" data-element_type=\"widget\" data-widget_type=\"heading.default\">\n\t\t\t\t<div class=\"elementor-widget-container\">\n\t\t\t<h5 class=\"elementor-heading-title elementor-size-default\"><a href=\"https:\/\/www.ufsm.br\/app\/uploads\/sites\/530\/2025\/12\/Portaria-398-Designar-Comisso-autoavaliao_PPGCF.pdf\"><strong>Comiss\u00e3o de Autoavalia\u00e7\u00e3o - PORTARIA DE PESSOAL CCS\/UFSM N. 398, DE 22 DE DEZEMBRO DE 2025<\/strong><\/a><\/h5>\t\t<\/div>\n\t\t\t\t<\/div>\n\t\t\t\t\t<\/div>\n\t\t<\/div>\n\t\t\t\t\t<\/div>\n\t\t<\/section>\n\t\t\t\t<section class=\"elementor-section elementor-top-section elementor-element elementor-element-09cefc2 elementor-section-boxed elementor-section-height-default elementor-section-height-default\" data-id=\"09cefc2\" data-element_type=\"section\">\n\t\t\t\t\t\t<div class=\"elementor-container elementor-column-gap-default\">\n\t\t\t\t\t<div class=\"elementor-column elementor-col-100 elementor-top-column elementor-element elementor-element-c506ba2\" data-id=\"c506ba2\" data-element_type=\"column\">\n\t\t\t<div class=\"elementor-widget-wrap elementor-element-populated\">\n\t\t\t\t\t\t<div class=\"elementor-element elementor-element-d59a02b elementor-widget elementor-widget-text-editor\" data-id=\"d59a02b\" data-element_type=\"widget\" data-widget_type=\"text-editor.default\">\n\t\t\t\t<div class=\"elementor-widget-container\">\n\t\t\t\t\t\t\t<ul><li>Profa. Clarice Madalena Bueno Rolim &#8211; SIAPE 6379317 &#8211; Presidente<\/li><li>Profa. Let\u00edcia Cruz &#8211; SIAPE 1686615<\/li><li>Profa. Cristiane de Bona da Silva \u2013 SIAPE 1490104<\/li><li>Profa. Nat\u00e1lia Brucker \u2013 SIAPE 3150694 &#8211; suplente<\/li><li>Representante discente: Leonardo Corr\u00eaa Cardoso \u2013 Matr\u00edcula 202371234<\/li><li>Representante dos TAEs: Cristiane Franco Codevilla \u2013 SIAPE 3630531<\/li><\/ul>\t\t\t\t\t\t<\/div>\n\t\t\t\t<\/div>\n\t\t\t\t\t<\/div>\n\t\t<\/div>\n\t\t\t\t\t<\/div>\n\t\t<\/section>\n\t\t\t\t<\/div>\n\t\t","protected":false},"excerpt":{"rendered":"<p>PORTARIA DE PESSOAL CCS\/UFSM N. 001, DE 05 DE JANEIRO DE 2026. Membros Titulares: Andr\u00e9a In\u00eas Horn Adams, SIAPE 1333360 &#8211; Coordenadora Presidente; Daniele Rubert Nogueira Librelotto, SIAPE, 3048505 &#8211; Coordenadora Substituta; Clarice Madalena Bueno Rolim, SIAPE, 6379317 (\u00e1rea 1); Ang\u00e9lica Rocha Joaquim, SIAPE, 3334164 (\u00e1rea 1); Thissiane de Lima Gon\u00e7alves, SIAPE, 2218480 (\u00e1rea 2); [&hellip;]<\/p>\n","protected":false},"author":890,"featured_media":0,"parent":0,"menu_order":0,"comment_status":"closed","ping_status":"closed","template":"","meta":{"footnotes":""},"categories":[],"tags":[],"class_list":["post-548","page","type-page","status-publish","hentry"],"acf":[],"_links":{"self":[{"href":"https:\/\/www.ufsm.br\/cursos\/pos-graduacao\/santa-maria\/ppgcf\/wp-json\/wp\/v2\/pages\/548","targetHints":{"allow":["GET"]}}],"collection":[{"href":"https:\/\/www.ufsm.br\/cursos\/pos-graduacao\/santa-maria\/ppgcf\/wp-json\/wp\/v2\/pages"}],"about":[{"href":"https:\/\/www.ufsm.br\/cursos\/pos-graduacao\/santa-maria\/ppgcf\/wp-json\/wp\/v2\/types\/page"}],"author":[{"embeddable":true,"href":"https:\/\/www.ufsm.br\/cursos\/pos-graduacao\/santa-maria\/ppgcf\/wp-json\/wp\/v2\/users\/890"}],"replies":[{"embeddable":true,"href":"https:\/\/www.ufsm.br\/cursos\/pos-graduacao\/santa-maria\/ppgcf\/wp-json\/wp\/v2\/comments?post=548"}],"version-history":[{"count":0,"href":"https:\/\/www.ufsm.br\/cursos\/pos-graduacao\/santa-maria\/ppgcf\/wp-json\/wp\/v2\/pages\/548\/revisions"}],"wp:attachment":[{"href":"https:\/\/www.ufsm.br\/cursos\/pos-graduacao\/santa-maria\/ppgcf\/wp-json\/wp\/v2\/media?parent=548"}],"wp:term":[{"taxonomy":"category","embeddable":true,"href":"https:\/\/www.ufsm.br\/cursos\/pos-graduacao\/santa-maria\/ppgcf\/wp-json\/wp\/v2\/categories?post=548"},{"taxonomy":"post_tag","embeddable":true,"href":"https:\/\/www.ufsm.br\/cursos\/pos-graduacao\/santa-maria\/ppgcf\/wp-json\/wp\/v2\/tags?post=548"}],"curies":[{"name":"wp","href":"https:\/\/api.w.org\/{rel}","templated":true}]}}