{"id":958,"date":"2025-05-28T13:51:55","date_gmt":"2025-05-28T16:51:55","guid":{"rendered":"https:\/\/www.ufsm.br\/cursos\/pos-graduacao\/santa-maria\/ppgcf\/?page_id=958"},"modified":"2025-05-28T13:51:56","modified_gmt":"2025-05-28T16:51:56","slug":"historico-e-contextualizacao","status":"publish","type":"page","link":"https:\/\/www.ufsm.br\/cursos\/pos-graduacao\/santa-maria\/ppgcf\/historico-e-contextualizacao","title":{"rendered":"Hist\u00f3rico e Contextualiza\u00e7\u00e3o"},"content":{"rendered":"\n<p><span style=\"font-weight: 400\">O Programa de P\u00f3s-Gradua\u00e7\u00e3o em Ci\u00eancias Farmac\u00eauticas (PPGCF) da UFSM \u00e9 o \u00fanico programa da \u00e1rea de Farm\u00e1cia na regi\u00e3o central do Rio Grande do Sul e \u00e9 ministrado em dois n\u00edveis, Mestrado e Doutorado. O PPGCF iniciou suas atividades em 2004 com a cria\u00e7\u00e3o do Mestrado e uma \u00e1rea de concentra\u00e7\u00e3o. Ano ap\u00f3s ano, o Programa foi se expandindo em suas atividades pela cria\u00e7\u00e3o de uma nova \u00e1rea de concentra\u00e7\u00e3o, novas linhas de pesquisa, abertura do Doutorado (em 2012) e aumento do n\u00famero de docentes e discentes. As \u00e1reas de concentra\u00e7\u00e3o e suas respectivas linhas de pesquisa abrangem os dois eixos tem\u00e1ticos principais da \u00e1rea da Farm\u00e1cia: pesquisa e desenvolvimento, que est\u00e3o relacionados com o ciclo do medicamento, e com as bases fisiopatol\u00f3gicas de doen\u00e7as, proporcionando uma forma\u00e7\u00e3o diversificada nos temas mais importantes da \u00e1rea. O esfor\u00e7o conjunto da comunidade acad\u00eamica do Programa resultou na atribui\u00e7\u00e3o da nota 5 ao PPGCF na Avalia\u00e7\u00e3o Quadrienal de 2017-2020. Atualmente, o PPGCF reestruturou as linhas de pesquisa da \u00e1rea 1, em conson\u00e2ncia com as demandas da sociedade, a forma\u00e7\u00e3o do profissional farmac\u00eautico e a perspectiva de entrada de novos professores. Neste sentido, foi proposta e aprovada a linha de pesquisa \u201cAssist\u00eancia Farmac\u00eautica: da gest\u00e3o \u00e0 cl\u00ednica\u201d. Para o ano de 2025, o PPGCF realizou o credenciamento e recredenciamento dos docentes e, no presente, conta com 24 docentes do n\u00facleo permanente e 2 colaboradores.<\/span><\/p>\n","protected":false},"excerpt":{"rendered":"<p>O Programa de P\u00f3s-Gradua\u00e7\u00e3o em Ci\u00eancias Farmac\u00eauticas (PPGCF) da UFSM \u00e9 o \u00fanico programa da \u00e1rea de Farm\u00e1cia na regi\u00e3o central do Rio Grande do Sul e \u00e9 ministrado em dois n\u00edveis, Mestrado e Doutorado. O PPGCF iniciou suas atividades em 2004 com a cria\u00e7\u00e3o do Mestrado e uma \u00e1rea de concentra\u00e7\u00e3o. Ano ap\u00f3s ano, [&hellip;]<\/p>\n","protected":false},"author":990,"featured_media":0,"parent":0,"menu_order":0,"comment_status":"closed","ping_status":"closed","template":"","meta":{"footnotes":""},"categories":[],"tags":[],"class_list":["post-958","page","type-page","status-publish","hentry"],"acf":[],"_links":{"self":[{"href":"https:\/\/www.ufsm.br\/cursos\/pos-graduacao\/santa-maria\/ppgcf\/wp-json\/wp\/v2\/pages\/958","targetHints":{"allow":["GET"]}}],"collection":[{"href":"https:\/\/www.ufsm.br\/cursos\/pos-graduacao\/santa-maria\/ppgcf\/wp-json\/wp\/v2\/pages"}],"about":[{"href":"https:\/\/www.ufsm.br\/cursos\/pos-graduacao\/santa-maria\/ppgcf\/wp-json\/wp\/v2\/types\/page"}],"author":[{"embeddable":true,"href":"https:\/\/www.ufsm.br\/cursos\/pos-graduacao\/santa-maria\/ppgcf\/wp-json\/wp\/v2\/users\/990"}],"replies":[{"embeddable":true,"href":"https:\/\/www.ufsm.br\/cursos\/pos-graduacao\/santa-maria\/ppgcf\/wp-json\/wp\/v2\/comments?post=958"}],"version-history":[{"count":0,"href":"https:\/\/www.ufsm.br\/cursos\/pos-graduacao\/santa-maria\/ppgcf\/wp-json\/wp\/v2\/pages\/958\/revisions"}],"wp:attachment":[{"href":"https:\/\/www.ufsm.br\/cursos\/pos-graduacao\/santa-maria\/ppgcf\/wp-json\/wp\/v2\/media?parent=958"}],"wp:term":[{"taxonomy":"category","embeddable":true,"href":"https:\/\/www.ufsm.br\/cursos\/pos-graduacao\/santa-maria\/ppgcf\/wp-json\/wp\/v2\/categories?post=958"},{"taxonomy":"post_tag","embeddable":true,"href":"https:\/\/www.ufsm.br\/cursos\/pos-graduacao\/santa-maria\/ppgcf\/wp-json\/wp\/v2\/tags?post=958"}],"curies":[{"name":"wp","href":"https:\/\/api.w.org\/{rel}","templated":true}]}}