{"id":961,"date":"2025-05-28T14:09:00","date_gmt":"2025-05-28T17:09:00","guid":{"rendered":"https:\/\/www.ufsm.br\/cursos\/pos-graduacao\/santa-maria\/ppgcf\/?page_id=961"},"modified":"2025-06-04T17:17:56","modified_gmt":"2025-06-04T20:17:56","slug":"objetivos-e-missao-do-ppgcf","status":"publish","type":"page","link":"https:\/\/www.ufsm.br\/cursos\/pos-graduacao\/santa-maria\/ppgcf\/objetivos-e-missao-do-ppgcf","title":{"rendered":"Miss\u00e3o, Vis\u00e3o, Valores e Objetivos"},"content":{"rendered":"\t\t<div data-elementor-type=\"wp-page\" data-elementor-id=\"961\" class=\"elementor elementor-961\">\n\t\t\t\t\t\t<section class=\"elementor-section elementor-top-section elementor-element elementor-element-d1d052c elementor-section-boxed elementor-section-height-default elementor-section-height-default\" data-id=\"d1d052c\" data-element_type=\"section\">\n\t\t\t\t\t\t<div class=\"elementor-container elementor-column-gap-default\">\n\t\t\t\t\t<div class=\"elementor-column elementor-col-33 elementor-top-column elementor-element elementor-element-c895d10\" data-id=\"c895d10\" data-element_type=\"column\">\n\t\t\t<div class=\"elementor-widget-wrap elementor-element-populated\">\n\t\t\t\t\t\t<div class=\"elementor-element elementor-element-7541185 elementor-widget elementor-widget-text-editor\" data-id=\"7541185\" data-element_type=\"widget\" data-widget_type=\"text-editor.default\">\n\t\t\t\t<div class=\"elementor-widget-container\">\n\t\t\t\t\t\t\t<p style=\"text-align: left\"><strong>Miss\u00e3o<\/strong><\/p><p style=\"text-align: left\">Formar recursos humanos de excel\u00eancia, capacitando profissionais para atuar como lideran\u00e7as cient\u00edficas e agentes transformadores em n\u00edvel nacional e internacional, promovendo avan\u00e7os nas Ci\u00eancias Farmac\u00eauticas e contribuindo para o desenvolvimento sustent\u00e1vel da sociedade.<\/p>\t\t\t\t\t\t<\/div>\n\t\t\t\t<\/div>\n\t\t\t\t\t<\/div>\n\t\t<\/div>\n\t\t\t\t<div class=\"elementor-column elementor-col-33 elementor-top-column elementor-element elementor-element-f01a7fb\" data-id=\"f01a7fb\" data-element_type=\"column\">\n\t\t\t<div class=\"elementor-widget-wrap elementor-element-populated\">\n\t\t\t\t\t\t<div class=\"elementor-element elementor-element-2d70664 elementor-widget elementor-widget-text-editor\" data-id=\"2d70664\" data-element_type=\"widget\" data-widget_type=\"text-editor.default\">\n\t\t\t\t<div class=\"elementor-widget-container\">\n\t\t\t\t\t\t\t<p style=\"text-align: left\"><strong>Vis\u00e3o<\/strong><\/p><p style=\"text-align: left\">Ser reconhecido como um programa de excel\u00eancia na forma\u00e7\u00e3o de profissionais e na produ\u00e7\u00e3o de conhecimento inovador nas Ci\u00eancias Farmac\u00eauticas, contribuindo para transformar a pr\u00e1tica farmac\u00eautica, a assist\u00eancia \u00e0 sa\u00fade e as an\u00e1lises cl\u00ednicas e toxicol\u00f3gicas, com forte impacto cient\u00edfico, tecnol\u00f3gico e social no Brasil e no mundo.<\/p>\t\t\t\t\t\t<\/div>\n\t\t\t\t<\/div>\n\t\t\t\t\t<\/div>\n\t\t<\/div>\n\t\t\t\t<div class=\"elementor-column elementor-col-33 elementor-top-column elementor-element elementor-element-83e041d\" data-id=\"83e041d\" data-element_type=\"column\">\n\t\t\t<div class=\"elementor-widget-wrap elementor-element-populated\">\n\t\t\t\t\t\t<div class=\"elementor-element elementor-element-1531be7 elementor-widget elementor-widget-text-editor\" data-id=\"1531be7\" data-element_type=\"widget\" data-widget_type=\"text-editor.default\">\n\t\t\t\t<div class=\"elementor-widget-container\">\n\t\t\t\t\t\t\t<p style=\"text-align: left\"><strong>Valores<\/strong><\/p><p style=\"text-align: left\">O PPGCF, em conson\u00e2ncia com o Plano de Desenvolvimento Institucional da Universidade, compromete-se com a educa\u00e7\u00e3o, pautada nos seguintes valores: excel\u00eancia acad\u00eamica, \u00e9tica, responsabilidade social, inova\u00e7\u00e3o, interdisciplinaridade, internacionaliza\u00e7\u00e3o e sustentabilidade.<\/p>\t\t\t\t\t\t<\/div>\n\t\t\t\t<\/div>\n\t\t\t\t\t<\/div>\n\t\t<\/div>\n\t\t\t\t\t<\/div>\n\t\t<\/section>\n\t\t\t\t<section class=\"elementor-section elementor-top-section elementor-element elementor-element-b805310 elementor-section-boxed elementor-section-height-default elementor-section-height-default\" data-id=\"b805310\" data-element_type=\"section\">\n\t\t\t\t\t\t<div class=\"elementor-container elementor-column-gap-default\">\n\t\t\t\t\t<div class=\"elementor-column elementor-col-100 elementor-top-column elementor-element elementor-element-4cba29b\" data-id=\"4cba29b\" data-element_type=\"column\">\n\t\t\t<div class=\"elementor-widget-wrap elementor-element-populated\">\n\t\t\t\t\t\t<div class=\"elementor-element elementor-element-ee546e7 elementor-widget__width-initial elementor-widget elementor-widget-text-editor\" data-id=\"ee546e7\" data-element_type=\"widget\" data-widget_type=\"text-editor.default\">\n\t\t\t\t<div class=\"elementor-widget-container\">\n\t\t\t\t\t\t\t<p><strong>Objetivos<\/strong><\/p><ul><li data-start=\"1686\" data-end=\"1865\"><p data-start=\"1688\" data-end=\"1865\">Promover a forma\u00e7\u00e3o acad\u00eamica s\u00f3lida e aprofundada, capacitando profissionais para desenvolver processos, produtos e metodologias relacionados ao medicamento e \u00e0 sa\u00fade humana.<\/p><\/li><li data-start=\"1866\" data-end=\"1971\"><p data-start=\"1868\" data-end=\"1971\">Estimular a atua\u00e7\u00e3o \u00e9tica e cr\u00edtica na doc\u00eancia, contribuindo para a qualifica\u00e7\u00e3o do ensino superior.<\/p><\/li><li data-start=\"1972\" data-end=\"2136\"><p data-start=\"1974\" data-end=\"2136\">Desenvolver compet\u00eancias para a realiza\u00e7\u00e3o de pesquisas cient\u00edficas inovadoras, alinhadas \u00e0s necessidades do pa\u00eds e aos avan\u00e7os internacionais na \u00e1rea da sa\u00fade.<\/p><\/li><li data-start=\"2137\" data-end=\"2303\"><p data-start=\"2139\" data-end=\"2303\">Fortalecer parcerias com institui\u00e7\u00f5es nacionais e internacionais, ampliando as possibilidades de coopera\u00e7\u00e3o em projetos de pesquisa e desenvolvimento tecnol\u00f3gico.<\/p><\/li><li data-start=\"2304\" data-end=\"2480\"><p data-start=\"2306\" data-end=\"2480\">Formar profissionais capazes de comunicar informa\u00e7\u00f5es cient\u00edficas de forma clara, promovendo a correta divulga\u00e7\u00e3o do conhecimento e combatendo a desinforma\u00e7\u00e3o na sociedade.<\/p><\/li><li data-start=\"2481\" data-end=\"2649\"><p data-start=\"2483\" data-end=\"2649\">Incentivar a ado\u00e7\u00e3o de pr\u00e1ticas sustent\u00e1veis no desenvolvimento cient\u00edfico, visando o equil\u00edbrio entre inova\u00e7\u00e3o, responsabilidade ambiental e impacto social positivo.<\/p><\/li><\/ul>\t\t\t\t\t\t<\/div>\n\t\t\t\t<\/div>\n\t\t\t\t\t<\/div>\n\t\t<\/div>\n\t\t\t\t\t<\/div>\n\t\t<\/section>\n\t\t\t\t<\/div>\n\t\t","protected":false},"excerpt":{"rendered":"<p>Miss\u00e3o Formar recursos humanos de excel\u00eancia, capacitando profissionais para atuar como lideran\u00e7as cient\u00edficas e agentes transformadores em n\u00edvel nacional e internacional, promovendo avan\u00e7os nas Ci\u00eancias Farmac\u00eauticas e contribuindo para o desenvolvimento sustent\u00e1vel da sociedade. Vis\u00e3o Ser reconhecido como um programa de excel\u00eancia na forma\u00e7\u00e3o de profissionais e na produ\u00e7\u00e3o de conhecimento inovador nas Ci\u00eancias Farmac\u00eauticas, [&hellip;]<\/p>\n","protected":false},"author":990,"featured_media":0,"parent":0,"menu_order":0,"comment_status":"closed","ping_status":"closed","template":"","meta":{"footnotes":""},"categories":[],"tags":[],"class_list":["post-961","page","type-page","status-publish","hentry"],"acf":[],"_links":{"self":[{"href":"https:\/\/www.ufsm.br\/cursos\/pos-graduacao\/santa-maria\/ppgcf\/wp-json\/wp\/v2\/pages\/961","targetHints":{"allow":["GET"]}}],"collection":[{"href":"https:\/\/www.ufsm.br\/cursos\/pos-graduacao\/santa-maria\/ppgcf\/wp-json\/wp\/v2\/pages"}],"about":[{"href":"https:\/\/www.ufsm.br\/cursos\/pos-graduacao\/santa-maria\/ppgcf\/wp-json\/wp\/v2\/types\/page"}],"author":[{"embeddable":true,"href":"https:\/\/www.ufsm.br\/cursos\/pos-graduacao\/santa-maria\/ppgcf\/wp-json\/wp\/v2\/users\/990"}],"replies":[{"embeddable":true,"href":"https:\/\/www.ufsm.br\/cursos\/pos-graduacao\/santa-maria\/ppgcf\/wp-json\/wp\/v2\/comments?post=961"}],"version-history":[{"count":0,"href":"https:\/\/www.ufsm.br\/cursos\/pos-graduacao\/santa-maria\/ppgcf\/wp-json\/wp\/v2\/pages\/961\/revisions"}],"wp:attachment":[{"href":"https:\/\/www.ufsm.br\/cursos\/pos-graduacao\/santa-maria\/ppgcf\/wp-json\/wp\/v2\/media?parent=961"}],"wp:term":[{"taxonomy":"category","embeddable":true,"href":"https:\/\/www.ufsm.br\/cursos\/pos-graduacao\/santa-maria\/ppgcf\/wp-json\/wp\/v2\/categories?post=961"},{"taxonomy":"post_tag","embeddable":true,"href":"https:\/\/www.ufsm.br\/cursos\/pos-graduacao\/santa-maria\/ppgcf\/wp-json\/wp\/v2\/tags?post=961"}],"curies":[{"name":"wp","href":"https:\/\/api.w.org\/{rel}","templated":true}]}}