{"id":177,"date":"2022-03-15T17:18:41","date_gmt":"2022-03-15T20:18:41","guid":{"rendered":"https:\/\/www.ufsm.br\/cursos\/pos-graduacao\/santa-maria\/ppgcmr\/?page_id=177"},"modified":"2023-01-13T11:19:41","modified_gmt":"2023-01-13T14:19:41","slug":"177-2","status":"publish","type":"page","link":"https:\/\/www.ufsm.br\/cursos\/pos-graduacao\/santa-maria\/ppgcmr\/177-2","title":{"rendered":"Plano de Estudos"},"content":{"rendered":"\n<p>O Plano de estudos \u00e9 o conjunto organizado de disciplinas curriculares que o aluno pretende cursar no decorrer do curso.&nbsp;<\/p>\n\n\n\n<ul class=\"wp-block-list\">\n<li><strong><a href=\"https:\/\/www.ufsm.br\/cursos\/pos-graduacao\/santa-maria\/ppgec\/wp-content\/uploads\/sites\/550\/2019\/03\/TUTORIAL-PLANO-DE-ESTUDOS-1.pdf\">Plano de Estudos On-line \u2013 Tutorial de prenchimento<\/a><\/strong><\/li>\n<\/ul>\n\n\n\n<p>O plano de estudos dever\u00e1 ser elaborado pelo&nbsp;<strong><a href=\"https:\/\/portal.ufsm.br\/aluno\/index.html\" target=\"_blank\" rel=\"noreferrer noopener\">Portal do Aluno<\/a>&nbsp;<\/strong>no primeiro semestre do curso, o aluno que n\u00e3o o fizer, ficar\u00e1 impossibilitado de efetuar a matr\u00edcula para o segundo semestre de curso. Ele deve ser desenvolvido pelo discente e ser\u00e1 proposto pelo orientador, em comum acordo com o aluno, levando-se em conta a natureza de sua pesquisa.<\/p>\n\n\n\n<p>O aluno deve incluir o nome do orientador e a linha de pesquisa ser\u00e1 a que se candidatou e foi aprovado no processo seletivo.<\/p>\n\n\n\n<p>Altera\u00e7\u00f5es poder\u00e3o ser efetuadas a qualquer momento, a cada altera\u00e7\u00e3o ele ir\u00e1 tramitar ao orientador e ap\u00f3s a coordena\u00e7\u00e3o do PPGCMR que aprovar\u00e1 em nome do Colegiado. O orientador e a coordena\u00e7\u00e3o do PPGCMR poder\u00e1 solicitar que altera\u00e7\u00f5es\/corre\u00e7\u00f5es sejam efetuadas.<\/p>\n\n\n\n<p>Ap\u00f3s o aluno cursar todos os cr\u00e9ditos exig\u00edveis e antes de efetuar a abertura do processo de defesa de disserta\u00e7\u00e3o ou tese, o aluno dever\u00e1 comparar o plano de estudos que dever\u00e1 estar igual ao hist\u00f3rico escolar.<\/p>\n\n\n\n<p>As disciplinas do curr\u00edculo do curso devem ser lan\u00e7adas no plano de estudos de acordo com o hist\u00f3rico escolar, ou seja, com o c\u00f3digo da disciplina, assim como as cursadas em outros programas da UFSM. As disciplinas cursadas externamente \u00e0 UFSM, devem ser lan\u00e7adas no plano de estudos como externas com o c\u00f3digo EXT.<\/p>\n\n\n\n<p>O coorientador, ap\u00f3s aprovado pelo Colegiado do PPGCMR, dever\u00e1 ser inclu\u00eddo no plano de estudos.\u00a0Dever\u00e1 haver a forma\u00e7\u00e3o do Comit\u00ea de Orienta\u00e7\u00e3o que deve ser formado pelo professor orientador e mais dois membros que podem ser externos \u00e0 UFSM e n\u00e3o pertencer ao quadro de professores permanentes ou colaboradores do programa de p\u00f3s-gradua\u00e7\u00e3o.<\/p>\n\n\n\n<p>Art. 30&nbsp;<em>\u00c9 responsabilidade do discente a abertura, online do Plano de Estudos, bem como eventuais atualiza\u00e7\u00f5es. O plano de estudos deve ser aprovado pelo Colegiado do respectivo programa\/curso antes da realiza\u00e7\u00e3o da matr\u00edcula para o segundo semestre do curso.<\/em>&nbsp;<strong><a href=\"https:\/\/www.ufsm.br\/cursos\/pos-graduacao\/santa-maria\/ppgec\/wp-content\/uploads\/sites\/550\/2019\/03\/015-2014-Regimento-da-Ps-Graduao.pdf\" target=\"_blank\" rel=\"noreferrer noopener\">Regimento Geral da P\u00f3s-Gradua\u00e7\u00e3o Stricto Sensu e Lato Sensu da UFSM<\/a><\/strong><\/p>\n","protected":false},"excerpt":{"rendered":"<p>O Plano de estudos \u00e9 o conjunto organizado de disciplinas curriculares que o aluno pretende cursar no decorrer do curso.&nbsp; O plano de estudos dever\u00e1 ser elaborado pelo&nbsp;Portal do Aluno&nbsp;no primeiro semestre do curso, o aluno que n\u00e3o o fizer, ficar\u00e1 impossibilitado de efetuar a matr\u00edcula para o segundo semestre de curso. Ele deve ser [&hellip;]<\/p>\n","protected":false},"author":878,"featured_media":0,"parent":0,"menu_order":0,"comment_status":"closed","ping_status":"closed","template":"","meta":{"footnotes":""},"categories":[],"tags":[],"class_list":["post-177","page","type-page","status-publish","hentry"],"acf":[],"_links":{"self":[{"href":"https:\/\/www.ufsm.br\/cursos\/pos-graduacao\/santa-maria\/ppgcmr\/wp-json\/wp\/v2\/pages\/177","targetHints":{"allow":["GET"]}}],"collection":[{"href":"https:\/\/www.ufsm.br\/cursos\/pos-graduacao\/santa-maria\/ppgcmr\/wp-json\/wp\/v2\/pages"}],"about":[{"href":"https:\/\/www.ufsm.br\/cursos\/pos-graduacao\/santa-maria\/ppgcmr\/wp-json\/wp\/v2\/types\/page"}],"author":[{"embeddable":true,"href":"https:\/\/www.ufsm.br\/cursos\/pos-graduacao\/santa-maria\/ppgcmr\/wp-json\/wp\/v2\/users\/878"}],"replies":[{"embeddable":true,"href":"https:\/\/www.ufsm.br\/cursos\/pos-graduacao\/santa-maria\/ppgcmr\/wp-json\/wp\/v2\/comments?post=177"}],"version-history":[{"count":0,"href":"https:\/\/www.ufsm.br\/cursos\/pos-graduacao\/santa-maria\/ppgcmr\/wp-json\/wp\/v2\/pages\/177\/revisions"}],"wp:attachment":[{"href":"https:\/\/www.ufsm.br\/cursos\/pos-graduacao\/santa-maria\/ppgcmr\/wp-json\/wp\/v2\/media?parent=177"}],"wp:term":[{"taxonomy":"category","embeddable":true,"href":"https:\/\/www.ufsm.br\/cursos\/pos-graduacao\/santa-maria\/ppgcmr\/wp-json\/wp\/v2\/categories?post=177"},{"taxonomy":"post_tag","embeddable":true,"href":"https:\/\/www.ufsm.br\/cursos\/pos-graduacao\/santa-maria\/ppgcmr\/wp-json\/wp\/v2\/tags?post=177"}],"curies":[{"name":"wp","href":"https:\/\/api.w.org\/{rel}","templated":true}]}}