{"id":179,"date":"2022-03-16T11:20:24","date_gmt":"2022-03-16T14:20:24","guid":{"rendered":"https:\/\/www.ufsm.br\/cursos\/pos-graduacao\/santa-maria\/ppgcmr\/?page_id=179"},"modified":"2022-03-22T15:02:00","modified_gmt":"2022-03-22T18:02:00","slug":"afastamento-para-tratamento-de-saude","status":"publish","type":"page","link":"https:\/\/www.ufsm.br\/cursos\/pos-graduacao\/santa-maria\/ppgcmr\/afastamento-para-tratamento-de-saude","title":{"rendered":"Afastamento para tratamento de sa\u00fade"},"content":{"rendered":"\n<p>Para o tratamento de sa\u00fade n\u00e3o h\u00e1 a suspens\u00e3o de curso, podendo o aluno usufruir do Afastamento em Regime de Exerc\u00edcio Domiciliar para o Tratamento da Sa\u00fade. Conforme o Guia Acad\u00eamico, item 9.1.10, que trata dos Afastamentos para o Tratamento de Sa\u00fade, disp\u00f5e de tr\u00eas situa\u00e7\u00f5es:<\/p>\n\n\n\n<p><strong>1) Regime de Exerc\u00edcios Domiciliares para Afastamento Superior a 5 dias<\/strong>:<br>\u00a0 \u00a0 Em caso de incapacidade de frequentar \u00e0s aulas, nos termos do Decreto-Lei N. 1.044\/1969,\u00a0<strong>por per\u00edodo superior a cinco dias<\/strong>, os alunos poder\u00e3o requerer exerc\u00edcio de atividades domiciliares.<br>\u00a0 \u00a0 Poder\u00e3o solicitar este benef\u00edcio, os alunos portadores de afec\u00e7\u00f5es cong\u00eanitas ou adquiridas, infec\u00e7\u00f5es, traumatismos ou outras condi\u00e7\u00f5es m\u00f3rbidas, dist\u00farbios agudos ou agonizados, caracterizados por: incapacidade f\u00edsica relativa incompat\u00edvel com a frequ\u00eancia aos trabalhos acad\u00eamicos, desde que se verifique a conserva\u00e7\u00e3o das condi\u00e7\u00f5es intelectuais e emocionais necess\u00e1rias para o prosseguimento da atividade acad\u00eamica em novos moldes.<br>\u00a0 \u00a0 O requerimento dever\u00e1 ser feito pelo aluno ou representante, em at\u00e9 dez dias \u00fateis da emiss\u00e3o do atestado m\u00e9dico, por meio de abertura de processo administrativo (PEN).<br>\u00a0 \u00a0O in\u00edcio, o t\u00e9rmino e a amplia\u00e7\u00e3o do afastamento ser\u00e3o determinados por atestado m\u00e9dico. O aluno dever\u00e1 manter contato com o orientador e com os professores das disciplinas para o desenvolvimento de atividades acad\u00eamicas substitutivas. Nos casos de concess\u00e3o de exerc\u00edcios de atividades domiciliares em que a situa\u00e7\u00e3o de sa\u00fade impossibilite a presen\u00e7a nas avalia\u00e7\u00f5es parciais, estar\u00e1 assegurado ao aluno o direito \u00e0 realiza\u00e7\u00e3o de avalia\u00e7\u00e3o final em data acordada com o docente, de acordo com o previsto para a situa\u00e7\u00e3o \u201cIncompleto\u201d.\u00a0<br>\u00a0 \u00a0Os documentos necess\u00e1rios \u00e0 abertura do processo administrativo de exerc\u00edcios de atividades domiciliares s\u00e3o os seguintes:<br>\u2013 Requerimento dirigido \u00e0 coordena\u00e7\u00e3o do curso solicitando o regime de exerc\u00edcios domiciliares\u00a0<a href=\"https:\/\/www.ufsm.br\/app\/uploads\/sites\/874\/2022\/03\/Requerimento-Regime-Domiciliares-2.doc\" data-type=\"URL\" data-id=\"https:\/\/www.ufsm.br\/app\/uploads\/sites\/874\/2022\/03\/Requerimento-Regime-Domiciliares-2.doc\">(MODELO)<\/a>;<br>\u2013 Atestado m\u00e9dico original ou que confira com o original, contendo o c\u00f3digo da doen\u00e7a conforme a Classifica\u00e7\u00e3o Estat\u00edstica internacional de Doen\u00e7as e Problemas Relacionados \u00e0 Sa\u00fade, Classifica\u00e7\u00e3o Estat\u00edstica internacional de Doen\u00e7as e Problemas Relacionados \u00e0 Sa\u00fade (CID), o n\u00famero de dias de afastamento, a identifica\u00e7\u00e3o do m\u00e9dico com CREMERS (assinatura e carimbo) e data de emiss\u00e3o.<\/p>\n\n\n\n<p>&nbsp;<strong>2) Regime de Exerc\u00edcios Domiciliares para Discentes Gestantes:<\/strong><br>&nbsp; As alunas gestantes poder\u00e3o ser assistidas pelo regime de exerc\u00edcios domiciliares institu\u00eddos pelo Decreto-Lei n\u00ba 1.044\/69, a partir do 8\u00ba m\u00eas de gesta\u00e7\u00e3o e durante 3 meses, conforme a Lei n\u00ba 6.202\/75. O procedimento para a solicita\u00e7\u00e3o de regime de exerc\u00edcios domiciliares \u00e9 o mesmo para o afastamento superior a cinco dias, descrito no item anteriormente. Em casos excepcionais, comprovado com Atestado M\u00e9dico, o per\u00edodo de repouso poder\u00e1 ser aumentado.<\/p>\n\n\n\n<p><strong>3) Regime de Exerc\u00edcios Domiciliares para Afastamento Inferior a 5 dias:<\/strong><br>&nbsp; &nbsp;Os afastamentos para tratamento de sa\u00fade por tempo inferior a 5 dias n\u00e3o configuram regime de exerc\u00edcios domiciliares, dispensando da an\u00e1lise do Servi\u00e7o de Per\u00edcia Oficial em Sa\u00fade da UFSM. Os alunos que, por motivo de tratamento de sa\u00fade, n\u00e3o puderem comparecer \u00e0s atividades acad\u00eamicas avaliativas poder\u00e3o justificar a aus\u00eancia ao docente da disciplina competente a fim de remarcar as datas das avalia\u00e7\u00f5es.&nbsp;<br>&nbsp; &nbsp;No prazo de at\u00e9 dois dias \u00fateis ap\u00f3s a data da avalia\u00e7\u00e3o n\u00e3o realizada, o aluno dever\u00e1 apresentar o atestado m\u00e9dico original ou que confira com o original, contendo o n\u00famero da (CID), n\u00famero de dias de afastamento, identifica\u00e7\u00e3o do m\u00e9dico com CRM (assinatura e carimbo) e data de emiss\u00e3o.<\/p>\n\n\n\n<p>*** Em qualquer um dos casos acima, o aluno \u00e9 respons\u00e1vel pela abertura do processo PEN, assim, o controle de tempo do afastamento, contatos com o seu orientador e docentes das disciplinas cursadas.<\/p>\n\n\n\n<p><strong>=&gt;<\/strong>Assim, para requerer o regime de exerc\u00edcios domiciliares,\u00a0<strong>o aluno<\/strong>\u00a0dever\u00e1 seguir os passos a seguir:<br><strong>I<\/strong>\u00a0\u2013 Preencher o\u00a0<strong><a href=\"https:\/\/www.ufsm.br\/app\/uploads\/sites\/874\/2022\/03\/Requerimento-Regime-Domiciliares-2.doc\" data-type=\"URL\" data-id=\"https:\/\/www.ufsm.br\/app\/uploads\/sites\/874\/2022\/03\/Requerimento-Regime-Domiciliares-2.doc\">Requerimento para Regime Domiciliar de Aluno de P\u00f3s-Gradua\u00e7\u00e3o<\/a><\/strong>, e efetuar a abertura do processo PEN da UFSM (Processo Eletr\u00f4nico Nacional), anexando o atestado\/laudo m\u00e9dico e ou documentos que justifiquem a solicita\u00e7\u00e3o;<br><strong>III<\/strong>\u00a0\u2013 Ap\u00f3s a abertura do processo, este dever\u00e1 ser tramitado ao Programa de P\u00f3s-gradua\u00e7\u00e3o em Ci\u00eancias do Movimento e Reabilita\u00e7\u00e3o (c\u00f3digo 09.10.07.00.0.0) para a aprecia\u00e7\u00e3o do colegiado;<br><strong>IV<\/strong>\u00a0\u2013 A secretaria recebe e confere a documenta\u00e7\u00e3o, caso n\u00e3o esteja de acordo, retorna ao aluno para corre\u00e7\u00e3o;<br><strong>V \u2013<\/strong>\u00a0O PPGCMR encaminhar\u00e1 o processo ao Servi\u00e7o de Per\u00edcia Oficial em Sa\u00fade da UFSM, para a emiss\u00e3o de parecer, ficando a crit\u00e9rio da per\u00edcia m\u00e9dica, a convoca\u00e7\u00e3o do aluno para avalia\u00e7\u00e3o presencial, em seguida, o processo dever\u00e1 retornar \u00e0 coordena\u00e7\u00e3o para ci\u00eancia;<br><strong>VI \u2013<\/strong>\u00a0A secretaria de PPGCMR ir\u00e1 dar conhecimento ao aluno (interessado) e ao seu orientador e tramitar\u00e1 o processo PEN ao DERCA.<\/p>\n\n\n\n<p><strong>Tutorial para a abertura e tramita\u00e7\u00e3o do Processo Eletr\u00f4nico Nacional \u2013 PEN\/UFSM para solicitar o Regime de Exerc\u00edcio Domiciliar de aluno de p\u00f3s-gradua\u00e7\u00e3o:<\/strong><\/p>\n\n\n\n<ul class=\"wp-block-list\"><li>O aluno de acessar o Portal de Documentos da UFSM em:&nbsp;<a href=\"https:\/\/portal.ufsm.br\/documentos\">https:\/\/portal.ufsm.br\/documentos<\/a>, efetuar o&nbsp;<em>login&nbsp;<\/em>(n\u00ba de matr\u00edcula) e senha.<br><img fetchpriority=\"high\" decoding=\"async\" src=\"https:\/\/www.ufsm.br\/app\/uploads\/sites\/550\/2021\/06\/figura-1-1024x427.png\" alt=\"\" width=\"599\" height=\"250\"><\/li><li>Na barra superior, selecionar&nbsp;<strong>NOVO<\/strong>.<br><img decoding=\"async\" src=\"https:\/\/www.ufsm.br\/app\/uploads\/sites\/550\/2021\/06\/figura-2-1024x430.jpg\" alt=\"\" width=\"600\" height=\"252\"><\/li><li>Ir\u00e1 aparecer esta tela para&nbsp;<strong>NOVO PROCESSO ELETR\u00d4NICO<\/strong>.<br><strong>=&gt;<\/strong>&nbsp;O item \u2018Tipo documental\u2019 refere-se a qual tipo de processo voc\u00ea est\u00e1 abrindo e que \u00e9:&nbsp;<strong>Processo de regime domiciliar de aluno de mestrado\/doutorado (134.5).<\/strong><br><img decoding=\"async\" src=\"https:\/\/www.ufsm.br\/app\/uploads\/sites\/550\/2021\/06\/figura-3-2.jpg\" alt=\"\" width=\"500\" height=\"312\"><\/li><\/ul>\n\n\n\n<div class=\"wp-block-image\"><figure class=\"aligncenter\"><img decoding=\"async\" src=\"https:\/\/www.ufsm.br\/app\/uploads\/sites\/550\/2021\/06\/figura-4.jpg\" alt=\"\" class=\"wp-image-1382\" \/><\/figure><\/div>\n\n\n\n<p><strong>=&gt;<\/strong>&nbsp;O campo \u2018Proced\u00eancia\u2019 vir\u00e1 preenchido automaticamente com o nome do aluno de acordo com o Tipo documental. Poder\u00e1 vir mais de n\u00famero de matr\u00edcula, procure a que se refere o processo.<br><strong>=&gt;<\/strong>&nbsp;Na \u2018Descri\u00e7\u00e3o\u2019 o sistema j\u00e1 carrega automaticamente a descri\u00e7\u00e3o padr\u00e3o, mas poder\u00e1 ser complementado.<\/p>\n\n\n\n<ul class=\"wp-block-list\"><li>Ao completar os campos da tela inicial (acima),\u00a0<strong>SALVAR<\/strong>\u00a0o processo, e avan\u00e7ar para a inclus\u00e3o dos documentos.<br>O processo j\u00e1 est\u00e1 criado e j\u00e1 possui um NUP (N\u00famero \u00danico de Protocolo) que inicia por 23081., (anote esse n\u00famero).<br><img loading=\"lazy\" decoding=\"async\" width=\"600\" height=\"252\" src=\"https:\/\/www.ufsm.br\/app\/uploads\/sites\/550\/2021\/06\/figura-5.jpg\" alt=\"\"><\/li><li>Efetuar a inclus\u00e3o dos obrigat\u00f3rios para poder ser tramitado. Na tela acima,\u00a0<strong>DOCUMENTOS<\/strong>, j\u00e1 constam quais os documentos s\u00e3o obrigat\u00f3rios, n\u00e3o ser\u00e1 poss\u00edvel avan\u00e7ar sem que todos os obrigat\u00f3rios sejam inclu\u00eddos. Para adicionar, voc\u00ea deve clicar no \u00edcone\u00a0<strong>+Adicionar<\/strong>, que aparece \u00e0 frente do documento.<br>\u00a0 \u00a0 \u00a0 \u00a0 \u00a0 \u00a01. Requerimento para Regime Domiciliar de Aluno de P\u00f3s-Gradua\u00e7\u00e3o\u00a0<a href=\"https:\/\/www.ufsm.br\/app\/uploads\/sites\/874\/2022\/03\/Requerimento-Regime-Domiciliares-2.doc\" data-type=\"URL\" data-id=\"https:\/\/www.ufsm.br\/app\/uploads\/sites\/874\/2022\/03\/Requerimento-Regime-Domiciliares-2.doc\">(MODELO)<\/a>;<br>\u00a0 \u00a0 \u00a0 \u00a0 \u00a0 \u00a02. Atestado m\u00e9dico;<\/li><li>Caso voc\u00ea necessite incluir algum documento que n\u00e3o esteja listado, poder\u00e1 utilizar o bot\u00e3o \u2018Inserir outros documentos\u2019 e relacionar outros tipos.\u00a0Ap\u00f3s\u00a0<strong>SALVAR<\/strong>.<br>\u00a0 \u00a0 \u00a0\u00a0<br><img loading=\"lazy\" decoding=\"async\" width=\"600\" height=\"233\" src=\"https:\/\/www.ufsm.br\/app\/uploads\/sites\/550\/2021\/06\/figura-6.jpg\" alt=\"\"><\/li><li>Ap\u00f3s a adi\u00e7\u00e3o de cada documento clicar em\u00a0<strong>ADICIONAR.<\/strong><\/li><li>Na op\u00e7\u00e3o de \u2018Pessoa respons\u00e1vel pela guarda\u2019 deve ser indicado quem tem a guarda do documento original utilizado, ou seja, nome do aluno, sendo que as op\u00e7\u00f5es que v\u00eam preenchidas podem ser alteradas conforme necessidade.<img loading=\"lazy\" decoding=\"async\" width=\"600\" height=\"282\" src=\"https:\/\/www.ufsm.br\/app\/uploads\/sites\/550\/2021\/06\/figura-7.jpg\" alt=\"\"><\/li><li>A tela abaixo \u00e9 para o procedente\/requisitante (aluno) assinar o requerimento eletronicamente, caso n\u00e3o tenha sua assinatura cadastrada no PEN-SIE, dever\u00e1 cadastrar-se, basta seguir\u00a0<a rel=\"noreferrer noopener\" href=\"https:\/\/www.ufsm.br\/app\/uploads\/sites\/416\/2020\/04\/Passo-a-passo-termo-assinatura-eletronica-PEN-SIE.pdf\" target=\"_blank\">Passo a passo para assinatura do Termo de Concord\u00e2ncia Assinatura Eletr\u00f4nica;<\/a><\/li><li>Quando efetuada a assinatura eletr\u00f4nica no documentos, requerimento, n\u00e3o necessitar\u00e1 de assinatura escrita.<br><img loading=\"lazy\" decoding=\"async\" width=\"600\" height=\"337\" src=\"https:\/\/www.ufsm.br\/app\/uploads\/sites\/550\/2021\/06\/assintura.jpg\" alt=\"\"><\/li><li>Ap\u00f3s inclu\u00eddos os documentos, e salvar, n\u00e3o \u00e9 mais poss\u00edvel remover os arquivos. Ent\u00e3o, antes de salvar, voc\u00ea pode conferir o arquivo inclu\u00eddo no bot\u00e3o \u2018Detalhes\u2019, e se for o caso, excluir o item antes de salvar.<\/li><li>Conforme tela abaixo, ir em<strong>\u00a0TRAMITAR.<\/strong><\/li><\/ul>\n\n\n\n<div class=\"wp-block-image\"><figure class=\"aligncenter\"><img decoding=\"async\" src=\"https:\/\/www.ufsm.br\/app\/uploads\/sites\/550\/2021\/06\/figura-8-1024x418.jpg\" alt=\"\" class=\"wp-image-1386\" \/><\/figure><\/div>\n\n\n\n<p>Na tela abaixo, tramitar o processo ao PPGCMR, colocar o despacho e&nbsp;<strong>TRAMITAR.<\/strong><\/p>\n\n\n\n<div class=\"wp-block-image\"><figure class=\"aligncenter size-large\"><img loading=\"lazy\" decoding=\"async\" width=\"1024\" height=\"410\" src=\"https:\/\/www.ufsm.br\/app\/uploads\/sites\/874\/2022\/03\/figura-10-1024x410.jpg\" alt=\"\" class=\"wp-image-180\" srcset=\"https:\/\/www.ufsm.br\/app\/uploads\/sites\/874\/2022\/03\/figura-10-1024x410.jpg 1024w, https:\/\/www.ufsm.br\/app\/uploads\/sites\/874\/2022\/03\/figura-10-300x120.jpg 300w, https:\/\/www.ufsm.br\/app\/uploads\/sites\/874\/2022\/03\/figura-10-768x308.jpg 768w, https:\/\/www.ufsm.br\/app\/uploads\/sites\/874\/2022\/03\/figura-10.jpg 1265w\" sizes=\"(max-width: 1024px) 100vw, 1024px\" \/><\/figure><\/div>\n\n\n\n<p>Para acompanhar o processo, consulte pelo NUP (N\u00famero \u00danico de Protocolo), acessando o&nbsp;<a href=\"https:\/\/portal.ufsm.br\/documentos\" target=\"_blank\" rel=\"noreferrer noopener\">Portal Documentos<\/a>&nbsp;e ou&nbsp; pelos campos dispon\u00edveis na consulta, como nome do interessado, tipo documental, etc, ou, ainda, o aluno pode acompanhar o processo fazendo login no Portal Documentos, ir na aba \u2018Meus Documentos\u2019, \u2018Interessado\u2019.<\/p>\n\n\n\n<p>O DAG tornou access\u00edvel o tutorial gen\u00e9rico que orienta a abertura de processos no PEN-SIE:<br><a href=\"https:\/\/www.ufsm.br\/app\/uploads\/sites\/416\/2020\/05\/tutorial-de-abertura-pensie.pdf\">https:\/\/www.ufsm.br\/app\/uploads\/sites\/416\/2020\/05\/tutorial-de-abertura-pensie.pdf<\/a><\/p>\n","protected":false},"excerpt":{"rendered":"<p>Para o tratamento de sa\u00fade n\u00e3o h\u00e1 a suspens\u00e3o de curso, podendo o aluno usufruir do Afastamento em Regime de Exerc\u00edcio Domiciliar para o Tratamento da Sa\u00fade. Conforme o Guia Acad\u00eamico, item 9.1.10, que trata dos Afastamentos para o Tratamento de Sa\u00fade, disp\u00f5e de tr\u00eas situa\u00e7\u00f5es: 1) Regime de Exerc\u00edcios Domiciliares para Afastamento Superior a [&hellip;]<\/p>\n","protected":false},"author":878,"featured_media":0,"parent":0,"menu_order":0,"comment_status":"closed","ping_status":"closed","template":"","meta":{"footnotes":""},"categories":[],"tags":[],"class_list":["post-179","page","type-page","status-publish","hentry"],"acf":[],"_links":{"self":[{"href":"https:\/\/www.ufsm.br\/cursos\/pos-graduacao\/santa-maria\/ppgcmr\/wp-json\/wp\/v2\/pages\/179","targetHints":{"allow":["GET"]}}],"collection":[{"href":"https:\/\/www.ufsm.br\/cursos\/pos-graduacao\/santa-maria\/ppgcmr\/wp-json\/wp\/v2\/pages"}],"about":[{"href":"https:\/\/www.ufsm.br\/cursos\/pos-graduacao\/santa-maria\/ppgcmr\/wp-json\/wp\/v2\/types\/page"}],"author":[{"embeddable":true,"href":"https:\/\/www.ufsm.br\/cursos\/pos-graduacao\/santa-maria\/ppgcmr\/wp-json\/wp\/v2\/users\/878"}],"replies":[{"embeddable":true,"href":"https:\/\/www.ufsm.br\/cursos\/pos-graduacao\/santa-maria\/ppgcmr\/wp-json\/wp\/v2\/comments?post=179"}],"version-history":[{"count":0,"href":"https:\/\/www.ufsm.br\/cursos\/pos-graduacao\/santa-maria\/ppgcmr\/wp-json\/wp\/v2\/pages\/179\/revisions"}],"wp:attachment":[{"href":"https:\/\/www.ufsm.br\/cursos\/pos-graduacao\/santa-maria\/ppgcmr\/wp-json\/wp\/v2\/media?parent=179"}],"wp:term":[{"taxonomy":"category","embeddable":true,"href":"https:\/\/www.ufsm.br\/cursos\/pos-graduacao\/santa-maria\/ppgcmr\/wp-json\/wp\/v2\/categories?post=179"},{"taxonomy":"post_tag","embeddable":true,"href":"https:\/\/www.ufsm.br\/cursos\/pos-graduacao\/santa-maria\/ppgcmr\/wp-json\/wp\/v2\/tags?post=179"}],"curies":[{"name":"wp","href":"https:\/\/api.w.org\/{rel}","templated":true}]}}