{"id":181,"date":"2022-03-16T15:07:03","date_gmt":"2022-03-16T18:07:03","guid":{"rendered":"https:\/\/www.ufsm.br\/cursos\/pos-graduacao\/santa-maria\/ppgcmr\/?page_id=181"},"modified":"2026-02-03T11:21:05","modified_gmt":"2026-02-03T14:21:05","slug":"aproveitamento-e-dispensa-de-disciplinas-de-pos-graduacao","status":"publish","type":"page","link":"https:\/\/www.ufsm.br\/cursos\/pos-graduacao\/santa-maria\/ppgcmr\/aproveitamento-e-dispensa-de-disciplinas-de-pos-graduacao","title":{"rendered":"Aproveitamento e Dispensa de Disciplinas de P\u00f3s-Gradua\u00e7\u00e3o"},"content":{"rendered":"\n<p>O aluno poder\u00e1 solicitar o aproveitamento ou a dispensa de disciplinas j\u00e1 cursadas na UFSM como aluno especial e regular e em outras institui\u00e7\u00f5es de ensino superior, ao crit\u00e9rio do Colegiado do programa.<\/p>\n\n\n\n<p>&nbsp;<strong>=&gt;<\/strong>Para requerer dispensa o aproveitamento ou a dispensa de disciplinas,&nbsp;<strong>o aluno<\/strong>&nbsp;dever\u00e1 seguir os passos a seguir:<br><strong>I<\/strong>&nbsp;\u2013 Preencher o&nbsp;<strong>Requerimento de <a href=\"https:\/\/www.ufsm.br\/app\/uploads\/sites\/345\/2022\/02\/Requerimento_de_Dispensa_de_Disciplinas-NCAPG.docx\">Dispensa<\/a> ou <a href=\"https:\/\/www.ufsm.br\/app\/uploads\/sites\/345\/2022\/02\/Requerimento_de_Aproveitamento_de_Disciplinas-NCAPG-Copia.docx\">Aproveitamento<\/a> de Disciplinas<\/strong>, e efetuar a abertura do processo PEN da UFSM (Processo Eletr\u00f4nico Nacional), anexando o hist\u00f3rico escolar (constando as disciplinas cursadas com o conceito de aprova\u00e7\u00e3o) e ou documentos que justifiquem a solicita\u00e7\u00e3o. Para as disciplinas&nbsp;<strong>cursadas externamente a UFSM<\/strong>, ainda, dever\u00e1 ser anexada a ementa e programa da disciplina;<br><strong>III<\/strong>&nbsp;\u2013 Ap\u00f3s a abertura do processo, este dever\u00e1 ser tramitado ao Programa de P\u00f3s-gradua\u00e7\u00e3o em Ci\u00eancias do Movimento e Reabilita\u00e7\u00e3o (c\u00f3digo 09.10.07.00.0.0) para a aprecia\u00e7\u00e3o do colegiado;<br><strong>IV<\/strong>&nbsp;\u2013 A secretaria recebe e confere a documenta\u00e7\u00e3o, caso n\u00e3o esteja de acordo, retorna ao aluno para corre\u00e7\u00e3o;<br><strong>V<\/strong>&nbsp;\u2013 Ap\u00f3s, o colegiado ir\u00e1 apreciar o pedido, deferir ou indeferir, a solicita\u00e7\u00e3o, e que constar\u00e1 em ata da reuni\u00e3o;<br><strong>VI <\/strong>\u2013 A secretaria de PPGCMR ir\u00e1 dar conhecimento ao aluno sobre a decis\u00e3o e tramitar\u00e1 o processo PEN ao Registro Acad\u00eamico para a inclus\u00e3o no hist\u00f3rico escolar do acad\u00eamico(a). Ap\u00f3s o processo ser\u00e1 arquivado.<\/p>\n\n\n\n<p><strong>Dados para preenchimento do requerimento:&nbsp;<br><\/strong>\u2013 C\u00f3digo do curso: 1153 para mestrado;<br>\u2013 C\u00f3digo do curso: 1178 para doutorado;<\/p>\n\n\n\n<p><strong>Tutorial para a abertura e tramita\u00e7\u00e3o do Processo Eletr\u00f4nico Nacional \u2013 PEN\/UFSM para requerer o Aproveitamento e Dispensa de Disciplinas de P\u00f3s-Gradua\u00e7\u00e3o:<\/strong><\/p>\n\n\n\n<ul class=\"wp-block-list\">\n<li>O aluno deve acessar o Portal de Documentos da UFSM em:&nbsp;<a href=\"https:\/\/portal.ufsm.br\/documentos\">https:\/\/portal.ufsm.br\/documentos<\/a>, efetuar o&nbsp;<em>login&nbsp;<\/em>(n\u00ba de matr\u00edcula) e senha.<\/li>\n\n\n\n<li><br><img fetchpriority=\"high\" decoding=\"async\" width=\"600\" height=\"250\" src=\"https:\/\/www.ufsm.br\/app\/uploads\/sites\/550\/2021\/06\/figura-1.png\" alt=\"\"><\/li>\n\n\n\n<li>Na barra superior, selecionar&nbsp;<strong>NOVO.<\/strong><br><img decoding=\"async\" width=\"600\" height=\"252\" src=\"https:\/\/www.ufsm.br\/app\/uploads\/sites\/550\/2021\/06\/figura-2-2.jpg\" alt=\"\"><\/li>\n\n\n\n<li>Ir\u00e1 aparecer esta tela para&nbsp;<strong>NOVO PROCESSO ELETR\u00d4NICO<\/strong>.<br><strong>=&gt;<\/strong>&nbsp;O item \u2018Tipo documental\u2019 refere-se a qual tipo de processo voc\u00ea est\u00e1 abrindo e que \u00e9:&nbsp;<strong>Solicita\u00e7\u00e3o de aproveitamento de disciplinas de p\u00f3s-gradua\u00e7\u00e3o \u2013 APG (134.23).<br><\/strong><\/li>\n\n\n\n<li>O campo&nbsp;<strong>\u2018Proced\u00eancia\u2019<\/strong>&nbsp;vir\u00e1 preenchido automaticamente com o nome do aluno de acordo com o Tipo documental. Poder\u00e1 vir mais de n\u00famero de matr\u00edcula, procure a que se refere o processo.<br><strong>=&gt;<\/strong>&nbsp;Na&nbsp;<strong>\u2018Descri\u00e7\u00e3o\u2019<\/strong>&nbsp;o sistema j\u00e1 carrega automaticamente a descri\u00e7\u00e3o padr\u00e3o, mas poder\u00e1 ser complementado.<br><img decoding=\"async\" width=\"626\" height=\"252\" src=\"https:\/\/www.ufsm.br\/app\/uploads\/sites\/550\/2021\/06\/Figura-procedencia.jpg\" alt=\"\"><\/li>\n\n\n\n<li>Ao completar os campos da tela inicial (acima),&nbsp;<strong>SALVAR<\/strong>&nbsp;o processo, e avan\u00e7ar para a inclus\u00e3o dos documentos.<br>O processo j\u00e1 est\u00e1 criado e j\u00e1 possui um NUP (N\u00famero \u00danico de Protocolo) que inicia por 23081., (anote esse n\u00famero).<br><img loading=\"lazy\" decoding=\"async\" width=\"600\" height=\"261\" src=\"https:\/\/www.ufsm.br\/app\/uploads\/sites\/550\/2021\/06\/figura-nup.jpg\" alt=\"\"><\/li>\n\n\n\n<li>Na tela acima,&nbsp;<strong>Documentos,<\/strong>&nbsp;j\u00e1 constam algumas op\u00e7\u00f5es de Tipos de Documentos. Para adicionar, voc\u00ea deve clicar no \u00edcone&nbsp;<strong>+Adicionar<\/strong>, que aparece \u00e0 frente do documento.&nbsp;<\/li>\n<\/ul>\n\n\n<div class=\"wp-block-image\">\n<figure class=\"aligncenter\"><img decoding=\"async\" src=\"https:\/\/www.ufsm.br\/app\/uploads\/sites\/550\/2021\/06\/FIGURA-OUTROS-DOC.jpg\" alt=\"\" class=\"wp-image-1399\" \/><\/figure>\n<\/div>\n\n\n<p>\u21d2Documentos\u00a0<strong>obrigat\u00f3rios<\/strong>\u00a0a serem anexados:<br>\u2013\u00a0<a href=\"https:\/\/www.ufsm.br\/app\/uploads\/sites\/345\/2022\/02\/Requerimento_de_Dispensa_de_Disciplinas-NCAPG.docx\">Requerimento de aproveitamento e dispensa de disciplinas;<\/a><br>\u2013 Hist\u00f3rico escolar das disciplinas cursadas;<br>\u2013 Demais documentos a serem anexados (disciplinas\u00a0<strong>cursadas externamente a UFSM<\/strong>, dever\u00e1 ser anexada a ementa e programa da disciplina), devem ser adicionados pelo bot\u00e3o\u00a0<strong>Inserir outros documentos<\/strong>, conforme a figura abaixo.<br>\u00a0 \u00a0 \u00a0 \u00a0 \u00a0 \u00a0 \u00a0 \u00a0 \u00a0<\/p>\n\n\n\n<ul class=\"wp-block-list\">\n<li>Para a tela abaixo, Tipo documental procure os documentos como exemplo: Hist\u00f3rico escolar de mestrado\/doutorado (134.41), ou a op\u00e7\u00e3o que for necess\u00e1ria; Ementa de disciplinas de mestrado\/doutorado (132.3).<br>&nbsp;Ap\u00f3s a adi\u00e7\u00e3o de cada documento clicar em&nbsp;<strong>ADICIONAR.<\/strong><\/li>\n\n\n\n<li>Na op\u00e7\u00e3o de \u2018Pessoa respons\u00e1vel pela guarda\u2019 deve ser indicado quem tem a guarda do documento original utilizado, ou seja, nome do aluno, sendo que as op\u00e7\u00f5es que v\u00eam preenchidas podem ser alteradas conforme necessidade.<br><img loading=\"lazy\" decoding=\"async\" width=\"600\" height=\"318\" src=\"https:\/\/www.ufsm.br\/app\/uploads\/sites\/550\/2021\/06\/RESP-PELA-GUARDA.jpg\" alt=\"\"><\/li>\n\n\n\n<li>A tela abaixo \u00e9 para o procedente\/requisitante (aluno) assinar o requerimento eletronicamente, caso n\u00e3o tenha sua assinatura cadastrada no PEN-SIE, dever\u00e1 cadastrar-se, basta seguir&nbsp;<a href=\"https:\/\/www.ufsm.br\/app\/uploads\/sites\/416\/2020\/04\/Passo-a-passo-termo-assinatura-eletronica-PEN-SIE.pdf\">Passo a passo para assinatura do Termo de Concord\u00e2ncia Assinatura Eletr\u00f4nica.<\/a><\/li>\n\n\n\n<li>Quando efetuada a assinatura eletr\u00f4nica no documentos, requerimento, n\u00e3o necessitar\u00e1 de assinatura escrita;<br><br><img loading=\"lazy\" decoding=\"async\" width=\"600\" height=\"292\" src=\"https:\/\/www.ufsm.br\/app\/uploads\/sites\/550\/2021\/06\/figura-assinatura.jpg\" alt=\"\"><\/li>\n\n\n\n<li>Ap\u00f3s inclu\u00eddos os documentos, e salvar, n\u00e3o \u00e9 mais poss\u00edvel remover os arquivos. Ent\u00e3o, antes de salvar, voc\u00ea pode conferir o arquivo inclu\u00eddo no bot\u00e3o \u2018Detalhes\u2019, e se for o caso, excluir o item antes de salvar.<\/li>\n\n\n\n<li>Conforme tela abaixo, ir em<strong>&nbsp;TRAMITAR.<br><\/strong><\/li>\n<\/ul>\n\n\n\n<figure class=\"wp-block-image size-large\"><img loading=\"lazy\" decoding=\"async\" width=\"1024\" height=\"472\" src=\"https:\/\/www.ufsm.br\/app\/uploads\/sites\/874\/2022\/03\/figura-tramitar-final-1-1-1024x472.jpg\" alt=\"\" class=\"wp-image-183\" srcset=\"https:\/\/www.ufsm.br\/app\/uploads\/sites\/874\/2022\/03\/figura-tramitar-final-1-1-1024x472.jpg 1024w, https:\/\/www.ufsm.br\/app\/uploads\/sites\/874\/2022\/03\/figura-tramitar-final-1-1-300x138.jpg 300w, https:\/\/www.ufsm.br\/app\/uploads\/sites\/874\/2022\/03\/figura-tramitar-final-1-1-768x354.jpg 768w, https:\/\/www.ufsm.br\/app\/uploads\/sites\/874\/2022\/03\/figura-tramitar-final-1-1.jpg 1159w\" sizes=\"(max-width: 1024px) 100vw, 1024px\" \/><\/figure>\n\n\n\n<p>Na pr\u00f3xima tela, abaixo, tramitar o processo ao PPGCMR, colocar o despacho e&nbsp;<strong>TRAMITAR<\/strong>.<\/p>\n\n\n\n<p>Para acompanhar o processo, consulte pelo NUP (N\u00famero \u00danico de Protocolo), acessando o&nbsp;<a href=\"https:\/\/portal.ufsm.br\/documentos\">Portal Documentos<\/a>&nbsp;e ou&nbsp; pelos campos dispon\u00edveis na consulta, como nome do interessado, tipo documental, etc, ou, ainda, o aluno pode acompanhar o processo fazendo login no Portal Documentos, ir na aba \u2018Meus Documentos\u2019, \u2018Interessado\u2019.<\/p>\n\n\n\n<p>O Departamento de Arquivo da UFSM tornou acess\u00edvel o tutorial gen\u00e9rico que orienta a abertura de processos no PEN-SIE:<br><a href=\"https:\/\/www.ufsm.br\/app\/uploads\/sites\/416\/2020\/05\/tutorial-de-abertura-pensie.pdf\">https:\/\/www.ufsm.br\/app\/uploads\/sites\/416\/2020\/05\/tutorial-de-abertura-pensie.pdf<\/a><strong>&nbsp;<\/strong><\/p>\n","protected":false},"excerpt":{"rendered":"<p>O aluno poder\u00e1 solicitar o aproveitamento ou a dispensa de disciplinas j\u00e1 cursadas na UFSM como aluno especial e regular e em outras institui\u00e7\u00f5es de ensino superior, ao crit\u00e9rio do Colegiado do programa. &nbsp;=&gt;Para requerer dispensa o aproveitamento ou a dispensa de disciplinas,&nbsp;o aluno&nbsp;dever\u00e1 seguir os passos a seguir:I&nbsp;\u2013 Preencher o&nbsp;Requerimento de Dispensa ou Aproveitamento [&hellip;]<\/p>\n","protected":false},"author":878,"featured_media":0,"parent":0,"menu_order":0,"comment_status":"closed","ping_status":"closed","template":"","meta":{"footnotes":""},"categories":[],"tags":[],"class_list":["post-181","page","type-page","status-publish","hentry"],"acf":[],"_links":{"self":[{"href":"https:\/\/www.ufsm.br\/cursos\/pos-graduacao\/santa-maria\/ppgcmr\/wp-json\/wp\/v2\/pages\/181","targetHints":{"allow":["GET"]}}],"collection":[{"href":"https:\/\/www.ufsm.br\/cursos\/pos-graduacao\/santa-maria\/ppgcmr\/wp-json\/wp\/v2\/pages"}],"about":[{"href":"https:\/\/www.ufsm.br\/cursos\/pos-graduacao\/santa-maria\/ppgcmr\/wp-json\/wp\/v2\/types\/page"}],"author":[{"embeddable":true,"href":"https:\/\/www.ufsm.br\/cursos\/pos-graduacao\/santa-maria\/ppgcmr\/wp-json\/wp\/v2\/users\/878"}],"replies":[{"embeddable":true,"href":"https:\/\/www.ufsm.br\/cursos\/pos-graduacao\/santa-maria\/ppgcmr\/wp-json\/wp\/v2\/comments?post=181"}],"version-history":[{"count":0,"href":"https:\/\/www.ufsm.br\/cursos\/pos-graduacao\/santa-maria\/ppgcmr\/wp-json\/wp\/v2\/pages\/181\/revisions"}],"wp:attachment":[{"href":"https:\/\/www.ufsm.br\/cursos\/pos-graduacao\/santa-maria\/ppgcmr\/wp-json\/wp\/v2\/media?parent=181"}],"wp:term":[{"taxonomy":"category","embeddable":true,"href":"https:\/\/www.ufsm.br\/cursos\/pos-graduacao\/santa-maria\/ppgcmr\/wp-json\/wp\/v2\/categories?post=181"},{"taxonomy":"post_tag","embeddable":true,"href":"https:\/\/www.ufsm.br\/cursos\/pos-graduacao\/santa-maria\/ppgcmr\/wp-json\/wp\/v2\/tags?post=181"}],"curies":[{"name":"wp","href":"https:\/\/api.w.org\/{rel}","templated":true}]}}