{"id":184,"date":"2022-03-16T15:36:42","date_gmt":"2022-03-16T18:36:42","guid":{"rendered":"https:\/\/www.ufsm.br\/cursos\/pos-graduacao\/santa-maria\/ppgcmr\/?page_id=184"},"modified":"2025-09-11T13:52:08","modified_gmt":"2025-09-11T16:52:08","slug":"bolsa-de-estudos","status":"publish","type":"page","link":"https:\/\/www.ufsm.br\/cursos\/pos-graduacao\/santa-maria\/ppgcmr\/bolsa-de-estudos","title":{"rendered":"Bolsa de Estudos"},"content":{"rendered":"\n<p><strong>\u21d2 Os alunos bolsistas dever\u00e3o atender aos seguintes requisitos:<\/strong><\/p>\n\n\n\n<p>I \u2013 dedica\u00e7\u00e3o integral \u00e0s atividades do programa, bem como, participar ativamente em outras atividades propostas pelo programa como palestras, aulas inaugurais, defesas de qualifica\u00e7\u00e3o disserta\u00e7\u00e3o e tese;<br>II \u2013 n\u00e3o possuir v\u00ednculo empregat\u00edcio, durante o recebimento da bolsa;<br>III \u2013 comprovar desempenho acad\u00eamico satisfat\u00f3rio, consoante \u00e0s normas definidas pela institui\u00e7\u00e3o, em caso de reprova\u00e7\u00e3o em alguma disciplina ter\u00e1 a bolsa cancelada;<br>IV \u2013 n\u00e3o possuir qualquer rela\u00e7\u00e3o de trabalho com a UFSM;<br>V \u2013 realizar est\u00e1gio de doc\u00eancia de acordo com o estabelecido o art. 18 da&nbsp;<strong><a href=\"https:\/\/www.ufsm.br\/cursos\/pos-graduacao\/santa-maria\/ppgec\/wp-content\/uploads\/sites\/550\/2020\/06\/Portaria_076_RegulamentoDS.pdf\" target=\"_blank\" rel=\"noreferrer noopener\">Portaria 76 da CAPES<\/a>;<br><\/strong>X \u2013 fixar resid\u00eancia na cidade (Santa Maria);<br>X \u2013 n\u00e3o acumular a percep\u00e7\u00e3o da bolsa com qualquer modalidade de aux\u00edlio ou bolsa de outro programa da CAPES, de outra ag\u00eancia de fomento p\u00fablica, nacional ou internacional, ou empresa p\u00fablica ou privada, funda\u00e7\u00f5es, excetuando-se os caso que constam na&nbsp;<strong><a href=\"https:\/\/www.ufsm.br\/cursos\/pos-graduacao\/santa-maria\/ppgec\/wp-content\/uploads\/sites\/550\/2020\/06\/Portaria_076_RegulamentoDS.pdf\" target=\"_blank\" rel=\"noreferrer noopener\">Portaria 76\/2010\/Capes<\/a>.<\/strong><\/p>\n\n\n\n<p>&nbsp; &nbsp; &nbsp; &nbsp; &nbsp; O PPGCMR dar\u00e1 a prefer\u00eancia na distribui\u00e7\u00e3o de bolsas aos alunos que n\u00e3o desenvolvam atividades acad\u00eamicas ou remuneradas paralelas ao Programa.<br>&nbsp; &nbsp; &nbsp; &nbsp; &nbsp; Todavia, quando atendida a demanda dos discentes com dedica\u00e7\u00e3o exclusiva, as bolsas ser\u00e3o distribu\u00eddas entre os discentes que desenvolvam outras atividades, mas cujo orientador concorde expressamente com a atividade, e as mesmas se enquadrem nos crit\u00e9rios aceitos pela CAPES, CNPq, ou outras ag\u00eancias de fomento.<\/p>\n\n\n\n<p><\/p>\n\n\n\n<p><strong>Todos os cadastros de bolsas do Programa de Demanda Social\/CAPES devem ser solicitados via PEN \u2013 Processo Eletr\u00f4nico Nacional. Para tanto, siga o tutorial abaixo.<\/strong><\/p>\n\n\n\n<h4 class=\"wp-block-heading\">Tutorial para discentes:<\/h4>\n\n\n<div class=\"wp-block-image\">\n<figure class=\"aligncenter\"><img decoding=\"async\" src=\"https:\/\/www.ufsm.br\/app\/uploads\/sites\/345\/2021\/08\/cad1.jpg\" alt=\"\" class=\"wp-image-11220\" \/><\/figure>\n<\/div>\n\n\n<p>1. O(a) discente contemplado(a) com bolsa deve ter assinatura eletr\u00f4nica cadastrada no PEN-SIE (<strong><a href=\"https:\/\/www.ufsm.br\/app\/uploads\/sites\/345\/2021\/06\/Passo-a-passo-termo-assinatura-eletronica-PEN-SIE.pdf\">tutorial<\/a><\/strong>).<br>2. Efetuar o download do formul\u00e1rio de cadastro dispon\u00edvel nos documentos abaixo, nesta p\u00e1gina. Ap\u00f3s o preenchimento com os dados solicitados, salvar o arquivo no formato PDF para posterior envio. Al\u00e9m disso efetuar o download do formul\u00e1rio de Declara\u00e7\u00e3o de ac\u00famulos CAPES, devendo ser preenchida por todos alunos. Caso o aluno n\u00e3o possua atividade remunerada ou outros rendimentos, deixe em branco os itens 1 e 2.&nbsp;O item 3&nbsp;<strong>&#8211;<\/strong>&#8220;Bolsas declarat\u00f3rias&#8221; &#8211; deve ser obrigatoriamente preenchido.<br>3. Em seguida, clicar no bot\u00e3o \u201c<strong><a rel=\"noreferrer noopener\" href=\"https:\/\/portal.ufsm.br\/documentos\/usuario\/documento\/form.html\" target=\"_blank\">Abrir processo (PEN)<\/a><\/strong>\u201d e realizar&nbsp;<strong>login, com o n\u00famero da matr\u00edcula e a senha do portal do aluno.&nbsp;<\/strong>No canto superior esquerdo, clique em \u201cNovo\u201d e, em seguida, \u201cProcesso\u201d.<br>4. Durante o preenchimento, no campo \u201cTipo Documental\u201d, digitar o c\u00f3digo 134.62 e selecionar \u201cProcesso de registro e acompanhamento de bolsista de p\u00f3s-gradua\u00e7\u00e3o DS\/CAPES\u201d. Ap\u00f3s, clicar em \u201cSalvar\u201d.<\/p>\n\n\n<div class=\"wp-block-image\">\n<figure class=\"aligncenter\"><img decoding=\"async\" src=\"https:\/\/www.ufsm.br\/app\/uploads\/sites\/345\/2021\/08\/cad2.jpg\" alt=\"\" class=\"wp-image-11221\" \/><\/figure>\n<\/div>\n\n<div class=\"wp-block-image\">\n<figure class=\"aligncenter\"><img decoding=\"async\" src=\"https:\/\/www.ufsm.br\/app\/uploads\/sites\/345\/2021\/08\/cad3.jpg\" alt=\"\" class=\"wp-image-11222\" \/><\/figure>\n<\/div>\n\n\n<p>5. Na tela \u201cInserir documentos\u201d aparece a lista de documentos a serem inseridos, indicando quais s\u00e3o obrigat\u00f3rios \u2013 sem a inclus\u00e3o destes n\u00e3o \u00e9 poss\u00edvel avan\u00e7ar. Para adicionar o documento solicitado basta clicar no bot\u00e3o \u201c+Adicionar\u201d e \u201cEnviar\u201d.<\/p>\n\n\n\n<p><strong>OBS:<\/strong> o comprovante de resid\u00eancia deve ser da cidade de Santa Maria\/RS. Se o comprovante estiver no nome de um terceiro, anexar declara\u00e7\u00e3o do mesmo declarando que o bolsista reside na resid\u00eancia.<br><strong>OBS.:<\/strong>&nbsp;Caso o Programa de P\u00f3s-Gradua\u00e7\u00e3o (PPG) solicite outros documentos, como documento com foto, por exemplo, estes devem ser inseridos atrav\u00e9s do bot\u00e3o inferior direito&nbsp; \u201c<strong>Adicionar<\/strong>\u201de&nbsp;<strong>\u201cEnviar\u201d<\/strong>.<\/p>\n\n\n\n<p>5.1<strong>&nbsp;FORMUL\u00c1RIO DE CADASATRO DE BOLSISTA DE P\u00d3S-GRADUA\u00c7\u00c3O<\/strong>&nbsp;<strong>(134.62) \u2013&nbsp;<\/strong>Preencher os seguintes campos:<\/p>\n\n\n\n<ul class=\"wp-block-list\">\n<li><em><u>Tipo documental:<\/u><\/em>&nbsp;preenchido automaticamente, conforme op\u00e7\u00e3o escolhida na tela anterior;<\/li>\n\n\n\n<li><em><u>Arquivo:<\/u><\/em>&nbsp;realizar o upload do arquivo mencionado no passo 2 deste tutorial, obrigatoriamente no formato PDF, n\u00e3o ultrapassando o limite de 25MB;<\/li>\n\n\n\n<li><em><u>O documento inserido foi:<\/u><\/em>&nbsp;\u201cGerado eletronicamente\u201d (quando o original estiver sendo elaborado a partir de um editor de textos e salvo em PDF);<\/li>\n\n\n\n<li><em><u>Tipo de confer\u00eancia:<\/u><\/em>&nbsp;\u201cAutenticado\u201d;<\/li>\n\n\n\n<li><strong><em><u>Assinar documento:<\/u><\/em><\/strong><strong>&nbsp;Marcar \u201cSim\u201d.<br>IMPORTANTE:<\/strong>&nbsp;o documento n\u00e3o assinado n\u00e3o tem validade.<\/li>\n<\/ul>\n\n\n\n<p>5.2&nbsp;<strong>COMPROVANTE DE DADOS BANC\u00c1RIOS (052.22<\/strong>) \u2013 pode ser c\u00f3pia do cart\u00e3o, c\u00f3pia do contrato, c\u00f3pia de extrato banc\u00e1rio, print de tela de aplicativo. Preencher os seguintes campos:<\/p>\n\n\n\n<ul class=\"wp-block-list\">\n<li><em><u>Tipo documental:<\/u><\/em>&nbsp;preenchido automaticamente, conforme op\u00e7\u00e3o escolhida na tela anterior;<\/li>\n\n\n\n<li><em><u>Arquivo:<\/u><\/em>&nbsp;realizar o upload do arquivo, obrigatoriamente no formato PDF, n\u00e3o ultrapassando o limite de 25MB;<\/li>\n\n\n\n<li><em><u>O documento inserido foi:<\/u><\/em>&nbsp;\u201cGerado eletronicamente\u201d ou \u201cDigitalizado\u201d;<\/li>\n\n\n\n<li><em><u>Tipo de confer\u00eancia:<\/u><\/em>&nbsp;\u201cSem autentica\u00e7\u00e3o\u201d;<\/li>\n\n\n\n<li><em><u>Assinar documento:<\/u><\/em>&nbsp;Marcar \u201cN\u00e3o\u201d.<\/li>\n<\/ul>\n\n\n\n<p>5.3<strong>&nbsp;COMPROVANTE DE AFASTAMENTO INTEGRAL DE BOLSISTA DE P\u00d3S-GRADUA\u00c7\u00c3O&nbsp;<\/strong>\u2013 Conforme&nbsp;<strong><a href=\"https:\/\/www.ufsm.br\/app\/uploads\/sites\/345\/2021\/06\/20100414-CAPES-Portaria76-Regulamento-Demanda-Social.pdf\" target=\"_blank\" rel=\"noreferrer noopener\">Portaria n\u00ba 76\/10 CAPES<\/a><\/strong>, Art. 9\u00ba, II&nbsp; e IX, a. Preencher os seguintes campos:<\/p>\n\n\n\n<ul class=\"wp-block-list\">\n<li><em><u>Tipo documental:<\/u><\/em>&nbsp;preenchido automaticamente, conforme op\u00e7\u00e3o escolhida na tela anterior;<\/li>\n\n\n\n<li><em><u>Arquivo:<\/u><\/em>&nbsp;realizar o upload do arquivo, obrigatoriamente no formato PDF, n\u00e3o ultrapassando o limite de 25MB;<\/li>\n\n\n\n<li><em><u>O documento inserido foi:<\/u><\/em>&nbsp;\u201cGerado eletronicamente\u201d ou \u201cDigitalizado\u201d;<\/li>\n\n\n\n<li><em><u>Tipo de confer\u00eancia:<\/u><\/em>&nbsp;\u201cSem autentica\u00e7\u00e3o\u201d;<\/li>\n\n\n\n<li><em><u>Assinar documento:<\/u><\/em>&nbsp;Marcar \u201cN\u00e3o\u201d.<br><strong>ATEN\u00c7\u00c3O:<\/strong>&nbsp;O(s) documento(s) salvos n\u00e3o poder\u00e1(\u00e3o) mais ser removido(s). Portanto, confira no \u00edcone de \u201cDetalhes\u201d se voc\u00ea anexou o arquivo correto para cada tipo de documento e, caso necess\u00e1rio, exclua o arquivo anexado por engano e inclua correto antes de salvar.<\/li>\n<\/ul>\n\n\n<div class=\"wp-block-image\">\n<figure class=\"aligncenter\"><img decoding=\"async\" src=\"https:\/\/www.ufsm.br\/app\/uploads\/sites\/345\/2021\/08\/cad4.jpg\" alt=\"\" class=\"wp-image-11223\" \/><\/figure>\n<\/div>\n\n\n<p>6. Ao salvar o novo processo, \u00e9 criado um N\u00famero \u00danico de Protocolo \u2013 NUP, pelo qual pode-se acompanhar a tramita\u00e7\u00e3o atrav\u00e9s da consulta de processos, no&nbsp;<a href=\"https:\/\/portal.ufsm.br\/documentos\/mainMenu.html\"><strong>Portal Documentos<\/strong><\/a>.<\/p>\n\n\n<div class=\"wp-block-image\">\n<figure class=\"aligncenter\"><img decoding=\"async\" src=\"https:\/\/www.ufsm.br\/app\/uploads\/sites\/345\/2021\/07\/cad5-1.jpg\" alt=\"\" class=\"wp-image-11227\" \/><\/figure>\n<\/div>\n\n\n<p>7. Na sequ\u00eancia, ser\u00e1 solicitada a confirma\u00e7\u00e3o de suas credenciais para&nbsp;<strong>assinatura do formul\u00e1rio<\/strong>. Selecione o v\u00ednculo, confirme a sua senha e clique em OK.<\/p>\n\n\n<div class=\"wp-block-image\">\n<figure class=\"aligncenter\"><img decoding=\"async\" src=\"https:\/\/www.ufsm.br\/app\/uploads\/sites\/345\/2021\/08\/cad6.jpg\" alt=\"\" class=\"wp-image-11224\" \/><\/figure>\n<\/div>\n\n\n<p>8. Para dar andamento ao processo, basta clicar na op\u00e7\u00e3o \u201c<strong>Tramitar\u201d<\/strong>.<\/p>\n\n\n\n<p>9. Na tela seguinte, o campo \u201cPr\u00f3ximo passo\u201d, e \u201cDestino\u201d ser\u00e3o&nbsp;<strong>preenchidos automaticamente<\/strong>. O campo de \u201cDespacho\u201d fica livre para digitar algo ou pode-se escolher um dos bot\u00f5es pr\u00e9-estabelecidos.<\/p>\n\n\n\n<figure class=\"wp-block-image size-large\"><img fetchpriority=\"high\" decoding=\"async\" width=\"1024\" height=\"454\" src=\"https:\/\/www.ufsm.br\/app\/uploads\/sites\/874\/2022\/03\/cad7-1024x454.jpg\" alt=\"\" class=\"wp-image-185\" srcset=\"https:\/\/www.ufsm.br\/app\/uploads\/sites\/874\/2022\/03\/cad7-1024x454.jpg 1024w, https:\/\/www.ufsm.br\/app\/uploads\/sites\/874\/2022\/03\/cad7-300x133.jpg 300w, https:\/\/www.ufsm.br\/app\/uploads\/sites\/874\/2022\/03\/cad7-768x341.jpg 768w, https:\/\/www.ufsm.br\/app\/uploads\/sites\/874\/2022\/03\/cad7.jpg 1166w\" sizes=\"(max-width: 1024px) 100vw, 1024px\" \/><\/figure>\n\n\n\n<p><br>\u2192 Basta clicar no bot\u00e3o \u201c<strong>Tramitar\u201d<\/strong>&nbsp;para enviar o processo \u00e0 Coordena\u00e7\u00e3o do Curso, que ir\u00e1 providenciar o restante das assinaturas e, posteriormente, tramitar\u00e1 para a PRPGP, que realiza o registro do cadastro no sistema.<\/p>\n\n\n\n<p><\/p>\n\n\n\n<h5 class=\"wp-block-heading\"><a>&nbsp;Documentos<\/a><\/h5>\n\n\n\n<p><img decoding=\"async\" width=\"15\" height=\"15\" src=\"https:\/\/www.ufsm.br\/pro-reitorias\/prpgp\/wp-includes\/images\/media\/spreadsheet.png\"> <a href=\"https:\/\/www.ufsm.br\/app\/uploads\/sites\/874\/2023\/10\/UFSM-novo-formulario-cadastro133.xls\">Formul\u00e1rio de Cadastro DS <\/a><br><img decoding=\"async\" width=\"15\" height=\"15\" src=\"https:\/\/www.ufsm.br\/pro-reitorias\/prpgp\/wp-includes\/images\/media\/spreadsheet.png\"> <a href=\"https:\/\/www.ufsm.br\/app\/uploads\/sites\/345\/2021\/07\/Declaracao-de-acumulos-CAPES-1.docx\">Declara\u00e7\u00e3o de ac\u00famulos CAPES<\/a><\/p>\n","protected":false},"excerpt":{"rendered":"<p>\u21d2 Os alunos bolsistas dever\u00e3o atender aos seguintes requisitos: I \u2013 dedica\u00e7\u00e3o integral \u00e0s atividades do programa, bem como, participar ativamente em outras atividades propostas pelo programa como palestras, aulas inaugurais, defesas de qualifica\u00e7\u00e3o disserta\u00e7\u00e3o e tese;II \u2013 n\u00e3o possuir v\u00ednculo empregat\u00edcio, durante o recebimento da bolsa;III \u2013 comprovar desempenho acad\u00eamico satisfat\u00f3rio, consoante \u00e0s normas [&hellip;]<\/p>\n","protected":false},"author":878,"featured_media":0,"parent":0,"menu_order":0,"comment_status":"closed","ping_status":"closed","template":"","meta":{"footnotes":""},"categories":[],"tags":[],"class_list":["post-184","page","type-page","status-publish","hentry"],"acf":[],"_links":{"self":[{"href":"https:\/\/www.ufsm.br\/cursos\/pos-graduacao\/santa-maria\/ppgcmr\/wp-json\/wp\/v2\/pages\/184","targetHints":{"allow":["GET"]}}],"collection":[{"href":"https:\/\/www.ufsm.br\/cursos\/pos-graduacao\/santa-maria\/ppgcmr\/wp-json\/wp\/v2\/pages"}],"about":[{"href":"https:\/\/www.ufsm.br\/cursos\/pos-graduacao\/santa-maria\/ppgcmr\/wp-json\/wp\/v2\/types\/page"}],"author":[{"embeddable":true,"href":"https:\/\/www.ufsm.br\/cursos\/pos-graduacao\/santa-maria\/ppgcmr\/wp-json\/wp\/v2\/users\/878"}],"replies":[{"embeddable":true,"href":"https:\/\/www.ufsm.br\/cursos\/pos-graduacao\/santa-maria\/ppgcmr\/wp-json\/wp\/v2\/comments?post=184"}],"version-history":[{"count":0,"href":"https:\/\/www.ufsm.br\/cursos\/pos-graduacao\/santa-maria\/ppgcmr\/wp-json\/wp\/v2\/pages\/184\/revisions"}],"wp:attachment":[{"href":"https:\/\/www.ufsm.br\/cursos\/pos-graduacao\/santa-maria\/ppgcmr\/wp-json\/wp\/v2\/media?parent=184"}],"wp:term":[{"taxonomy":"category","embeddable":true,"href":"https:\/\/www.ufsm.br\/cursos\/pos-graduacao\/santa-maria\/ppgcmr\/wp-json\/wp\/v2\/categories?post=184"},{"taxonomy":"post_tag","embeddable":true,"href":"https:\/\/www.ufsm.br\/cursos\/pos-graduacao\/santa-maria\/ppgcmr\/wp-json\/wp\/v2\/tags?post=184"}],"curies":[{"name":"wp","href":"https:\/\/api.w.org\/{rel}","templated":true}]}}