{"id":186,"date":"2022-03-16T17:14:42","date_gmt":"2022-03-16T20:14:42","guid":{"rendered":"https:\/\/www.ufsm.br\/cursos\/pos-graduacao\/santa-maria\/ppgcmr\/?page_id=186"},"modified":"2023-07-10T11:32:32","modified_gmt":"2023-07-10T14:32:32","slug":"areas-de-concentracao-e-linhas-de-pesquisa","status":"publish","type":"page","link":"https:\/\/www.ufsm.br\/cursos\/pos-graduacao\/santa-maria\/ppgcmr\/areas-de-concentracao-e-linhas-de-pesquisa","title":{"rendered":"\u00c1reas de Concentra\u00e7\u00e3o e Linhas de Pesquisa"},"content":{"rendered":"\t\t<div data-elementor-type=\"wp-page\" data-elementor-id=\"186\" class=\"elementor elementor-186\">\n\t\t\t\t\t\t<section class=\"elementor-section elementor-top-section elementor-element elementor-element-585b77b2 elementor-section-boxed elementor-section-height-default elementor-section-height-default\" data-id=\"585b77b2\" data-element_type=\"section\">\n\t\t\t\t\t\t<div class=\"elementor-container elementor-column-gap-default\">\n\t\t\t\t\t<div class=\"elementor-column elementor-col-100 elementor-top-column elementor-element elementor-element-7a703296\" data-id=\"7a703296\" data-element_type=\"column\">\n\t\t\t<div class=\"elementor-widget-wrap elementor-element-populated\">\n\t\t\t\t\t\t<div class=\"elementor-element elementor-element-45bf3c26 elementor-widget elementor-widget-text-editor\" data-id=\"45bf3c26\" data-element_type=\"widget\" data-widget_type=\"text-editor.default\">\n\t\t\t\t<div class=\"elementor-widget-container\">\n\t\t\t\t\t\t\t<p><!-- wp:paragraph --><\/p>\n<p><span class=\"tadv-color\" style=\"color: #0693e3\"><strong>\u00c1REA DE CONCENTRA\u00c7\u00c3O 1 \u2013 Biodin\u00e2mica e Pedagogia do Movimento<\/strong><\/span><\/p>\n<p><!-- \/wp:paragraph --><!-- wp:paragraph --><\/p>\n<p><strong>Descri\u00e7\u00e3o\/Caracteriza\u00e7\u00e3o: <\/strong>Esta \u00e1rea de concentra\u00e7\u00e3o contempla a produ\u00e7\u00e3o do conhecimento relativo aos aspectos biol\u00f3gicos, comportamentais, pedag\u00f3gicos e socioculturais do movimento. Estuda os fundamentos te\u00f3rico-metodol\u00f3gicos da Educa\u00e7\u00e3o F\u00edsica escolar e n\u00e3o escolar, o esporte nas suas diferentes nuances e a sa\u00fade atrav\u00e9s do movimento humano em variados contextos e diferentes popula\u00e7\u00f5es.<\/p>\n<p><!-- \/wp:paragraph --><!-- wp:paragraph --><\/p>\n<p><strong>Linha de Pesquisa 1:&nbsp; Biodin\u00e2mica do esporte, da atividade f\u00edsica e da sa\u00fade<\/strong><\/p>\n<p><!-- \/wp:paragraph --><!-- wp:paragraph --><\/p>\n<p>Estuda os aspectos agudos e cr\u00f4nicos das altera\u00e7\u00f5es neuropsicomotoras, fisiol\u00f3gicas, bioqu\u00edmicas, biomec\u00e2nicas e funcionais decorrentes da atividade f\u00edsica e do esporte. Abrange procedimentos metodol\u00f3gicos voltados para a preven\u00e7\u00e3o e promo\u00e7\u00e3o em sa\u00fade e tamb\u00e9m do treinamento f\u00edsico em diferentes popula\u00e7\u00f5es e contextos.<\/p>\n<p><!-- \/wp:paragraph --><!-- wp:paragraph --><\/p>\n<p>Professores:<\/p>\n<p><!-- \/wp:paragraph --><!-- wp:table --><\/p>\n<figure class=\"wp-block-table\">\n<table style=\"width: 39.4183%\">\n<tbody>\n<tr>\n<td>Daniela Lopes dos Santos<\/td>\n<\/tr>\n<tr>\n<td>Felipe Pivetta Carpes<\/td>\n<\/tr>\n<tr>\n<td>F\u00e1bio Lanferdini<\/td>\n<\/tr>\n<tr>\n<td>Fernando Copetti<\/td>\n<\/tr>\n<tr>\n<td>Luiz Fernando&nbsp;Freire Royes<\/td>\n<\/tr>\n<\/tbody>\n<\/table>\n<\/figure>\n<p><!-- \/wp:table --><!-- wp:paragraph --><\/p>\n<p><strong>Linhas de Pesquisa 2: Pedagogias das pr\u00e1ticas corporais e esportivas<\/strong><\/p>\n<p><!-- \/wp:paragraph --><!-- wp:paragraph --><\/p>\n<p>Considerando as m\u00faltiplas teorias, investiga os aspectos socioculturais e pedag\u00f3gicos das pr\u00e1ticas corporais e esportivas, com estudos que tratam do trabalho pedag\u00f3gico, escola, representa\u00e7\u00f5es corporais e de g\u00eanero, educa\u00e7\u00e3o da crian\u00e7a, jovens e adultos, pol\u00edticas p\u00fablicas de esporte e lazer e sa\u00fade que emergem de distintos contextos sociais.<\/p>\n<p><!-- \/wp:paragraph --><!-- wp:paragraph --><\/p>\n<p>Professores:<\/p>\n<p><!-- \/wp:paragraph --><!-- wp:table --><\/p>\n<figure class=\"wp-block-table\">\n<table>\n<tbody>\n<tr>\n<td>Angelita Alice Jaeger<\/td>\n<\/tr>\n<tr>\n<td>Gustavo de Oliveira Duarte<\/td>\n<\/tr>\n<tr>\n<td>Jo\u00e3o Francisco Magno Ribas<\/td>\n<\/tr>\n<tr>\n<td>Lorenzo Iop Laporta<\/td>\n<\/tr>\n<tr>\n<td>Maristela da Silva Souza<\/td>\n<\/tr>\n<tr>\n<td>Maria Cec\u00edlia Camargo<\/td>\n<\/tr>\n<tr>\n<td>Rosalvo Luis Sawitzki<\/td>\n<\/tr>\n<\/tbody>\n<\/table>\n<\/figure>\n<p><!-- \/wp:table --><!-- wp:paragraph --><\/p>\n<p><strong><span class=\"tadv-color\" style=\"color: #0693e3\">\u00c1REA DE CONCENTRA\u00c7\u00c3O 2 \u2013 Reabilita\u00e7\u00e3o Funcional<\/span><\/strong><\/p>\n<p><!-- \/wp:paragraph --><!-- wp:paragraph --><\/p>\n<p><strong>Descri\u00e7\u00e3o\/Caracteriza\u00e7\u00e3o: <\/strong>Abrange a investiga\u00e7\u00e3o e an\u00e1lise dos processos de preven\u00e7\u00e3o, diagn\u00f3sticos e terap\u00eauticos da funcionalidade, com o intuito de expandir o conhecimento e promover a\u00e7\u00f5es mais qualificadas na \u00e1rea da reabilita\u00e7\u00e3o.<\/p>\n<p><!-- \/wp:paragraph --><!-- wp:paragraph --><\/p>\n<p><strong>Linha de Pesquisa 1: Processos de preven\u00e7\u00e3o, avalia\u00e7\u00e3o e reabilita\u00e7\u00e3o cardiorrespirat\u00f3ria e metab\u00f3lica<\/strong><\/p>\n<p><!-- \/wp:paragraph --><!-- wp:paragraph --><\/p>\n<p>Prop\u00f5e-se a estudar os aspectos fisiopatol\u00f3gicos e os instrumentos de avalia\u00e7\u00e3o das disfun\u00e7\u00f5es cardiorrespirat\u00f3rias e metab\u00f3licas. Consiste na investiga\u00e7\u00e3o e an\u00e1lise voltadas \u00e0 preven\u00e7\u00e3o e \u00e0 reabilita\u00e7\u00e3o funcional em pessoas acometidas por disfun\u00e7\u00f5es cardiovasculares, respirat\u00f3rias ou metab\u00f3licas.<\/p>\n<p><!-- \/wp:paragraph --><!-- wp:paragraph --><\/p>\n<p>Professores:<\/p>\n<p><!-- \/wp:paragraph --><!-- wp:table --><\/p>\n<figure class=\"wp-block-table\">\n<table>\n<tbody>\n<tr>\n<td>Ant\u00f4nio Marcos Vargas da Silva<\/td>\n<\/tr>\n<tr>\n<td>Isabella Martins de Albuquerque<\/td>\n<\/tr>\n<tr>\n<td>Luis Ulisses Signori<\/td>\n<\/tr>\n<tr>\n<td><\/td><\/tr><tr><td>Rodrigo Boemo Jaenisch<\/td>\n<\/tr>\n<\/tbody>\n<\/table>\n<\/figure>\n<p><!-- \/wp:table --><!-- wp:paragraph --><\/p>\n<p><strong>Linha de Pesquisa 2: Processos de preven\u00e7\u00e3o, avalia\u00e7\u00e3o e reabilita\u00e7\u00e3o musculoesquel\u00e9tica e neurofuncional<\/strong><\/p>\n<p><!-- \/wp:paragraph --><!-- wp:paragraph --><\/p>\n<p>Visa investigar os processos que envolvem a fisiopatologia e a avalia\u00e7\u00e3o das disfun\u00e7\u00f5es musculoesquel\u00e9ticas e neurol\u00f3gicas. Abrange a an\u00e1lise dos processos voltados \u00e0 preven\u00e7\u00e3o, \u00e0 manuten\u00e7\u00e3o e ou ao aprimoramento da funcionalidade de sujeitos acometidos por disfun\u00e7\u00f5es musculoesquel\u00e9ticas ou neurol\u00f3gicas.<\/p>\n<p><!-- \/wp:paragraph --><!-- wp:paragraph --><\/p>\n<p>Professores:<\/p>\n<p><!-- \/wp:paragraph --><!-- wp:table --><\/p>\n<figure class=\"wp-block-table\">\n<table>\n<tbody>\n<tr>\n<td>Felipe Barreto Schuch<\/td>\n<\/tr>\n<tr>\n<td>Guilherme Silva Nunes<\/td>\n<\/tr>\n<tr>\n<td>Gustavo Orione Puntel<\/td>\n<\/tr>\n<tr>\n<td>Hedioneia Maria Foletto Pivetta<\/td>\n<\/tr>\n<tr>\n<td>Luis Ulisses Signori<\/td>\n<\/tr>\n<tr>\n<td>Melissa Medeiros Braz&nbsp;<\/td>\n<\/tr>\n<\/tbody>\n<\/table>\n<\/figure>\n<p><!-- \/wp:table --><\/p>\t\t\t\t\t\t<\/div>\n\t\t\t\t<\/div>\n\t\t\t\t\t<\/div>\n\t\t<\/div>\n\t\t\t\t\t<\/div>\n\t\t<\/section>\n\t\t\t\t<\/div>\n\t\t","protected":false},"excerpt":{"rendered":"<p>\u00c1REA DE CONCENTRA\u00c7\u00c3O 1 \u2013 Biodin\u00e2mica e Pedagogia do Movimento Descri\u00e7\u00e3o\/Caracteriza\u00e7\u00e3o: Esta \u00e1rea de concentra\u00e7\u00e3o contempla a produ\u00e7\u00e3o do conhecimento relativo aos aspectos biol\u00f3gicos, comportamentais, pedag\u00f3gicos e socioculturais do movimento. Estuda os fundamentos te\u00f3rico-metodol\u00f3gicos da Educa\u00e7\u00e3o F\u00edsica escolar e n\u00e3o escolar, o esporte nas suas diferentes nuances e a sa\u00fade atrav\u00e9s do movimento humano em [&hellip;]<\/p>\n","protected":false},"author":878,"featured_media":0,"parent":0,"menu_order":0,"comment_status":"closed","ping_status":"closed","template":"","meta":{"footnotes":""},"categories":[],"tags":[],"class_list":["post-186","page","type-page","status-publish","hentry"],"acf":[],"_links":{"self":[{"href":"https:\/\/www.ufsm.br\/cursos\/pos-graduacao\/santa-maria\/ppgcmr\/wp-json\/wp\/v2\/pages\/186","targetHints":{"allow":["GET"]}}],"collection":[{"href":"https:\/\/www.ufsm.br\/cursos\/pos-graduacao\/santa-maria\/ppgcmr\/wp-json\/wp\/v2\/pages"}],"about":[{"href":"https:\/\/www.ufsm.br\/cursos\/pos-graduacao\/santa-maria\/ppgcmr\/wp-json\/wp\/v2\/types\/page"}],"author":[{"embeddable":true,"href":"https:\/\/www.ufsm.br\/cursos\/pos-graduacao\/santa-maria\/ppgcmr\/wp-json\/wp\/v2\/users\/878"}],"replies":[{"embeddable":true,"href":"https:\/\/www.ufsm.br\/cursos\/pos-graduacao\/santa-maria\/ppgcmr\/wp-json\/wp\/v2\/comments?post=186"}],"version-history":[{"count":0,"href":"https:\/\/www.ufsm.br\/cursos\/pos-graduacao\/santa-maria\/ppgcmr\/wp-json\/wp\/v2\/pages\/186\/revisions"}],"wp:attachment":[{"href":"https:\/\/www.ufsm.br\/cursos\/pos-graduacao\/santa-maria\/ppgcmr\/wp-json\/wp\/v2\/media?parent=186"}],"wp:term":[{"taxonomy":"category","embeddable":true,"href":"https:\/\/www.ufsm.br\/cursos\/pos-graduacao\/santa-maria\/ppgcmr\/wp-json\/wp\/v2\/categories?post=186"},{"taxonomy":"post_tag","embeddable":true,"href":"https:\/\/www.ufsm.br\/cursos\/pos-graduacao\/santa-maria\/ppgcmr\/wp-json\/wp\/v2\/tags?post=186"}],"curies":[{"name":"wp","href":"https:\/\/api.w.org\/{rel}","templated":true}]}}