{"id":193,"date":"2022-03-18T10:51:23","date_gmt":"2022-03-18T13:51:23","guid":{"rendered":"https:\/\/www.ufsm.br\/cursos\/pos-graduacao\/santa-maria\/ppgcmr\/?page_id=193"},"modified":"2023-03-13T11:35:48","modified_gmt":"2023-03-13T14:35:48","slug":"apresentacao","status":"publish","type":"page","link":"https:\/\/www.ufsm.br\/cursos\/pos-graduacao\/santa-maria\/ppgcmr\/apresentacao","title":{"rendered":"Apresenta\u00e7\u00e3o"},"content":{"rendered":"\n<p>O Programa de P\u00f3s-Gradua\u00e7\u00e3o em Ci\u00eancias do Movimento e Reabilita\u00e7\u00e3o (PPGCMR) est\u00e1 sediado no&nbsp;<a href=\"https:\/\/www.ufsm.br\/unidades-universitarias\/cefd\/\" data-type=\"URL\" data-id=\"https:\/\/www.ufsm.br\/unidades-universitarias\/cefd\/\">Centro de Educa\u00e7\u00e3o F\u00edsica (CEFD)<\/a>&nbsp;da&nbsp;<a href=\"https:\/\/www.ufsm.br\/institucional\/\">Universidade Federal de Santa Maria (UFSM)<\/a>, a primeira Universidade P\u00fablica do interior do Brasil, localizada na cidade de Santa Maria, estado do Rio Grande do Sul (RS).<\/p>\n\n\n\n<p>O PPGCMR foi formado pela fus\u00e3o dos Programas de P\u00f3s-Gradua\u00e7\u00e3o em Educa\u00e7\u00e3o F\u00edsica (PPGEDF &#8211; Reconhecido pelo Minist\u00e9rio da Educa\u00e7\u00e3o \u2013 Portaria n. 1324\/2012), pertencente ao CEFD e do Programa de P\u00f3s-Gradua\u00e7\u00e3o em Reabilita\u00e7\u00e3o Funcional (PPGRF &#8211; Reconhecido pelo Minist\u00e9rio da Educa\u00e7\u00e3o \u2013 Portaria n. 609\/2019), pertencente ao Centro de Ci\u00eancias da Sa\u00fade (CCS), ambos da UFSM e em n\u00edvel de mestrado. Tal fus\u00e3o foi aprovada pela CAPES em janeiro de 2022 (Of\u00edcio n\u00ba 305\/2021-DAV\/CAPES). Desde a implanta\u00e7\u00e3o, estes Programas de P\u00f3s-Gradua\u00e7\u00e3o originais da fus\u00e3o tiveram grande impacto Educacional, Cient\u00edfico e Sociocultural, tanto em n\u00edvel regional como nacional, o que s\u00f3 se fortaleceu com a fus\u00e3o, refletindo em uma maior abrang\u00eancia do PPGCMR buscando uma maior produ\u00e7\u00e3o intelectual, impacto social e a amplia\u00e7\u00e3o da internacionaliza\u00e7\u00e3o.<\/p>\n\n\n<div class=\"wp-block-image\">\n<figure class=\"aligncenter size-full\"><img fetchpriority=\"high\" decoding=\"async\" width=\"960\" height=\"300\" src=\"https:\/\/www.ufsm.br\/app\/uploads\/sites\/874\/2022\/03\/1-1.jpg\" alt=\"\" class=\"wp-image-169\" srcset=\"https:\/\/www.ufsm.br\/app\/uploads\/sites\/874\/2022\/03\/1-1.jpg 960w, https:\/\/www.ufsm.br\/app\/uploads\/sites\/874\/2022\/03\/1-1-300x94.jpg 300w, https:\/\/www.ufsm.br\/app\/uploads\/sites\/874\/2022\/03\/1-1-768x240.jpg 768w\" sizes=\"(max-width: 960px) 100vw, 960px\" \/><\/figure>\n<\/div>\n\n\n<p><\/p>\n","protected":false},"excerpt":{"rendered":"<p>O Programa de P\u00f3s-Gradua\u00e7\u00e3o em Ci\u00eancias do Movimento e Reabilita\u00e7\u00e3o (PPGCMR) est\u00e1 sediado no&nbsp;Centro de Educa\u00e7\u00e3o F\u00edsica (CEFD)&nbsp;da&nbsp;Universidade Federal de Santa Maria (UFSM), a primeira Universidade P\u00fablica do interior do Brasil, localizada na cidade de Santa Maria, estado do Rio Grande do Sul (RS). O PPGCMR foi formado pela fus\u00e3o dos Programas de P\u00f3s-Gradua\u00e7\u00e3o em [&hellip;]<\/p>\n","protected":false},"author":878,"featured_media":0,"parent":0,"menu_order":0,"comment_status":"closed","ping_status":"closed","template":"","meta":{"footnotes":""},"categories":[],"tags":[],"class_list":["post-193","page","type-page","status-publish","hentry"],"acf":[],"_links":{"self":[{"href":"https:\/\/www.ufsm.br\/cursos\/pos-graduacao\/santa-maria\/ppgcmr\/wp-json\/wp\/v2\/pages\/193","targetHints":{"allow":["GET"]}}],"collection":[{"href":"https:\/\/www.ufsm.br\/cursos\/pos-graduacao\/santa-maria\/ppgcmr\/wp-json\/wp\/v2\/pages"}],"about":[{"href":"https:\/\/www.ufsm.br\/cursos\/pos-graduacao\/santa-maria\/ppgcmr\/wp-json\/wp\/v2\/types\/page"}],"author":[{"embeddable":true,"href":"https:\/\/www.ufsm.br\/cursos\/pos-graduacao\/santa-maria\/ppgcmr\/wp-json\/wp\/v2\/users\/878"}],"replies":[{"embeddable":true,"href":"https:\/\/www.ufsm.br\/cursos\/pos-graduacao\/santa-maria\/ppgcmr\/wp-json\/wp\/v2\/comments?post=193"}],"version-history":[{"count":0,"href":"https:\/\/www.ufsm.br\/cursos\/pos-graduacao\/santa-maria\/ppgcmr\/wp-json\/wp\/v2\/pages\/193\/revisions"}],"wp:attachment":[{"href":"https:\/\/www.ufsm.br\/cursos\/pos-graduacao\/santa-maria\/ppgcmr\/wp-json\/wp\/v2\/media?parent=193"}],"wp:term":[{"taxonomy":"category","embeddable":true,"href":"https:\/\/www.ufsm.br\/cursos\/pos-graduacao\/santa-maria\/ppgcmr\/wp-json\/wp\/v2\/categories?post=193"},{"taxonomy":"post_tag","embeddable":true,"href":"https:\/\/www.ufsm.br\/cursos\/pos-graduacao\/santa-maria\/ppgcmr\/wp-json\/wp\/v2\/tags?post=193"}],"curies":[{"name":"wp","href":"https:\/\/api.w.org\/{rel}","templated":true}]}}