{"id":194,"date":"2022-03-18T10:52:03","date_gmt":"2022-03-18T13:52:03","guid":{"rendered":"https:\/\/www.ufsm.br\/cursos\/pos-graduacao\/santa-maria\/ppgcmr\/?page_id=194"},"modified":"2023-03-13T08:50:42","modified_gmt":"2023-03-13T11:50:42","slug":"missao","status":"publish","type":"page","link":"https:\/\/www.ufsm.br\/cursos\/pos-graduacao\/santa-maria\/ppgcmr\/missao","title":{"rendered":"Miss\u00e3o"},"content":{"rendered":"\n<p>Construir, difundir e compartilhar conhecimento para formar recursos humanos na \u00e1rea das Ci\u00eancias do Movimento e Reabilita\u00e7\u00e3o que atuem com compet\u00eancia, de forma cr\u00edtica e criativa, sendo capazes de inovar e contribuir com o desenvolvimento de uma sociedade saud\u00e1vel, educada, cr\u00edtica e sustent\u00e1vel.<\/p>\n","protected":false},"excerpt":{"rendered":"<p>Construir, difundir e compartilhar conhecimento para formar recursos humanos na \u00e1rea das Ci\u00eancias do Movimento e Reabilita\u00e7\u00e3o que atuem com compet\u00eancia, de forma cr\u00edtica e criativa, sendo capazes de inovar e contribuir com o desenvolvimento de uma sociedade saud\u00e1vel, educada, cr\u00edtica e sustent\u00e1vel.<\/p>\n","protected":false},"author":878,"featured_media":0,"parent":0,"menu_order":0,"comment_status":"closed","ping_status":"closed","template":"","meta":{"footnotes":""},"categories":[],"tags":[],"class_list":["post-194","page","type-page","status-publish","hentry"],"acf":[],"_links":{"self":[{"href":"https:\/\/www.ufsm.br\/cursos\/pos-graduacao\/santa-maria\/ppgcmr\/wp-json\/wp\/v2\/pages\/194","targetHints":{"allow":["GET"]}}],"collection":[{"href":"https:\/\/www.ufsm.br\/cursos\/pos-graduacao\/santa-maria\/ppgcmr\/wp-json\/wp\/v2\/pages"}],"about":[{"href":"https:\/\/www.ufsm.br\/cursos\/pos-graduacao\/santa-maria\/ppgcmr\/wp-json\/wp\/v2\/types\/page"}],"author":[{"embeddable":true,"href":"https:\/\/www.ufsm.br\/cursos\/pos-graduacao\/santa-maria\/ppgcmr\/wp-json\/wp\/v2\/users\/878"}],"replies":[{"embeddable":true,"href":"https:\/\/www.ufsm.br\/cursos\/pos-graduacao\/santa-maria\/ppgcmr\/wp-json\/wp\/v2\/comments?post=194"}],"version-history":[{"count":0,"href":"https:\/\/www.ufsm.br\/cursos\/pos-graduacao\/santa-maria\/ppgcmr\/wp-json\/wp\/v2\/pages\/194\/revisions"}],"wp:attachment":[{"href":"https:\/\/www.ufsm.br\/cursos\/pos-graduacao\/santa-maria\/ppgcmr\/wp-json\/wp\/v2\/media?parent=194"}],"wp:term":[{"taxonomy":"category","embeddable":true,"href":"https:\/\/www.ufsm.br\/cursos\/pos-graduacao\/santa-maria\/ppgcmr\/wp-json\/wp\/v2\/categories?post=194"},{"taxonomy":"post_tag","embeddable":true,"href":"https:\/\/www.ufsm.br\/cursos\/pos-graduacao\/santa-maria\/ppgcmr\/wp-json\/wp\/v2\/tags?post=194"}],"curies":[{"name":"wp","href":"https:\/\/api.w.org\/{rel}","templated":true}]}}