{"id":198,"date":"2022-03-18T10:54:18","date_gmt":"2022-03-18T13:54:18","guid":{"rendered":"https:\/\/www.ufsm.br\/cursos\/pos-graduacao\/santa-maria\/ppgcmr\/?page_id=198"},"modified":"2025-11-14T11:51:53","modified_gmt":"2025-11-14T14:51:53","slug":"colegiado-e-comissoes","status":"publish","type":"page","link":"https:\/\/www.ufsm.br\/cursos\/pos-graduacao\/santa-maria\/ppgcmr\/colegiado-e-comissoes","title":{"rendered":"Colegiado e Comiss\u00f5es"},"content":{"rendered":"\t\t<div data-elementor-type=\"wp-page\" data-elementor-id=\"198\" class=\"elementor elementor-198\">\n\t\t\t\t\t\t<section class=\"elementor-section elementor-top-section elementor-element elementor-element-8fab4b8 elementor-section-boxed elementor-section-height-default elementor-section-height-default\" data-id=\"8fab4b8\" data-element_type=\"section\">\n\t\t\t\t\t\t<div class=\"elementor-container elementor-column-gap-default\">\n\t\t\t\t\t<div class=\"elementor-column elementor-col-100 elementor-top-column elementor-element elementor-element-05478ff\" data-id=\"05478ff\" data-element_type=\"column\">\n\t\t\t<div class=\"elementor-widget-wrap elementor-element-populated\">\n\t\t\t\t\t\t<div class=\"elementor-element elementor-element-2aef034 elementor-widget elementor-widget-toggle\" data-id=\"2aef034\" data-element_type=\"widget\" data-widget_type=\"toggle.default\">\n\t\t\t\t<div class=\"elementor-widget-container\">\n\t\t\t\t\t<div class=\"elementor-toggle\">\n\t\t\t\t\t\t\t<div class=\"elementor-toggle-item\">\n\t\t\t\t\t<div id=\"elementor-tab-title-4501\" class=\"elementor-tab-title\" data-tab=\"1\" role=\"button\" aria-controls=\"elementor-tab-content-4501\" aria-expanded=\"false\">\n\t\t\t\t\t\t\t\t\t\t\t\t<span class=\"elementor-toggle-icon elementor-toggle-icon-left\" aria-hidden=\"true\">\n\t\t\t\t\t\t\t\t\t\t\t\t\t\t\t<span class=\"elementor-toggle-icon-closed\"><i class=\"fas fa-caret-right\"><\/i><\/span>\n\t\t\t\t\t\t\t\t<span class=\"elementor-toggle-icon-opened\"><i class=\"elementor-toggle-icon-opened fas fa-caret-up\"><\/i><\/span>\n\t\t\t\t\t\t\t\t\t\t\t\t\t<\/span>\n\t\t\t\t\t\t\t\t\t\t\t\t<a class=\"elementor-toggle-title\" tabindex=\"0\">COLEGIADO DO PPGCMR<\/a>\n\t\t\t\t\t<\/div>\n\n\t\t\t\t\t<div id=\"elementor-tab-content-4501\" class=\"elementor-tab-content elementor-clearfix\" data-tab=\"1\" role=\"region\" aria-labelledby=\"elementor-tab-title-4501\"><p><b>Presidente &#8211; Coordenador:<\/b>&nbsp;<span style=\", roboto, robotodraft, helvetica, arial, sans-serif;font-size: 14px;font-weight: var( --e-global-typography-text-font-weight )\">F\u00e1bio Juner Lanferdini<\/span><\/p>\n<p><b>Coordenador Substituto:<\/b>&nbsp;<span style=\"font-size: 16px;font-weight: var( --e-global-typography-text-font-weight )\">Felipe Barreto Schuch<\/span><\/p>\n<p><b>Representantes Docentes:<\/b><\/p>\n<p>Daniela Lopes dos Santos \u2013 Titular&nbsp;<\/p>\n<p><span style=\"font-weight: var( --e-global-typography-text-font-weight )\">Luiz Fernando Freire Royes \u2013 Suplente<\/span><\/p>\n<p>Lorenzo Iop Laporta \u2013 Titular<\/p>\n<p>Maristela da Silva Souza \u2013 Suplente<\/p>\n<p>Luis Ulisses Signori \u2013 Titular<\/p>\n<p>Rodrigo Boemo Jaenisch \u2013 Suplente<\/p>\n<p>Guilherme Silva Nunes \u2013 Titular<\/p>\n<p>Gustavo Orione Puntel \u2013 Suplente&nbsp;<\/p>\n<p><b>Representantes Discentes:<\/b><\/p>\n<p>Tiago Dutra Leite Nunes \u2013 Titular&nbsp;<\/p>\n<p>Camilla Nunes Klein \u2013 Suplente&nbsp;<\/p>\n<p>J\u00eanifer de Oliveira \u2013 Titular&nbsp;<\/p>\n<p>Anna Julia Meireles Dangui \u2013 Suplente<\/p>\n<p><\/p><\/div>\n\t\t\t\t<\/div>\n\t\t\t\t\t\t\t<div class=\"elementor-toggle-item\">\n\t\t\t\t\t<div id=\"elementor-tab-title-4502\" class=\"elementor-tab-title\" data-tab=\"2\" role=\"button\" aria-controls=\"elementor-tab-content-4502\" aria-expanded=\"false\">\n\t\t\t\t\t\t\t\t\t\t\t\t<span class=\"elementor-toggle-icon elementor-toggle-icon-left\" aria-hidden=\"true\">\n\t\t\t\t\t\t\t\t\t\t\t\t\t\t\t<span class=\"elementor-toggle-icon-closed\"><i class=\"fas fa-caret-right\"><\/i><\/span>\n\t\t\t\t\t\t\t\t<span class=\"elementor-toggle-icon-opened\"><i class=\"elementor-toggle-icon-opened fas fa-caret-up\"><\/i><\/span>\n\t\t\t\t\t\t\t\t\t\t\t\t\t<\/span>\n\t\t\t\t\t\t\t\t\t\t\t\t<a class=\"elementor-toggle-title\" tabindex=\"0\">COMISS\u00c3O DE BOLSAS<\/a>\n\t\t\t\t\t<\/div>\n\n\t\t\t\t\t<div id=\"elementor-tab-content-4502\" class=\"elementor-tab-content elementor-clearfix\" data-tab=\"2\" role=\"region\" aria-labelledby=\"elementor-tab-title-4502\"><p style=\"color: #1c1c1c;font-size: 16px\"><span style=\"font-weight: bold\">Presidente -Coordenador: <\/span>Fabio Juner Lanferdini<span style=\"font-size: 16px;font-weight: var( --e-global-typography-text-font-weight )\">\u00a0<\/span><span style=\"font-size: 16px;text-indent: 47.2667px;font-weight: var( --e-global-typography-text-font-weight )\">(Titular)<\/span><\/p><p style=\"color: #1c1c1c;font-size: 16px\"><span style=\"font-weight: bold\">Coordenador Substituto:<\/span>\u00a0Felipe Barreto Schuch (Suplente)<\/p><p style=\"color: #1c1c1c;font-size: 16px\"><span style=\"font-weight: bold\">Representantes\u00a0Docentes:<\/span><\/p><p>Lorenzo Laporta <span style=\"font-size: 16px;text-indent: 47.2667px;font-weight: var( --e-global-typography-text-font-weight )\">(Titular)<\/span><\/p><p>Maristela da Silva Souza <span style=\"font-size: 16px;text-indent: 47.2667px;font-weight: var( --e-global-typography-text-font-weight )\">(Suplente)<\/span><\/p><p><span style=\"text-indent: 47.2667px\">Guilherme Silva Nunes (Titular)<br \/><\/span><\/p><p><span style=\"background-color: var(--bs-body-bg);font-size: 12pt;text-indent: 35.45pt;font-weight: var( --e-global-typography-text-font-weight )\">Luis Ulisses Signori <\/span><span style=\"font-size: 16px;font-weight: var( --e-global-typography-text-font-weight )\">(Suplente)<\/span><\/p><p style=\"color: #1c1c1c;font-size: 16px\"><b style=\"font-family: 'Times New Roman', 'serif';font-size: 12pt;text-indent: 35.45pt;background-color: var(--bs-body-bg)\">Representantes Discentes<\/b><span style=\"font-family: 'Times New Roman', 'serif';font-size: 12pt;text-indent: 35.45pt;background-color: var(--bs-body-bg)\">:\u00a0<\/span><\/p><p style=\"color: #1c1c1c;font-size: 16px\"><span style=\"font-weight: var( --e-global-typography-text-font-weight )\">\u00a0<span class=\"fontstyle0\">J\u00eanifer\u00a0<\/span><\/span><span style=\"font-weight: var( --e-global-typography-text-font-weight )\"><span class=\"fontstyle0\">de Oliveira <\/span><\/span><span style=\"font-size: 16px;font-weight: var( --e-global-typography-text-font-weight );text-indent: 47.2667px\">(Titular)<\/span><\/p><p><span style=\"font-weight: var( --e-global-typography-text-font-weight )\"><span class=\"fontstyle0\">Tiago Dutra Leite Nunes (suplente)<\/span><\/span><\/p><\/div>\n\t\t\t\t<\/div>\n\t\t\t\t\t\t\t<div class=\"elementor-toggle-item\">\n\t\t\t\t\t<div id=\"elementor-tab-title-4503\" class=\"elementor-tab-title\" data-tab=\"3\" role=\"button\" aria-controls=\"elementor-tab-content-4503\" aria-expanded=\"false\">\n\t\t\t\t\t\t\t\t\t\t\t\t<span class=\"elementor-toggle-icon elementor-toggle-icon-left\" aria-hidden=\"true\">\n\t\t\t\t\t\t\t\t\t\t\t\t\t\t\t<span class=\"elementor-toggle-icon-closed\"><i class=\"fas fa-caret-right\"><\/i><\/span>\n\t\t\t\t\t\t\t\t<span class=\"elementor-toggle-icon-opened\"><i class=\"elementor-toggle-icon-opened fas fa-caret-up\"><\/i><\/span>\n\t\t\t\t\t\t\t\t\t\t\t\t\t<\/span>\n\t\t\t\t\t\t\t\t\t\t\t\t<a class=\"elementor-toggle-title\" tabindex=\"0\">COMISS\u00c3O DE SELE\u00c7\u00c3O DISCENTE<\/a>\n\t\t\t\t\t<\/div>\n\n\t\t\t\t\t<div id=\"elementor-tab-content-4503\" class=\"elementor-tab-content elementor-clearfix\" data-tab=\"3\" role=\"region\" aria-labelledby=\"elementor-tab-title-4503\"><p>Para acessar <a href=\"https:\/\/www.ufsm.br\/app\/uploads\/sites\/874\/2024\/09\/Portaria-de-Pessoal-N.-028_ComissaoSelecaoDiscentesPPGCMR.pdf\">clique aqui.<\/a><\/p><\/div>\n\t\t\t\t<\/div>\n\t\t\t\t\t\t\t\t<\/div>\n\t\t\t\t<\/div>\n\t\t\t\t<\/div>\n\t\t\t\t\t<\/div>\n\t\t<\/div>\n\t\t\t\t\t<\/div>\n\t\t<\/section>\n\t\t\t\t<\/div>\n\t\t","protected":false},"excerpt":{"rendered":"<p>COLEGIADO DO PPGCMR Presidente &#8211; Coordenador:&nbsp;F\u00e1bio Juner Lanferdini Coordenador Substituto:&nbsp;Felipe Barreto Schuch Representantes Docentes: Daniela Lopes dos Santos \u2013 Titular&nbsp; Luiz Fernando Freire Royes \u2013 Suplente Lorenzo Iop Laporta \u2013 Titular Maristela da Silva Souza \u2013 Suplente Luis Ulisses Signori \u2013 Titular Rodrigo Boemo Jaenisch \u2013 Suplente Guilherme Silva Nunes \u2013 Titular Gustavo Orione Puntel [&hellip;]<\/p>\n","protected":false},"author":878,"featured_media":0,"parent":0,"menu_order":0,"comment_status":"closed","ping_status":"closed","template":"","meta":{"footnotes":""},"categories":[],"tags":[],"class_list":["post-198","page","type-page","status-publish","hentry"],"acf":[],"_links":{"self":[{"href":"https:\/\/www.ufsm.br\/cursos\/pos-graduacao\/santa-maria\/ppgcmr\/wp-json\/wp\/v2\/pages\/198","targetHints":{"allow":["GET"]}}],"collection":[{"href":"https:\/\/www.ufsm.br\/cursos\/pos-graduacao\/santa-maria\/ppgcmr\/wp-json\/wp\/v2\/pages"}],"about":[{"href":"https:\/\/www.ufsm.br\/cursos\/pos-graduacao\/santa-maria\/ppgcmr\/wp-json\/wp\/v2\/types\/page"}],"author":[{"embeddable":true,"href":"https:\/\/www.ufsm.br\/cursos\/pos-graduacao\/santa-maria\/ppgcmr\/wp-json\/wp\/v2\/users\/878"}],"replies":[{"embeddable":true,"href":"https:\/\/www.ufsm.br\/cursos\/pos-graduacao\/santa-maria\/ppgcmr\/wp-json\/wp\/v2\/comments?post=198"}],"version-history":[{"count":0,"href":"https:\/\/www.ufsm.br\/cursos\/pos-graduacao\/santa-maria\/ppgcmr\/wp-json\/wp\/v2\/pages\/198\/revisions"}],"wp:attachment":[{"href":"https:\/\/www.ufsm.br\/cursos\/pos-graduacao\/santa-maria\/ppgcmr\/wp-json\/wp\/v2\/media?parent=198"}],"wp:term":[{"taxonomy":"category","embeddable":true,"href":"https:\/\/www.ufsm.br\/cursos\/pos-graduacao\/santa-maria\/ppgcmr\/wp-json\/wp\/v2\/categories?post=198"},{"taxonomy":"post_tag","embeddable":true,"href":"https:\/\/www.ufsm.br\/cursos\/pos-graduacao\/santa-maria\/ppgcmr\/wp-json\/wp\/v2\/tags?post=198"}],"curies":[{"name":"wp","href":"https:\/\/api.w.org\/{rel}","templated":true}]}}