{"id":200,"date":"2022-03-18T10:55:37","date_gmt":"2022-03-18T13:55:37","guid":{"rendered":"https:\/\/www.ufsm.br\/cursos\/pos-graduacao\/santa-maria\/ppgcmr\/?page_id=200"},"modified":"2022-03-18T15:37:48","modified_gmt":"2022-03-18T18:37:48","slug":"aluno-regular","status":"publish","type":"page","link":"https:\/\/www.ufsm.br\/cursos\/pos-graduacao\/santa-maria\/ppgcmr\/aluno-regular","title":{"rendered":"Aluno Regular"},"content":{"rendered":"\n<p>O ingresso de alunos para os cursos de Mestrado ocorre atrav\u00e9s de edital p\u00fablico.<\/p>\n\n\n\n<p>A sele\u00e7\u00e3o \u00e9 ANUAL, havendo a publica\u00e7\u00e3o a cada ano conforme o\u00a0<strong><a rel=\"noreferrer noopener\" href=\"https:\/\/www.ufsm.br\/calendario\/\" target=\"_blank\">Calend\u00e1rio Acad\u00eamico<\/a><\/strong>\u00a0da UFSM.<\/p>\n\n\n\n<p>A cada processo seletivo o n\u00famero de vagas ir\u00e1 variar de acordo com a oferta de cada professor e delibera\u00e7\u00e3o do Colegiado do Programa.<\/p>\n\n\n\n<p>Os editais s\u00e3o publicados na p\u00e1gina de\u00a0<strong><a rel=\"noreferrer noopener\" href=\"https:\/\/www.ufsm.br\/pro-reitorias\/prpgp\/busca\/?q=&amp;sites%5B%5D=345&amp;area=editais&amp;orderby=modified&amp;order=DESC\" target=\"_blank\">Editais da UFSM (PRPGP).<\/a><\/strong><\/p>\n","protected":false},"excerpt":{"rendered":"<p>O ingresso de alunos para os cursos de Mestrado ocorre atrav\u00e9s de edital p\u00fablico. A sele\u00e7\u00e3o \u00e9 ANUAL, havendo a publica\u00e7\u00e3o a cada ano conforme o\u00a0Calend\u00e1rio Acad\u00eamico\u00a0da UFSM. A cada processo seletivo o n\u00famero de vagas ir\u00e1 variar de acordo com a oferta de cada professor e delibera\u00e7\u00e3o do Colegiado do Programa. Os editais s\u00e3o [&hellip;]<\/p>\n","protected":false},"author":878,"featured_media":0,"parent":0,"menu_order":0,"comment_status":"closed","ping_status":"closed","template":"","meta":{"footnotes":""},"categories":[],"tags":[],"class_list":["post-200","page","type-page","status-publish","hentry"],"acf":[],"_links":{"self":[{"href":"https:\/\/www.ufsm.br\/cursos\/pos-graduacao\/santa-maria\/ppgcmr\/wp-json\/wp\/v2\/pages\/200","targetHints":{"allow":["GET"]}}],"collection":[{"href":"https:\/\/www.ufsm.br\/cursos\/pos-graduacao\/santa-maria\/ppgcmr\/wp-json\/wp\/v2\/pages"}],"about":[{"href":"https:\/\/www.ufsm.br\/cursos\/pos-graduacao\/santa-maria\/ppgcmr\/wp-json\/wp\/v2\/types\/page"}],"author":[{"embeddable":true,"href":"https:\/\/www.ufsm.br\/cursos\/pos-graduacao\/santa-maria\/ppgcmr\/wp-json\/wp\/v2\/users\/878"}],"replies":[{"embeddable":true,"href":"https:\/\/www.ufsm.br\/cursos\/pos-graduacao\/santa-maria\/ppgcmr\/wp-json\/wp\/v2\/comments?post=200"}],"version-history":[{"count":0,"href":"https:\/\/www.ufsm.br\/cursos\/pos-graduacao\/santa-maria\/ppgcmr\/wp-json\/wp\/v2\/pages\/200\/revisions"}],"wp:attachment":[{"href":"https:\/\/www.ufsm.br\/cursos\/pos-graduacao\/santa-maria\/ppgcmr\/wp-json\/wp\/v2\/media?parent=200"}],"wp:term":[{"taxonomy":"category","embeddable":true,"href":"https:\/\/www.ufsm.br\/cursos\/pos-graduacao\/santa-maria\/ppgcmr\/wp-json\/wp\/v2\/categories?post=200"},{"taxonomy":"post_tag","embeddable":true,"href":"https:\/\/www.ufsm.br\/cursos\/pos-graduacao\/santa-maria\/ppgcmr\/wp-json\/wp\/v2\/tags?post=200"}],"curies":[{"name":"wp","href":"https:\/\/api.w.org\/{rel}","templated":true}]}}