{"id":201,"date":"2022-03-18T10:56:00","date_gmt":"2022-03-18T13:56:00","guid":{"rendered":"https:\/\/www.ufsm.br\/cursos\/pos-graduacao\/santa-maria\/ppgcmr\/?page_id=201"},"modified":"2022-03-18T15:41:15","modified_gmt":"2022-03-18T18:41:15","slug":"aluno-especial","status":"publish","type":"page","link":"https:\/\/www.ufsm.br\/cursos\/pos-graduacao\/santa-maria\/ppgcmr\/aluno-especial","title":{"rendered":"Aluno Especial"},"content":{"rendered":"\n<p>A categoria de Aluno Especial I em disciplinas de P\u00f3s-Gradua\u00e7\u00e3o na UFSM ocorre atrav\u00e9s de edital p\u00fablico. Os editais s\u00e3o publicados na p\u00e1gina do&nbsp;<a href=\"https:\/\/www.ufsm.br\/pro-reitorias\/prpgp\/busca\/?q=&amp;sites%5B%5D=345&amp;area=editais&amp;orderby=modified&amp;order=DESC\" target=\"_blank\" rel=\"noreferrer noopener\"><strong>PRPGP em EDITAIS<\/strong><\/a><strong>.<\/strong><\/p>\n\n\n\n<p>A publica\u00e7\u00e3o do edital \u00e9 semestral e acompanha o cronograma do&nbsp;<strong><a href=\"https:\/\/www.ufsm.br\/calendario\/\" target=\"_blank\" rel=\"noreferrer noopener\">Calend\u00e1rio Acad\u00eamico<\/a><\/strong>&nbsp;da UFSM, geralmente as publica\u00e7\u00f5es ocorrem nos meses de mar\u00e7o para as disciplinas&nbsp; do 1\u00ba semestre e em junho para as disciplinas do 2\u00ba semestre do ano posterior.<\/p>\n\n\n\n<p>Conforme o&nbsp;<strong><a href=\"https:\/\/www.ufsm.br\/cursos\/pos-graduacao\/santa-maria\/ppgec\/wp-content\/uploads\/sites\/550\/2019\/03\/015-2014-Regimento-da-Ps-Graduao.pdf\" target=\"_blank\" rel=\"noreferrer noopener\">Regimento Geral de P\u00f3s-Gradua\u00e7\u00e3o da UFSM<\/a><\/strong>, poder\u00e3o se inscrever \u00e0 categoria de Aluno Especial I de P\u00f3s-Gradua\u00e7\u00e3o:<\/p>\n\n\n\n<p>ALUNOS DE GRADUA\u00c7\u00c3O: Discentes de gradua\u00e7\u00e3o de qualquer Institui\u00e7\u00e3o de Ensino Superior \u2013 IES com, no m\u00ednimo, 50% dos cr\u00e9ditos necess\u00e1rios \u00e0 conclus\u00e3o do seu curso e participantes de projeto de pesquisa aprovados no \u00e2mbito da Institui\u00e7\u00e3o.<\/p>\n\n\n\n<p>ALUNOS DE P\u00d3S-GRADUA\u00c7\u00c3O EXTERNOS: Discentes vinculados a programas de p\u00f3s-gradua\u00e7\u00e3o de outras IES nacionais ou estrangeiras.<\/p>\n\n\n\n<p>PORTADORES DE DIPLOMA DE GRADUA\u00c7\u00c3O: Portadores de diploma de curso superior, participantes de projeto de pesquisa aprovados no \u00e2mbito da Institui\u00e7\u00e3o.<\/p>\n\n\n\n<p>SERVIDORES: Servidores portadores de diploma de curso superior da Institui\u00e7\u00e3o e de outras Institui\u00e7\u00f5es de Ensino Superior \u2013 IES.<\/p>\n\n\n\n<p><\/p>\n","protected":false},"excerpt":{"rendered":"<p>A categoria de Aluno Especial I em disciplinas de P\u00f3s-Gradua\u00e7\u00e3o na UFSM ocorre atrav\u00e9s de edital p\u00fablico. Os editais s\u00e3o publicados na p\u00e1gina do&nbsp;PRPGP em EDITAIS. A publica\u00e7\u00e3o do edital \u00e9 semestral e acompanha o cronograma do&nbsp;Calend\u00e1rio Acad\u00eamico&nbsp;da UFSM, geralmente as publica\u00e7\u00f5es ocorrem nos meses de mar\u00e7o para as disciplinas&nbsp; do 1\u00ba semestre e em [&hellip;]<\/p>\n","protected":false},"author":878,"featured_media":0,"parent":0,"menu_order":0,"comment_status":"closed","ping_status":"closed","template":"","meta":{"footnotes":""},"categories":[],"tags":[],"class_list":["post-201","page","type-page","status-publish","hentry"],"acf":[],"_links":{"self":[{"href":"https:\/\/www.ufsm.br\/cursos\/pos-graduacao\/santa-maria\/ppgcmr\/wp-json\/wp\/v2\/pages\/201","targetHints":{"allow":["GET"]}}],"collection":[{"href":"https:\/\/www.ufsm.br\/cursos\/pos-graduacao\/santa-maria\/ppgcmr\/wp-json\/wp\/v2\/pages"}],"about":[{"href":"https:\/\/www.ufsm.br\/cursos\/pos-graduacao\/santa-maria\/ppgcmr\/wp-json\/wp\/v2\/types\/page"}],"author":[{"embeddable":true,"href":"https:\/\/www.ufsm.br\/cursos\/pos-graduacao\/santa-maria\/ppgcmr\/wp-json\/wp\/v2\/users\/878"}],"replies":[{"embeddable":true,"href":"https:\/\/www.ufsm.br\/cursos\/pos-graduacao\/santa-maria\/ppgcmr\/wp-json\/wp\/v2\/comments?post=201"}],"version-history":[{"count":0,"href":"https:\/\/www.ufsm.br\/cursos\/pos-graduacao\/santa-maria\/ppgcmr\/wp-json\/wp\/v2\/pages\/201\/revisions"}],"wp:attachment":[{"href":"https:\/\/www.ufsm.br\/cursos\/pos-graduacao\/santa-maria\/ppgcmr\/wp-json\/wp\/v2\/media?parent=201"}],"wp:term":[{"taxonomy":"category","embeddable":true,"href":"https:\/\/www.ufsm.br\/cursos\/pos-graduacao\/santa-maria\/ppgcmr\/wp-json\/wp\/v2\/categories?post=201"},{"taxonomy":"post_tag","embeddable":true,"href":"https:\/\/www.ufsm.br\/cursos\/pos-graduacao\/santa-maria\/ppgcmr\/wp-json\/wp\/v2\/tags?post=201"}],"curies":[{"name":"wp","href":"https:\/\/api.w.org\/{rel}","templated":true}]}}