{"id":203,"date":"2022-03-18T10:56:40","date_gmt":"2022-03-18T13:56:40","guid":{"rendered":"https:\/\/www.ufsm.br\/cursos\/pos-graduacao\/santa-maria\/ppgcmr\/?page_id=203"},"modified":"2022-03-18T16:14:24","modified_gmt":"2022-03-18T19:14:24","slug":"pos-doutoramento","status":"publish","type":"page","link":"https:\/\/www.ufsm.br\/cursos\/pos-graduacao\/santa-maria\/ppgcmr\/pos-doutoramento","title":{"rendered":"P\u00f3s-Doutoramento"},"content":{"rendered":"\n<p>O Programa de P\u00f3s-doutorado \u00e9 um programa de aprimoramento em pesquisa avan\u00e7ada sob supervis\u00e3o de um pesquisador experiente visando ao aprimoramento de suas habilidades de pesquisador e acad\u00eamicas.<br>&nbsp; &nbsp; &nbsp; &nbsp; &nbsp; O p\u00f3s-doutorando dever\u00e1 ser portador do t\u00edtulo de doutor numa universidade ou institui\u00e7\u00e3o de pesquisa.<\/p>\n\n\n\n<p>&nbsp; &nbsp; &nbsp; &nbsp; &nbsp; Na UFSM o ingresso de P\u00d3S-DOC d\u00e1-se de duas formas:<br><strong>1.<\/strong>&nbsp;Com bolsa de estudos custeada pela CAPES ou outras ag\u00eancias de fomento, mediante sele\u00e7\u00e3o p\u00fablica em ampla divulga\u00e7\u00e3o, com dedica\u00e7\u00e3o exclusiva em tempo integral; e<br><strong>2.<\/strong>&nbsp;Sem bolsa de estudos, como p\u00f3s-doutoramento volunt\u00e1rio, com dedica\u00e7\u00e3o parcial com m\u00ednimo de 20 horas semanal.<\/p>\n\n\n\n<p>A&nbsp;<a href=\"https:\/\/www.ufsm.br\/app\/uploads\/sites\/550\/2021\/06\/Resolucao-pos-doc-036.2020.pdf\" target=\"_blank\" rel=\"noreferrer noopener\">Resolu\u00e7\u00e3o n\u00ba 36\/2020<\/a>&nbsp;\u00e9 que regulamenta o Programa de P\u00f3s-doutorado na Universidade Federal de Santa Maria.<\/p>\n\n\n\n<p>A dura\u00e7\u00e3o do P\u00f3s-doutorado ser\u00e1 de no m\u00ednimo 6 (seis) meses podendo se estender at\u00e9 4 (quatro) anos (ou at\u00e9 o prazo de concess\u00e3o de bolsa), a crit\u00e9rio do Colegiado do Programa de P\u00f3s-gradua\u00e7\u00e3o onde estiver vinculado.<br>Para o direito ao certificado de p\u00f3s-doutorado o est\u00e1gio dever\u00e1 ser de no m\u00ednimo seis meses.<\/p>\n\n\n\n<p><strong>Para a inscri\u00e7\u00e3o<\/strong>, o candidato ao P\u00f3s-doutorado dever\u00e1 abrir um&nbsp;<strong>Processo de inscri\u00e7\u00e3o em programa de p\u00f3s-doutorado<\/strong>&nbsp;(134.112), junto ao sistema de Processo Eletr\u00f4nico da UFSM, o PEN-SIE. Para isso, deve&nbsp;<strong>primeiramente<\/strong>&nbsp;efetuar o cadastro como usu\u00e1rio externo no&nbsp;<a href=\"https:\/\/www.ufsm.br\/orgaos-suplementares\/dag\/pen\/servicos\/cadastro-de-usuarios-externos\/\" target=\"_blank\" rel=\"noreferrer noopener\">LINK<\/a>. Ap\u00f3s, seguir os passos de abertura de processo eletr\u00f4nico do Tutorial de Abertura de Processo Eletr\u00f4nico, dispon\u00edvel na p\u00e1gina do PEN-SIE em Apoio ao Usu\u00e1rio&nbsp;<a href=\"https:\/\/www.ufsm.br\/orgaos-suplementares\/dag\/pen\" target=\"_blank\" rel=\"noreferrer noopener\">https:\/\/www.ufsm.br\/orgaos-suplementares\/dag\/pen\/apoio-ao-usuario\/<\/a>.<\/p>\n\n\n\n<p>Fluxograma da Inscri\u00e7\u00e3o em Programa de P\u00f3s-Doc pelo PEN-SIE: clique&nbsp;<a href=\"http:\/\/w3.ufsm.br\/proplan\/pp\/PRPGP_WEB\/PRPGP_Pos-Doc\/#diagram\/68968cef-1b65-4b7d-a1eb-5ab039d95ac9\" target=\"_blank\" rel=\"noreferrer noopener\">aqui<\/a>&nbsp;.D\u00favidas relativas ao processo eletr\u00f4nico, entrar em contato com&nbsp;<a href=\"mailto:protocolodag@ufsm.br\" target=\"_blank\" rel=\"noreferrer noopener\">protocolodag@ufsm.br<\/a>.<\/p>\n\n\n\n<h5 class=\"wp-block-heading\"><a>&nbsp;Documentos<\/a><\/h5>\n\n\n\n<p><img decoding=\"async\" width=\"15\" height=\"15\" src=\"https:\/\/www.ufsm.br\/pro-reitorias\/prpgp\/wp-includes\/images\/media\/document.png\"><a href=\"https:\/\/www.ufsm.br\/app\/uploads\/sites\/345\/2021\/01\/requerimento-padrao-pos-doc.doc\" target=\"_blank\" rel=\"noreferrer noopener\">requerimento padr\u00e3o p\u00f3s-doc (.DOC &#8211; 75,00 KB)<\/a><br><img decoding=\"async\" width=\"15\" height=\"15\" src=\"https:\/\/www.ufsm.br\/pro-reitorias\/prpgp\/wp-includes\/images\/media\/document.png\"><a href=\"https:\/\/www.ufsm.br\/app\/uploads\/sites\/345\/2021\/01\/SOLICITACAO-RPD-POS-DOC.doc\" target=\"_blank\" rel=\"noreferrer noopener\">SOLICITACAO RPD P\u00d3S-DOC (.DOC &#8211; 75,00 KB)<\/a><br><img decoding=\"async\" width=\"15\" height=\"15\" src=\"https:\/\/www.ufsm.br\/pro-reitorias\/prpgp\/wp-includes\/images\/media\/document.png\"><a href=\"https:\/\/www.ufsm.br\/app\/uploads\/sites\/345\/2021\/01\/termo-de-ciencia-empregador.doc\" target=\"_blank\" rel=\"noreferrer noopener\">termo de ci\u00eancia &#8211; empregador (.DOC &#8211; 37,50 KB)<\/a><br><img decoding=\"async\" width=\"15\" height=\"15\" src=\"https:\/\/www.ufsm.br\/pro-reitorias\/prpgp\/wp-includes\/images\/media\/document.png\"><a href=\"https:\/\/www.ufsm.br\/app\/uploads\/sites\/345\/2021\/01\/termo-de-compromisso-pesquisador.doc\" target=\"_blank\" rel=\"noreferrer noopener\">termo-de-compromisso-pesquisador (.DOC &#8211; 36,00 KB)<\/a><\/p>\n","protected":false},"excerpt":{"rendered":"<p>O Programa de P\u00f3s-doutorado \u00e9 um programa de aprimoramento em pesquisa avan\u00e7ada sob supervis\u00e3o de um pesquisador experiente visando ao aprimoramento de suas habilidades de pesquisador e acad\u00eamicas.&nbsp; &nbsp; &nbsp; &nbsp; &nbsp; O p\u00f3s-doutorando dever\u00e1 ser portador do t\u00edtulo de doutor numa universidade ou institui\u00e7\u00e3o de pesquisa. &nbsp; &nbsp; &nbsp; &nbsp; &nbsp; Na UFSM o [&hellip;]<\/p>\n","protected":false},"author":878,"featured_media":0,"parent":0,"menu_order":0,"comment_status":"closed","ping_status":"closed","template":"","meta":{"footnotes":""},"categories":[],"tags":[],"class_list":["post-203","page","type-page","status-publish","hentry"],"acf":[],"_links":{"self":[{"href":"https:\/\/www.ufsm.br\/cursos\/pos-graduacao\/santa-maria\/ppgcmr\/wp-json\/wp\/v2\/pages\/203","targetHints":{"allow":["GET"]}}],"collection":[{"href":"https:\/\/www.ufsm.br\/cursos\/pos-graduacao\/santa-maria\/ppgcmr\/wp-json\/wp\/v2\/pages"}],"about":[{"href":"https:\/\/www.ufsm.br\/cursos\/pos-graduacao\/santa-maria\/ppgcmr\/wp-json\/wp\/v2\/types\/page"}],"author":[{"embeddable":true,"href":"https:\/\/www.ufsm.br\/cursos\/pos-graduacao\/santa-maria\/ppgcmr\/wp-json\/wp\/v2\/users\/878"}],"replies":[{"embeddable":true,"href":"https:\/\/www.ufsm.br\/cursos\/pos-graduacao\/santa-maria\/ppgcmr\/wp-json\/wp\/v2\/comments?post=203"}],"version-history":[{"count":0,"href":"https:\/\/www.ufsm.br\/cursos\/pos-graduacao\/santa-maria\/ppgcmr\/wp-json\/wp\/v2\/pages\/203\/revisions"}],"wp:attachment":[{"href":"https:\/\/www.ufsm.br\/cursos\/pos-graduacao\/santa-maria\/ppgcmr\/wp-json\/wp\/v2\/media?parent=203"}],"wp:term":[{"taxonomy":"category","embeddable":true,"href":"https:\/\/www.ufsm.br\/cursos\/pos-graduacao\/santa-maria\/ppgcmr\/wp-json\/wp\/v2\/categories?post=203"},{"taxonomy":"post_tag","embeddable":true,"href":"https:\/\/www.ufsm.br\/cursos\/pos-graduacao\/santa-maria\/ppgcmr\/wp-json\/wp\/v2\/tags?post=203"}],"curies":[{"name":"wp","href":"https:\/\/api.w.org\/{rel}","templated":true}]}}