{"id":204,"date":"2022-03-18T10:57:08","date_gmt":"2022-03-18T13:57:08","guid":{"rendered":"https:\/\/www.ufsm.br\/cursos\/pos-graduacao\/santa-maria\/ppgcmr\/?page_id=204"},"modified":"2022-03-18T16:24:16","modified_gmt":"2022-03-18T19:24:16","slug":"professor-visitante","status":"publish","type":"page","link":"https:\/\/www.ufsm.br\/cursos\/pos-graduacao\/santa-maria\/ppgcmr\/professor-visitante","title":{"rendered":"Professor Visitante"},"content":{"rendered":"\n<p>Professores visitantes poder\u00e3o passar um tempo no PPGCMR desenvolvendo atividades de ensino, pesquisa e extens\u00e3o. Os pesquisadores visitantes podem dedicar-se inteiramente \u00e0 pesquisa, com exce\u00e7\u00e3o de ter que ministrar alguma que outra disciplina ou semin\u00e1rio.<\/p>\n\n\n\n<p>O PPGCMR oferece acesso a professores visitantes atrav\u00e9s de editais espec\u00edficos publicados no site da <a href=\"https:\/\/www.ufsm.br\/pro-reitorias\/progep\/busca\/?q=&amp;sites%5B%5D=341&amp;area=editais&amp;orderby=modified&amp;order=DESC\">PROGEP<\/a>.. N\u00e3o h\u00e1 periodicidade e as vagas s\u00e3o anunciadas quando da exist\u00eancia de recursos. <\/p>\n\n\n\n<p><\/p>\n","protected":false},"excerpt":{"rendered":"<p>Professores visitantes poder\u00e3o passar um tempo no PPGCMR desenvolvendo atividades de ensino, pesquisa e extens\u00e3o. Os pesquisadores visitantes podem dedicar-se inteiramente \u00e0 pesquisa, com exce\u00e7\u00e3o de ter que ministrar alguma que outra disciplina ou semin\u00e1rio. O PPGCMR oferece acesso a professores visitantes atrav\u00e9s de editais espec\u00edficos publicados no site da PROGEP.. N\u00e3o h\u00e1 periodicidade e [&hellip;]<\/p>\n","protected":false},"author":878,"featured_media":0,"parent":0,"menu_order":0,"comment_status":"closed","ping_status":"closed","template":"","meta":{"footnotes":""},"categories":[],"tags":[],"class_list":["post-204","page","type-page","status-publish","hentry"],"acf":[],"_links":{"self":[{"href":"https:\/\/www.ufsm.br\/cursos\/pos-graduacao\/santa-maria\/ppgcmr\/wp-json\/wp\/v2\/pages\/204","targetHints":{"allow":["GET"]}}],"collection":[{"href":"https:\/\/www.ufsm.br\/cursos\/pos-graduacao\/santa-maria\/ppgcmr\/wp-json\/wp\/v2\/pages"}],"about":[{"href":"https:\/\/www.ufsm.br\/cursos\/pos-graduacao\/santa-maria\/ppgcmr\/wp-json\/wp\/v2\/types\/page"}],"author":[{"embeddable":true,"href":"https:\/\/www.ufsm.br\/cursos\/pos-graduacao\/santa-maria\/ppgcmr\/wp-json\/wp\/v2\/users\/878"}],"replies":[{"embeddable":true,"href":"https:\/\/www.ufsm.br\/cursos\/pos-graduacao\/santa-maria\/ppgcmr\/wp-json\/wp\/v2\/comments?post=204"}],"version-history":[{"count":0,"href":"https:\/\/www.ufsm.br\/cursos\/pos-graduacao\/santa-maria\/ppgcmr\/wp-json\/wp\/v2\/pages\/204\/revisions"}],"wp:attachment":[{"href":"https:\/\/www.ufsm.br\/cursos\/pos-graduacao\/santa-maria\/ppgcmr\/wp-json\/wp\/v2\/media?parent=204"}],"wp:term":[{"taxonomy":"category","embeddable":true,"href":"https:\/\/www.ufsm.br\/cursos\/pos-graduacao\/santa-maria\/ppgcmr\/wp-json\/wp\/v2\/categories?post=204"},{"taxonomy":"post_tag","embeddable":true,"href":"https:\/\/www.ufsm.br\/cursos\/pos-graduacao\/santa-maria\/ppgcmr\/wp-json\/wp\/v2\/tags?post=204"}],"curies":[{"name":"wp","href":"https:\/\/api.w.org\/{rel}","templated":true}]}}