{"id":228,"date":"2022-03-18T11:13:12","date_gmt":"2022-03-18T14:13:12","guid":{"rendered":"https:\/\/www.ufsm.br\/cursos\/pos-graduacao\/santa-maria\/ppgcmr\/?page_id=228"},"modified":"2022-03-22T08:24:03","modified_gmt":"2022-03-22T11:24:03","slug":"proap-capes","status":"publish","type":"page","link":"https:\/\/www.ufsm.br\/cursos\/pos-graduacao\/santa-maria\/ppgcmr\/proap-capes","title":{"rendered":"PROAP\/CAPES"},"content":{"rendered":"\n<p>O PROAP, Programa de Apoio \u00e0 P\u00f3s-Gradua\u00e7\u00e3o, destina-se a proporcionar melhores condi\u00e7\u00f5es para a forma\u00e7\u00e3o de recursos humanos e para a produ\u00e7\u00e3o e o aprofundamento do conhecimento nos cursos de p\u00f3s-gradua\u00e7\u00e3o stricto sensu mantidos por institui\u00e7\u00f5es p\u00fablicas.<\/p>\n\n\n\n<p><strong>\u21d2<\/strong>&nbsp;Como funciona:<\/p>\n\n\n\n<p>Os Programas inseridos no PROAP recebem uma dota\u00e7\u00e3o or\u00e7ament\u00e1ria que pode ser utilizada de acordo com prioridades estabelecidas pelos pr\u00f3prios programas, em qualquer das modalidades de apoio concedidas pela CAPES: como recursos de custeio, materiais para laborat\u00f3rios,&nbsp; passagens, di\u00e1rias, taxas de publica\u00e7\u00e3o, inscri\u00e7\u00e3o em eventos e outros.<\/p>\n\n\n\n<p><strong>\u21d2<\/strong>&nbsp;Recursos disponibilizados:<\/p>\n\n\n\n<p>O PPGCMR disponibiliza recursos para participa\u00e7\u00e3o em eventos (passagens rodovi\u00e1rias e\/ou a\u00e9reas, di\u00e1rias), publica\u00e7\u00e3o de artigos (taxa de publica\u00e7\u00e3o), participa\u00e7\u00e3o de membro externo em banca de defesa (passagens rodovi\u00e1rias e\/ou a\u00e9reas, di\u00e1rias), materiais de laborat\u00f3rio essenciais \u00e0s atividades de pesquisa.<br>Os valores para cada programa de P\u00f3s-Gradua\u00e7\u00e3o s\u00e3o concedidos anualmente pela CAPES.<\/p>\n\n\n\n<p>A&nbsp;<strong><a href=\"https:\/\/www.ufsm.br\/app\/uploads\/sites\/550\/2020\/05\/PROAP-PORTARIA-CAPES-156-de-28-novembro-2014.pdf\" data-type=\"URL\" data-id=\"https:\/\/www.ufsm.br\/app\/uploads\/sites\/550\/2020\/05\/PROAP-PORTARIA-CAPES-156-de-28-novembro-2014.pdf\">PORTARIA&nbsp;N\u00ba 156\/2014&nbsp;da CAPES\/PROAP<\/a><\/strong>&nbsp;regulamenta a utiliza\u00e7\u00e3o do recursos repassados pelo PROAP-CAPES.<\/p>\n\n\n\n<p><strong>\u21d2<\/strong>&nbsp;Divis\u00e3o de Recursos:<\/p>\n\n\n\n<p>Os recursos s\u00e3o distribu\u00eddos na propor\u00e7\u00e3o de 20% para a Coordena\u00e7\u00e3o\/Secretaria e 80% para o corpo docente.<\/p>\n\n\n\n<p>O docente \u00e9 quem autoriza a utiliza\u00e7\u00e3o dos recursos sob sua administra\u00e7\u00e3o para uso nas atividades de seus orientados.<\/p>\n\n\n\n<p>PORTARIA 403\/2009-MEC<br>Art. 13 O servidor, o colaborador eventual ou o servidor externo que se beneficie&nbsp;de di\u00e1rias e passagens concedidas no \u00e2mbito deste Minist\u00e9rio dever\u00e1 prestar contas, no&nbsp;prazo m\u00e1ximo de <strong>cinco dias \u00fateis<\/strong> ap\u00f3s o retorno, acompanhada de relat\u00f3rio circunstanciado&nbsp;sobre a viagem e seus objetivos, documentos comprobat\u00f3rios da presta\u00e7\u00e3o do servi\u00e7o ou da&nbsp;participa\u00e7\u00e3o do benefici\u00e1rio nas atividades previstas, caso haja, e dos canhotos dos cart\u00f5es&nbsp;de embarque.<br>\u00a7 1\u00ba Na impossibilidade do colaborador eventual apresentar a presta\u00e7\u00e3o de contas&nbsp;de que trata o caput, a responsabilidade ser\u00e1 do Proponente.<br>\u00a7 2\u00ba O n\u00e3o atendimento ao disposto neste artigo impossibilita a concess\u00e3o de&nbsp;novas di\u00e1rias e passagens, at\u00e9 que seja efetuada a devida comprova\u00e7\u00e3o e regularizada a&nbsp;pend\u00eancia.<br>Art. 14 A apresenta\u00e7\u00e3o inadequada da presta\u00e7\u00e3o de contas obriga o benefici\u00e1rio de&nbsp;di\u00e1rias e passagens \u00e0 devolu\u00e7\u00e3o dos recursos ao Tesouro da Uni\u00e3o, no prazo de cinco dias.<\/p>\n\n\n\n<p>Para saber como solicitar:\u00a0<strong><a href=\"https:\/\/www.ufsm.br\/cursos\/pos-graduacao\/santa-maria\/ppgcmr\/solicitacao-de-recurso\/\" data-type=\"URL\" data-id=\"https:\/\/www.ufsm.br\/cursos\/pos-graduacao\/santa-maria\/ppgcmr\/solicitacao-de-recurso\/\">SOLICITA\u00c7\u00c3O DE RECURSO FINANCEIRO<\/a><\/strong><\/p>\n","protected":false},"excerpt":{"rendered":"<p>O PROAP, Programa de Apoio \u00e0 P\u00f3s-Gradua\u00e7\u00e3o, destina-se a proporcionar melhores condi\u00e7\u00f5es para a forma\u00e7\u00e3o de recursos humanos e para a produ\u00e7\u00e3o e o aprofundamento do conhecimento nos cursos de p\u00f3s-gradua\u00e7\u00e3o stricto sensu mantidos por institui\u00e7\u00f5es p\u00fablicas. \u21d2&nbsp;Como funciona: Os Programas inseridos no PROAP recebem uma dota\u00e7\u00e3o or\u00e7ament\u00e1ria que pode ser utilizada de acordo com [&hellip;]<\/p>\n","protected":false},"author":878,"featured_media":0,"parent":0,"menu_order":0,"comment_status":"closed","ping_status":"closed","template":"","meta":{"footnotes":""},"categories":[],"tags":[],"class_list":["post-228","page","type-page","status-publish","hentry"],"acf":[],"_links":{"self":[{"href":"https:\/\/www.ufsm.br\/cursos\/pos-graduacao\/santa-maria\/ppgcmr\/wp-json\/wp\/v2\/pages\/228","targetHints":{"allow":["GET"]}}],"collection":[{"href":"https:\/\/www.ufsm.br\/cursos\/pos-graduacao\/santa-maria\/ppgcmr\/wp-json\/wp\/v2\/pages"}],"about":[{"href":"https:\/\/www.ufsm.br\/cursos\/pos-graduacao\/santa-maria\/ppgcmr\/wp-json\/wp\/v2\/types\/page"}],"author":[{"embeddable":true,"href":"https:\/\/www.ufsm.br\/cursos\/pos-graduacao\/santa-maria\/ppgcmr\/wp-json\/wp\/v2\/users\/878"}],"replies":[{"embeddable":true,"href":"https:\/\/www.ufsm.br\/cursos\/pos-graduacao\/santa-maria\/ppgcmr\/wp-json\/wp\/v2\/comments?post=228"}],"version-history":[{"count":0,"href":"https:\/\/www.ufsm.br\/cursos\/pos-graduacao\/santa-maria\/ppgcmr\/wp-json\/wp\/v2\/pages\/228\/revisions"}],"wp:attachment":[{"href":"https:\/\/www.ufsm.br\/cursos\/pos-graduacao\/santa-maria\/ppgcmr\/wp-json\/wp\/v2\/media?parent=228"}],"wp:term":[{"taxonomy":"category","embeddable":true,"href":"https:\/\/www.ufsm.br\/cursos\/pos-graduacao\/santa-maria\/ppgcmr\/wp-json\/wp\/v2\/categories?post=228"},{"taxonomy":"post_tag","embeddable":true,"href":"https:\/\/www.ufsm.br\/cursos\/pos-graduacao\/santa-maria\/ppgcmr\/wp-json\/wp\/v2\/tags?post=228"}],"curies":[{"name":"wp","href":"https:\/\/api.w.org\/{rel}","templated":true}]}}