{"id":235,"date":"2022-03-21T09:53:14","date_gmt":"2022-03-21T12:53:14","guid":{"rendered":"https:\/\/www.ufsm.br\/cursos\/pos-graduacao\/santa-maria\/ppgcmr\/?page_id=235"},"modified":"2023-09-14T10:05:43","modified_gmt":"2023-09-14T13:05:43","slug":"participacao-de-membro-externo-em-banca-de-defesa","status":"publish","type":"page","link":"https:\/\/www.ufsm.br\/cursos\/pos-graduacao\/santa-maria\/ppgcmr\/participacao-de-membro-externo-em-banca-de-defesa","title":{"rendered":"PARTICIPA\u00c7\u00c3O DE MEMBRO EXTERNO EM BANCA DE DEFESA"},"content":{"rendered":"\n<p>Nas defesas de disserta\u00e7\u00e3o, em que haver\u00e1 a participa\u00e7\u00e3o de examinadores externos presencialmente, poder\u00e1 ser disponibilizado recurso para a vinda.<br>OBS: Na qualifica\u00e7\u00e3o de mestrado n\u00e3o ser\u00e1 disponibilizado recurso para este fim.<\/p>\n\n\n\n<p>Os recursos conforme a disponibilidade de recursos utiliz\u00e1veis s\u00e3o:<\/p>\n\n\n\n<ul class=\"wp-block-list\">\n<li>passagens a\u00e9reas ou rodovi\u00e1rias (via conv\u00eanios firmados pela institui\u00e7\u00e3o) e hotel, ou ent\u00e3o,<\/li>\n\n\n\n<li>passagens e di\u00e1rias via SCDP (Sistemas de Concess\u00e3o de Di\u00e1rias e Passagens).<\/li>\n<\/ul>\n\n\n\n<p>Os pedidos de passagens e di\u00e1rias dever\u00e3o ser solicitados com m\u00ednimo de 30 dias da data da viagem e di\u00e1rias.<\/p>\n\n\n\n<p>Lembramos que a UFSM prioriza a participa\u00e7\u00e3o do examinador \u00e0 dist\u00e2ncia, por videoconfer\u00eancia ou parecer, podendo participar desta forma, um examinador nas defesas de disserta\u00e7\u00f5es, e at\u00e9 dois nas defesas de qualifica\u00e7\u00e3o e tese de doutorado.<\/p>\n\n\n\n<p>\u21d2Procedimentos para a solicita\u00e7\u00e3o de recurso e da presta\u00e7\u00e3o de contas<\/p>\n\n\n\n<p>O orientador ou o aluno que ir\u00e1 defender dever\u00e1 enviar e-mail para\u00a0posgraduacao.cefd@ufsm.br\u00a0com as informa\u00e7\u00f5es abaixo:<br>\u2013 Formul\u00e1rio de <strong><a href=\"https:\/\/www.ufsm.br\/app\/uploads\/sites\/874\/2023\/09\/FORMULARIO-PARA-SOLICITACAO-DE-DIARIAS.docx\">solicita\u00e7\u00e3o de di\u00e1rias<\/a><\/strong><br>\u2013 Cidade de origem e de retorno, data e turno da vinda e do retorno.<br>\u2013 Meio de transporte que utilizar\u00e1: rodovi\u00e1rio, a\u00e9reo, ve\u00edculo pr\u00f3prio e se haver\u00e1 pernoite em hotel.<\/p>\n\n\n\n<p>\u21d2 Para a Presta\u00e7\u00e3o de Conta que dever\u00e1 ocorrer em at\u00e9 cinco dias ap\u00f3s o retorno da origem, o proposto dever\u00e1 apresentar \u00e0 secretaria do PPGCMR:<br>\u2013 Tickets\/recibos das passagens a\u00e9reas\/rodovi\u00e1rias;<br>\u2013 Notas fiscais que comprovem o dia e local da viagem;<br>\u2013 C\u00f3pia da ata de defesa assinada comprovando a participa\u00e7\u00e3o presencial.<\/p>\n\n\n\n<p><strong>\u21d2 A secretaria do PPGCMR:<\/strong><br>\u2013 Efetuar\u00e1 o lan\u00e7amento do recurso que seguir\u00e1 as devidas tramita\u00e7\u00f5es at\u00e9 a se\u00e7\u00e3o de pagamentos no DCF \u2013 Departamento de Contabilidade e Finan\u00e7as na UFSM.&nbsp;<br>\u2013 Enviar\u00e1 e-mail aos proposto com as informa\u00e7\u00f5es e valores custeados.<\/p>\n\n\n\n<p>Situa\u00e7\u00f5es diversas poder\u00e3o ser esclarecidas com a secretaria do PPGCMR.&nbsp;<\/p>\n","protected":false},"excerpt":{"rendered":"<p>Nas defesas de disserta\u00e7\u00e3o, em que haver\u00e1 a participa\u00e7\u00e3o de examinadores externos presencialmente, poder\u00e1 ser disponibilizado recurso para a vinda.OBS: Na qualifica\u00e7\u00e3o de mestrado n\u00e3o ser\u00e1 disponibilizado recurso para este fim. Os recursos conforme a disponibilidade de recursos utiliz\u00e1veis s\u00e3o: Os pedidos de passagens e di\u00e1rias dever\u00e3o ser solicitados com m\u00ednimo de 30 dias da [&hellip;]<\/p>\n","protected":false},"author":878,"featured_media":0,"parent":0,"menu_order":0,"comment_status":"closed","ping_status":"closed","template":"","meta":{"footnotes":""},"categories":[],"tags":[],"class_list":["post-235","page","type-page","status-publish","hentry"],"acf":[],"_links":{"self":[{"href":"https:\/\/www.ufsm.br\/cursos\/pos-graduacao\/santa-maria\/ppgcmr\/wp-json\/wp\/v2\/pages\/235","targetHints":{"allow":["GET"]}}],"collection":[{"href":"https:\/\/www.ufsm.br\/cursos\/pos-graduacao\/santa-maria\/ppgcmr\/wp-json\/wp\/v2\/pages"}],"about":[{"href":"https:\/\/www.ufsm.br\/cursos\/pos-graduacao\/santa-maria\/ppgcmr\/wp-json\/wp\/v2\/types\/page"}],"author":[{"embeddable":true,"href":"https:\/\/www.ufsm.br\/cursos\/pos-graduacao\/santa-maria\/ppgcmr\/wp-json\/wp\/v2\/users\/878"}],"replies":[{"embeddable":true,"href":"https:\/\/www.ufsm.br\/cursos\/pos-graduacao\/santa-maria\/ppgcmr\/wp-json\/wp\/v2\/comments?post=235"}],"version-history":[{"count":0,"href":"https:\/\/www.ufsm.br\/cursos\/pos-graduacao\/santa-maria\/ppgcmr\/wp-json\/wp\/v2\/pages\/235\/revisions"}],"wp:attachment":[{"href":"https:\/\/www.ufsm.br\/cursos\/pos-graduacao\/santa-maria\/ppgcmr\/wp-json\/wp\/v2\/media?parent=235"}],"wp:term":[{"taxonomy":"category","embeddable":true,"href":"https:\/\/www.ufsm.br\/cursos\/pos-graduacao\/santa-maria\/ppgcmr\/wp-json\/wp\/v2\/categories?post=235"},{"taxonomy":"post_tag","embeddable":true,"href":"https:\/\/www.ufsm.br\/cursos\/pos-graduacao\/santa-maria\/ppgcmr\/wp-json\/wp\/v2\/tags?post=235"}],"curies":[{"name":"wp","href":"https:\/\/api.w.org\/{rel}","templated":true}]}}