{"id":237,"date":"2022-03-21T10:01:00","date_gmt":"2022-03-21T13:01:00","guid":{"rendered":"https:\/\/www.ufsm.br\/cursos\/pos-graduacao\/santa-maria\/ppgcmr\/?page_id=237"},"modified":"2025-09-25T11:55:27","modified_gmt":"2025-09-25T14:55:27","slug":"taxa-de-inscricao-em-eventos","status":"publish","type":"page","link":"https:\/\/www.ufsm.br\/cursos\/pos-graduacao\/santa-maria\/ppgcmr\/taxa-de-inscricao-em-eventos","title":{"rendered":"TAXA DE INSCRI\u00c7\u00c3O EM EVENTOS"},"content":{"rendered":"\t\t<div data-elementor-type=\"wp-page\" data-elementor-id=\"237\" class=\"elementor elementor-237\">\n\t\t\t\t\t\t<section class=\"elementor-section elementor-top-section elementor-element elementor-element-783adec elementor-section-boxed elementor-section-height-default elementor-section-height-default\" data-id=\"783adec\" data-element_type=\"section\">\n\t\t\t\t\t\t<div class=\"elementor-container elementor-column-gap-default\">\n\t\t\t\t\t<div class=\"elementor-column elementor-col-100 elementor-top-column elementor-element elementor-element-5832466\" data-id=\"5832466\" data-element_type=\"column\">\n\t\t\t<div class=\"elementor-widget-wrap elementor-element-populated\">\n\t\t\t\t\t\t<div class=\"elementor-element elementor-element-bf52d13 elementor-tabs-view-horizontal elementor-widget elementor-widget-tabs\" data-id=\"bf52d13\" data-element_type=\"widget\" data-widget_type=\"tabs.default\">\n\t\t\t\t<div class=\"elementor-widget-container\">\n\t\t\t\t\t<div class=\"elementor-tabs\">\n\t\t\t<div class=\"elementor-tabs-wrapper\" role=\"tablist\" >\n\t\t\t\t\t\t\t\t\t<div id=\"elementor-tab-title-2001\" class=\"elementor-tab-title elementor-tab-desktop-title\" aria-selected=\"true\" data-tab=\"1\" role=\"tab\" tabindex=\"0\" aria-controls=\"elementor-tab-content-2001\" aria-expanded=\"false\">Discentes (Alunos)<\/div>\n\t\t\t\t\t\t\t\t\t<div id=\"elementor-tab-title-2002\" class=\"elementor-tab-title elementor-tab-desktop-title\" aria-selected=\"false\" data-tab=\"2\" role=\"tab\" tabindex=\"-1\" aria-controls=\"elementor-tab-content-2002\" aria-expanded=\"false\">Docentes<\/div>\n\t\t\t\t\t\t\t<\/div>\n\t\t\t<div class=\"elementor-tabs-content-wrapper\" role=\"tablist\" aria-orientation=\"vertical\">\n\t\t\t\t\t\t\t\t\t<div class=\"elementor-tab-title elementor-tab-mobile-title\" aria-selected=\"true\" data-tab=\"1\" role=\"tab\" tabindex=\"0\" aria-controls=\"elementor-tab-content-2001\" aria-expanded=\"false\">Discentes (Alunos)<\/div>\n\t\t\t\t\t<div id=\"elementor-tab-content-2001\" class=\"elementor-tab-content elementor-clearfix\" data-tab=\"1\" role=\"tabpanel\" aria-labelledby=\"elementor-tab-title-2001\" tabindex=\"0\" hidden=\"false\"><p style=\"font-size: 16px\"><span style=\"font-size: 16px\">Aos alunos regulares do PPGCMR,\u00a0 poder\u00e1 ser disponibilizado recurso para a participa\u00e7\u00e3o em eventos.<\/span><\/p><p style=\"font-size: 16px\" data-start=\"177\" data-end=\"531\">O aluno deve, antes de tudo, abrir o Processo Eletr\u00f4nico pelo PEN no Portal Documentos, utilizando o tipo documental \u2018<span style=\"font-weight: bolder\">Processo de pagamento de taxa de inscri\u00e7\u00e3o \u2013 PROAP (052.22)<\/span>\u2018.\u00a0<\/p><p style=\"font-size: 16px\" data-start=\"177\" data-end=\"531\">OBS: \u00c9 um requisito que esse processo seja aberto com anteced\u00eancia \u00e0 data do evento, pois n\u00e3o ser\u00e1 poss\u00edvel efetuar o pagamento se o processo for aberto depois do evento.<\/p><p dir=\"ltr\" style=\"margin-bottom: 0pt;margin-top: 0pt;font-size: 16px;line-height: 1.38;padding: 0pt 0pt 12pt\">Ap\u00f3s abrir o processo e incluir os documentos listados abaixo, o aluno deve tramit\u00e1-lo para o PPG. Em seguida, o colegiado do curso analisar\u00e1 o pedido conforme as regras do PROAP\/CAPES, deferindo ou indeferindo o pedido, sendo o aluno avisado sobre a decis\u00e3o.<\/p><p style=\"font-size: 16px\"><span style=\"font-family: Arial, Helvetica, sans-serif;font-size: small;font-weight: var( --e-global-typography-text-font-weight )\">Proceder a abertura Processo Eletr\u00f4nico pelo PEN, no Portal Documentos, indicando o seguinte tipo documental:\u00a0\u00a0<\/span><\/p><div style=\"font-family: Arial, Helvetica, sans-serif;font-size: small\"><span style=\"font-size: 16px;font-weight: var( --e-global-typography-text-font-weight )\">-Processo de pagamento de taxa de inscri\u00e7\u00e3o \u2013 PROAP (052.22).<\/span><span style=\"font-family: Arial, Helvetica, sans-serif;font-size: small;font-weight: var( --e-global-typography-text-font-weight )\">\u00a0<\/span><\/div><div style=\"font-family: Arial, Helvetica, sans-serif;font-size: small\">\u00a0<\/div><div style=\"font-family: Arial, Helvetica, sans-serif;font-size: small\">\u00a0Anexar ao processo os seguintes documentos:<\/div><div style=\"font-family: Arial, Helvetica, sans-serif;font-size: small\"><a href=\"https:\/\/www.ufsm.br\/app\/uploads\/sites\/874\/2023\/08\/formulario-prprp-taxa-insc-PEN-Oficial.doc\" target=\"_blank\" rel=\"noopener\">-Requerimento de pagamento de taxa de inscri\u00e7\u00e3o em evento externo;\u00a0<\/a><\/div><div style=\"font-family: Arial, Helvetica, sans-serif;font-size: small\">-Folder do evento com o valor da taxa de inscri\u00e7\u00e3o;\u00a0<\/div><div style=\"font-family: Arial, Helvetica, sans-serif;font-size: small\">-Aceite do trabalho;<\/div><div style=\"font-family: Arial, Helvetica, sans-serif;font-size: small\"><a style=\"font-weight: var( --e-global-typography-text-font-weight )\" href=\"https:\/\/www.ufsm.br\/app\/uploads\/sites\/874\/2023\/08\/AUTORIZACAODESCONTOFOLHA-1.doc\" target=\"_blank\" rel=\"noopener\">-Autoriza\u00e7\u00e3o de desconto em folha;<\/a>\u00a0<\/div><div style=\"font-family: Arial, Helvetica, sans-serif;font-size: small\">-Convers\u00e3o feita no s\u00edtio do Banco Central, se for evento internacional.<\/div><div style=\"font-family: Arial, Helvetica, sans-serif;font-size: small\">\u00a0 \u00a0<\/div><p style=\"font-size: 16px\">\u21d2 Para a Presta\u00e7\u00e3o de Conta que dever\u00e1 ocorrer em at\u00e9 cinco dias do retorno a origem, o requerente dever\u00e1 apresentar \u00e0 secretaria do PPGCMR:<br \/>\u2013 Recibo original de pagamento da taxa de inscri\u00e7\u00e3o em nome do aluno ou da UFSM (com data posterior ao pedido);<br \/>\u2013 Certificado de apresenta\u00e7\u00e3o do trabalho (em nome do requerente).<\/p><\/div>\n\t\t\t\t\t\t\t\t\t<div class=\"elementor-tab-title elementor-tab-mobile-title\" aria-selected=\"false\" data-tab=\"2\" role=\"tab\" tabindex=\"-1\" aria-controls=\"elementor-tab-content-2002\" aria-expanded=\"false\">Docentes<\/div>\n\t\t\t\t\t<div id=\"elementor-tab-content-2002\" class=\"elementor-tab-content elementor-clearfix\" data-tab=\"2\" role=\"tabpanel\" aria-labelledby=\"elementor-tab-title-2002\" tabindex=\"0\" hidden=\"hidden\"><p><span style=\"font-size: 16px;background-color: var(--bs-body-bg)\">Aos docentes do PPGCMR,&nbsp; poder\u00e1 ser disponibilizado recurso para a participa\u00e7\u00e3o em eventos.<\/span><\/p>\n<p style=\"font-size: 16px\" data-start=\"177\" data-end=\"531\">O docente deve, antes de tudo, abrir o Processo Eletr\u00f4nico pelo PEN no Portal Documentos, utilizando o tipo documental \u2018<span style=\"font-weight: bolder\">Processo de pagamento de taxa de inscri\u00e7\u00e3o \u2013 PROAP (052.22)<\/span>\u2018.&nbsp;<\/p>\n<p style=\"font-size: 16px\" data-start=\"177\" data-end=\"531\">OBS: \u00c9 um requisito que esse processo seja aberto com anteced\u00eancia \u00e0 data do evento, pois n\u00e3o ser\u00e1 poss\u00edvel efetuar o pagamento se o processo for aberto depois do evento.<\/p>\n<p dir=\"ltr\" style=\"margin-bottom: 0pt;margin-top: 0pt;font-size: 16px;line-height: 1.38;padding: 0pt 0pt 12pt\">Ap\u00f3s abrir o processo e incluir os documentos listados abaixo, o docente deve tramit\u00e1-lo para o PPG. Em seguida, o colegiado do curso analisar\u00e1 o pedido conforme as regras do PROAP\/CAPES, deferindo ou indeferindo o pedido, sendo o aluno avisado sobre a decis\u00e3o.<\/p>\n<p style=\"font-size: 16px\"><span style=\"font-family: Arial, Helvetica, sans-serif;font-size: small;font-weight: var( --e-global-typography-text-font-weight )\">Proceder a abertura Processo Eletr\u00f4nico pelo PEN, no Portal Documentos, indicando um dos seguintes tipos documentais:&nbsp;&nbsp;<\/span><\/p>\n<div style=\"font-family: Arial, Helvetica, sans-serif;font-size: small\"><span style=\"font-size: 16px;font-weight: var( --e-global-typography-text-font-weight )\">-Processo de pagamento de taxa de inscri\u00e7\u00e3o \u2013 PROAP (052.22).<\/span><span style=\"font-family: Arial, Helvetica, sans-serif;font-size: small;font-weight: var( --e-global-typography-text-font-weight )\">&nbsp;<\/span><\/div>\n<div style=\"font-family: Arial, Helvetica, sans-serif;font-size: small\">&nbsp;<\/div>\n<div style=\"font-family: Arial, Helvetica, sans-serif;font-size: small\">&nbsp;Anexar ao processo os seguintes documentos:<\/div>\n<div style=\"font-family: Arial, Helvetica, sans-serif;font-size: small\"><a href=\"https:\/\/www.ufsm.br\/app\/uploads\/sites\/874\/2023\/08\/formulario-prprp-taxa-insc-PEN-Oficial.doc\" target=\"_blank\" rel=\"noopener\">-Requerimento de pagamento de taxa de inscri\u00e7\u00e3o em evento externo;&nbsp;<\/a><\/div>\n<div style=\"font-family: Arial, Helvetica, sans-serif;font-size: small\">-Folder do evento com o valor da taxa de inscri\u00e7\u00e3o;&nbsp;<\/div>\n<div style=\"font-family: Arial, Helvetica, sans-serif;font-size: small\">-Aceite do trabalho;<span style=\"font-family: Arial, Helvetica, sans-serif;font-size: small;font-weight: var( --e-global-typography-text-font-weight )\">&nbsp;<\/span><\/div>\n<div style=\"font-family: Arial, Helvetica, sans-serif;font-size: small\">\n<p>-Convers\u00e3o feita no s\u00edtio do Banco Central, se for evento internacional.<\/p>\n<\/div>\n<p style=\"font-size: 16px\">\u21d2 Para a Presta\u00e7\u00e3o de Conta que dever\u00e1 ocorrer em at\u00e9 cinco dias do retorno a origem, o requerente dever\u00e1 apresentar \u00e0 secretaria do PPGCMR:<br>\u2013 Recibo de pagamento da taxa de inscri\u00e7\u00e3o em nome do docente ou da UFSM (com data posterior ao pedido);<br>\u2013 Certificado de apresenta\u00e7\u00e3o do trabalho (em nome do requerente).<span style=\"font-size: 16px\">&nbsp;<\/span><\/p><\/div>\n\t\t\t\t\t\t\t<\/div>\n\t\t<\/div>\n\t\t\t\t<\/div>\n\t\t\t\t<\/div>\n\t\t\t\t\t<\/div>\n\t\t<\/div>\n\t\t\t\t\t<\/div>\n\t\t<\/section>\n\t\t\t\t<\/div>\n\t\t","protected":false},"excerpt":{"rendered":"<p>Discentes (Alunos) Docentes Discentes (Alunos) Aos alunos regulares do PPGCMR,\u00a0 poder\u00e1 ser disponibilizado recurso para a participa\u00e7\u00e3o em eventos. O aluno deve, antes de tudo, abrir o Processo Eletr\u00f4nico pelo PEN no Portal Documentos, utilizando o tipo documental \u2018Processo de pagamento de taxa de inscri\u00e7\u00e3o \u2013 PROAP (052.22)\u2018.\u00a0 OBS: \u00c9 um requisito que esse processo [&hellip;]<\/p>\n","protected":false},"author":878,"featured_media":0,"parent":0,"menu_order":0,"comment_status":"closed","ping_status":"closed","template":"","meta":{"footnotes":""},"categories":[],"tags":[],"class_list":["post-237","page","type-page","status-publish","hentry"],"acf":[],"_links":{"self":[{"href":"https:\/\/www.ufsm.br\/cursos\/pos-graduacao\/santa-maria\/ppgcmr\/wp-json\/wp\/v2\/pages\/237","targetHints":{"allow":["GET"]}}],"collection":[{"href":"https:\/\/www.ufsm.br\/cursos\/pos-graduacao\/santa-maria\/ppgcmr\/wp-json\/wp\/v2\/pages"}],"about":[{"href":"https:\/\/www.ufsm.br\/cursos\/pos-graduacao\/santa-maria\/ppgcmr\/wp-json\/wp\/v2\/types\/page"}],"author":[{"embeddable":true,"href":"https:\/\/www.ufsm.br\/cursos\/pos-graduacao\/santa-maria\/ppgcmr\/wp-json\/wp\/v2\/users\/878"}],"replies":[{"embeddable":true,"href":"https:\/\/www.ufsm.br\/cursos\/pos-graduacao\/santa-maria\/ppgcmr\/wp-json\/wp\/v2\/comments?post=237"}],"version-history":[{"count":0,"href":"https:\/\/www.ufsm.br\/cursos\/pos-graduacao\/santa-maria\/ppgcmr\/wp-json\/wp\/v2\/pages\/237\/revisions"}],"wp:attachment":[{"href":"https:\/\/www.ufsm.br\/cursos\/pos-graduacao\/santa-maria\/ppgcmr\/wp-json\/wp\/v2\/media?parent=237"}],"wp:term":[{"taxonomy":"category","embeddable":true,"href":"https:\/\/www.ufsm.br\/cursos\/pos-graduacao\/santa-maria\/ppgcmr\/wp-json\/wp\/v2\/categories?post=237"},{"taxonomy":"post_tag","embeddable":true,"href":"https:\/\/www.ufsm.br\/cursos\/pos-graduacao\/santa-maria\/ppgcmr\/wp-json\/wp\/v2\/tags?post=237"}],"curies":[{"name":"wp","href":"https:\/\/api.w.org\/{rel}","templated":true}]}}