{"id":255,"date":"2022-03-25T14:46:37","date_gmt":"2022-03-25T17:46:37","guid":{"rendered":"https:\/\/www.ufsm.br\/cursos\/pos-graduacao\/santa-maria\/ppgcmr\/?page_id=255"},"modified":"2022-03-29T11:22:20","modified_gmt":"2022-03-29T14:22:20","slug":"prorrogacao-de-prazo-de-defesa","status":"publish","type":"page","link":"https:\/\/www.ufsm.br\/cursos\/pos-graduacao\/santa-maria\/ppgcmr\/prorrogacao-de-prazo-de-defesa","title":{"rendered":"Prorroga\u00e7\u00e3o de Prazo de Defesa"},"content":{"rendered":"\n<p>Os alunos poder\u00e3o solicitar a prorroga\u00e7\u00e3o de prazo para efetuar as defesas.<\/p>\n\n\n\n<p>Para solicitar a prorroga\u00e7\u00e3o de defesa, o discente deve efetuar a documenta\u00e7\u00e3o exigida via&nbsp;<a href=\"https:\/\/portal.ufsm.br\/documentos\/mainMenu.html\" data-type=\"URL\" data-id=\"https:\/\/portal.ufsm.br\/documentos\/mainMenu.html\">PEN-SIE da UFSM<\/a>.<\/p>\n\n\n\n<p>Documenta\u00e7\u00e3o exigida:<\/p>\n\n\n\n<ul class=\"wp-block-list\"><li><strong><a href=\"https:\/\/www.ufsm.br\/pro-reitorias\/prpgp\/wp-content\/uploads\/sites\/345\/2018\/08\/RequerimentoProrrogacaoPrazoDefesaStrictoSensu.pdf\" target=\"_blank\" rel=\"noreferrer noopener\">Requerimento Stricto Sensu Prorroga\u00e7\u00e3o Prazo Defesa<\/a><\/strong>;<\/li><li>Relat\u00f3rio da pesquisa: descri\u00e7\u00e3o da pesquisa e situa\u00e7\u00e3o em que se encontra no momento com cronograma de atividades (referente ao prazo solicitado);<\/li><li>Hist\u00f3rico Escolar.<\/li><\/ul>\n\n\n\n<p> O curso de Mestrado ter\u00e1 dura\u00e7\u00e3o m\u00ednima de doze (12) meses e m\u00e1xima de vinte e quatro (24) meses.<\/p>\n\n\n\n<p>Por solicita\u00e7\u00e3o justificada do professor orientador, os prazos acima poder\u00e3o ser prorrogados por at\u00e9 seis (6) meses, mediante aprova\u00e7\u00e3o do Colegiado.<\/p>\n\n\n\n<p>Durante o per\u00edodo de prorroga\u00e7\u00e3o o aluno dever\u00e1 estar matriculado em EDT001 para mestrado.<\/p>\n\n\n\n<p>Sobre prorroga\u00e7\u00f5es:&nbsp;<strong><a rel=\"noreferrer noopener\" href=\"https:\/\/www.ufsm.br\/pro-reitorias\/prpgp\/servicos\/prorrogacao-de-prazo-para-defesa\/\" target=\"_blank\">https:\/\/www.ufsm.br\/pro-reitorias\/prpgp\/servicos\/prorrogacao-de-prazo-para-defesa\/<\/a><br><\/strong><\/p>\n\n\n\n<p>\u00a0<strong>=&gt;<\/strong>Para requerer a prorroga\u00e7\u00e3o de prazo para a defesa\u00a0<strong>o aluno<\/strong>\u00a0dever\u00e1 seguir os passos a seguir:<br><strong>I<\/strong>\u00a0\u2013 Efetuar a abertura do processo\u00a0<a rel=\"noreferrer noopener\" href=\"https:\/\/portal.ufsm.br\/documentos\/mainMenu.html\" target=\"_blank\">PEN da UFSM<\/a>\u00a0(Processo Eletr\u00f4nico Nacional), anexando a documenta\u00e7\u00e3o exigida;<br><strong>III<\/strong>\u00a0\u2013 Tramitar o PEN ao CURSO-PROGRAMA PG CI\u00caNCIAS DO MOVIMENTO E REABILITA\u00c7\u00c3O;<br><strong>IV<\/strong>\u00a0\u2013 A secretaria recebe na caixa postal do curso, confere a documenta\u00e7\u00e3o, caso necess\u00e1rio, retorna ao aluno para corre\u00e7\u00e3o;<br><strong>V<\/strong>\u00a0\u2013 O colegiado ir\u00e1 analisar a solicita\u00e7\u00e3o em reuni\u00e3o, deferir ou indeferir, constando em ata;<br><strong>VI\u00a0<\/strong>\u2013 A secretaria de PPGCMR ir\u00e1 dar conhecimento ao aluno sobre a decis\u00e3o e tramitar\u00e1 o processo PEN \u00e0 PRPGP para autorizar a inclus\u00e3o no hist\u00f3rico escolar do acad\u00eamico(a);<br><strong>VII<\/strong>\u00a0\u2013 O PEN retorna \u00e0 caixa postal do curso at\u00e9 ocorrer a defesa final do aluno, que ser\u00e1 anexada a ata da defesa e tramitado \u00e0 PRPGP para conhecimento. A PRPGP arquiva o processo.<\/p>\n\n\n\n<p><strong>Tutorial para a abertura e tramita\u00e7\u00e3o do Processo Eletr\u00f4nico Nacional \u2013 PEN\/UFSM para requerer a Prorroga\u00e7\u00e3o de Prazo para a Defesa:<\/strong><\/p>\n\n\n\n<ul class=\"wp-block-list\"><li>O aluno deve acessar o Portal de Documentos da UFSM em:&nbsp;<a href=\"https:\/\/portal.ufsm.br\/documentos\">https:\/\/portal.ufsm.br\/documentos<\/a>, efetuar o&nbsp;<em>login&nbsp;<\/em>(n\u00ba de matr\u00edcula) e senha.<\/li><\/ul>\n\n\n\n<div class=\"wp-block-image\"><figure class=\"aligncenter\"><img decoding=\"async\" src=\"https:\/\/www.ufsm.br\/app\/uploads\/sites\/550\/2021\/06\/figura-1.png\" alt=\"\" class=\"wp-image-1379\" \/><\/figure><\/div>\n\n\n\n<ul class=\"wp-block-list\"><li>Na barra superior, selecionar&nbsp;<strong>NOVO.<\/strong><\/li><\/ul>\n\n\n\n<div class=\"wp-block-image\"><figure class=\"aligncenter\"><img decoding=\"async\" src=\"https:\/\/www.ufsm.br\/app\/uploads\/sites\/550\/2022\/02\/Novo-processo.jpg\" alt=\"\" class=\"wp-image-1702\" \/><\/figure><\/div>\n\n\n\n<ul class=\"wp-block-list\"><li>Ir\u00e1 aparecer esta tela para&nbsp;<strong>NOVO PROCESSO ELETR\u00d4NICO<\/strong>.<br><strong>=&gt;<\/strong>&nbsp;O item \u2018Tipo documental\u2019 refere-se a qual tipo de processo voc\u00ea est\u00e1 abrindo e que \u00e9:&nbsp;<strong>Processo de prorroga\u00e7\u00e3o de prazo para defesa de disserta\u00e7\u00e3o\/tese (134.333).<\/strong><\/li><\/ul>\n\n\n\n<div class=\"wp-block-image\"><figure class=\"aligncenter\"><img decoding=\"async\" src=\"https:\/\/www.ufsm.br\/app\/uploads\/sites\/550\/2021\/06\/figura-3-2.jpg\" alt=\"\" class=\"wp-image-1392\" \/><\/figure><\/div>\n\n\n\n<ul class=\"wp-block-list\"><li>O campo&nbsp;<strong>\u2018Proced\u00eancia\u2019<\/strong>&nbsp;vir\u00e1 preenchido automaticamente com o nome do aluno de acordo com o Tipo documental. Poder\u00e1 vir mais de n\u00famero de matr\u00edcula, procure a que se refere o processo.<br><strong>=&gt;<\/strong>&nbsp;Na&nbsp;<strong>\u2018Descri\u00e7\u00e3o\u2019<\/strong>&nbsp;o sistema j\u00e1 carrega automaticamente a descri\u00e7\u00e3o padr\u00e3o, mas poder\u00e1 ser complementado.<\/li><\/ul>\n\n\n\n<div class=\"wp-block-image\"><figure class=\"aligncenter\"><img decoding=\"async\" src=\"https:\/\/www.ufsm.br\/app\/uploads\/sites\/550\/2022\/02\/prorrogacao-1.jpg\" alt=\"\" class=\"wp-image-1701\" \/><\/figure><\/div>\n\n\n\n<ul class=\"wp-block-list\"><li>Ao completar os campos da tela inicial (acima),&nbsp;<strong>SALVAR<\/strong>&nbsp;o processo, e avan\u00e7ar para a inclus\u00e3o dos documentos.<br>O processo j\u00e1 est\u00e1 criado e j\u00e1 possui um NUP (N\u00famero \u00danico de Protocolo) que inicia por 23081., (anote esse n\u00famero).<\/li><\/ul>\n\n\n\n<div class=\"wp-block-image\"><figure class=\"aligncenter\"><img decoding=\"async\" src=\"https:\/\/www.ufsm.br\/app\/uploads\/sites\/550\/2022\/02\/enviar-doc-1024x575.jpg\" alt=\"\" class=\"wp-image-1703\" \/><\/figure><\/div>\n\n\n\n<ul class=\"wp-block-list\"><li>Na tela acima,<strong>&nbsp;Inserir Documentos,<\/strong>&nbsp;j\u00e1 constam algumas op\u00e7\u00f5es de Tipos de Documentos. Para adicionar, voc\u00ea deve clicar no \u00edcone&nbsp;<strong>+Adicionar<\/strong>&nbsp;que aparece \u00e0 frente do documento. Para localizar e inserir outros documentos ir em&nbsp;<strong>+Adicionar \u2013 Enviar.<\/strong><\/li><\/ul>\n\n\n\n<p>\u21d2Documentos&nbsp;<strong>obrigat\u00f3rios<\/strong>&nbsp;a serem anexados:<br>\u2013&nbsp;<strong><a href=\"https:\/\/www.ufsm.br\/pro-reitorias\/prpgp\/wp-content\/uploads\/sites\/345\/2018\/08\/RequerimentoProrrogacaoPrazoDefesaStrictoSensu.pdf\" target=\"_blank\" rel=\"noreferrer noopener\">Requerimento Stricto Sensu Prorroga\u00e7\u00e3o Prazo Defesa<\/a><\/strong>;<br>\u2013 Relat\u00f3rio da pesquisa: descri\u00e7\u00e3o da pesquisa e situa\u00e7\u00e3o em que se encontra no momento com cronograma de atividades (referente ao prazo solicitado);<br>\u2013 Hist\u00f3rico Escolar.<\/p>\n\n\n\n<div class=\"wp-block-image\"><figure class=\"aligncenter\"><img decoding=\"async\" src=\"https:\/\/www.ufsm.br\/app\/uploads\/sites\/550\/2022\/02\/enviar-doc-2.jpg\" alt=\"\" class=\"wp-image-1704\" \/><\/figure><\/div>\n\n\n\n<ul class=\"wp-block-list\"><li>A tela abaixo \u00e9 para o interessado (aluno) assinar o requerimento eletronicamente, caso n\u00e3o tenha sua assinatura cadastrada no PEN-SIE, dever\u00e1 cadastrar-se, basta seguir&nbsp;<a href=\"https:\/\/www.ufsm.br\/app\/uploads\/sites\/416\/2020\/04\/Passo-a-passo-termo-assinatura-eletronica-PEN-SIE.pdf\">Passo a passo para assinatura do Termo de Concord\u00e2ncia Assinatura Eletr\u00f4nica.<\/a><\/li><li>Quando efetuada a assinatura eletr\u00f4nica no documentos, requerimento, n\u00e3o necessitar\u00e1 de assinatura escrita.<\/li><\/ul>\n\n\n\n<div class=\"wp-block-image\"><figure class=\"aligncenter\"><img decoding=\"async\" src=\"https:\/\/www.ufsm.br\/app\/uploads\/sites\/550\/2022\/02\/enviar-doc-3.jpg\" alt=\"\" class=\"wp-image-1705\" \/><\/figure><\/div>\n\n\n\n<ul class=\"wp-block-list\"><li>Ap\u00f3s inclu\u00eddos os documentos, e salvar, n\u00e3o \u00e9 mais poss\u00edvel remover os arquivos. Ent\u00e3o, antes de salvar, voc\u00ea pode conferir o arquivo inclu\u00eddo no bot\u00e3o \u2018Detalhes\u2019, e se for o caso, excluir o item antes de salvar. Conforme tela abaixo, ir em<strong>\u00a0TRAMITAR.<br><\/strong><img fetchpriority=\"high\" decoding=\"async\" width=\"600\" height=\"320\" src=\"https:\/\/www.ufsm.br\/app\/uploads\/sites\/550\/2022\/02\/enviar-doc-4.jpg\" alt=\"\"><\/li><li>Na pr\u00f3xima tela, abaixo, tramitar o processo ao PPGCMR, colocar o despacho e\u00a0<strong>TRAMITAR<\/strong>.<\/li><\/ul>\n\n\n\n<figure class=\"wp-block-image size-large\"><img decoding=\"async\" width=\"1024\" height=\"445\" src=\"https:\/\/www.ufsm.br\/app\/uploads\/sites\/874\/2022\/03\/PRORROGACAO-1024x445.jpg\" alt=\"\" class=\"wp-image-256\" srcset=\"https:\/\/www.ufsm.br\/app\/uploads\/sites\/874\/2022\/03\/PRORROGACAO-1024x445.jpg 1024w, https:\/\/www.ufsm.br\/app\/uploads\/sites\/874\/2022\/03\/PRORROGACAO-300x130.jpg 300w, https:\/\/www.ufsm.br\/app\/uploads\/sites\/874\/2022\/03\/PRORROGACAO-768x334.jpg 768w, https:\/\/www.ufsm.br\/app\/uploads\/sites\/874\/2022\/03\/PRORROGACAO.jpg 1265w\" sizes=\"(max-width: 1024px) 100vw, 1024px\" \/><\/figure>\n\n\n\n<p>Para acompanhar o processo, consulte pelo NUP (N\u00famero \u00danico de Protocolo), acessando o&nbsp;<a href=\"https:\/\/portal.ufsm.br\/documentos\">Portal Documentos<\/a>&nbsp;e ou&nbsp; pelos campos dispon\u00edveis na consulta, como nome do interessado, tipo documental, etc, ou, ainda, o aluno pode acompanhar o processo fazendo login no&nbsp;<a href=\"https:\/\/portal.ufsm.br\/documentos\/mainMenu.html\" target=\"_blank\" rel=\"noreferrer noopener\">Portal Documentos,<\/a>&nbsp;ir na aba \u2018Meus Documentos\u2019, \u2018Interessado\u2019.<\/p>\n\n\n\n<p>O DAG tornou acess\u00edvel o tutorial gen\u00e9rico que orienta a abertura de processos no PEN-SIE:<br><a href=\"https:\/\/www.ufsm.br\/app\/uploads\/sites\/416\/2020\/05\/tutorial-de-abertura-pensie.pdf\">https:\/\/www.ufsm.br\/app\/uploads\/sites\/416\/2020\/05\/tutorial-de-abertura-pensie.pdf<\/a><strong>&nbsp;<\/strong><\/p>\n","protected":false},"excerpt":{"rendered":"<p>Os alunos poder\u00e3o solicitar a prorroga\u00e7\u00e3o de prazo para efetuar as defesas. Para solicitar a prorroga\u00e7\u00e3o de defesa, o discente deve efetuar a documenta\u00e7\u00e3o exigida via&nbsp;PEN-SIE da UFSM. Documenta\u00e7\u00e3o exigida: Requerimento Stricto Sensu Prorroga\u00e7\u00e3o Prazo Defesa; Relat\u00f3rio da pesquisa: descri\u00e7\u00e3o da pesquisa e situa\u00e7\u00e3o em que se encontra no momento com cronograma de atividades (referente [&hellip;]<\/p>\n","protected":false},"author":878,"featured_media":0,"parent":0,"menu_order":0,"comment_status":"closed","ping_status":"closed","template":"","meta":{"footnotes":""},"categories":[],"tags":[],"class_list":["post-255","page","type-page","status-publish","hentry"],"acf":[],"_links":{"self":[{"href":"https:\/\/www.ufsm.br\/cursos\/pos-graduacao\/santa-maria\/ppgcmr\/wp-json\/wp\/v2\/pages\/255","targetHints":{"allow":["GET"]}}],"collection":[{"href":"https:\/\/www.ufsm.br\/cursos\/pos-graduacao\/santa-maria\/ppgcmr\/wp-json\/wp\/v2\/pages"}],"about":[{"href":"https:\/\/www.ufsm.br\/cursos\/pos-graduacao\/santa-maria\/ppgcmr\/wp-json\/wp\/v2\/types\/page"}],"author":[{"embeddable":true,"href":"https:\/\/www.ufsm.br\/cursos\/pos-graduacao\/santa-maria\/ppgcmr\/wp-json\/wp\/v2\/users\/878"}],"replies":[{"embeddable":true,"href":"https:\/\/www.ufsm.br\/cursos\/pos-graduacao\/santa-maria\/ppgcmr\/wp-json\/wp\/v2\/comments?post=255"}],"version-history":[{"count":0,"href":"https:\/\/www.ufsm.br\/cursos\/pos-graduacao\/santa-maria\/ppgcmr\/wp-json\/wp\/v2\/pages\/255\/revisions"}],"wp:attachment":[{"href":"https:\/\/www.ufsm.br\/cursos\/pos-graduacao\/santa-maria\/ppgcmr\/wp-json\/wp\/v2\/media?parent=255"}],"wp:term":[{"taxonomy":"category","embeddable":true,"href":"https:\/\/www.ufsm.br\/cursos\/pos-graduacao\/santa-maria\/ppgcmr\/wp-json\/wp\/v2\/categories?post=255"},{"taxonomy":"post_tag","embeddable":true,"href":"https:\/\/www.ufsm.br\/cursos\/pos-graduacao\/santa-maria\/ppgcmr\/wp-json\/wp\/v2\/tags?post=255"}],"curies":[{"name":"wp","href":"https:\/\/api.w.org\/{rel}","templated":true}]}}