{"id":281,"date":"2022-06-20T13:27:58","date_gmt":"2022-06-20T16:27:58","guid":{"rendered":"https:\/\/www.ufsm.br\/cursos\/pos-graduacao\/santa-maria\/ppgcmr\/?page_id=281"},"modified":"2022-06-20T13:27:59","modified_gmt":"2022-06-20T16:27:59","slug":"acesso-a-caixa-postal-e-insercao-de-documentos-em-processo","status":"publish","type":"page","link":"https:\/\/www.ufsm.br\/cursos\/pos-graduacao\/santa-maria\/ppgcmr\/acesso-a-caixa-postal-e-insercao-de-documentos-em-processo","title":{"rendered":"Acesso \u00e0 caixa postal e inser\u00e7\u00e3o de documentos em processo"},"content":{"rendered":"\n<p>1. Acessar o portal do aluno informando o Login (matr\u00edcula) e senha.<\/p>\n\n\n\n<figure class=\"wp-block-image\"><img decoding=\"async\" src=\"https:\/\/www.ufsm.br\/app\/uploads\/sites\/516\/2022\/04\/1-2-1024x476.jpg\" alt=\"\" class=\"wp-image-954\" \/><\/figure>\n\n\n\n<p>2. Clicar em \u201ccaixa postal\u201d,&nbsp;no n\u00famero do processo e depois em \u201cabrir\u201d.<\/p>\n\n\n\n<figure class=\"wp-block-image\"><img decoding=\"async\" src=\"https:\/\/www.ufsm.br\/app\/uploads\/sites\/516\/2022\/05\/2.png\" alt=\"\" class=\"wp-image-995\" \/><\/figure>\n\n\n\n<p>3. Clicar&nbsp;em \u201ca\u00e7\u00f5es\u201d e depois&nbsp;em \u201cinserir documentos\u201d.<\/p>\n\n\n\n<figure class=\"wp-block-image size-full\"><img fetchpriority=\"high\" decoding=\"async\" width=\"1024\" height=\"427\" src=\"https:\/\/www.ufsm.br\/app\/uploads\/sites\/874\/2022\/06\/Sem-titulo.jpg\" alt=\"\" class=\"wp-image-279\" srcset=\"https:\/\/www.ufsm.br\/app\/uploads\/sites\/874\/2022\/06\/Sem-titulo.jpg 1024w, https:\/\/www.ufsm.br\/app\/uploads\/sites\/874\/2022\/06\/Sem-titulo-300x125.jpg 300w, https:\/\/www.ufsm.br\/app\/uploads\/sites\/874\/2022\/06\/Sem-titulo-768x320.jpg 768w\" sizes=\"(max-width: 1024px) 100vw, 1024px\" \/><\/figure>\n\n\n\n<p>4. Clicar em \u201cadicionar\u201d e \u201cenviar\u201d.<\/p>\n\n\n\n<figure class=\"wp-block-image\"><img decoding=\"async\" src=\"https:\/\/www.ufsm.br\/app\/uploads\/sites\/516\/2022\/04\/4-1024x355.png\" alt=\"\" class=\"wp-image-957\" \/><\/figure>\n\n\n\n<p>5.&nbsp;Escolher o documento e \u201cadicionar\u201d.<\/p>\n\n\n\n<figure class=\"wp-block-image\"><img decoding=\"async\" src=\"https:\/\/www.ufsm.br\/app\/uploads\/sites\/516\/2022\/04\/5-1.jpg\" alt=\"\" class=\"wp-image-958\" \/><\/figure>\n\n\n\n<p>6. Salvar.<\/p>\n\n\n\n<figure class=\"wp-block-image\"><img decoding=\"async\" src=\"https:\/\/www.ufsm.br\/app\/uploads\/sites\/516\/2022\/04\/6-1.jpg\" alt=\"\" class=\"wp-image-959\" \/><\/figure>\n\n\n\n<p>7. Escolher o v\u00ednculo, colocar a senha e clicar em \u201cok\u201d.<\/p>\n\n\n\n<figure class=\"wp-block-image\"><img decoding=\"async\" src=\"https:\/\/www.ufsm.br\/app\/uploads\/sites\/516\/2022\/04\/7-1.jpg\" alt=\"\" class=\"wp-image-960\" \/><\/figure>\n\n\n\n<p>8.&nbsp;Tramitar.<\/p>\n\n\n\n<figure class=\"wp-block-image\"><img decoding=\"async\" src=\"https:\/\/www.ufsm.br\/app\/uploads\/sites\/516\/2022\/04\/8-1.jpg\" alt=\"\" class=\"wp-image-961\" \/><\/figure>\n\n\n\n<p>9. Escolher: \u201cencaminha para unidade\u201d e \u201cCURSO-PROGRAMA PG EM CI\u00caNCIAS DO MOVIMENTO E REABILITA\u00c7\u00c3O\u201d ou \u201cencaminha para servidor\u201d e \u201cnome do orientador\/pessoa\u201d. Escrever o despacho. Clicar em \u201ctramitar\u201d.<\/p>\n\n\n\n<figure class=\"wp-block-image size-full\"><img decoding=\"async\" width=\"1024\" height=\"476\" src=\"https:\/\/www.ufsm.br\/app\/uploads\/sites\/874\/2022\/06\/Sem-titulo2.jpg\" alt=\"\" class=\"wp-image-280\" srcset=\"https:\/\/www.ufsm.br\/app\/uploads\/sites\/874\/2022\/06\/Sem-titulo2.jpg 1024w, https:\/\/www.ufsm.br\/app\/uploads\/sites\/874\/2022\/06\/Sem-titulo2-300x139.jpg 300w, https:\/\/www.ufsm.br\/app\/uploads\/sites\/874\/2022\/06\/Sem-titulo2-768x357.jpg 768w\" sizes=\"(max-width: 1024px) 100vw, 1024px\" \/><\/figure>\n","protected":false},"excerpt":{"rendered":"<p>1. Acessar o portal do aluno informando o Login (matr\u00edcula) e senha. 2. Clicar em \u201ccaixa postal\u201d,&nbsp;no n\u00famero do processo e depois em \u201cabrir\u201d. 3. Clicar&nbsp;em \u201ca\u00e7\u00f5es\u201d e depois&nbsp;em \u201cinserir documentos\u201d. 4. Clicar em \u201cadicionar\u201d e \u201cenviar\u201d. 5.&nbsp;Escolher o documento e \u201cadicionar\u201d. 6. Salvar. 7. Escolher o v\u00ednculo, colocar a senha e clicar em \u201cok\u201d. [&hellip;]<\/p>\n","protected":false},"author":878,"featured_media":0,"parent":0,"menu_order":0,"comment_status":"closed","ping_status":"closed","template":"","meta":{"footnotes":""},"categories":[],"tags":[],"class_list":["post-281","page","type-page","status-publish","hentry"],"acf":[],"_links":{"self":[{"href":"https:\/\/www.ufsm.br\/cursos\/pos-graduacao\/santa-maria\/ppgcmr\/wp-json\/wp\/v2\/pages\/281","targetHints":{"allow":["GET"]}}],"collection":[{"href":"https:\/\/www.ufsm.br\/cursos\/pos-graduacao\/santa-maria\/ppgcmr\/wp-json\/wp\/v2\/pages"}],"about":[{"href":"https:\/\/www.ufsm.br\/cursos\/pos-graduacao\/santa-maria\/ppgcmr\/wp-json\/wp\/v2\/types\/page"}],"author":[{"embeddable":true,"href":"https:\/\/www.ufsm.br\/cursos\/pos-graduacao\/santa-maria\/ppgcmr\/wp-json\/wp\/v2\/users\/878"}],"replies":[{"embeddable":true,"href":"https:\/\/www.ufsm.br\/cursos\/pos-graduacao\/santa-maria\/ppgcmr\/wp-json\/wp\/v2\/comments?post=281"}],"version-history":[{"count":0,"href":"https:\/\/www.ufsm.br\/cursos\/pos-graduacao\/santa-maria\/ppgcmr\/wp-json\/wp\/v2\/pages\/281\/revisions"}],"wp:attachment":[{"href":"https:\/\/www.ufsm.br\/cursos\/pos-graduacao\/santa-maria\/ppgcmr\/wp-json\/wp\/v2\/media?parent=281"}],"wp:term":[{"taxonomy":"category","embeddable":true,"href":"https:\/\/www.ufsm.br\/cursos\/pos-graduacao\/santa-maria\/ppgcmr\/wp-json\/wp\/v2\/categories?post=281"},{"taxonomy":"post_tag","embeddable":true,"href":"https:\/\/www.ufsm.br\/cursos\/pos-graduacao\/santa-maria\/ppgcmr\/wp-json\/wp\/v2\/tags?post=281"}],"curies":[{"name":"wp","href":"https:\/\/api.w.org\/{rel}","templated":true}]}}