{"id":282,"date":"2022-06-22T17:14:54","date_gmt":"2022-06-22T20:14:54","guid":{"rendered":"https:\/\/www.ufsm.br\/cursos\/pos-graduacao\/santa-maria\/ppgcmr\/?page_id=282"},"modified":"2024-12-09T09:56:46","modified_gmt":"2024-12-09T12:56:46","slug":"coorientacao","status":"publish","type":"page","link":"https:\/\/www.ufsm.br\/cursos\/pos-graduacao\/santa-maria\/ppgcmr\/coorientacao","title":{"rendered":"Coorienta\u00e7\u00e3o"},"content":{"rendered":"\n<p>Primeiramente o aluno precisar\u00e1 assinar o termo de concord\u00e2ncia de assinatura eletr\u00f4nica conforme tutorial a seguir:&nbsp;<a href=\"https:\/\/www.ufsm.br\/app\/uploads\/sites\/416\/2020\/04\/Passo-a-passo-termo-assinatura-eletronica-PEN-SIE.pdf\">https:\/\/www.ufsm.br\/app\/uploads\/sites\/416\/2020\/04\/Passo-a-passo-termo-assinatura-eletronica-PEN-SIE.pdf<\/a>&nbsp;, caso ainda n\u00e3o tenha.<\/p>\n\n\n\n<p>Caso o Coorientador pretendido&nbsp;n\u00e3o&nbsp;seja da UFSM e n\u00e3o tenha cadastro como usu\u00e1rio externo, precisar\u00e1 fazer o cadastro&nbsp;clicando no link&nbsp;<a href=\"https:\/\/www.ufsm.br\/orgaos-suplementares\/dag\/pen\/servicos\/cadastro-de-usuarios-externos\/\">https:\/\/www.ufsm.br\/orgaos-suplementares\/dag\/pen\/servicos\/cadastro-de-usuarios-externos\/<\/a>&nbsp;e no bot\u00e3o \u201csolicitar servi\u00e7o\u201d. Ap\u00f3s o recebimento da confirma\u00e7\u00e3o do cadastro precisar\u00e1&nbsp;concordar com o termo de assinatura eletr\u00f4nica,&nbsp;conforme tutorial&nbsp;<a href=\"https:\/\/www.ufsm.br\/app\/uploads\/sites\/416\/2020\/04\/Passo-a-passo-termo-assinatura-eletronica-PEN-SIE.pdf\">https:\/\/www.ufsm.br\/app\/uploads\/sites\/416\/2020\/04\/Passo-a-passo-termo-assinatura-eletronica-PEN-SIE.pdf<\/a>.<\/p>\n\n\n\n<p>Ap\u00f3s obter a confirma\u00e7\u00e3o da assinatura eletr\u00f4nica, o aluno deve abrir o processo eletr\u00f4nico de Processo de&nbsp;Coorienta\u00e7\u00e3o&nbsp;no portal de processos:&nbsp;<a href=\"https:\/\/portal.ufsm.br\/documentos\/login.html\">https:\/\/portal.ufsm.br\/documentos\/login.html<\/a><br>O aluno precisar\u00e1 entrar com login (matr\u00edcula) e senha (senha do portal do aluno),&nbsp;clicando em \u201can\u00f4nimo\u201d e \u201cLogin\u201d<\/p>\n\n\n\n<figure class=\"wp-block-image\"><img decoding=\"async\" src=\"https:\/\/www.ufsm.br\/app\/uploads\/sites\/516\/2022\/05\/1-1.jpg\" alt=\"\" class=\"wp-image-983\" \/><\/figure>\n\n\n\n<figure class=\"wp-block-image\"><img decoding=\"async\" src=\"https:\/\/www.ufsm.br\/app\/uploads\/sites\/516\/2022\/05\/2-1.jpg\" alt=\"\" class=\"wp-image-984\" \/><\/figure>\n\n\n\n<p><strong>PARA ABERTURA DO PROCESSO PELO ALUNO<\/strong><\/p>\n\n\n\n<p>1.&nbsp;Clicar em \u201cNovo\u201d e \u201cProcesso\u201d<\/p>\n\n\n\n<figure class=\"wp-block-image\"><img decoding=\"async\" src=\"https:\/\/www.ufsm.br\/app\/uploads\/sites\/516\/2022\/05\/3-1.jpg\" alt=\"\" class=\"wp-image-985\" \/><\/figure>\n\n\n\n<p><br>2. Escolher o \u201cTipo documental\u201d do processo: \u201cProcesso de coorienta\u00e7\u00e3o para aluno de mestrado\/doutorado (134.331)\u201d.<\/p>\n\n\n\n<p>\u2013&nbsp;No campo&nbsp;proced\u00eancia aparecer\u00e1 o nome do aluno.<br>\u2013 O aluno pode complementar a descri\u00e7\u00e3o, se quiser, e clicar em salvar.<\/p>\n\n\n\n<figure class=\"wp-block-image\"><img decoding=\"async\" src=\"https:\/\/www.ufsm.br\/app\/uploads\/sites\/516\/2022\/05\/4.png\" alt=\"\" class=\"wp-image-986\" \/><\/figure>\n\n\n\n<p>3. Clicar em \u201cAdicionar\u201d e \u201cenviar\u201d para anexar ao processo a solicita\u00e7\u00e3o de coorienta\u00e7\u00e3o, contendo justificativa, em formato PDF, conforme\u00a0<a href=\"https:\/\/www.ufsm.br\/app\/uploads\/sites\/874\/2023\/04\/Solicitacao_Coorientacao-2.docx\" data-type=\"page\" data-id=\"416\">modelo<\/a>.<\/p>\n\n\n\n<figure class=\"wp-block-image\"><img decoding=\"async\" src=\"https:\/\/www.ufsm.br\/app\/uploads\/sites\/516\/2022\/05\/5.png\" alt=\"\" class=\"wp-image-987\" \/><\/figure>\n\n\n\n<p>4. No tipo documental escrever: Solicita\u00e7\u00e3o de coorienta\u00e7\u00e3o de aluno de mestrado\/doutorado\u201d. Escolher o documento, marcar: \u201cgerado eletronicamente\u201d, \u201csem autentica\u00e7\u00e3o\u201d; \u201cassinar o documento?\u201d marcar \u201csim\u201d e clicar em \u201cadicionar\u201d.<\/p>\n\n\n\n<figure class=\"wp-block-image\"><img decoding=\"async\" src=\"https:\/\/www.ufsm.br\/app\/uploads\/sites\/516\/2022\/05\/6.png\" alt=\"\" class=\"wp-image-988\" \/><\/figure>\n\n\n\n<p>5. Fazer o mesmo procedimento para incluir o curriculo lattes do coorientador pretendido<\/p>\n\n\n\n<figure class=\"wp-block-image\"><img decoding=\"async\" src=\"https:\/\/www.ufsm.br\/app\/uploads\/sites\/516\/2022\/05\/7.png\" alt=\"\" class=\"wp-image-989\" \/><\/figure>\n\n\n\n<p>6. Depois de incluir todos os documentos, o aluno deve clicar em salvar.<\/p>\n\n\n\n<figure class=\"wp-block-image\"><img decoding=\"async\" src=\"https:\/\/www.ufsm.br\/app\/uploads\/sites\/516\/2022\/05\/8-1.jpg\" alt=\"\" class=\"wp-image-990\" \/><\/figure>\n\n\n\n<p>7. Inserir o v\u00ednculo (discente) e a senha do portal do aluno e clicar em \u201cok\u201d.<\/p>\n\n\n\n<figure class=\"wp-block-image\"><img decoding=\"async\" src=\"https:\/\/www.ufsm.br\/app\/uploads\/sites\/516\/2022\/05\/9.jpg\" alt=\"\" class=\"wp-image-991\" \/><\/figure>\n\n\n\n<p>8. Clicar em \u201ctramitar\u201d<\/p>\n\n\n\n<figure class=\"wp-block-image\"><img decoding=\"async\" src=\"https:\/\/www.ufsm.br\/app\/uploads\/sites\/516\/2022\/05\/10.png\" alt=\"\" class=\"wp-image-992\" \/><\/figure>\n\n\n\n<p>9. Em \u201cpr\u00f3ximo passo\u201d, o \u201cDestino inicial\u201d ser\u00e1 a divis\u00e3o de protocolo. No \u201cDespacho\u201d, digitar \u201cEncaminhar para o professor (nome do orientador do aluno)\u201d. Clicar em \u201cTramitar\u201d.<\/p>\n\n\n\n<figure class=\"wp-block-image\"><img decoding=\"async\" src=\"https:\/\/www.ufsm.br\/app\/uploads\/sites\/516\/2022\/05\/11.png\" alt=\"\" class=\"wp-image-993\" \/><\/figure>\n\n\n\n<p><br><strong>PARA TRAMITA\u00c7\u00c3O PELO ORIENTADOR<\/strong><br>\u2013 O orientador deve assinar o documento \u201cSolicita\u00e7\u00e3o de Coorienta\u00e7\u00e3o\u201d&nbsp;inclu\u00eddo pelo aluno, clicar em tramitar e escrever no despacho que est\u00e1 de acordo com a solicita\u00e7\u00e3o.<\/p>\n\n\n\n<p>\u2013 O processo deve ser tramitado para&nbsp;o coorientador pretendido.<\/p>\n\n\n\n<p><strong>PARA TRAMITA\u00c7\u00c3O PELO&nbsp;<\/strong><strong>CO<\/strong><strong>ORIENTADOR&nbsp;<\/strong><strong>PRETENDIDO<\/strong><\/p>\n\n\n\n<p>\u2013&nbsp;O&nbsp;coorientador pretendido&nbsp;precisar\u00e1 acessar a&nbsp;<a href=\"https:\/\/portal.ufsm.br\/caixapostal\/index.html\">caixa postal da UFSM<\/a>,&nbsp;assinar o documento \u201cSolicita\u00e7\u00e3o de Coorienta\u00e7\u00e3o\u201d&nbsp;inclu\u00eddo pelo aluno, clicar em tramitar e escrever no despacho que est\u00e1 de acordo com a solicita\u00e7\u00e3o.<br>\u2013 O processo deve ser tramitado para unidade CURSO-PROGRAMA PG EM CI\u00caNCIAS DO MOVIMENTO E REABILITA\u00c7\u00c3O (C\u00f3digo 09.10.07.00.0.0).<\/p>\n","protected":false},"excerpt":{"rendered":"<p>Primeiramente o aluno precisar\u00e1 assinar o termo de concord\u00e2ncia de assinatura eletr\u00f4nica conforme tutorial a seguir:&nbsp;https:\/\/www.ufsm.br\/app\/uploads\/sites\/416\/2020\/04\/Passo-a-passo-termo-assinatura-eletronica-PEN-SIE.pdf&nbsp;, caso ainda n\u00e3o tenha. Caso o Coorientador pretendido&nbsp;n\u00e3o&nbsp;seja da UFSM e n\u00e3o tenha cadastro como usu\u00e1rio externo, precisar\u00e1 fazer o cadastro&nbsp;clicando no link&nbsp;https:\/\/www.ufsm.br\/orgaos-suplementares\/dag\/pen\/servicos\/cadastro-de-usuarios-externos\/&nbsp;e no bot\u00e3o \u201csolicitar servi\u00e7o\u201d. Ap\u00f3s o recebimento da confirma\u00e7\u00e3o do cadastro precisar\u00e1&nbsp;concordar com o termo de [&hellip;]<\/p>\n","protected":false},"author":878,"featured_media":0,"parent":0,"menu_order":0,"comment_status":"closed","ping_status":"closed","template":"","meta":{"footnotes":""},"categories":[],"tags":[],"class_list":["post-282","page","type-page","status-publish","hentry"],"acf":[],"_links":{"self":[{"href":"https:\/\/www.ufsm.br\/cursos\/pos-graduacao\/santa-maria\/ppgcmr\/wp-json\/wp\/v2\/pages\/282","targetHints":{"allow":["GET"]}}],"collection":[{"href":"https:\/\/www.ufsm.br\/cursos\/pos-graduacao\/santa-maria\/ppgcmr\/wp-json\/wp\/v2\/pages"}],"about":[{"href":"https:\/\/www.ufsm.br\/cursos\/pos-graduacao\/santa-maria\/ppgcmr\/wp-json\/wp\/v2\/types\/page"}],"author":[{"embeddable":true,"href":"https:\/\/www.ufsm.br\/cursos\/pos-graduacao\/santa-maria\/ppgcmr\/wp-json\/wp\/v2\/users\/878"}],"replies":[{"embeddable":true,"href":"https:\/\/www.ufsm.br\/cursos\/pos-graduacao\/santa-maria\/ppgcmr\/wp-json\/wp\/v2\/comments?post=282"}],"version-history":[{"count":0,"href":"https:\/\/www.ufsm.br\/cursos\/pos-graduacao\/santa-maria\/ppgcmr\/wp-json\/wp\/v2\/pages\/282\/revisions"}],"wp:attachment":[{"href":"https:\/\/www.ufsm.br\/cursos\/pos-graduacao\/santa-maria\/ppgcmr\/wp-json\/wp\/v2\/media?parent=282"}],"wp:term":[{"taxonomy":"category","embeddable":true,"href":"https:\/\/www.ufsm.br\/cursos\/pos-graduacao\/santa-maria\/ppgcmr\/wp-json\/wp\/v2\/categories?post=282"},{"taxonomy":"post_tag","embeddable":true,"href":"https:\/\/www.ufsm.br\/cursos\/pos-graduacao\/santa-maria\/ppgcmr\/wp-json\/wp\/v2\/tags?post=282"}],"curies":[{"name":"wp","href":"https:\/\/api.w.org\/{rel}","templated":true}]}}