{"id":283,"date":"2022-06-22T17:21:03","date_gmt":"2022-06-22T20:21:03","guid":{"rendered":"https:\/\/www.ufsm.br\/cursos\/pos-graduacao\/santa-maria\/ppgcmr\/?page_id=283"},"modified":"2022-06-22T17:21:05","modified_gmt":"2022-06-22T20:21:05","slug":"acompanhamento-de-processos","status":"publish","type":"page","link":"https:\/\/www.ufsm.br\/cursos\/pos-graduacao\/santa-maria\/ppgcmr\/acompanhamento-de-processos","title":{"rendered":"Acompanhamento de processos"},"content":{"rendered":"\n<p>1. Acessar o portal de processos da UFSM clicando no link&nbsp;<a href=\"https:\/\/portal.ufsm.br\/documentos\/mainMenu.html\">https:\/\/portal.ufsm.br\/documentos\/mainMenu.html<\/a>&nbsp;.<\/p>\n\n\n\n<p>2. Clicar&nbsp;no bot\u00e3o processos.<\/p>\n\n\n\n<figure class=\"wp-block-image\"><img decoding=\"async\" src=\"https:\/\/www.ufsm.br\/app\/uploads\/sites\/516\/2022\/06\/1.png\" alt=\"\" class=\"wp-image-1000\" \/><\/figure>\n\n\n\n<p>3.&nbsp;Digitar o n\u00famero do processo ou o nome do interessado e clicar em \u201cpesquisar\u201d.<\/p>\n\n\n\n<figure class=\"wp-block-image\"><img decoding=\"async\" src=\"https:\/\/www.ufsm.br\/app\/uploads\/sites\/516\/2022\/06\/2.png\" alt=\"\" class=\"wp-image-1001\" \/><\/figure>\n\n\n\n<p>4. Clicar no bot\u00e3o com o desenho da pasta para acessar as informa\u00e7\u00f5es do processo escolhido.<\/p>\n\n\n\n<figure class=\"wp-block-image\"><img decoding=\"async\" src=\"https:\/\/www.ufsm.br\/app\/uploads\/sites\/516\/2022\/06\/3.png\" alt=\"\" class=\"wp-image-1002\" \/><\/figure>\n\n\n\n<p>5.&nbsp;Nesta p\u00e1gina voc\u00ea ver\u00e1 algumas informa\u00e7\u00f5es sobre o processo, como situa\u00e7\u00e3o e movimenta\u00e7\u00e3o atual.<\/p>\n\n\n\n<figure class=\"wp-block-image\"><img decoding=\"async\" src=\"https:\/\/www.ufsm.br\/app\/uploads\/sites\/516\/2022\/06\/4.png\" alt=\"\" class=\"wp-image-1003\" \/><\/figure>\n\n\n\n<p>6. Clicar na seta ao lado de tramita\u00e7\u00f5es, para ver os encaminhamentos dados pelos setores por onde o processo passou, ou de documentos inseridos, para ver quais documentos constam no processo.<\/p>\n\n\n\n<figure class=\"wp-block-image\"><img decoding=\"async\" src=\"https:\/\/www.ufsm.br\/app\/uploads\/sites\/516\/2022\/06\/5.png\" alt=\"\" class=\"wp-image-1004\" \/><\/figure>\n\n\n\n<p>7. Como o processo n\u00e3o est\u00e1 na sua caixa postal, voc\u00ea poder\u00e1 ver os documentos que n\u00e3o estiverem com restri\u00e7\u00e3o de acesso e os despachos de tramita\u00e7\u00e3o, clicando no nome do documento, que aparece na cor azul.<\/p>\n\n\n\n<figure class=\"wp-block-image\"><img decoding=\"async\" src=\"https:\/\/www.ufsm.br\/app\/uploads\/sites\/516\/2022\/06\/6.png\" alt=\"\" class=\"wp-image-1005\" \/><\/figure>\n\n\n\n<p>8.&nbsp;Clicando em algum despacho de tramita\u00e7\u00e3o, voc\u00ea poder\u00e1 ver o que o setor escreveu sobre o processo.<\/p>\n\n\n\n<figure class=\"wp-block-image\"><img decoding=\"async\" src=\"https:\/\/www.ufsm.br\/app\/uploads\/sites\/516\/2022\/06\/7.jpg\" alt=\"\" class=\"wp-image-1006\" \/><\/figure>\n\n\n\n<p>9.&nbsp;Nas tramita\u00e7\u00f5es, clicando no bot\u00e3o com desenho do envelope, ao lado de cada etapa de tramita\u00e7\u00e3o, voc\u00ea poder\u00e1 ver o mesmo despacho, de cada setor por onde o documento passou.<\/p>\n\n\n\n<figure class=\"wp-block-image\"><img decoding=\"async\" src=\"https:\/\/www.ufsm.br\/app\/uploads\/sites\/516\/2022\/06\/8.png\" alt=\"\" class=\"wp-image-1007\" \/><\/figure>\n\n\n\n<p><\/p>\n","protected":false},"excerpt":{"rendered":"<p>1. Acessar o portal de processos da UFSM clicando no link&nbsp;https:\/\/portal.ufsm.br\/documentos\/mainMenu.html&nbsp;. 2. Clicar&nbsp;no bot\u00e3o processos. 3.&nbsp;Digitar o n\u00famero do processo ou o nome do interessado e clicar em \u201cpesquisar\u201d. 4. Clicar no bot\u00e3o com o desenho da pasta para acessar as informa\u00e7\u00f5es do processo escolhido. 5.&nbsp;Nesta p\u00e1gina voc\u00ea ver\u00e1 algumas informa\u00e7\u00f5es sobre o processo, como [&hellip;]<\/p>\n","protected":false},"author":878,"featured_media":0,"parent":0,"menu_order":0,"comment_status":"closed","ping_status":"closed","template":"","meta":{"footnotes":""},"categories":[],"tags":[],"class_list":["post-283","page","type-page","status-publish","hentry"],"acf":[],"_links":{"self":[{"href":"https:\/\/www.ufsm.br\/cursos\/pos-graduacao\/santa-maria\/ppgcmr\/wp-json\/wp\/v2\/pages\/283","targetHints":{"allow":["GET"]}}],"collection":[{"href":"https:\/\/www.ufsm.br\/cursos\/pos-graduacao\/santa-maria\/ppgcmr\/wp-json\/wp\/v2\/pages"}],"about":[{"href":"https:\/\/www.ufsm.br\/cursos\/pos-graduacao\/santa-maria\/ppgcmr\/wp-json\/wp\/v2\/types\/page"}],"author":[{"embeddable":true,"href":"https:\/\/www.ufsm.br\/cursos\/pos-graduacao\/santa-maria\/ppgcmr\/wp-json\/wp\/v2\/users\/878"}],"replies":[{"embeddable":true,"href":"https:\/\/www.ufsm.br\/cursos\/pos-graduacao\/santa-maria\/ppgcmr\/wp-json\/wp\/v2\/comments?post=283"}],"version-history":[{"count":0,"href":"https:\/\/www.ufsm.br\/cursos\/pos-graduacao\/santa-maria\/ppgcmr\/wp-json\/wp\/v2\/pages\/283\/revisions"}],"wp:attachment":[{"href":"https:\/\/www.ufsm.br\/cursos\/pos-graduacao\/santa-maria\/ppgcmr\/wp-json\/wp\/v2\/media?parent=283"}],"wp:term":[{"taxonomy":"category","embeddable":true,"href":"https:\/\/www.ufsm.br\/cursos\/pos-graduacao\/santa-maria\/ppgcmr\/wp-json\/wp\/v2\/categories?post=283"},{"taxonomy":"post_tag","embeddable":true,"href":"https:\/\/www.ufsm.br\/cursos\/pos-graduacao\/santa-maria\/ppgcmr\/wp-json\/wp\/v2\/tags?post=283"}],"curies":[{"name":"wp","href":"https:\/\/api.w.org\/{rel}","templated":true}]}}