{"id":284,"date":"2022-07-04T12:48:21","date_gmt":"2022-07-04T15:48:21","guid":{"rendered":"https:\/\/www.ufsm.br\/cursos\/pos-graduacao\/santa-maria\/ppgcmr\/?page_id=284"},"modified":"2022-07-04T13:03:45","modified_gmt":"2022-07-04T16:03:45","slug":"docencia-orientada","status":"publish","type":"page","link":"https:\/\/www.ufsm.br\/cursos\/pos-graduacao\/santa-maria\/ppgcmr\/docencia-orientada","title":{"rendered":"Doc\u00eancia Orientada"},"content":{"rendered":"\t\t<div data-elementor-type=\"wp-page\" data-elementor-id=\"284\" class=\"elementor elementor-284\">\n\t\t\t\t\t\t<section class=\"elementor-section elementor-top-section elementor-element elementor-element-2bb63167 elementor-section-boxed elementor-section-height-default elementor-section-height-default\" data-id=\"2bb63167\" data-element_type=\"section\">\n\t\t\t\t\t\t<div class=\"elementor-container elementor-column-gap-default\">\n\t\t\t\t\t<div class=\"elementor-column elementor-col-100 elementor-top-column elementor-element elementor-element-3827ad48\" data-id=\"3827ad48\" data-element_type=\"column\">\n\t\t\t<div class=\"elementor-widget-wrap elementor-element-populated\">\n\t\t\t\t\t\t<div class=\"elementor-element elementor-element-785158fc elementor-widget elementor-widget-text-editor\" data-id=\"785158fc\" data-element_type=\"widget\" data-widget_type=\"text-editor.default\">\n\t\t\t\t<div class=\"elementor-widget-container\">\n\t\t\t\t\t\t\t<p><!-- wp:paragraph --><\/p>\n<p><strong>INSTRU\u00c7\u00d5ES<\/strong><\/p>\n<p><!-- \/wp:paragraph --><\/p>\n<p><!-- wp:paragraph --><\/p>\n<p>Primeiramente o aluno precisar\u00e1 assinar o termo de concord\u00e2ncia de assinatura eletr\u00f4nica conforme tutorial a seguir:&nbsp;<a href=\"https:\/\/www.ufsm.br\/app\/uploads\/sites\/416\/2020\/04\/Passo-a-passo-termo-assinatura-eletronica-PEN-SIE.pdf\">https:\/\/www.ufsm.br\/app\/uploads\/sites\/416\/2020\/04\/Passo-a-passo-termo-assinatura-eletronica-PEN-SIE.pdf<\/a>&nbsp;, caso ainda n\u00e3o tenha.<\/p>\n<p><!-- \/wp:paragraph --><\/p>\n<p><!-- wp:paragraph --><\/p>\n<p>Ap\u00f3s obter a confirma\u00e7\u00e3o da assinatura eletr\u00f4nica, o aluno deve abrir o processo eletr\u00f4nico de Doc\u00eancia Orientada no portal de processos:&nbsp;<a href=\"https:\/\/portal.ufsm.br\/documentos\/login.html\">https:\/\/portal.ufsm.br\/documentos\/login.html<\/a><br>O aluno precisar\u00e1 entrar com login (matr\u00edcula) e senha (senha do portal do aluno).<\/p>\n<p><!-- \/wp:paragraph --><\/p>\n<p><!-- wp:paragraph --><\/p>\n<p><strong>PARA ABERTURA DO PROCESSO PELO ALUNO<\/strong><\/p>\n<p><!-- \/wp:paragraph --><\/p>\n<p><!-- wp:paragraph --><\/p>\n<p>1. Clicar em \u201cNovo\u201d e \u201cProcesso\u201d<\/p>\n<p><!-- \/wp:paragraph --><\/p>\n<p><!-- wp:image --><\/p>\n<figure><img decoding=\"async\" src=\"https:\/\/www.ufsm.br\/app\/uploads\/sites\/516\/2022\/04\/1-1024x349.jpg\" alt=\"\"><\/figure>\n<p><!-- \/wp:image --><\/p>\n<p><!-- wp:paragraph --><\/p>\n<p>2. Escolher o Tipo documental \u201cProcesso de doc\u00eancia orientada (134.31)\u201d.<\/p>\n<p><!-- \/wp:paragraph --><\/p>\n<p><!-- wp:paragraph --><\/p>\n<p>\u2013&nbsp;No campo&nbsp;proced\u00eancia aparecer\u00e1 o nome do aluno.<br>\u2013 O aluno pode complementar a descri\u00e7\u00e3o, se quiser, e clicar em salvar.<\/p>\n<p><!-- \/wp:paragraph --><\/p>\n<p><!-- wp:image --><\/p>\n<figure><img decoding=\"async\" src=\"https:\/\/www.ufsm.br\/app\/uploads\/sites\/516\/2022\/04\/2.jpg\" alt=\"\"><\/figure>\n<p><!-- \/wp:image --><\/p>\n<p><!-- wp:paragraph --><\/p>\n<p>3.&nbsp;Anexar ao processo clicando em \u201cadicionar\u201d e \u201cenviar\u201d:<br>1) Requerimento de doc\u00eancia orientada no tipo de documento \u201cSolicita\u00e7\u00e3o de doc\u00eancia orientada de mestrado\/doutorado\u201d, seguindo o&nbsp;<a href=\"https:\/\/www.ufsm.br\/app\/uploads\/sites\/874\/2022\/07\/Solicitacao_Docen_orient.docx\"><u><b>Modelo<\/b><\/u><\/a><\/p>\n<p><!-- \/wp:paragraph --><\/p>\n<p><!-- wp:paragraph --><\/p>\n<p>2) Plano de doc\u00eancia orientada, o qual dever\u00e1 conter: os assuntos do plano de estudo que ser\u00e3o abordados; data e hor\u00e1rio em que a aula ocorrer\u00e1; dura\u00e7\u00e3o da aula. Inserir no tipo \u201cPlano de doc\u00eancia orientada de mestrado\/doutorado\u201d.<\/p>\n<p><!-- \/wp:paragraph --><\/p>\n<p><!-- wp:image --><\/p>\n<figure><img decoding=\"async\" src=\"https:\/\/www.ufsm.br\/app\/uploads\/sites\/516\/2022\/04\/3-1024x355.png\" alt=\"\"><\/figure>\n<p><!-- \/wp:image --><\/p>\n<p><!-- wp:paragraph --><\/p>\n<p>3) Plano de ensino\/ementa da disciplina na qual realizar\u00e1 a doc\u00eancia no tipo de documento no tipo \u201cEmenta de disciplinas de mestrado\/doutorado (132.3)\u201d \u2013&nbsp;<span style=\"text-align: var(--bs-body-text-align)\"><a href=\"https:\/\/www.ufsm.br\/app\/uploads\/sites\/874\/2022\/07\/Plano-de-atividades-docencia.docx\"><b><u>Modelo de plano de atividades<\/u><\/b><\/a><\/span><\/p>\n<p><!-- \/wp:paragraph --><\/p>\n<p><!-- wp:image {\"id\":964} --><\/p>\n<figure><img decoding=\"async\" src=\"https:\/\/www.ufsm.br\/app\/uploads\/sites\/516\/2022\/04\/1.png\" alt=\"\"><\/figure>\n<p><!-- \/wp:image --><\/p>\n<p><!-- wp:image {\"id\":965} --><\/p>\n<figure><img decoding=\"async\" src=\"https:\/\/www.ufsm.br\/app\/uploads\/sites\/516\/2022\/04\/2-1.png\" alt=\"\"><\/figure>\n<p><!-- \/wp:image --><\/p>\n<p><!-- wp:paragraph --><\/p>\n<p><strong>*Todos os documentos devem estar em formato PDF;<\/strong><\/p>\n<p><!-- \/wp:paragraph --><\/p>\n<p><!-- wp:paragraph --><\/p>\n<p>Obs: o relat\u00f3rio de doc\u00eancia orientada ser\u00e1 elaborado pelo aluno e inserido ap\u00f3s a realiza\u00e7\u00e3o da doc\u00eancia.<\/p>\n<p><!-- \/wp:paragraph --><\/p>\n<p><!-- wp:paragraph --><\/p>\n<p>4.&nbsp;marcar: \u201cgerado eletronicamente\u201d, \u201csem autentica\u00e7\u00e3o\u201d, assinar o documento? marcar \u201csim\u201d e clicar em adicionar.<\/p>\n<p><!-- \/wp:paragraph --><\/p>\n<p><!-- wp:image --><\/p>\n<figure><img decoding=\"async\" src=\"https:\/\/www.ufsm.br\/app\/uploads\/sites\/516\/2022\/04\/4.jpg\" alt=\"\"><\/figure>\n<p><!-- \/wp:image --><\/p>\n<p><!-- wp:paragraph --><\/p>\n<p>5.&nbsp;Depois de incluir todos os documentos, clicar em \u201csalvar\u201d, inserir o v\u00ednculo (discente) e a senha do portal do aluno e clicar em \u201cok\u201d.<\/p>\n<p><!-- \/wp:paragraph --><\/p>\n<p><!-- wp:image --><\/p>\n<figure><img decoding=\"async\" src=\"https:\/\/www.ufsm.br\/app\/uploads\/sites\/516\/2022\/04\/5.jpg\" alt=\"\"><\/figure>\n<p><!-- \/wp:image --><\/p>\n<p><!-- wp:image --><\/p>\n<figure><img decoding=\"async\" src=\"https:\/\/www.ufsm.br\/app\/uploads\/sites\/516\/2022\/04\/6.jpg\" alt=\"\"><\/figure>\n<p><!-- \/wp:image --><\/p>\n<p><!-- wp:paragraph --><\/p>\n<p>6.&nbsp;Clicar em \u201ctramitar\u201d escrevendo no despacho \u201csolicito encaminhamento do processo ao professor (nome do orientador do aluno)\u201d. Ele ser\u00e1 encaminhado para o destino inicial, que \u00e9 o protocolo da UFSM.<\/p>\n<p><!-- \/wp:paragraph --><\/p>\n<p><!-- wp:image --><\/p>\n<figure><img decoding=\"async\" src=\"https:\/\/www.ufsm.br\/app\/uploads\/sites\/516\/2022\/04\/7.jpg\" alt=\"\"><\/figure>\n<p><!-- \/wp:image --><\/p>\n<p><!-- wp:image --><\/p>\n<figure><img decoding=\"async\" src=\"https:\/\/www.ufsm.br\/app\/uploads\/sites\/516\/2022\/04\/8.jpg\" alt=\"\"><\/figure>\n<p><!-- \/wp:image --><\/p>\n<p><!-- wp:paragraph --><\/p>\n<p><strong>PARA TRAMITA\u00c7\u00c3O PELO ORIENTADOR<\/strong><br>\u2013 O orientador deve assinar o documento Solicita\u00e7\u00e3o de doc\u00eancia orientada de mestrado\/doutorado inclu\u00eddo pelo aluno, clicar em tramitar e escrever no despacho que est\u00e1 de acordo com a solicita\u00e7\u00e3o.<br>\u2013 O processo deve ser tramitado para unidade CURSO-PROGRAMA PG EM CI\u00caNCIAS DO MOVIMENTO E REABILITA\u00c7\u00c3O (C\u00f3digo 09.10.07.00.0.0).<\/p>\n<p><!-- \/wp:paragraph --><\/p>\t\t\t\t\t\t<\/div>\n\t\t\t\t<\/div>\n\t\t\t\t\t<\/div>\n\t\t<\/div>\n\t\t\t\t\t<\/div>\n\t\t<\/section>\n\t\t\t\t<\/div>\n\t\t","protected":false},"excerpt":{"rendered":"<p>INSTRU\u00c7\u00d5ES Primeiramente o aluno precisar\u00e1 assinar o termo de concord\u00e2ncia de assinatura eletr\u00f4nica conforme tutorial a seguir:&nbsp;https:\/\/www.ufsm.br\/app\/uploads\/sites\/416\/2020\/04\/Passo-a-passo-termo-assinatura-eletronica-PEN-SIE.pdf&nbsp;, caso ainda n\u00e3o tenha. Ap\u00f3s obter a confirma\u00e7\u00e3o da assinatura eletr\u00f4nica, o aluno deve abrir o processo eletr\u00f4nico de Doc\u00eancia Orientada no portal de processos:&nbsp;https:\/\/portal.ufsm.br\/documentos\/login.htmlO aluno precisar\u00e1 entrar com login (matr\u00edcula) e senha (senha do portal do aluno). [&hellip;]<\/p>\n","protected":false},"author":878,"featured_media":0,"parent":0,"menu_order":0,"comment_status":"closed","ping_status":"closed","template":"","meta":{"footnotes":""},"categories":[],"tags":[],"class_list":["post-284","page","type-page","status-publish","hentry"],"acf":[],"_links":{"self":[{"href":"https:\/\/www.ufsm.br\/cursos\/pos-graduacao\/santa-maria\/ppgcmr\/wp-json\/wp\/v2\/pages\/284","targetHints":{"allow":["GET"]}}],"collection":[{"href":"https:\/\/www.ufsm.br\/cursos\/pos-graduacao\/santa-maria\/ppgcmr\/wp-json\/wp\/v2\/pages"}],"about":[{"href":"https:\/\/www.ufsm.br\/cursos\/pos-graduacao\/santa-maria\/ppgcmr\/wp-json\/wp\/v2\/types\/page"}],"author":[{"embeddable":true,"href":"https:\/\/www.ufsm.br\/cursos\/pos-graduacao\/santa-maria\/ppgcmr\/wp-json\/wp\/v2\/users\/878"}],"replies":[{"embeddable":true,"href":"https:\/\/www.ufsm.br\/cursos\/pos-graduacao\/santa-maria\/ppgcmr\/wp-json\/wp\/v2\/comments?post=284"}],"version-history":[{"count":0,"href":"https:\/\/www.ufsm.br\/cursos\/pos-graduacao\/santa-maria\/ppgcmr\/wp-json\/wp\/v2\/pages\/284\/revisions"}],"wp:attachment":[{"href":"https:\/\/www.ufsm.br\/cursos\/pos-graduacao\/santa-maria\/ppgcmr\/wp-json\/wp\/v2\/media?parent=284"}],"wp:term":[{"taxonomy":"category","embeddable":true,"href":"https:\/\/www.ufsm.br\/cursos\/pos-graduacao\/santa-maria\/ppgcmr\/wp-json\/wp\/v2\/categories?post=284"},{"taxonomy":"post_tag","embeddable":true,"href":"https:\/\/www.ufsm.br\/cursos\/pos-graduacao\/santa-maria\/ppgcmr\/wp-json\/wp\/v2\/tags?post=284"}],"curies":[{"name":"wp","href":"https:\/\/api.w.org\/{rel}","templated":true}]}}