{"id":375,"date":"2023-09-14T10:09:20","date_gmt":"2023-09-14T13:09:20","guid":{"rendered":"https:\/\/www.ufsm.br\/cursos\/pos-graduacao\/santa-maria\/ppgcmr\/?page_id=375"},"modified":"2024-09-18T16:20:03","modified_gmt":"2024-09-18T19:20:03","slug":"participacao-em-evento","status":"publish","type":"page","link":"https:\/\/www.ufsm.br\/cursos\/pos-graduacao\/santa-maria\/ppgcmr\/participacao-em-evento","title":{"rendered":"PARTICIPA\u00c7\u00c3O EM EVENTO"},"content":{"rendered":"\n<p>Os recursos conforme a disponibilidade de recursos utiliz\u00e1veis s\u00e3o:<\/p>\n\n\n\n<ul class=\"wp-block-list\">\n<li>passagens a\u00e9reas ou rodovi\u00e1rias (via conv\u00eanios firmados pela institui\u00e7\u00e3o) e hotel, ou ent\u00e3o,<br><\/li>\n\n\n\n<li>passagens e di\u00e1rias via SCDP (Sistemas de Concess\u00e3o de Di\u00e1rias e Passagens).<br><\/li>\n<\/ul>\n\n\n\n<p>Os pedidos de passagens e di\u00e1rias dever\u00e3o ser solicitados com m\u00ednimo de 30 dias da data da viagem e di\u00e1rias.<\/p>\n\n\n\n<p>\u21d2Procedimentos para a solicita\u00e7\u00e3o de recurso e da presta\u00e7\u00e3o de contas<\/p>\n\n\n\n<p>O orientador ou o aluno dever\u00e1 enviar e-mail para com as informa\u00e7\u00f5es abaixo:<br>&#8211; Formul\u00e1rio de<a href=\"https:\/\/www.ufsm.br\/app\/uploads\/sites\/874\/2023\/09\/FORMULARIO-PARA-SOLICITACAO-DE-DIARIAS.docx\"> <strong>solicita\u00e7\u00e3o de di\u00e1rias<\/strong><br><\/a> \u2013 Cidade de origem e de retorno, data e turno da vinda e do retorno.<br>\u2013 Meio de transporte que utilizar\u00e1: rodovi\u00e1rio, a\u00e9reo, ve\u00edculo pr\u00f3prio e se haver\u00e1 pernoite em hotel.<\/p>\n\n\n\n<p>\u2013 Aceite do trabalho.<\/p>\n\n\n\n<p>\u2013 Aluno deve enviar <a href=\"https:\/\/www.ufsm.br\/app\/uploads\/sites\/874\/2023\/08\/AUTORIZACAODESCONTOFOLHA-1.doc\">Autoriza\u00e7\u00e3o de desconto em folha;<\/a><\/p>\n\n\n\n<p>\u21d2 Para a Presta\u00e7\u00e3o de Conta que dever\u00e1 ocorrer em at\u00e9 cinco dias ap\u00f3s o retorno da origem, o proposto dever\u00e1 apresentar \u00e0 secretaria do PPGGERONTO:<\/p>\n\n\n\n<p>&#8211; Relat\u00f3rio de viagem (<a href=\"https:\/\/www.ufsm.br\/app\/uploads\/sites\/874\/2024\/09\/Formulario_Relatorio_de_Viagem.docx\">modelo aqui<\/a>)<br>\u2013 Tickets\/recibos das passagens a\u00e9reas\/rodovi\u00e1rias;<br>\u2013 Notas fiscais que comprovem o dia e local da viagem;<br>\u2013 C\u00f3pia da ata de defesa assinada comprovando a participa\u00e7\u00e3o presencial.<\/p>\n\n\n\n<p>\u2013 Certificado de apresenta\u00e7\u00e3o de trabalho.<\/p>\n\n\n\n<p>\u2013 Certificado de participa\u00e7\u00e3o no evento<\/p>\n\n\n\n<p><strong>\u21d2 <\/strong><strong>A secretaria do PPGCMR:<\/strong><strong><br><\/strong> \u2013 Efetuar\u00e1 o lan\u00e7amento do recurso que seguir\u00e1 as devidas tramita\u00e7\u00f5es at\u00e9 a se\u00e7\u00e3o de pagamentos no DCF \u2013 Departamento de Contabilidade e Finan\u00e7as na UFSM.<br>\u2013 Enviar\u00e1 e-mail ao proposto com as informa\u00e7\u00f5es e valores custeados.<\/p>\n\n\n\n<p>Situa\u00e7\u00f5es diversas poder\u00e3o ser esclarecidas com a secretaria do PPGCMR.<\/p>\n","protected":false},"excerpt":{"rendered":"<p>Os recursos conforme a disponibilidade de recursos utiliz\u00e1veis s\u00e3o: Os pedidos de passagens e di\u00e1rias dever\u00e3o ser solicitados com m\u00ednimo de 30 dias da data da viagem e di\u00e1rias. \u21d2Procedimentos para a solicita\u00e7\u00e3o de recurso e da presta\u00e7\u00e3o de contas O orientador ou o aluno dever\u00e1 enviar e-mail para com as informa\u00e7\u00f5es abaixo:&#8211; Formul\u00e1rio de [&hellip;]<\/p>\n","protected":false},"author":878,"featured_media":0,"parent":0,"menu_order":0,"comment_status":"closed","ping_status":"closed","template":"","meta":{"footnotes":""},"categories":[],"tags":[],"class_list":["post-375","page","type-page","status-publish","hentry"],"acf":[],"_links":{"self":[{"href":"https:\/\/www.ufsm.br\/cursos\/pos-graduacao\/santa-maria\/ppgcmr\/wp-json\/wp\/v2\/pages\/375","targetHints":{"allow":["GET"]}}],"collection":[{"href":"https:\/\/www.ufsm.br\/cursos\/pos-graduacao\/santa-maria\/ppgcmr\/wp-json\/wp\/v2\/pages"}],"about":[{"href":"https:\/\/www.ufsm.br\/cursos\/pos-graduacao\/santa-maria\/ppgcmr\/wp-json\/wp\/v2\/types\/page"}],"author":[{"embeddable":true,"href":"https:\/\/www.ufsm.br\/cursos\/pos-graduacao\/santa-maria\/ppgcmr\/wp-json\/wp\/v2\/users\/878"}],"replies":[{"embeddable":true,"href":"https:\/\/www.ufsm.br\/cursos\/pos-graduacao\/santa-maria\/ppgcmr\/wp-json\/wp\/v2\/comments?post=375"}],"version-history":[{"count":0,"href":"https:\/\/www.ufsm.br\/cursos\/pos-graduacao\/santa-maria\/ppgcmr\/wp-json\/wp\/v2\/pages\/375\/revisions"}],"wp:attachment":[{"href":"https:\/\/www.ufsm.br\/cursos\/pos-graduacao\/santa-maria\/ppgcmr\/wp-json\/wp\/v2\/media?parent=375"}],"wp:term":[{"taxonomy":"category","embeddable":true,"href":"https:\/\/www.ufsm.br\/cursos\/pos-graduacao\/santa-maria\/ppgcmr\/wp-json\/wp\/v2\/categories?post=375"},{"taxonomy":"post_tag","embeddable":true,"href":"https:\/\/www.ufsm.br\/cursos\/pos-graduacao\/santa-maria\/ppgcmr\/wp-json\/wp\/v2\/tags?post=375"}],"curies":[{"name":"wp","href":"https:\/\/api.w.org\/{rel}","templated":true}]}}