{"id":416,"date":"2024-09-02T13:14:08","date_gmt":"2024-09-02T16:14:08","guid":{"rendered":"https:\/\/www.ufsm.br\/cursos\/pos-graduacao\/santa-maria\/ppgcmr\/?page_id=416"},"modified":"2024-09-02T13:14:09","modified_gmt":"2024-09-02T16:14:09","slug":"pagamento-de-diarias-internacionais-para-discentes","status":"publish","type":"page","link":"https:\/\/www.ufsm.br\/cursos\/pos-graduacao\/santa-maria\/ppgcmr\/pagamento-de-diarias-internacionais-para-discentes","title":{"rendered":"PAGAMENTO DE DI\u00c1RIAS INTERNACIONAIS PARA DISCENTES"},"content":{"rendered":"\n<p><strong>Passo 1:<\/strong>\u00a0Proceder a abertura Processo Eletr\u00f4nico pelo\u00a0<a href=\"https:\/\/www.ufsm.br\/orgaos-suplementares\/dag\/pen\/apoio-ao-usuario\/#_blank\">PEN<\/a>, no\u00a0<a href=\"https:\/\/portal.ufsm.br\/documentos\/mainMenu.html#_blank\">Portal Documentos<\/a>, indicando o seguinte tipo documental:<\/p>\n\n\n\n<p>\u2013 Processo de pagamento de di\u00e1rias a alunos de p\u00f3s-gradua\u00e7\u00e3o \u2013 PROAP (052.22).<\/p>\n\n\n\n<p>OBS.: na descri\u00e7\u00e3o, alterar para \u201cPagamento de di\u00e1rias internacionais em favor de (nome do aluno), referente ao exerc\u00edcio de (ano)\u201d.<\/p>\n\n\n\n<p><strong>Passo 2:<\/strong>\u00a0Anexar ao processo os seguintes documentos:<br>&#8211; Requerimento de pagamento de di\u00e1rias internacionais para alunos; (<a href=\"https:\/\/www.ufsm.br\/app\/uploads\/sites\/345\/2023\/02\/formulario-prprp-diaria-intern-PEN-oficial-2023.doc\" data-type=\"link\" data-id=\"https:\/\/www.ufsm.br\/app\/uploads\/sites\/874\/2023\/09\/FORMULARIO-PARA-SOLICITACAO-DE-DIARIAS.docx\">Modelo aqui<\/a>)<br>&#8211; Folder do evento;<br>&#8211; Aceite do trabalho;<br>&#8211; Autoriza\u00e7\u00e3o de desconto em folha (<a href=\"https:\/\/www.ufsm.br\/app\/uploads\/sites\/345\/2023\/06\/AUTORIZACAODESCONTOFOLHA.doc\" data-type=\"link\" data-id=\"https:\/\/www.ufsm.br\/app\/uploads\/sites\/874\/2023\/08\/AUTORIZACAODESCONTOFOLHA-1.doc\">Modelo aqui<\/a>);<br>&#8211; Convers\u00e3o feita no s\u00edtio do\u00a0<a href=\"https:\/\/www.bcb.gov.br\/conversao\">Banco Central<\/a>.<\/p>\n\n\n\n<p><strong>Passo 3:<\/strong> Tramitar para o <strong>Programa de P\u00f3s-gradua\u00e7\u00e3o em Ci\u00eancias do Movimento e Reabilita\u00e7\u00e3o<\/strong>, para analise do Colegiado.<\/p>\n\n\n\n<p>\u21d2 Para a Presta\u00e7\u00e3o de Conta que dever\u00e1 ocorrer em at\u00e9 cinco dias ap\u00f3s o retorno da origem, o proposto dever\u00e1 apresentar \u00e0 secretaria do PPGGERONTO:<br>-Certificado de apresenta\u00e7\u00e3o de trabalho;<br>-Notas fiscais de hospedagem e\/ou alimenta\u00e7\u00e3o;<br>-Comprovar o meio de transporte.<\/p>\n","protected":false},"excerpt":{"rendered":"<p>Passo 1:\u00a0Proceder a abertura Processo Eletr\u00f4nico pelo\u00a0PEN, no\u00a0Portal Documentos, indicando o seguinte tipo documental: \u2013 Processo de pagamento de di\u00e1rias a alunos de p\u00f3s-gradua\u00e7\u00e3o \u2013 PROAP (052.22). OBS.: na descri\u00e7\u00e3o, alterar para \u201cPagamento de di\u00e1rias internacionais em favor de (nome do aluno), referente ao exerc\u00edcio de (ano)\u201d. Passo 2:\u00a0Anexar ao processo os seguintes documentos:&#8211; Requerimento [&hellip;]<\/p>\n","protected":false},"author":7269,"featured_media":0,"parent":0,"menu_order":0,"comment_status":"closed","ping_status":"closed","template":"","meta":{"footnotes":""},"categories":[],"tags":[],"class_list":["post-416","page","type-page","status-publish","hentry"],"acf":[],"_links":{"self":[{"href":"https:\/\/www.ufsm.br\/cursos\/pos-graduacao\/santa-maria\/ppgcmr\/wp-json\/wp\/v2\/pages\/416","targetHints":{"allow":["GET"]}}],"collection":[{"href":"https:\/\/www.ufsm.br\/cursos\/pos-graduacao\/santa-maria\/ppgcmr\/wp-json\/wp\/v2\/pages"}],"about":[{"href":"https:\/\/www.ufsm.br\/cursos\/pos-graduacao\/santa-maria\/ppgcmr\/wp-json\/wp\/v2\/types\/page"}],"author":[{"embeddable":true,"href":"https:\/\/www.ufsm.br\/cursos\/pos-graduacao\/santa-maria\/ppgcmr\/wp-json\/wp\/v2\/users\/7269"}],"replies":[{"embeddable":true,"href":"https:\/\/www.ufsm.br\/cursos\/pos-graduacao\/santa-maria\/ppgcmr\/wp-json\/wp\/v2\/comments?post=416"}],"version-history":[{"count":0,"href":"https:\/\/www.ufsm.br\/cursos\/pos-graduacao\/santa-maria\/ppgcmr\/wp-json\/wp\/v2\/pages\/416\/revisions"}],"wp:attachment":[{"href":"https:\/\/www.ufsm.br\/cursos\/pos-graduacao\/santa-maria\/ppgcmr\/wp-json\/wp\/v2\/media?parent=416"}],"wp:term":[{"taxonomy":"category","embeddable":true,"href":"https:\/\/www.ufsm.br\/cursos\/pos-graduacao\/santa-maria\/ppgcmr\/wp-json\/wp\/v2\/categories?post=416"},{"taxonomy":"post_tag","embeddable":true,"href":"https:\/\/www.ufsm.br\/cursos\/pos-graduacao\/santa-maria\/ppgcmr\/wp-json\/wp\/v2\/tags?post=416"}],"curies":[{"name":"wp","href":"https:\/\/api.w.org\/{rel}","templated":true}]}}