{"id":487,"date":"2025-03-17T09:05:37","date_gmt":"2025-03-17T12:05:37","guid":{"rendered":"https:\/\/www.ufsm.br\/cursos\/pos-graduacao\/santa-maria\/ppgcmr\/?page_id=487"},"modified":"2025-03-17T09:05:38","modified_gmt":"2025-03-17T12:05:38","slug":"solicitacao-de-passagens-rodoviarias","status":"publish","type":"page","link":"https:\/\/www.ufsm.br\/cursos\/pos-graduacao\/santa-maria\/ppgcmr\/solicitacao-de-passagens-rodoviarias","title":{"rendered":"Solicita\u00e7\u00e3o de passagens rodovi\u00e1rias"},"content":{"rendered":"\n<p><strong>Orienta\u00e7\u00f5es:<\/strong><\/p>\n\n\n\n<ol class=\"wp-block-list\">\n<li>Abrir processo no PEN \u2013 SIE: Tipo Documental:\u00a0<strong>Processo de passagens rodovi\u00e1rias &#8211; PRPGP (052.22)<\/strong><\/li>\n<\/ol>\n\n\n\n<p>&#8211; O&nbsp;<strong>INTERESSADO<\/strong>&nbsp;\u00e9 o requerente da passagem rodovi\u00e1ria: aluno ou professor.<\/p>\n\n\n\n<p>&#8211; Anexar o<a href=\"https:\/\/www.ufsm.br\/app\/uploads\/sites\/874\/2025\/03\/2-formulario-prpgp-passagens_rodoviarias-PEN-3_18-01-23-1-1-3.docx\"> requerimento<\/a> assinado e os comprovantes do motivo da viagem (portaria de banca, folder do evento, projeto de pesquisa, convite de outras institui\u00e7\u00f5es, etc.)<\/p>\n\n\n\n<p>&#8211; Tramitar para o PPG.&nbsp;<\/p>\n","protected":false},"excerpt":{"rendered":"<p>Orienta\u00e7\u00f5es: &#8211; O&nbsp;INTERESSADO&nbsp;\u00e9 o requerente da passagem rodovi\u00e1ria: aluno ou professor. &#8211; Anexar o requerimento assinado e os comprovantes do motivo da viagem (portaria de banca, folder do evento, projeto de pesquisa, convite de outras institui\u00e7\u00f5es, etc.) &#8211; Tramitar para o PPG.&nbsp;<\/p>\n","protected":false},"author":878,"featured_media":0,"parent":0,"menu_order":0,"comment_status":"closed","ping_status":"closed","template":"","meta":{"footnotes":""},"categories":[],"tags":[],"class_list":["post-487","page","type-page","status-publish","hentry"],"acf":[],"_links":{"self":[{"href":"https:\/\/www.ufsm.br\/cursos\/pos-graduacao\/santa-maria\/ppgcmr\/wp-json\/wp\/v2\/pages\/487","targetHints":{"allow":["GET"]}}],"collection":[{"href":"https:\/\/www.ufsm.br\/cursos\/pos-graduacao\/santa-maria\/ppgcmr\/wp-json\/wp\/v2\/pages"}],"about":[{"href":"https:\/\/www.ufsm.br\/cursos\/pos-graduacao\/santa-maria\/ppgcmr\/wp-json\/wp\/v2\/types\/page"}],"author":[{"embeddable":true,"href":"https:\/\/www.ufsm.br\/cursos\/pos-graduacao\/santa-maria\/ppgcmr\/wp-json\/wp\/v2\/users\/878"}],"replies":[{"embeddable":true,"href":"https:\/\/www.ufsm.br\/cursos\/pos-graduacao\/santa-maria\/ppgcmr\/wp-json\/wp\/v2\/comments?post=487"}],"version-history":[{"count":0,"href":"https:\/\/www.ufsm.br\/cursos\/pos-graduacao\/santa-maria\/ppgcmr\/wp-json\/wp\/v2\/pages\/487\/revisions"}],"wp:attachment":[{"href":"https:\/\/www.ufsm.br\/cursos\/pos-graduacao\/santa-maria\/ppgcmr\/wp-json\/wp\/v2\/media?parent=487"}],"wp:term":[{"taxonomy":"category","embeddable":true,"href":"https:\/\/www.ufsm.br\/cursos\/pos-graduacao\/santa-maria\/ppgcmr\/wp-json\/wp\/v2\/categories?post=487"},{"taxonomy":"post_tag","embeddable":true,"href":"https:\/\/www.ufsm.br\/cursos\/pos-graduacao\/santa-maria\/ppgcmr\/wp-json\/wp\/v2\/tags?post=487"}],"curies":[{"name":"wp","href":"https:\/\/api.w.org\/{rel}","templated":true}]}}