{"id":565,"date":"2025-09-18T09:21:16","date_gmt":"2025-09-18T12:21:16","guid":{"rendered":"https:\/\/www.ufsm.br\/cursos\/pos-graduacao\/santa-maria\/ppgcmr\/?page_id=565"},"modified":"2025-09-18T09:44:12","modified_gmt":"2025-09-18T12:44:12","slug":"portariaregulamentoppgcmr2024","status":"publish","type":"page","link":"https:\/\/www.ufsm.br\/cursos\/pos-graduacao\/santa-maria\/ppgcmr\/portariaregulamentoppgcmr2024","title":{"rendered":"PORTARIA NORMATIVA CEFD\/UFSM N. 001, DE 22 DE AGOSTO DE 2024"},"content":{"rendered":"\t\t<div data-elementor-type=\"wp-page\" data-elementor-id=\"565\" class=\"elementor elementor-565\">\n\t\t\t\t\t\t<section class=\"elementor-section elementor-top-section elementor-element elementor-element-58a4e10 elementor-section-boxed elementor-section-height-default elementor-section-height-default\" data-id=\"58a4e10\" data-element_type=\"section\">\n\t\t\t\t\t\t<div class=\"elementor-container elementor-column-gap-default\">\n\t\t\t\t\t<div class=\"elementor-column elementor-col-100 elementor-top-column elementor-element elementor-element-f4a92ce\" data-id=\"f4a92ce\" data-element_type=\"column\">\n\t\t\t<div class=\"elementor-widget-wrap elementor-element-populated\">\n\t\t\t\t\t\t<div class=\"elementor-element elementor-element-231a32c elementor-widget elementor-widget-html\" data-id=\"231a32c\" data-element_type=\"widget\" data-widget_type=\"html.default\">\n\t\t\t\t<div class=\"elementor-widget-container\">\n\t\t\t  <div class=\"wrap\">\r\n\r\n    <!-- Bloco de imagem fornecido pelo solicitante -->\r\n    <div align=\"center\">\r\n      <img decoding=\"async\" src=\"https:\/\/www.ufsm.br\/pro-reitorias\/proplan\/wp-content\/uploads\/sites\/344\/2019\/09\/brasao-da-republica-do-brasil-logo.png\" alt=\"Bras\u00e3o Rep\u00fablica Federativa do Brasil\" width=\"6%\" height=\"6%\">\r\n    <\/div>\r\n\r\n    <header class=\"heading\" role=\"banner\">\r\n        <div align=\"center\">\r\n      <h1>MINIST\u00c9RIO DA EDUCA\u00c7\u00c3O<\/h1>\r\n      <div>UNIVERSIDADE FEDERAL DE SANTA MARIA \u2014 UFSM<\/div>\r\n      <div>CENTRO DE EDUCA\u00c7\u00c3O F\u00cdSICA E DESPORTOS \u2014 CEFD<\/div>\r\n      <h2 style=\"margin-top:14px\">PORTARIA NORMATIVA CEFD\/UFSM N\u00ba 001, DE 22 DE AGOSTO DE 2024<\/h2>\r\n    <\/header>\r\n\r\n   <p>\r\n\r\n    <article role=\"article\" aria-label=\"Texto da Portaria\">\r\n      <p>\r\n        O DIRETOR DO CENTRO DE EDUCA\u00c7\u00c3O F\u00cdSICA E DESPORTOS, no uso de suas atribui\u00e7\u00f5es legais que lhe confere o Regimento Geral da UFSM, disposto na Resolu\u00e7\u00e3o UFSM n\u00ba 006, de 28 de abril de 2011, atualizado pela Resolu\u00e7\u00e3o UFSM n\u00ba 016, de 02 de julho de 2019, tendo em vista as Resolu\u00e7\u00f5es UFSM n\u00ba 139, de 29 de agosto de 2023, e n\u00ba 152, de 27 de mar\u00e7o de 2024, e o que consta no Processo n\u00ba 23081.147282\/2023-55, resolve:\r\n      <\/p>\r\n\r\n      <section class=\"artigo\" id=\"art1\">\r\n        <h3>Art. 1\u00ba<\/h3>\r\n        <p>\r\n          Aprovar o Regulamento do Curso\/Programa de P\u00f3s-Gradua\u00e7\u00e3o em Ci\u00eancias do Movimento e Reabilita\u00e7\u00e3o (PPGCMR), vinculado ao Centro de Educa\u00e7\u00e3o F\u00edsica e Desportos, no \u00e2mbito da Universidade Federal de Santa Maria (UFSM).\r\n        <\/p>\r\n        <p><em>Par\u00e1grafo \u00fanico.<\/em> O Regulamento do Curso\/Programa de P\u00f3s-Gradua\u00e7\u00e3o Ci\u00eancias do Movimento e Reabilita\u00e7\u00e3o (PPGCMR) se constitui como anexo desta Portaria Normativa.<\/p>\r\n      <\/section>\r\n\r\n      <section class=\"artigo\" id=\"art2\">\r\n        <h3>Art. 2\u00ba<\/h3>\r\n        <p>\r\n          A inobserv\u00e2ncia ao disposto nesta Portaria Normativa n\u00e3o constitui escusa v\u00e1lida para o descumprimento da norma nem resulta em sua invalidade.\r\n        <\/p>\r\n      <\/section>\r\n\r\n      <section class=\"artigo\" id=\"art3\">\r\n        <h3>Art. 3\u00ba<\/h3>\r\n        <p>\r\n          Esta Portaria Normativa entra em vigor na data de sua assinatura, de acordo com o que prev\u00ea o \u00a7 2\u00ba do art. 16 do Decreto n\u00ba 12.002, de 22 de abril de 2024.\r\n        <\/p>\r\n        <p><em>Par\u00e1grafo \u00fanico.<\/em> Havendo qualquer modifica\u00e7\u00e3o legislativa, ou ainda, advindo qualquer situa\u00e7\u00e3o legal que impacte na legalidade da presente Portaria Normativa, a mesma se aplica de imediato.<\/p>\r\n      <\/section>\r\n\r\n      <section class=\"assinatura\" aria-label=\"Assinatura\">\r\n       <div style=\"text-align: right\">\r\n  Rosalvo Lu\u00eds Sawitzi <br>\r\n  Diretor\r\n<\/div>\r\n      <\/section>\r\n\r\n   \r\n    <\/article>\r\n  <\/div>\r\n\r\n\r\n\t\t<\/div>\n\t\t\t\t<\/div>\n\t\t\t\t\t<\/div>\n\t\t<\/div>\n\t\t\t\t\t<\/div>\n\t\t<\/section>\n\t\t\t\t<\/div>\n\t\t","protected":false},"excerpt":{"rendered":"<p>MINIST\u00c9RIO DA EDUCA\u00c7\u00c3O UNIVERSIDADE FEDERAL DE SANTA MARIA \u2014 UFSM CENTRO DE EDUCA\u00c7\u00c3O F\u00cdSICA E DESPORTOS \u2014 CEFD PORTARIA NORMATIVA CEFD\/UFSM N\u00ba 001, DE 22 DE AGOSTO DE 2024 O DIRETOR DO CENTRO DE EDUCA\u00c7\u00c3O F\u00cdSICA E DESPORTOS, no uso de suas atribui\u00e7\u00f5es legais que lhe confere o Regimento Geral da UFSM, disposto na Resolu\u00e7\u00e3o [&hellip;]<\/p>\n","protected":false},"author":7269,"featured_media":0,"parent":0,"menu_order":0,"comment_status":"closed","ping_status":"closed","template":"","meta":{"footnotes":""},"categories":[],"tags":[],"class_list":["post-565","page","type-page","status-publish","hentry"],"acf":[],"_links":{"self":[{"href":"https:\/\/www.ufsm.br\/cursos\/pos-graduacao\/santa-maria\/ppgcmr\/wp-json\/wp\/v2\/pages\/565","targetHints":{"allow":["GET"]}}],"collection":[{"href":"https:\/\/www.ufsm.br\/cursos\/pos-graduacao\/santa-maria\/ppgcmr\/wp-json\/wp\/v2\/pages"}],"about":[{"href":"https:\/\/www.ufsm.br\/cursos\/pos-graduacao\/santa-maria\/ppgcmr\/wp-json\/wp\/v2\/types\/page"}],"author":[{"embeddable":true,"href":"https:\/\/www.ufsm.br\/cursos\/pos-graduacao\/santa-maria\/ppgcmr\/wp-json\/wp\/v2\/users\/7269"}],"replies":[{"embeddable":true,"href":"https:\/\/www.ufsm.br\/cursos\/pos-graduacao\/santa-maria\/ppgcmr\/wp-json\/wp\/v2\/comments?post=565"}],"version-history":[{"count":0,"href":"https:\/\/www.ufsm.br\/cursos\/pos-graduacao\/santa-maria\/ppgcmr\/wp-json\/wp\/v2\/pages\/565\/revisions"}],"wp:attachment":[{"href":"https:\/\/www.ufsm.br\/cursos\/pos-graduacao\/santa-maria\/ppgcmr\/wp-json\/wp\/v2\/media?parent=565"}],"wp:term":[{"taxonomy":"category","embeddable":true,"href":"https:\/\/www.ufsm.br\/cursos\/pos-graduacao\/santa-maria\/ppgcmr\/wp-json\/wp\/v2\/categories?post=565"},{"taxonomy":"post_tag","embeddable":true,"href":"https:\/\/www.ufsm.br\/cursos\/pos-graduacao\/santa-maria\/ppgcmr\/wp-json\/wp\/v2\/tags?post=565"}],"curies":[{"name":"wp","href":"https:\/\/api.w.org\/{rel}","templated":true}]}}