{"id":167,"date":"2019-02-19T10:23:47","date_gmt":"2019-02-19T13:23:47","guid":{"rendered":"https:\/\/www.ufsm.br\/cursos\/pos-graduacao\/santa-maria\/ppgco\/?page_id=167"},"modified":"2024-12-07T06:54:43","modified_gmt":"2024-12-07T09:54:43","slug":"laboratorios","status":"publish","type":"page","link":"https:\/\/www.ufsm.br\/cursos\/pos-graduacao\/santa-maria\/ppgco\/laboratorios","title":{"rendered":"Laborat\u00f3rios de pesquisa"},"content":{"rendered":"\n<h5 style=\"text-align: justify\"><strong>O PPGCO disp\u00f5e de quatro laborat\u00f3rios de pesquisa multiusu\u00e1rio pr\u00f3prios (Laborat\u00f3rio multiusu\u00e1rio de pesquisa em materiais; Laborat\u00f3rio multiusu\u00e1rio de pesquisa em epidemiologia, Laborat\u00f3rio multiusu\u00e1rio de an\u00e1lise anatomopatol\u00f3gica, Laborat\u00f3rio Multiusu\u00e1rio de pesquisa em radiologia), al\u00e9m dos equipamentos Periotron e TeraLase (DMC) para uso na cl\u00ednica de Periodontia. Abaixo, est\u00e3o apresentados os equipamentos e estrutura dispon\u00edveis em cada laborat\u00f3rio:<\/strong><\/h5>\n<p>\u00a0<\/p>\n<h4><em>A) LABORAT\u00d3RIO MULTIUSU\u00c1RIO DE PESQUISA EM MATERIAIS<\/em><\/h4>\n<h6 style=\"text-align: justify\">Para informa\u00e7\u00f5es espec\u00edficas e agendamento de equipamentos, entrar em contato com a Secretaria do PPG Ci\u00eancias Odontol\u00f3gicas via e-mail &#8211; ppgodonto@ufsm.br<\/h6>\n<p style=\"font-weight: 400;text-align: justify\">Atualmente, est\u00e1 localizado no pr\u00e9dio-NUDEMA (campus UFSM), sendo uma estrutura f\u00edsica nova e dedicada para laborat\u00f3rios de pesquisa. Os equipamentos constantes nesse laborat\u00f3rio foram obtidos via editais p\u00fablicos, como o Edital Universal (CNPq), Pr\u00f3-Equipamentos (CAPES) e Pesquisador Ga\u00facho (FAPERGS), tendo sido um investimento, \u00e0 \u00e9poca, de aproximadamente R$ 2 milh\u00f5es. Atualmente, o laborat\u00f3rio conta com os seguintes equipamentos:<\/p>\n<p style=\"font-weight: 400;text-align: justify\">&#8211; M\u00e1quina de ensaio em fadiga mec\u00e2nica (Instron Electropuls E3000),<\/p>\n<p style=\"font-weight: 400;text-align: justify\">&#8211; M\u00e1quinas de corte Labcut 1010 e Isomet 1000,<\/p>\n<p style=\"font-weight: 400;text-align: justify\">&#8211; M\u00e1quina de fadiga mec\u00e2nica (Erios),<\/p>\n<p style=\"font-weight: 400;text-align: justify\">&#8211; M\u00e1quina de ensaio universal (EMIC DL 1000),<\/p>\n<p style=\"font-weight: 400;text-align: justify\">&#8211; Estereomicrosc\u00f3pio Discovery V20 (Zeiss),<\/p>\n<p style=\"font-weight: 400;text-align: justify\">&#8211; Politriz Ecomet 250 \/ Automet (Buehler),<\/p>\n<p style=\"font-weight: 400;text-align: justify\">&#8211; Rugos\u00edmetro SJ411 (Mitutoyo),<\/p>\n<p style=\"font-weight: 400;text-align: justify\">&#8211; Fornos de sinteriza\u00e7\u00e3o de cer\u00e2mica (Vita Zyrcomat 6000 MS e Vita Vacumat 6000MP),<\/p>\n<p style=\"font-weight: 400;text-align: justify\">&#8211; Analisador de \u00e2ngulo de contato em superf\u00edcies s\u00f3lidas e de tens\u00e3o superficial (DSA &#8211; 305, Kruss),<\/p>\n<p style=\"font-weight: 400;text-align: justify\">&#8211; Espectrofot\u00f4metro (SP60, Rite),<\/p>\n<p style=\"font-weight: 400;text-align: justify\">&#8211; 2 termo-cicladoras (Nova \u00c9tica),<\/p>\n<p style=\"font-weight: 400;text-align: justify\">&#8211; Estufa bacteriol\u00f3gica (FANEM),<\/p>\n<p style=\"font-weight: 400;text-align: justify\">&#8211; Balan\u00e7a anal\u00edtica (FA 2004, Coleman),<\/p>\n<p style=\"font-weight: 400;text-align: justify\">&#8211; Exsicador,<\/p>\n<p style=\"font-weight: 400;text-align: justify\">&#8211; Geladeira.<\/p>\n<p style=\"font-weight: 400;text-align: justify\">Para caracteriza\u00e7\u00e3o de materiais, outros equipamentos t\u00eam sido amplamente utilizados em laborat\u00f3rios parceiros da UFSM (https:\/\/www.ufsm.br\/pro-reitorias\/prpgp\/multiusuario): Difratometria de Raios-X (PPG-F\u00edsica), MEV (PPG-Qu\u00edmica, PPG-Eng. Qu\u00edmica, PPG-Eng. Mec\u00e2nica), Microscopia de For\u00e7a At\u00f4mica (PPG-F\u00edsica, Curso de F\u00edsica da UNIPAMPA &#8211; Bag\u00e9\/RS), Microscopia Confocal Laser (PPG-Bioquimica Toxicol\u00f3gica), Analisador Termogravim\u00e9trico (PPG-Qu\u00edmica).<\/p>\n<p style=\"font-weight: 400;text-align: justify\">Os projetos CT-INFRA\/FINEP 2010, 2011, 2012, 2015, sob a coordena\u00e7\u00e3o do Prof. Ernesto Schulz Lang (PPG-Qu\u00edmica UFSM) t\u00eam possibilitado acesso direto aos equipamentos advindos dos referidos projetos, os quais est\u00e3o atualmente em diferentes laborat\u00f3rios parceiros (Lab. de Espectroscopia; Lab. de Materiais Magn\u00e9ticos e Magnetismo; Lab. de Espectroscopia e Pol\u00edmeros; Lab. de Qu\u00edmica Supramolecular e Nanotecnologia):<\/p>\n<p style=\"font-weight: 400;text-align: justify\">&#8211; Espectr\u00f4metro NIR &#8211; UV-VIS &#8211; 175 a 3300nm: an\u00e1lise de superf\u00edcies, materiais s\u00f3lidos com temperatura vari\u00e1vel, stop-flow, espectroeletroqu\u00edmico;<\/p>\n<p style=\"font-weight: 400;text-align: justify\">&#8211; Espectr\u00f4metro de Correla\u00e7\u00e3o de F\u00f3tons \u2013 PCS: determina\u00e7\u00e3o de tamanho, forma e distribui\u00e7\u00e3o de nanomateriais em solu\u00e7\u00e3o, an\u00e1lise de intera\u00e7\u00f5es e conforma\u00e7\u00e3o de arranjos supramoleculares;<\/p>\n<p style=\"font-weight: 400;text-align: justify\">&#8211; Espectr\u00f4metro FTIR &#8211; 8000 &#8211; 10cm-1: determina\u00e7\u00e3o e an\u00e1lise de modos vibracionais de materiais org\u00e2nicos, inorg\u00e2nicos e h\u00edbridos, an\u00e1lise de processos de segrega\u00e7\u00e3o de fases;<\/p>\n<p style=\"font-weight: 400;text-align: justify\">&#8211; Espectr\u00f4metro FT-Raman: determina\u00e7\u00e3o e an\u00e1lise de modos vibracionais e rotacionais de materiais, an\u00e1lise de processos de segrega\u00e7\u00e3o de fases por acoplamento com microsc\u00f3pio.<\/p>\n<p style=\"font-weight: 400;text-align: justify\">&#8211; Microsc\u00f3pio For\u00e7a At\u00f4mica.<\/p>\n<p style=\"font-weight: 400;text-align: justify\">&#8211; Re\u00f4metro, analisador de tens\u00e3o superficial e t\u00e9rmico (TGA)<\/p>\n<p style=\"font-weight: 400;text-align: justify\">&#8211; Programas computacionais para c\u00e1lculos qu\u00e2nticos (<em>Density Functional Theory<\/em> &#8211; DFT).<\/p>\n<p style=\"font-weight: 400;text-align: justify\">\u00a0<\/p>\n<h4 style=\"text-align: justify\"><em>B) LABORAT\u00d3RIO MULTIUSU\u00c1RIO DE PESQUISA EM EPIDEMIOLOGIA<\/em><\/h4>\n<h6 style=\"text-align: justify\">Para informa\u00e7\u00f5es espec\u00edficas e agendamento, entrar em contato com a Secretaria do PPG Ci\u00eancias Odontol\u00f3gicas via e-mail &#8211; ppgodonto@ufsm.br<\/h6>\n<p>A linha de pesquisa em Epidemiologia do PPGCO conta com o <strong>Laborat\u00f3rio Multiusu\u00e1rio de Pesquisa em Epidemiologia<\/strong>, que desempenha um papel essencial no suporte \u00e0s atividades da linha. Localizado na sala 2387 do pr\u00e9dio 26F, no Curso de Odontologia do Centro de Ci\u00eancias da Sa\u00fade (CCS), o laborat\u00f3rio ocupa uma \u00e1rea de 80 m\u00b2 e foi viabilizado por meio do apoio de uma ag\u00eancia p\u00fablica de fomento e uma parceria p\u00fablico-privada entre a UFSM e a ORAL-B.<\/p>\n<p><strong>Infraestrutura do Laborat\u00f3rio<\/strong><\/p>\n<p>O laborat\u00f3rio conta com:<\/p>\n<ul>\n<li><strong>Equipamentos e Conectividade:<\/strong> 12 computadores de mesa, 15 notebooks, data show fixo e Tv (65 polegadas) para proje\u00e7\u00e3o, rede de internet e el\u00e9trica pr\u00f3prias.<\/li>\n<li><strong>Mobili\u00e1rio e Recursos:<\/strong> Quadro de vidro para escrever, arm\u00e1rio de seguran\u00e7a para notebooks, mesas e cadeiras para o processamento manual de dados.<\/li>\n<li><strong>Espa\u00e7o Adicional:<\/strong> Ambiente de estudos com divis\u00f3rias individuais, acesso \u00e0 internet via wi-fi e uma cozinha auxiliar.<\/li>\n<\/ul>\n<p>Esse espa\u00e7o \u00e9 amplamente utilizado para aulas de disciplinas espec\u00edficas do PPGCO, como Bioestat\u00edstica, An\u00e1lises de Dados, Revis\u00f5es Sistem\u00e1ticas e Meta-an\u00e1lises. Tamb\u00e9m atende \u00e0s demandas de disciplinas de gradua\u00e7\u00e3o que requerem suporte computacional.<\/p>\n<p style=\"font-weight: 400;text-align: justify\">\u00a0<\/p>\n<p style=\"font-weight: 400;text-align: justify\">\u00a0<\/p>\n<h4 style=\"text-align: justify\"><em>C) LABORAT\u00d3RIO MULTIUSU\u00c1RIO DE PESQUISA EM ANATOMOPATOLOGIA<\/em><\/h4>\n<h6 style=\"text-align: justify\">Para informa\u00e7\u00f5es espec\u00edficas e agendamento de equipamentos, entrar em contato com a Secretaria do PPG Ci\u00eancias Odontol\u00f3gicas via e-mail &#8211; ppgodonto@ufsm.br<\/h6>\n<p style=\"font-weight: 400;text-align: justify\">Est\u00e1 localizado no pr\u00e9dio 20, do campus UFSM, no Dep. de Patologia.\u00a0Atualmente, o mesmo est\u00e1 estruturado em dois espa\u00e7os distintos, o primeiro, compartilhado com o Bioterio setorial do LAPAVET, junto ao Departamento de Microbiologia e Parasitologia da UFSM, com os seguintes equipamentos:<\/p>\n<p style=\"font-weight: 400;text-align: justify\">&#8211; Estante ventilada de duas portas para ratos, camundongos e hamsters;<\/p>\n<p style=\"font-weight: 400;text-align: justify\">&#8211; 30 Gaiolas Completas para ratos, com comedouro embutido e bebedouro;<\/p>\n<p style=\"font-weight: 400;text-align: justify\">E o segundo alocado no Departamento de Patologia da UFSM, sob a responsabilidade de uma docente permanente do PPGCO, estruturado com:<\/p>\n<p style=\"font-weight: 400;text-align: justify\">&#8211; Processador de Tecido EFTP (ARAEII) vaccum Fast Tissue Processor single chamber;<\/p>\n<p style=\"font-weight: 400;text-align: justify\">&#8211; Estufa de Esteriliza\u00e7\u00e3o e Secagem, Marca Nova, modelo NI1511;<\/p>\n<p style=\"font-weight: 400;text-align: justify\">&#8211; Micr\u00f3tomo Rotativo Computadorizado MOD.YD-335 YIDI;<\/p>\n<p style=\"font-weight: 400;text-align: justify\">&#8211; Banho Histol\u00f3gico, Marca Lupetec, modelo BH 2012;<\/p>\n<p style=\"font-weight: 400;text-align: justify\">&#8211; Porta Pin\u00e7a-Aquecido, Marca Lupetec, modelo PPA03;<\/p>\n<p style=\"font-weight: 400;text-align: justify\">&#8211; Dispensador de Parafina Digital, Marca Lupetec, modelo DP-2010;<\/p>\n<p style=\"font-weight: 400;text-align: justify\">&#8211; Placa Aquecida com Porta Pin\u00e7a Aquecido;<\/p>\n<p style=\"font-weight: 400;text-align: justify\">&#8211; CitoColor &#8211; Sistema de colora\u00e7\u00e3o manual para citologia e histologia;<\/p>\n<p style=\"font-weight: 400;text-align: justify\">&#8211; 2 Microsc\u00f3pios Biol\u00f3gicos Binocular, Marca Olympus, modelo CX22 LED;<\/p>\n<p style=\"font-weight: 400;text-align: justify\">&#8211; Microcomputador Avan\u00e7ado com Monitor;<\/p>\n<p style=\"font-weight: 400;text-align: justify\">&#8211; Microsc\u00f3pio Axio Lab A1 Bio com c\u00e2mera de captura de imagens (AxioCam ERc 5s, Carl-Zeiss);<\/p>\n<p style=\"font-weight: 400;text-align: justify\">&#8211; Forno de Microondas com capacidade m\u00ednima de 28 litros;<\/p>\n<p style=\"font-weight: 400;text-align: justify\">&#8211; Destilador de \u00e1gua, marca Biopar, modelo BB109;<\/p>\n<p style=\"font-weight: 400;text-align: justify\">&#8211; Refrigerador dom\u00e9stico Frost Free;<\/p>\n<p style=\"font-weight: 400;text-align: justify\">&#8211; Freezer vertical;<\/p>\n<p style=\"font-weight: 400;text-align: justify\">&#8211; Exaustor de parede marca Ventisol;<\/p>\n<p style=\"font-weight: 400;text-align: justify\">&#8211; 2 Lixeiras para lixo contaminado;<\/p>\n<p style=\"font-weight: 400;text-align: justify\">&#8211; Balan\u00e7a Digital Eletr\u00f4nica;<\/p>\n<p style=\"font-weight: 400;text-align: justify\">&#8211; Capela para Exaust\u00e3o de Gases.<\/p>\n<p>\u00a0<\/p>\n<h4><em>D) LABORAT\u00d3RIO MULTIUSU\u00c1RIO DE PESQUISA EM RADIOLOGIA<\/em><\/h4>\n<h6 style=\"text-align: justify\">Para informa\u00e7\u00f5es espec\u00edficas e agendamento de equipamentos, entrar em contato com a Secretaria do PPG Ci\u00eancias Odontol\u00f3gicas via e-mail &#8211; ppgodonto@ufsm.br<\/h6>\n<p style=\"font-weight: 400;text-align: justify\">Atualmente, est\u00e1 localizado na cl\u00ednica de Radiologia do pr\u00e9dio-26F, Curso de Odontologia, CCS (campus UFSM). Os equipamentos constantes nesse laborat\u00f3rio foram obtidos via investimento da pr\u00f3pria UFSM e por meio de editais p\u00fablicos, como o Edital Aux\u00edlio Rec\u00e9m-Doutor ou Rec\u00e9m-Contratado (FAPERGS).<\/p>\n<p style=\"font-weight: 400\">Atualmente, o laborat\u00f3rio conta com os seguintes equipamentos:<\/p>\n<p style=\"font-weight: 400\">&#8211; Tom\u00f3grafo de Feixe C\u00f4nico (KaVo OP3D)<\/p>\n<p style=\"font-weight: 400\">&#8211; Equipamento Panor\u00e2mico e Extrabucal (Instrumentarium OP200)<\/p>\n<p style=\"font-weight: 400\">&#8211; Sensores radiogr\u00e1ficos intrabucais (RVG 5100-Carestream e Eagle-Dabi Atlante)<\/p>\n<p style=\"font-weight: 400\">&#8211; Impressora 3D FDM (Ender-3 S1)<\/p>\n<p style=\"font-weight: 400\">&#8211; Impressora 3D SLA (Anycubic 6K)<\/p>\n<p style=\"font-weight: 400\">O Laborat\u00f3rio tamb\u00e9m possui computadores de mesa e notebooks com software para a visualiza\u00e7\u00e3o, processamento e an\u00e1lise de imagens radiogr\u00e1ficas e tomogr\u00e1ficas.<\/p>\n","protected":false},"excerpt":{"rendered":"<p>O PPGCO disp\u00f5e de quatro laborat\u00f3rios de pesquisa multiusu\u00e1rio pr\u00f3prios (Laborat\u00f3rio multiusu\u00e1rio de pesquisa em materiais; Laborat\u00f3rio multiusu\u00e1rio de pesquisa em epidemiologia, Laborat\u00f3rio multiusu\u00e1rio de an\u00e1lise anatomopatol\u00f3gica, Laborat\u00f3rio Multiusu\u00e1rio de pesquisa em radiologia), al\u00e9m dos equipamentos Periotron e TeraLase (DMC) para uso na cl\u00ednica de Periodontia. Abaixo, est\u00e3o apresentados os equipamentos e estrutura dispon\u00edveis em [&hellip;]<\/p>\n","protected":false},"author":118,"featured_media":0,"parent":0,"menu_order":0,"comment_status":"closed","ping_status":"closed","template":"","meta":{"footnotes":""},"categories":[],"tags":[],"class_list":["post-167","page","type-page","status-publish","hentry"],"acf":[],"_links":{"self":[{"href":"https:\/\/www.ufsm.br\/cursos\/pos-graduacao\/santa-maria\/ppgco\/wp-json\/wp\/v2\/pages\/167","targetHints":{"allow":["GET"]}}],"collection":[{"href":"https:\/\/www.ufsm.br\/cursos\/pos-graduacao\/santa-maria\/ppgco\/wp-json\/wp\/v2\/pages"}],"about":[{"href":"https:\/\/www.ufsm.br\/cursos\/pos-graduacao\/santa-maria\/ppgco\/wp-json\/wp\/v2\/types\/page"}],"author":[{"embeddable":true,"href":"https:\/\/www.ufsm.br\/cursos\/pos-graduacao\/santa-maria\/ppgco\/wp-json\/wp\/v2\/users\/118"}],"replies":[{"embeddable":true,"href":"https:\/\/www.ufsm.br\/cursos\/pos-graduacao\/santa-maria\/ppgco\/wp-json\/wp\/v2\/comments?post=167"}],"version-history":[{"count":0,"href":"https:\/\/www.ufsm.br\/cursos\/pos-graduacao\/santa-maria\/ppgco\/wp-json\/wp\/v2\/pages\/167\/revisions"}],"wp:attachment":[{"href":"https:\/\/www.ufsm.br\/cursos\/pos-graduacao\/santa-maria\/ppgco\/wp-json\/wp\/v2\/media?parent=167"}],"wp:term":[{"taxonomy":"category","embeddable":true,"href":"https:\/\/www.ufsm.br\/cursos\/pos-graduacao\/santa-maria\/ppgco\/wp-json\/wp\/v2\/categories?post=167"},{"taxonomy":"post_tag","embeddable":true,"href":"https:\/\/www.ufsm.br\/cursos\/pos-graduacao\/santa-maria\/ppgco\/wp-json\/wp\/v2\/tags?post=167"}],"curies":[{"name":"wp","href":"https:\/\/api.w.org\/{rel}","templated":true}]}}