{"id":171,"date":"2019-02-19T10:27:15","date_gmt":"2019-02-19T13:27:15","guid":{"rendered":"https:\/\/www.ufsm.br\/cursos\/pos-graduacao\/santa-maria\/ppgco\/?page_id=171"},"modified":"2024-12-07T07:18:53","modified_gmt":"2024-12-07T10:18:53","slug":"cooperacoes","status":"publish","type":"page","link":"https:\/\/www.ufsm.br\/cursos\/pos-graduacao\/santa-maria\/ppgco\/cooperacoes","title":{"rendered":"Internacionaliza\u00e7\u00e3o e coopera\u00e7\u00f5es cient\u00edficas"},"content":{"rendered":"\n<p>O Programa de P\u00f3s-Gradua\u00e7\u00e3o em Ci\u00eancias Odontol\u00f3gicas (PPGCO) tem desempenhado um papel ativo no est\u00edmulo e consolida\u00e7\u00e3o de parcerias estrat\u00e9gicas, tanto no \u00e2mbito nacional quanto internacional. Atrav\u00e9s de iniciativas robustas, o programa busca fomentar a coopera\u00e7\u00e3o entre grupos de pesquisa e docentes-pesquisadores renomados, ampliando as fronteiras do conhecimento cient\u00edfico e consolidando sua posi\u00e7\u00e3o como refer\u00eancia na \u00e1rea.<\/p>\n<p>Dentre as a\u00e7\u00f5es priorit\u00e1rias, destaca-se o incentivo \u00e0 participa\u00e7\u00e3o de docentes e discentes em miss\u00f5es acad\u00eamicas, como p\u00f3s-doutorados, doutorados-sandu\u00edche e miss\u00f5es de curta dura\u00e7\u00e3o, que servem como pilares para o fortalecimento dos interc\u00e2mbios e a qualifica\u00e7\u00e3o de projetos de pesquisa. Essas a\u00e7\u00f5es, al\u00e9m de promoverem o aprimoramento cient\u00edfico, contribuem significativamente para a forma\u00e7\u00e3o de recursos humanos altamente qualificados.<\/p>\n<p>A internacionaliza\u00e7\u00e3o da ci\u00eancia, vista como um eixo estrat\u00e9gico pelo PPGCO, tem sido promovida atrav\u00e9s de uma s\u00e9rie de iniciativas concretas, como colabora\u00e7\u00f5es com institui\u00e7\u00f5es de destaque global. Atualmente, o programa mant\u00e9m coopera\u00e7\u00e3o ativa com uma ampla rede de institui\u00e7\u00f5es nacionais e estrangeiras, refor\u00e7ando sua miss\u00e3o de integrar ci\u00eancia, ensino e inova\u00e7\u00e3o.<\/p>\n<p>\u00a0<\/p>\n<div class=\"flex-shrink-0 flex flex-col relative items-end\">\n<div>\n<div class=\"pt-0\">\n<div class=\"gizmo-shadow-stroke flex h-8 w-8 items-center justify-center overflow-hidden rounded-full\">\n<div class=\"h-full w-full\">\n<div class=\"gizmo-shadow-stroke overflow-hidden rounded-full\"><img decoding=\"async\" class=\"h-full w-full bg-token-main-surface-secondary\" src=\"https:\/\/chatgpt.com\/backend-api\/content?id=file-hVjI65nZeCAowpoArhSWjynX&amp;gizmo_id=g-B3hgivKK9&amp;ts=481506&amp;p=gpp&amp;sig=68087a7211bb0d67fdbf48b63fecaf5efd0c95a5e26cf25e6f9dc70883f4c04f&amp;v=0\" alt=\"GPT\" width=\"80\" height=\"80\" \/><\/div>\n<\/div>\n<\/div>\n<\/div>\n<\/div>\n<\/div>\n<div class=\"group\/conversation-turn relative flex w-full min-w-0 flex-col agent-turn\">\n<div class=\"flex-col gap-1 md:gap-3\">\n<div class=\"flex max-w-full flex-col flex-grow\">\n<div class=\"min-h-8 text-message flex w-full flex-col items-end gap-2 whitespace-normal break-words text-start [.text-message+&amp;]:mt-5\" dir=\"auto\" data-message-author-role=\"assistant\" data-message-id=\"d6559732-fdcf-4222-9efe-d91554ba396c\" data-message-model-slug=\"gpt-4o\">\n<div class=\"flex w-full flex-col gap-1 empty:hidden first:pt-[3px]\">\n<div class=\"markdown prose w-full break-words dark:prose-invert light\">\n<p>Segue a organiza\u00e7\u00e3o das colabora\u00e7\u00f5es nacionais do PPGCO, separadas por estado:<\/p>\n<hr \/>\n<h3><span style=\"color: #ff0000\"><strong>Colabora\u00e7\u00f5es Nacionais do PPGCO <\/strong><\/span><\/h3>\n<hr \/>\n<h3><strong>Rio Grande do Sul (RS)<\/strong><\/h3>\n<ul>\n<li>\n<p><strong>Universidade Federal do Rio Grande do Sul (UFRGS):<\/strong><br \/>Colabora\u00e7\u00e3o consolidada com foco em pesquisas multidisciplinares.<\/p>\n<\/li>\n<li>\n<p><strong>Universidade Federal de Pelotas (UFPEL):<\/strong><br \/>Parcerias em pesquisa e extens\u00e3o, especialmente em sa\u00fade bucal.<\/p>\n<\/li>\n<li>\n<p><strong>ATITUS Educa\u00e7\u00e3o (Passo Fundo):<\/strong><br \/>Colabora\u00e7\u00e3o ativa em atividades acad\u00eamicas e cient\u00edficas.<\/p>\n<\/li>\n<li>\n<p><strong>Universidade Franciscana (UFN, Santa Maria):<\/strong><br \/>Colabora\u00e7\u00e3o em ensino, pesquisa e extens\u00e3o, com forte v\u00ednculo regional.<\/p>\n<\/li>\n<li>\n<p><strong>Universidade Federal do Pampa (UNIPAMPA, Bag\u00e9):<\/strong><br \/>Coopera\u00e7\u00e3o em iniciativas voltadas para sa\u00fade e odontologia.<\/p>\n<\/li>\n<\/ul>\n<hr \/>\n<h3><strong>S\u00e3o Paulo (SP)<\/strong><\/h3>\n<ul>\n<li>\n<p><strong>Universidade Estadual Paulista (UNESP):<\/strong><\/p>\n<ul>\n<li>Campus S\u00e3o Jos\u00e9 dos Campos e Araraquara: Colabora\u00e7\u00e3o em pesquisa cient\u00edfica na \u00e1rea de odontologia.<\/li>\n<\/ul>\n<\/li>\n<li>\n<p><strong>Universidade de S\u00e3o Paulo (USP):<\/strong><br \/>Parceiro de longa data com contribui\u00e7\u00f5es significativas em pesquisas avan\u00e7adas em sa\u00fade bucal.<\/p>\n<\/li>\n<li><strong>Universidade Federal de S\u00e3o Carlos (UFSCar):<\/strong><br \/>Colabora\u00e7\u00e3o ativa em projetos interdisciplinares com foco em sa\u00fade.<\/li>\n<\/ul>\n<hr \/>\n<h3><strong>Minas Gerais (MG)<\/strong><\/h3>\n<ul>\n<li><strong>Universidade Federal de Minas Gerais (UFMG):<\/strong><br \/>Coopera\u00e7\u00e3o em pesquisas de impacto, especialmente em epidemiologia e sa\u00fade bucal.<\/li>\n<\/ul>\n<hr \/><\/div>\n<\/div>\n<\/div>\n<\/div>\n<\/div>\n<\/div>\n<h3><span style=\"color: #ff0000\"><strong>Parcerias Internacionais do PPGCO\u00a0<\/strong><\/span><\/h3>\n<hr \/>\n<h3><strong>Europa<\/strong><\/h3>\n<ul>\n<li>\n<p><strong>Universidade de Amsterdam e VU University Amsterdam, ACTA (Academisch Centrum Tandheelkunde Amsterdam) \u2013 Holanda<\/strong><\/p>\n<ul>\n<li>Departamento de Ci\u00eancia dos Materiais Dent\u00e1rios<\/li>\n<li>Departamento de Periodontia<br \/>Principal parceiro consolidado, com miss\u00f5es de mobilidade, coorienta\u00e7\u00f5es ativas e atividades presenciais e h\u00edbridas de colaboradores no Brasil durante este quadri\u00eanio.<\/li>\n<\/ul>\n<\/li>\n<li>\n<p><strong>Universidade de Sheffield, Escola de Odontologia Cl\u00ednica \u2013 Inglaterra<\/strong><\/p>\n<ul>\n<li>Unidade de Sa\u00fade P\u00fablica Odontol\u00f3gica<br \/>Parceiro consolidado em projetos de sa\u00fade p\u00fablica, mobilidade e coorienta\u00e7\u00f5es acad\u00eamicas.<\/li>\n<\/ul>\n<\/li>\n<li>\n<p><strong>Universidade de Turim \u2013 It\u00e1lia<\/strong><\/p>\n<ul>\n<li>Departamento de Ci\u00eancias Cir\u00fargicas (Cariologia e Odontologia Restauradora)<br \/>Parceiro em consolida\u00e7\u00e3o, com miss\u00f5es de mobilidade, coorienta\u00e7\u00f5es ativas e atividades h\u00edbridas realizadas neste quadri\u00eanio.<\/li>\n<\/ul>\n<\/li>\n<li>\n<p><strong>Universidade de Bolonha \u2013 It\u00e1lia<\/strong><\/p>\n<ul>\n<li>Departamento de Ci\u00eancias Biom\u00e9dicas e Neuromotoras, Divis\u00e3o de Pr\u00f3tese<\/li>\n<li>Departamento de Engenharia Civil, Qu\u00edmica, Ambiental e de Materiais (Programa de Doutorado em Engenharia Civil, Qu\u00edmica, Ambiental e de Materiais; Ci\u00eancia e Tecnologia de Materiais; Biopl\u00e1sticos e Materiais para Aplica\u00e7\u00f5es Biom\u00e9dicas)<br \/>Colabora\u00e7\u00e3o hist\u00f3rica, com intera\u00e7\u00f5es que antecedem o quadri\u00eanio atual.<\/li>\n<\/ul>\n<\/li>\n<li>\n<p><strong>Universidade de Zurique \u2013 Su\u00ed\u00e7a<\/strong><\/p>\n<ul>\n<li>Unidade de Materiais Dent\u00e1rios, Centro de Medicina Dent\u00e1ria e Oral<\/li>\n<li>Cl\u00ednica de Pr\u00f3tese Fixa e Remov\u00edvel e Ci\u00eancia dos Materiais Dent\u00e1rios<br \/>Parceiro em consolida\u00e7\u00e3o, com miss\u00f5es de mobilidade, coorienta\u00e7\u00f5es ativas e atividades h\u00edbridas realizadas neste quadri\u00eanio.<\/li>\n<\/ul>\n<\/li>\n<li>\n<p><strong>Universidade de Genebra \u2013 Su\u00ed\u00e7a<\/strong><br \/>Colabora\u00e7\u00e3o iniciada, com foco em intera\u00e7\u00f5es acad\u00eamicas e cient\u00edficas na \u00e1rea de odontologia.<\/p>\n<\/li>\n<li>\n<p><strong>Universidade de Granada \u2013 Espanha<\/strong><\/p>\n<ul>\n<li>Departamento de \u00d3ptica<br \/>Parceiro em consolida\u00e7\u00e3o, com miss\u00f5es de mobilidade e atividades h\u00edbridas realizadas neste quadri\u00eanio.<\/li>\n<\/ul>\n<\/li>\n<li>\n<p><strong>Universidade de Groningen \u2013 Holanda<\/strong><\/p>\n<ul>\n<li>Faculdade de Ci\u00eancias M\u00e9dicas<br \/>Colabora\u00e7\u00e3o em consolida\u00e7\u00e3o, com \u00eanfase em parcerias na \u00e1rea de ci\u00eancias m\u00e9dicas e odontologia.<\/li>\n<\/ul>\n<\/li>\n<li>\n<p><strong>Universidade Friedrich-Alexander Erlangen-N\u00fcrnberg (FAU) \u2013 Alemanha<\/strong><br \/>Colabora\u00e7\u00e3o iniciada, com atividades relacionadas \u00e0 pesquisa odontol\u00f3gica e ci\u00eancia dos materiais.<\/p>\n<\/li>\n<\/ul>\n<hr \/>\n<h3><strong>Am\u00e9rica do Norte<\/strong><\/h3>\n<h4><strong>Canad\u00e1<\/strong><\/h4>\n<ul>\n<li><strong>Universidade McGill, Faculdade de Odontologia \u2013 Montreal<\/strong><br \/>Parceiro em consolida\u00e7\u00e3o, com miss\u00f5es de mobilidade e atividades h\u00edbridas realizadas neste quadri\u00eanio.<\/li>\n<li><strong>Universidade da Col\u00fambia Brit\u00e2nica, Faculdade de Odontologia \u2013 Vancouver<\/strong><br \/>Parceiro consolidado, com coorienta\u00e7\u00f5es ativas, mobilidade discente em quadri\u00eanios anteriores e atividades presenciais no Brasil neste quadri\u00eanio.<\/li>\n<\/ul>\n<h4><strong>Estados Unidos<\/strong><\/h4>\n<ul>\n<li><strong>Universidade de Michigan, Escola de Odontologia \u2013 Ann Arbor<\/strong>\n<ul>\n<li>Departamento de Cariologia, Ci\u00eancias Restauradoras e Endodontia<br \/>Parceiro em consolida\u00e7\u00e3o, com mobilidade em p\u00f3s-doutorado no quadri\u00eanio anterior e atividades h\u00edbridas realizadas neste quadri\u00eanio.<\/li>\n<\/ul>\n<\/li>\n<li><strong>Universidade de Nova York \u2013 EUA<\/strong><br \/>Parceiro em consolida\u00e7\u00e3o, com mobilidade discente no quadri\u00eanio passado e coorienta\u00e7\u00f5es ativas e atividades h\u00edbridas realizadas neste quadri\u00eanio.<\/li>\n<li><strong>Universidade da Carolina do Norte, Escola de Odontologia \u2013 Chapel Hill, Carolina do Norte<\/strong>\n<ul>\n<li>Departamento de Periodontia<br \/>Parceiro em consolida\u00e7\u00e3o, com mobilidade em p\u00f3s-doutorado de docentes permanentes no quadri\u00eanio anterior e atividades h\u00edbridas realizadas neste quadri\u00eanio.<\/li>\n<\/ul>\n<\/li>\n<li><strong>Universidade de Indian\u00e1polis \u2013 EUA<\/strong><br \/>Parceiro em consolida\u00e7\u00e3o, com atividades presenciais de colaboradores no Brasil e h\u00edbridas realizadas neste quadri\u00eanio.<\/li>\n<li><strong>Universidade de Washington \u2013 EUA<\/strong><br \/>Colabora\u00e7\u00e3o iniciada, com atividades h\u00edbridas realizadas neste quadri\u00eanio.<\/li>\n<li><strong>Universidade de Maryland \u2013 EUA<\/strong><br \/>Colabora\u00e7\u00e3o iniciada, com atividades h\u00edbridas realizadas neste quadri\u00eanio.<\/li>\n<li><strong>Universidade Augusta \u2013 EUA<\/strong><br \/>Parceiro com mobilidade em p\u00f3s-doutorado de docentes permanentes no quadri\u00eanio anterior.<\/li>\n<li><strong>Universidade da Calif\u00f3rnia \u2013 EUA<\/strong><br \/>Colabora\u00e7\u00e3o hist\u00f3rica, com intera\u00e7\u00f5es que antecedem o quadri\u00eanio atual.<\/li>\n<\/ul>\n<hr \/>\n<h3><strong>Am\u00e9rica Latina<\/strong><\/h3>\n<ul>\n<li><strong>Universidade de C\u00f3rdoba \u2013 Argentina<\/strong><br \/>Colabora\u00e7\u00e3o iniciada, com mobilidade para o Brasil neste quadri\u00eanio e in\u00edcio de intera\u00e7\u00f5es no eixo Sul-Sul.<\/li>\n<li><strong>Universidade de Guadalajara \u2013 M\u00e9xico<\/strong><br \/>Colabora\u00e7\u00e3o hist\u00f3rica, com intera\u00e7\u00f5es que antecedem o quadri\u00eanio atual.<\/li>\n<\/ul>\n\n\n\n<p><\/p>\n","protected":false},"excerpt":{"rendered":"<p>O Programa de P\u00f3s-Gradua\u00e7\u00e3o em Ci\u00eancias Odontol\u00f3gicas (PPGCO) tem desempenhado um papel ativo no est\u00edmulo e consolida\u00e7\u00e3o de parcerias estrat\u00e9gicas, tanto no \u00e2mbito nacional quanto internacional. Atrav\u00e9s de iniciativas robustas, o programa busca fomentar a coopera\u00e7\u00e3o entre grupos de pesquisa e docentes-pesquisadores renomados, ampliando as fronteiras do conhecimento cient\u00edfico e consolidando sua posi\u00e7\u00e3o como refer\u00eancia [&hellip;]<\/p>\n","protected":false},"author":118,"featured_media":0,"parent":0,"menu_order":0,"comment_status":"closed","ping_status":"closed","template":"","meta":{"footnotes":""},"categories":[],"tags":[],"class_list":["post-171","page","type-page","status-publish","hentry"],"acf":[],"_links":{"self":[{"href":"https:\/\/www.ufsm.br\/cursos\/pos-graduacao\/santa-maria\/ppgco\/wp-json\/wp\/v2\/pages\/171","targetHints":{"allow":["GET"]}}],"collection":[{"href":"https:\/\/www.ufsm.br\/cursos\/pos-graduacao\/santa-maria\/ppgco\/wp-json\/wp\/v2\/pages"}],"about":[{"href":"https:\/\/www.ufsm.br\/cursos\/pos-graduacao\/santa-maria\/ppgco\/wp-json\/wp\/v2\/types\/page"}],"author":[{"embeddable":true,"href":"https:\/\/www.ufsm.br\/cursos\/pos-graduacao\/santa-maria\/ppgco\/wp-json\/wp\/v2\/users\/118"}],"replies":[{"embeddable":true,"href":"https:\/\/www.ufsm.br\/cursos\/pos-graduacao\/santa-maria\/ppgco\/wp-json\/wp\/v2\/comments?post=171"}],"version-history":[{"count":0,"href":"https:\/\/www.ufsm.br\/cursos\/pos-graduacao\/santa-maria\/ppgco\/wp-json\/wp\/v2\/pages\/171\/revisions"}],"wp:attachment":[{"href":"https:\/\/www.ufsm.br\/cursos\/pos-graduacao\/santa-maria\/ppgco\/wp-json\/wp\/v2\/media?parent=171"}],"wp:term":[{"taxonomy":"category","embeddable":true,"href":"https:\/\/www.ufsm.br\/cursos\/pos-graduacao\/santa-maria\/ppgco\/wp-json\/wp\/v2\/categories?post=171"},{"taxonomy":"post_tag","embeddable":true,"href":"https:\/\/www.ufsm.br\/cursos\/pos-graduacao\/santa-maria\/ppgco\/wp-json\/wp\/v2\/tags?post=171"}],"curies":[{"name":"wp","href":"https:\/\/api.w.org\/{rel}","templated":true}]}}