{"id":282,"date":"2020-05-05T17:02:01","date_gmt":"2020-05-05T20:02:01","guid":{"rendered":"https:\/\/www.ufsm.br\/cursos\/pos-graduacao\/santa-maria\/ppgco\/?page_id=282"},"modified":"2020-05-08T10:04:41","modified_gmt":"2020-05-08T13:04:41","slug":"dissertacoes-e-teses","status":"publish","type":"page","link":"https:\/\/www.ufsm.br\/cursos\/pos-graduacao\/santa-maria\/ppgco\/dissertacoes-e-teses","title":{"rendered":"Disserta\u00e7\u00f5es (Mestrado) e Teses (Doutorado)"},"content":{"rendered":"\n<p>Acessar via REPOSIT\u00d3RIO DIGITAL UFSM:<\/p>\n\n\n\n<p><a href=\"https:\/\/repositorio.ufsm.br\/browse?order=ASC&amp;rpp=20&amp;sort_by=-1&amp;value=Programa+de+P\u00f3s-Gradua\u00e7\u00e3o+em+Ci\u00eancias+Odontol\u00f3gicas&amp;etal=-1&amp;offset=20&amp;type=program\" target=\"_blank\" rel=\"noreferrer noopener\">https:\/\/repositorio.ufsm.br\/browse?order=ASC&amp;rpp=20&amp;sort_by=-1&amp;value=Programa+de+P\u00f3s-Gradua\u00e7\u00e3o+em+Ci\u00eancias+Odontol\u00f3gicas&amp;etal=-1&amp;offset=20&amp;type=program<\/a><\/p>\n\n\n\n<p>Neste link, voc\u00ea acessa a Plataforma UFSM para Disserta\u00e7\u00f5es e Teses, contemplando a produ\u00e7\u00e3o mais atualizada do PPGCO.<\/p>\n","protected":false},"excerpt":{"rendered":"<p>Acessar via REPOSIT\u00d3RIO DIGITAL UFSM: https:\/\/repositorio.ufsm.br\/browse?order=ASC&amp;rpp=20&amp;sort_by=-1&amp;value=Programa+de+P\u00f3s-Gradua\u00e7\u00e3o+em+Ci\u00eancias+Odontol\u00f3gicas&amp;etal=-1&amp;offset=20&amp;type=program Neste link, voc\u00ea acessa a Plataforma UFSM para Disserta\u00e7\u00f5es e Teses, contemplando a produ\u00e7\u00e3o mais atualizada do PPGCO.<\/p>\n","protected":false},"author":2727,"featured_media":0,"parent":0,"menu_order":0,"comment_status":"closed","ping_status":"closed","template":"","meta":{"footnotes":""},"categories":[],"tags":[],"class_list":["post-282","page","type-page","status-publish","hentry"],"acf":[],"_links":{"self":[{"href":"https:\/\/www.ufsm.br\/cursos\/pos-graduacao\/santa-maria\/ppgco\/wp-json\/wp\/v2\/pages\/282","targetHints":{"allow":["GET"]}}],"collection":[{"href":"https:\/\/www.ufsm.br\/cursos\/pos-graduacao\/santa-maria\/ppgco\/wp-json\/wp\/v2\/pages"}],"about":[{"href":"https:\/\/www.ufsm.br\/cursos\/pos-graduacao\/santa-maria\/ppgco\/wp-json\/wp\/v2\/types\/page"}],"author":[{"embeddable":true,"href":"https:\/\/www.ufsm.br\/cursos\/pos-graduacao\/santa-maria\/ppgco\/wp-json\/wp\/v2\/users\/2727"}],"replies":[{"embeddable":true,"href":"https:\/\/www.ufsm.br\/cursos\/pos-graduacao\/santa-maria\/ppgco\/wp-json\/wp\/v2\/comments?post=282"}],"version-history":[{"count":0,"href":"https:\/\/www.ufsm.br\/cursos\/pos-graduacao\/santa-maria\/ppgco\/wp-json\/wp\/v2\/pages\/282\/revisions"}],"wp:attachment":[{"href":"https:\/\/www.ufsm.br\/cursos\/pos-graduacao\/santa-maria\/ppgco\/wp-json\/wp\/v2\/media?parent=282"}],"wp:term":[{"taxonomy":"category","embeddable":true,"href":"https:\/\/www.ufsm.br\/cursos\/pos-graduacao\/santa-maria\/ppgco\/wp-json\/wp\/v2\/categories?post=282"},{"taxonomy":"post_tag","embeddable":true,"href":"https:\/\/www.ufsm.br\/cursos\/pos-graduacao\/santa-maria\/ppgco\/wp-json\/wp\/v2\/tags?post=282"}],"curies":[{"name":"wp","href":"https:\/\/api.w.org\/{rel}","templated":true}]}}