{"id":893,"date":"2023-09-25T16:01:15","date_gmt":"2023-09-25T19:01:15","guid":{"rendered":"https:\/\/www.ufsm.br\/cursos\/pos-graduacao\/santa-maria\/ppgco\/?page_id=893"},"modified":"2025-09-24T15:23:58","modified_gmt":"2025-09-24T18:23:58","slug":"comissao-de-selecao-de-ingresso","status":"publish","type":"page","link":"https:\/\/www.ufsm.br\/cursos\/pos-graduacao\/santa-maria\/ppgco\/comissao-de-selecao-de-ingresso","title":{"rendered":"Comiss\u00e3o de sele\u00e7\u00e3o de ingresso"},"content":{"rendered":"\n<p>Nessa se\u00e7\u00e3o ser\u00e3o disponibilizadas informa\u00e7\u00f5es quanto a composi\u00e7\u00e3o dessa Comiss\u00e3o Permanente, como tamb\u00e9m, em conson\u00e2ncia as estrat\u00e9gias institucionais, e ao PDI, em buscar maior transpar\u00eancia na gest\u00e3o, as atas relativas as reuni\u00f5es ordin\u00e1rias conduzidas no \u00e2mbito do PPG.<\/p>\n\n\n\n<p><strong>COMPOSI\u00c7\u00c3O, abaixo est\u00e3o listados a composi\u00e7\u00e3o da Comiss\u00e3o de sele\u00e7\u00e3o de ingresso<\/strong> <strong>PPGCO, vide <em>PORTARIA DE PESSOAL CCS\/UFSM N. 303, DE 03 DE SETEMBRO DE 2025 (validade AT\u00c9 30 DE SETEMBRO DE 2026).<\/em><\/strong><\/p>\n\n\n\n<p>Prof. Bruno Emamanuelli \u2013 SIAPE 3213359<\/p>\n\n\n\n<p>Prof. Carlos Alexandre de Souza Bier \u2013 SIAPE 1146050<\/p>\n\n\n\n<p>Prof. Carlos Heitor Cunha Moreira \u2013 SIAPE 2199718<\/p>\n\n\n\n<p>Prof.\u2002Cristiane Cademartori Danesi \u2013 SIAPE 2111685<\/p>\n\n\n\n<p>Prof. Fabio Zovico Maxnuck Soares \u2013 SIAPE 3630529<\/p>\n\n\n\n<p>Prof. Fabr\u00edcio Batistin Zanatta \u2013 SIAPE 2531124<\/p>\n\n\n\n<p>Prof. Fernanda Tomazoni \u2013 SIAPE 1033021<\/p>\n\n\n\n<p>Prof. Gabriel Kalil Rocha Pereira \u2013 SIAPE 1216386<\/p>\n\n\n\n<p>Prof. Gabriela Salatino Liedke \u2013 SIAPE 1895978<\/p>\n\n\n\n<p>Prof. Jessica Klockner Knorst \u2013 SIAPE 3272752<\/p>\n\n\n\n<p>Prof. Jessye Melgarejo do Amaral Giordani \u2013 SIAPE 3506610<\/p>\n\n\n\n<p>Prof. Julio Eduardo do Amaral Zenkner \u2013 SIAPE 379391<\/p>\n\n\n\n<p>Prof. Karla Zanini Kantorski \u2013 SIAPE 2555364<\/p>\n\n\n\n<p>Prof. Kivia Linhares Ferrazzo \u2013 SIAPE 6506289<\/p>\n\n\n\n<p>Prof. Leonardo Lamberti Miotti \u2013 SIAPE 1309173<\/p>\n\n\n\n<p>Profa. Leticia Brandao Durand \u2013 SIAPE 2224378<\/p>\n\n\n\n<p>Prof. Liliana Gressler May \u2013 SIAPE 2364175<\/p>\n\n\n\n<p>Prof. Luana Severo Alves \u2013 SIAPE 2859966<\/p>\n\n\n\n<p>Profa. Luisa Helena do Nascimento Torres \u2013 SIAPE 25686<\/p>\n\n\n\n<p>Prof. Luiz Felipe Valandro \u2013 SIAPE 2253286<\/p>\n\n\n\n<p>Prof. Maria Laura Braccini Fagundes\u2013 SIAPE 3379732<\/p>\n\n\n\n<p>Prof. Mariana Marquezan \u2013 SIAPE 1220403<\/p>\n\n\n\n<p>Prof. Marilia Pivetta Rippe \u2013 SIAPE 1105966<\/p>\n\n\n\n<p>Prof. Orlando Luiz do Amaral J\u00fanior \u2013 SIAPE 1362547<\/p>\n\n\n\n<p>Prof. Patr\u00edcia Kolling Marquezan \u2013 SIAPE 1145266<\/p>\n\n\n\n<p>Profa. Rachel de Oliveira Rocha \u2013 SIAPE 2210329<\/p>\n\n\n\n<p>Prof. Raquel Pippi Antoniazzi \u2013 SIAPE 2496585<\/p>\n\n\n\n<p>Prof. Renata Dornelles Morgental \u2013 SIAPE 1798807<\/p>\n\n\n\n<p>Prof. Thiago Machado Ardenghi \u2013 SIAPE 2565440<\/p>\n\n\n\n<p>Prof. Victor De Mello Palma \u2013 SIAPE 1322064<\/p>\n\n\n\n<p><\/p>\n\n\n\n<p><strong>ATAS &#8211; de acordo com delibera\u00e7\u00e3o em Colegiado na data de XX de outubro de 2023, abaixo ser\u00e3o publicizadas as atas relativas as reuni\u00f5es ordin\u00e1rias conduzidas no \u00e2mbito desta comiss\u00e3o<\/strong> <strong>a partir da referida data:<\/strong><\/p>\n","protected":false},"excerpt":{"rendered":"<p>Nessa se\u00e7\u00e3o ser\u00e3o disponibilizadas informa\u00e7\u00f5es quanto a composi\u00e7\u00e3o dessa Comiss\u00e3o Permanente, como tamb\u00e9m, em conson\u00e2ncia as estrat\u00e9gias institucionais, e ao PDI, em buscar maior transpar\u00eancia na gest\u00e3o, as atas relativas as reuni\u00f5es ordin\u00e1rias conduzidas no \u00e2mbito do PPG. COMPOSI\u00c7\u00c3O, abaixo est\u00e3o listados a composi\u00e7\u00e3o da Comiss\u00e3o de sele\u00e7\u00e3o de ingresso PPGCO, vide PORTARIA DE PESSOAL [&hellip;]<\/p>\n","protected":false},"author":5529,"featured_media":0,"parent":0,"menu_order":0,"comment_status":"closed","ping_status":"closed","template":"","meta":{"footnotes":""},"categories":[],"tags":[],"class_list":["post-893","page","type-page","status-publish","hentry"],"acf":[],"_links":{"self":[{"href":"https:\/\/www.ufsm.br\/cursos\/pos-graduacao\/santa-maria\/ppgco\/wp-json\/wp\/v2\/pages\/893","targetHints":{"allow":["GET"]}}],"collection":[{"href":"https:\/\/www.ufsm.br\/cursos\/pos-graduacao\/santa-maria\/ppgco\/wp-json\/wp\/v2\/pages"}],"about":[{"href":"https:\/\/www.ufsm.br\/cursos\/pos-graduacao\/santa-maria\/ppgco\/wp-json\/wp\/v2\/types\/page"}],"author":[{"embeddable":true,"href":"https:\/\/www.ufsm.br\/cursos\/pos-graduacao\/santa-maria\/ppgco\/wp-json\/wp\/v2\/users\/5529"}],"replies":[{"embeddable":true,"href":"https:\/\/www.ufsm.br\/cursos\/pos-graduacao\/santa-maria\/ppgco\/wp-json\/wp\/v2\/comments?post=893"}],"version-history":[{"count":0,"href":"https:\/\/www.ufsm.br\/cursos\/pos-graduacao\/santa-maria\/ppgco\/wp-json\/wp\/v2\/pages\/893\/revisions"}],"wp:attachment":[{"href":"https:\/\/www.ufsm.br\/cursos\/pos-graduacao\/santa-maria\/ppgco\/wp-json\/wp\/v2\/media?parent=893"}],"wp:term":[{"taxonomy":"category","embeddable":true,"href":"https:\/\/www.ufsm.br\/cursos\/pos-graduacao\/santa-maria\/ppgco\/wp-json\/wp\/v2\/categories?post=893"},{"taxonomy":"post_tag","embeddable":true,"href":"https:\/\/www.ufsm.br\/cursos\/pos-graduacao\/santa-maria\/ppgco\/wp-json\/wp\/v2\/tags?post=893"}],"curies":[{"name":"wp","href":"https:\/\/api.w.org\/{rel}","templated":true}]}}