{"id":898,"date":"2023-10-18T09:50:31","date_gmt":"2023-10-18T12:50:31","guid":{"rendered":"https:\/\/www.ufsm.br\/cursos\/pos-graduacao\/santa-maria\/ppgco\/?page_id=898"},"modified":"2023-10-18T11:13:55","modified_gmt":"2023-10-18T14:13:55","slug":"cotutela-titulacao-simultanea","status":"publish","type":"page","link":"https:\/\/www.ufsm.br\/cursos\/pos-graduacao\/santa-maria\/ppgco\/cotutela-titulacao-simultanea","title":{"rendered":"Orienta\u00e7\u00f5es para Cotutela com\/sem Titula\u00e7\u00e3o Simult\u00e2nea"},"content":{"rendered":"\n<h5 class=\"wp-block-heading\">COTUTELA SEM TITULA\u00c7\u00c3O SIMULT\u00c2NEA<\/h5>\n\n\n\n<p>Modalidade acad\u00eamica que permite ao discente de Mestrado ou Doutorado realizar sua Disserta\u00e7\u00e3o ou Tese sob a responsabilidade de dois orientadores (Orientador principal Docente Permanente PPGCO e Coorientador, docente do PPGCO ou externo, podendo ser estrangeiro). Esses pedidos s\u00e3o apreciados apenas em Colegiado do PPG, que considera a expertise do docente externo, potencial coorientador, utilizando como balizador o <a href=\"https:\/\/www.ufsm.br\/app\/uploads\/sites\/531\/2021\/10\/REGRAS-2021.pdf\">Crit\u00e9rio de Credenciamento\/Recredenciamento de Docentes Permanentes PPGCO<\/a>. Havendo a anu\u00eancia do Colegiado, o discente procede com o ajuste\/adi\u00e7\u00e3o do coorientador no Plano de Estudos e tramita este para homologa\u00e7\u00e3o do seu orientador, Coordena\u00e7\u00e3o do PPG, e ent\u00e3o cadastro no sistema.<\/p>\n\n\n\n<p><\/p>\n\n\n\n<h5 class=\"wp-block-heading\">COTUTELA COM TITULA\u00c7\u00c3O SIMULT\u00c2NEA OU DUPLA TITULA\u00c7\u00c3O<\/h5>\n\n\n\n<p>Permite que um discente de p\u00f3s-gradua\u00e7\u00e3o, al\u00e9m da orienta\u00e7\u00e3o previamente descrita, receba dois t\u00edtulos acad\u00eamicos ao mesmo tempo, quando sua forma\u00e7\u00e3o ocorrer simultaneamente em institui\u00e7\u00f5es diferentes.<\/p>\n\n\n\n<p>Todas as disposi\u00e7\u00f5es, requerimentos e regulamenta\u00e7\u00f5es espec\u00edficas para o devido provimento do regime de Cotutela est\u00e3o consignadas na <strong><a href=\"https:\/\/www.ufsm.br\/pro-reitorias\/proplan\/resolucao-ufsm-n-139-2023\">Resolu\u00e7\u00e3o UFSM N\u00b0 139, de 29 de agosto de 2023 <\/a>(Anexo I, Se\u00e7\u00e3o IV \u2018Da Cotutela\u2019, Art. 92 \u2013 Art. 99)<\/strong><\/p>\n\n\n\n<p>O processo de Cotutela com titula\u00e7\u00e3o simult\u00e2nea ser\u00e1 instaurado mediante a apresenta\u00e7\u00e3o obrigat\u00f3ria dos seguintes documentos:<\/p>\n\n\n\n<p>I- Formul\u00e1rio de Solicita\u00e7\u00e3o <a href=\"https:\/\/www.ufsm.br\/pro-reitorias\/prpgp\/cotutela-titulacao-simultanea\"><strong>(link)<\/strong><\/a> (documento deve estar assinado pelos interessados);<br>II- Minuta do Plano de Trabalho <a href=\"https:\/\/www.ufsm.br\/pro-reitorias\/prpgp\/cotutela-titulacao-simultanea\"><strong>(link)<\/strong><\/a> (documento somente ser\u00e1 assinado ap\u00f3s a devida aprova\u00e7\u00e3o);<br>III- C\u00f3pia do Diploma de Gradua\u00e7\u00e3o, no caso de Cotutela de Disserta\u00e7\u00e3o de Mestrado; em se tratando de Cotutela de Tese de Doutorado, deve ser apresentada a c\u00f3pia do Diploma de Mestrado, que poder\u00e1 ser substitu\u00edda pela c\u00f3pia do Diploma de Gradua\u00e7\u00e3o, acompanhada da Declara\u00e7\u00e3o de inobserv\u00e2ncia de comprova\u00e7\u00e3o de Diploma de Mestrado, quando configurando Doutorado Direto por parte do discente solicitante;<br>IV- C\u00f3pia do Hist\u00f3rico Escolar no Programa de P\u00f3s-gradua\u00e7\u00e3o (PPG) da UFSM, se discente-solicitante vinculado na UFSM, ou no PPG estrangeiro, se discente vinculado a Universidade estrangeira;<br>V- C\u00f3pia do Documento de Identifica\u00e7\u00e3o do(a) discente-solicitante;<br>VI- Documento comprobat\u00f3rio de estar regularmente matriculado em PPG na UFSM ou em PPG de Universidade estrangeira (como, Declara\u00e7\u00e3o do(a) Coordenador(a) do PPG);<br>VII- Curr\u00edculo Vitae do(a) Aluno(a);<br>VIII- Curr\u00edculo Vitae do(a) Orientador(a) do PPG da UFSM;<br>IX- Curr\u00edculo Vitae do(a) Orientador(a) do PPG da institui\u00e7\u00e3o estrangeira.<\/p>\n\n\n\n<p>Documentos adicionais, tais como profici\u00eancia em l\u00edngua estrangeira, seguro de vida e sa\u00fade, visto para o pa\u00eds de destino, entre outros, poder\u00e3o ser exigidos, conforme legisla\u00e7\u00e3o vigente, regras do pa\u00eds e da institui\u00e7\u00e3o de destino para estrangeiros, regras de ag\u00eancias de fomento, etc.<\/p>\n\n\n\n<p>Os pedidos de Cotutela com titula\u00e7\u00e3o simult\u00e2nea dever\u00e3o ser encaminhados exclusivamente via sistema PEN da UFSM, cujo processo de Cotutela dever\u00e1 ser aberto pelo(a) professor(a)-orientador(a) da UFSM.<\/p>\n\n\n\n<p>O fluxo de tramita\u00e7\u00e3o do processo PEN estar\u00e1 devidamente consignado no sistema PEN, em termos de destino do processo exceto PPG de origem do(a) solicitante: ORIENTADOR &gt;&gt; PPG &gt;&gt; NGPP (CAPR\/PRPGP) &gt;&gt; COPROC\/PROPLAN &gt;&gt; PROJUR (quando necess\u00e1rio) &gt;&gt; ORIENTADOR &gt;&gt; NCAP\/PRPGP.<\/p>\n\n\n\n<p> O tipo documental a ser utilizado para a abertura no PEN ser\u00e1 \u2018<strong>processo de titula\u00e7\u00e3o simult\u00e2nea de mestrado\/doutorado em regime de cotutela (134.423)<\/strong>\u2019.<br><br>Para que o(a) discente externo \u00e0 UFSM possa ser adicionado como interessado(a) ao processo, no caso de cotutela com dupla titula\u00e7\u00e3o onde a UFSM ser\u00e1 a ies estrangeira do processo, o(a) referido(a) discente dever\u00e1 realizar previamente o cadastro no sistema da UFSM, conforme instru\u00e7\u00e3o dispon\u00edvel neste <a href=\"https:\/\/www.ufsm.br\/orgaos-suplementares\/dag\/pen\/servicos\/foreign-external-user-registration\"><strong>link<\/strong><\/a>, sendo que somente poder\u00e1 ocorrer sua matr\u00edcula no sistema da UFSM ap\u00f3s a aprova\u00e7\u00e3o e assinatura do plano de trabalho.<\/p>\n","protected":false},"excerpt":{"rendered":"<p>COTUTELA SEM TITULA\u00c7\u00c3O SIMULT\u00c2NEA Modalidade acad\u00eamica que permite ao discente de Mestrado ou Doutorado realizar sua Disserta\u00e7\u00e3o ou Tese sob a responsabilidade de dois orientadores (Orientador principal Docente Permanente PPGCO e Coorientador, docente do PPGCO ou externo, podendo ser estrangeiro). Esses pedidos s\u00e3o apreciados apenas em Colegiado do PPG, que considera a expertise do docente [&hellip;]<\/p>\n","protected":false},"author":5568,"featured_media":0,"parent":0,"menu_order":0,"comment_status":"closed","ping_status":"closed","template":"","meta":{"footnotes":""},"categories":[],"tags":[],"class_list":["post-898","page","type-page","status-publish","hentry"],"acf":[],"_links":{"self":[{"href":"https:\/\/www.ufsm.br\/cursos\/pos-graduacao\/santa-maria\/ppgco\/wp-json\/wp\/v2\/pages\/898","targetHints":{"allow":["GET"]}}],"collection":[{"href":"https:\/\/www.ufsm.br\/cursos\/pos-graduacao\/santa-maria\/ppgco\/wp-json\/wp\/v2\/pages"}],"about":[{"href":"https:\/\/www.ufsm.br\/cursos\/pos-graduacao\/santa-maria\/ppgco\/wp-json\/wp\/v2\/types\/page"}],"author":[{"embeddable":true,"href":"https:\/\/www.ufsm.br\/cursos\/pos-graduacao\/santa-maria\/ppgco\/wp-json\/wp\/v2\/users\/5568"}],"replies":[{"embeddable":true,"href":"https:\/\/www.ufsm.br\/cursos\/pos-graduacao\/santa-maria\/ppgco\/wp-json\/wp\/v2\/comments?post=898"}],"version-history":[{"count":0,"href":"https:\/\/www.ufsm.br\/cursos\/pos-graduacao\/santa-maria\/ppgco\/wp-json\/wp\/v2\/pages\/898\/revisions"}],"wp:attachment":[{"href":"https:\/\/www.ufsm.br\/cursos\/pos-graduacao\/santa-maria\/ppgco\/wp-json\/wp\/v2\/media?parent=898"}],"wp:term":[{"taxonomy":"category","embeddable":true,"href":"https:\/\/www.ufsm.br\/cursos\/pos-graduacao\/santa-maria\/ppgco\/wp-json\/wp\/v2\/categories?post=898"},{"taxonomy":"post_tag","embeddable":true,"href":"https:\/\/www.ufsm.br\/cursos\/pos-graduacao\/santa-maria\/ppgco\/wp-json\/wp\/v2\/tags?post=898"}],"curies":[{"name":"wp","href":"https:\/\/api.w.org\/{rel}","templated":true}]}}