{"id":1178,"date":"2024-10-08T13:45:24","date_gmt":"2024-10-08T16:45:24","guid":{"rendered":"https:\/\/www.ufsm.br\/cursos\/pos-graduacao\/santa-maria\/ppgcont\/?page_id=1178"},"modified":"2024-10-09T07:19:20","modified_gmt":"2024-10-09T10:19:20","slug":"plano-de-estudos","status":"publish","type":"page","link":"https:\/\/www.ufsm.br\/cursos\/pos-graduacao\/santa-maria\/ppgcont\/plano-de-estudos","title":{"rendered":"Plano de Estudos"},"content":{"rendered":"\n<p style=\"text-align: center\"><strong>INSTRU\u00c7\u00d5ES SOBRE PLANO DE ESTUDOS<\/strong><\/p>\n<p style=\"text-align: center\"><strong>Programa de P\u00f3s-Gradua\u00e7\u00e3o em Ci\u00eancias Cont\u00e1beis da UFSM<\/strong><\/p>\n<p style=\"text-align: center\">\u00a0<\/p>\n<p style=\"text-align: justify\">Todo(a) discente de P\u00f3s-Gradua\u00e7\u00e3o tem o dever de elaborar, em conjunto com o(a) docente orientador(a) e Comiss\u00e3o de Ensino, um\u00a0<strong>Plano de Estudos Online<\/strong>, do qual constar\u00e1 a \u00e1rea de concentra\u00e7\u00e3o, a linha de pesquisa do projeto, o t\u00edtulo (mesmo que provis\u00f3rio) do trabalho, o(a) orientador(a), as disciplinas recomendadas a serem cursadas durante o curso, op\u00e7\u00e3o de l\u00edngua estrangeira, dentre outros aspectos relevantes \u00e0 conclus\u00e3o da p\u00f3s-gradua\u00e7\u00e3o.<\/p>\n<p style=\"text-align: justify\">O preenchimento do Plano de Estudos deve ser realizado via\u00a0<a href=\"https:\/\/portal.ufsm.br\/aluno\/index.html\" target=\"_blank\" rel=\"noopener\"><strong>Portal do Aluno<\/strong><\/a>, seguindo as orienta\u00e7\u00f5es do\u00a0<a href=\"https:\/\/www.ufsm.br\/app\/uploads\/sites\/611\/2019\/04\/TUTORIAL-PLANO-DE-ESTUDOS.pdf\" target=\"_blank\" rel=\"noopener\"><strong>Tutorial de preenchimento do Plano de Estudos On-line<\/strong><\/a>.<\/p>\n<p style=\"text-align: justify\">Vale lembrar que:<\/p>\n<ol>\n<li style=\"text-align: justify\"><span id=\"page20R_mcid2\" class=\"markedContent\"><span dir=\"ltr\" role=\"presentation\">O(a) alunos(a) de p\u00f3s-gradua\u00e7\u00e3o s\u00f3 poder\u00e1 abrir seu\u00a0<strong>processo de defesa de MDT<\/strong>\u00a0se tiver preenchido e aprovado seu plano de estudos on-line;<\/span><\/span><\/li>\n<li style=\"text-align: justify\"><span id=\"page20R_mcid3\" class=\"markedContent\"><span dir=\"ltr\" role=\"presentation\">O(a) aluno(a)\u00a0<span id=\"page20R_mcid2\" class=\"markedContent\">de p\u00f3s-gradua\u00e7\u00e3o<\/span>\u00a0s\u00f3 poder\u00e1 realizar sua\u00a0<strong>matr\u00edcula no segundo semestre<\/strong>\u00a0de curso se tiver preenchido e aprovado seu plano de estudos on-line;<\/span><\/span><\/li>\n<li style=\"text-align: justify\"><span id=\"page20R_mcid4\" class=\"markedContent\"><span dir=\"ltr\" role=\"presentation\">Para abrir o processo de solicita\u00e7\u00e3o de defesa de MDT (ao final do curso), \u00e9 necess\u00e1rio que o(a) aluno(a)\u00a0<strong>esteja com seu plano de estudos devidamente cumprido<\/strong>. Esta \u00e9 uma responsabilidade de todo(a) aluno(a) de p\u00f3s-gradua\u00e7\u00e3o. Al\u00e9m disso, \u00e9 importante que o(a) aluno(a) saiba que, uma vez aberto o processo de defesa de MDT,\u00a0<strong>n\u00e3o \u00e9 mais permitido alterar<\/strong>\u00a0o plano de estudos.<\/span><\/span><\/li>\n<\/ol>\n\n\n\n<p><\/p>\n","protected":false},"excerpt":{"rendered":"<p>INSTRU\u00c7\u00d5ES SOBRE PLANO DE ESTUDOS Programa de P\u00f3s-Gradua\u00e7\u00e3o em Ci\u00eancias Cont\u00e1beis da UFSM \u00a0 Todo(a) discente de P\u00f3s-Gradua\u00e7\u00e3o tem o dever de elaborar, em conjunto com o(a) docente orientador(a) e Comiss\u00e3o de Ensino, um\u00a0Plano de Estudos Online, do qual constar\u00e1 a \u00e1rea de concentra\u00e7\u00e3o, a linha de pesquisa do projeto, o t\u00edtulo (mesmo que provis\u00f3rio) [&hellip;]<\/p>\n","protected":false},"author":905,"featured_media":0,"parent":0,"menu_order":0,"comment_status":"closed","ping_status":"closed","template":"","meta":{"footnotes":""},"categories":[],"tags":[],"class_list":["post-1178","page","type-page","status-publish","hentry"],"acf":[],"_links":{"self":[{"href":"https:\/\/www.ufsm.br\/cursos\/pos-graduacao\/santa-maria\/ppgcont\/wp-json\/wp\/v2\/pages\/1178","targetHints":{"allow":["GET"]}}],"collection":[{"href":"https:\/\/www.ufsm.br\/cursos\/pos-graduacao\/santa-maria\/ppgcont\/wp-json\/wp\/v2\/pages"}],"about":[{"href":"https:\/\/www.ufsm.br\/cursos\/pos-graduacao\/santa-maria\/ppgcont\/wp-json\/wp\/v2\/types\/page"}],"author":[{"embeddable":true,"href":"https:\/\/www.ufsm.br\/cursos\/pos-graduacao\/santa-maria\/ppgcont\/wp-json\/wp\/v2\/users\/905"}],"replies":[{"embeddable":true,"href":"https:\/\/www.ufsm.br\/cursos\/pos-graduacao\/santa-maria\/ppgcont\/wp-json\/wp\/v2\/comments?post=1178"}],"version-history":[{"count":0,"href":"https:\/\/www.ufsm.br\/cursos\/pos-graduacao\/santa-maria\/ppgcont\/wp-json\/wp\/v2\/pages\/1178\/revisions"}],"wp:attachment":[{"href":"https:\/\/www.ufsm.br\/cursos\/pos-graduacao\/santa-maria\/ppgcont\/wp-json\/wp\/v2\/media?parent=1178"}],"wp:term":[{"taxonomy":"category","embeddable":true,"href":"https:\/\/www.ufsm.br\/cursos\/pos-graduacao\/santa-maria\/ppgcont\/wp-json\/wp\/v2\/categories?post=1178"},{"taxonomy":"post_tag","embeddable":true,"href":"https:\/\/www.ufsm.br\/cursos\/pos-graduacao\/santa-maria\/ppgcont\/wp-json\/wp\/v2\/tags?post=1178"}],"curies":[{"name":"wp","href":"https:\/\/api.w.org\/{rel}","templated":true}]}}