{"id":1180,"date":"2024-10-08T14:00:10","date_gmt":"2024-10-08T17:00:10","guid":{"rendered":"https:\/\/www.ufsm.br\/cursos\/pos-graduacao\/santa-maria\/ppgcont\/?page_id=1180"},"modified":"2024-10-09T07:33:08","modified_gmt":"2024-10-09T10:33:08","slug":"defesa-da-dissertacao","status":"publish","type":"page","link":"https:\/\/www.ufsm.br\/cursos\/pos-graduacao\/santa-maria\/ppgcont\/defesa-da-dissertacao","title":{"rendered":"Defesa da Disserta\u00e7\u00e3o"},"content":{"rendered":"\n<p style=\"text-align: center\"><strong>INSTRU\u00c7\u00d5ES PARA DEFESA FINAL DE DISSERTA\u00c7\u00c3O<\/strong><\/p>\n<p style=\"text-align: center\"><strong>Programa de P\u00f3s-Gradua\u00e7\u00e3o em Ci\u00eancias Cont\u00e1beis da UFSM<\/strong><\/p>\n<p>\u00a0<\/p>\n<p style=\"text-align: justify\">Para solicitar a Defesa da Disserta\u00e7\u00e3o o(a) aluno(a) dever\u00e1 acessar o\u00a0<a href=\"http:\/\/portal.ufsm.br\/aluno\/\" target=\"_blank\" rel=\"noreferrer noopener\">Portal do Aluno<\/a>, e clicar no \u00edcone \u201cPlano de Estudos\u201d. Para acessar o Tutorial de Solicita\u00e7\u00e3o de Defesa de MDT,\u00a0<a href=\"https:\/\/www.ufsm.br\/cursos\/pos-graduacao\/santa-maria\/ppga\/wp-content\/uploads\/sites\/512\/2019\/01\/Tutorial-Defesa-MDT-2013-1.pdf\" target=\"_blank\" rel=\"noreferrer noopener\">clique aqui<\/a>.<\/p>\n<p style=\"text-align: justify\">Ademais, dever\u00e1 enviar via e-mail (<a class=\"notranslate\" href=\"mailto:sipos.ccsh@ufsm.br\">sipos.ccsh@ufsm.br<\/a>) \u00e0 Secretaria Integrada dos Cursos de P\u00f3s-Gradua\u00e7\u00e3o \u2013 SIPOS,\u00a0<strong>com pelo menos\u00a025 dias de anteced\u00eancia\u00a0da data prevista para a defesa<\/strong>, os seguintes documentos:<\/p>\n<ul style=\"text-align: justify\">\n<li><strong><a href=\"https:\/\/www.ufsm.br\/app\/uploads\/sites\/544\/2023\/01\/Formulario-Banca-de-Defesa-ultima-versao.docx\">Formul\u00e1rio Banca de Defesa<\/a><a href=\"https:\/\/www.ufsm.br\/app\/uploads\/sites\/544\/2021\/12\/Formulario_sugestao_banca_dissertacao-PPGAP_atualizado-09.12.2021.doc\" target=\"_blank\" rel=\"noreferrer noopener\">;<\/a><\/strong><\/li>\n<li><strong>Hist\u00f3rico Escolar (dispon\u00edvel no menu Relat\u00f3rios do\u00a0<a href=\"https:\/\/portal.ufsm.br\/aluno\/index.html\" target=\"_blank\" rel=\"noreferrer noopener\">Portal do Aluno<\/a>);<\/strong><\/li>\n<li><strong>Plano de Estudos (dispon\u00edvel no menu P\u00f3s-Gradua\u00e7\u00e3o do\u00a0<a href=\"https:\/\/portal.ufsm.br\/aluno\/index.html\" target=\"_blank\" rel=\"noreferrer noopener\">Portal do Aluno<\/a>)<\/strong><\/li>\n<li>\u00a0Of\u00edcio com justificativa para a altera\u00e7\u00e3o de membros (para os casos em que a comiss\u00e3o sugerida seja diferente daquela que avaliou o Projeto de Disserta\u00e7\u00e3o).<\/li>\n<li><strong>Importante:<\/strong>\u00a0Envie uma via da Disserta\u00e7\u00e3o para os membros da banca em tempo h\u00e1bil, para possibilitar a leitura e avalia\u00e7\u00e3o (pelo menos 20 dias antes da data da banca).<\/li>\n<\/ul>\n<p style=\"text-align: justify\"><strong>ATEN\u00c7\u00c3O 1:<\/strong> A Comiss\u00e3o Examinadora dever\u00e1 ser composta de tr\u00eas (3) docentes doutores como membros efetivos e mais um (1) suplente, sendo, no m\u00ednimo, um dos membros efetivos externo \u00e0 UFSM.<\/p>\n<p style=\"text-align: justify\"><strong>ATEN\u00c7\u00c3O 2:<\/strong>\u00a0Para orienta\u00e7\u00f5es sobre prorroga\u00e7\u00e3o dos prazos de defesa \u2013 qualifica\u00e7\u00e3o ou defesa final de disserta\u00e7\u00e3o \u2013 favor acessar a se\u00e7\u00e3o \u201cProrroga\u00e7\u00e3o de Prazos de Defesa\u201d deste s\u00edtio eletr\u00f4nico.<\/p>\n\n\n\n<p><\/p>\n","protected":false},"excerpt":{"rendered":"<p>INSTRU\u00c7\u00d5ES PARA DEFESA FINAL DE DISSERTA\u00c7\u00c3O Programa de P\u00f3s-Gradua\u00e7\u00e3o em Ci\u00eancias Cont\u00e1beis da UFSM \u00a0 Para solicitar a Defesa da Disserta\u00e7\u00e3o o(a) aluno(a) dever\u00e1 acessar o\u00a0Portal do Aluno, e clicar no \u00edcone \u201cPlano de Estudos\u201d. Para acessar o Tutorial de Solicita\u00e7\u00e3o de Defesa de MDT,\u00a0clique aqui. Ademais, dever\u00e1 enviar via e-mail (sipos.ccsh@ufsm.br) \u00e0 Secretaria Integrada [&hellip;]<\/p>\n","protected":false},"author":905,"featured_media":0,"parent":0,"menu_order":0,"comment_status":"closed","ping_status":"closed","template":"","meta":{"footnotes":""},"categories":[],"tags":[],"class_list":["post-1180","page","type-page","status-publish","hentry"],"acf":[],"_links":{"self":[{"href":"https:\/\/www.ufsm.br\/cursos\/pos-graduacao\/santa-maria\/ppgcont\/wp-json\/wp\/v2\/pages\/1180","targetHints":{"allow":["GET"]}}],"collection":[{"href":"https:\/\/www.ufsm.br\/cursos\/pos-graduacao\/santa-maria\/ppgcont\/wp-json\/wp\/v2\/pages"}],"about":[{"href":"https:\/\/www.ufsm.br\/cursos\/pos-graduacao\/santa-maria\/ppgcont\/wp-json\/wp\/v2\/types\/page"}],"author":[{"embeddable":true,"href":"https:\/\/www.ufsm.br\/cursos\/pos-graduacao\/santa-maria\/ppgcont\/wp-json\/wp\/v2\/users\/905"}],"replies":[{"embeddable":true,"href":"https:\/\/www.ufsm.br\/cursos\/pos-graduacao\/santa-maria\/ppgcont\/wp-json\/wp\/v2\/comments?post=1180"}],"version-history":[{"count":0,"href":"https:\/\/www.ufsm.br\/cursos\/pos-graduacao\/santa-maria\/ppgcont\/wp-json\/wp\/v2\/pages\/1180\/revisions"}],"wp:attachment":[{"href":"https:\/\/www.ufsm.br\/cursos\/pos-graduacao\/santa-maria\/ppgcont\/wp-json\/wp\/v2\/media?parent=1180"}],"wp:term":[{"taxonomy":"category","embeddable":true,"href":"https:\/\/www.ufsm.br\/cursos\/pos-graduacao\/santa-maria\/ppgcont\/wp-json\/wp\/v2\/categories?post=1180"},{"taxonomy":"post_tag","embeddable":true,"href":"https:\/\/www.ufsm.br\/cursos\/pos-graduacao\/santa-maria\/ppgcont\/wp-json\/wp\/v2\/tags?post=1180"}],"curies":[{"name":"wp","href":"https:\/\/api.w.org\/{rel}","templated":true}]}}