{"id":1181,"date":"2024-10-08T14:46:49","date_gmt":"2024-10-08T17:46:49","guid":{"rendered":"https:\/\/www.ufsm.br\/cursos\/pos-graduacao\/santa-maria\/ppgcont\/?page_id=1181"},"modified":"2024-10-17T15:45:51","modified_gmt":"2024-10-17T18:45:51","slug":"prorrogacao-da-qualificacao","status":"publish","type":"page","link":"https:\/\/www.ufsm.br\/cursos\/pos-graduacao\/santa-maria\/ppgcont\/prorrogacao-da-qualificacao","title":{"rendered":"Prorroga\u00e7\u00e3o da Qualifica\u00e7\u00e3o"},"content":{"rendered":"\n<p style=\"text-align: center\"><strong>INSTRU\u00c7\u00d5ES SOBRE PRORROGA\u00c7\u00c3O DO PRAZO DE DEFESA DA QUALIFICA\u00c7\u00c3O<br \/><\/strong><\/p>\n<p style=\"text-align: center\"><strong>Programa de P\u00f3s-Gradua\u00e7\u00e3o em Ci\u00eancias Cont\u00e1beis da UFSM<\/strong><\/p>\n<p>\u00a0<\/p>\n<p style=\"text-align: justify\">Todo(a) aluno(a) regular poder\u00e1 solicitar, em car\u00e1ter excepcional, um pedido de prorroga\u00e7\u00e3o do prazo de defesa de qualifica\u00e7\u00e3o. A concess\u00e3o da prorroga\u00e7\u00e3o de prazo para a defesa\u00a0<strong>sempre ficar\u00e1 a crit\u00e9rio do Colegiado<\/strong> do PPG em Ci\u00eancias Cont\u00e1beis, que far\u00e1 a an\u00e1lise do pedido do(a) discente em reuni\u00e3o colegiada.<\/p>\n<p style=\"text-align: justify\">Existem\u00a0<strong>dois tipos<\/strong>\u00a0de solicita\u00e7\u00e3o de prorroga\u00e7\u00e3o de prazo de defesa, a saber: a) prorroga\u00e7\u00e3o do prazo de defesa de Qualifica\u00e7\u00e3o (do projeto); e, b) prorroga\u00e7\u00e3o do prazo de defesa final de Disserta\u00e7\u00e3o.\u00a0<strong>Os procedimentos de solicita\u00e7\u00e3o de cada tipo de prorroga\u00e7\u00e3o s\u00e3o diversos<\/strong>, sendo o tr\u00e2mite da prorroga\u00e7\u00e3o do prazo de defesa de qualifica\u00e7\u00e3o explicado abaixo:<\/p>\n<p style=\"text-align: justify\"><strong>\u21d2 Prorroga\u00e7\u00e3o do Prazo de Defesa da Qualifica\u00e7\u00e3o:<\/strong><\/p>\n<p style=\"text-align: justify\">Para solicitar a prorroga\u00e7\u00e3o da qualifica\u00e7\u00e3o de disserta\u00e7\u00e3o, se faz necess\u00e1rio\u00a0<strong>enviar e-mail<\/strong>\u00a0para:<\/p>\n<ol style=\"text-align: justify\">\n<li>A Secretaria Integrada de Cursos de P\u00f3s-Gradua\u00e7\u00e3o \u2013 SIPOS, pelo endere\u00e7o eletr\u00f4nico\u00a0<a class=\"notranslate\" href=\"mailto:sipos.ccsh@ufsm.br\">sipos.ccsh@ufsm.br<\/a>,\u00a0<strong>e<\/strong><\/li>\n<li>A Coordena\u00e7\u00e3o do PPGCC, pelo endere\u00e7o eletr\u00f4nico <a href=\"mailto:ppgcontabeis@ufsm.br\">ppgcontabeis@ufsm.br<\/a>,\u00a0<strong>anexando todos os documentos relacionados abaixo.<\/strong><\/li>\n<\/ol>\n<p style=\"text-align: justify\"><strong>Documenta\u00e7\u00e3o<\/strong>\u00a0a ser anexada ao e-mail:<\/p>\n<ol style=\"text-align: justify\">\n<li>\n<ol>\n<li><a href=\"https:\/\/www.ufsm.br\/app\/uploads\/sites\/544\/2023\/03\/Requerimento_Prorrogacao_Prazo_Qualificacao_StrictoSensu.docx\">Requerimento de Prorroga\u00e7\u00e3o do Prazo de Defesa de Qualifica\u00e7\u00e3o<\/a>\u00a0(<strong>assinado pelo estudante e pelo orientador<\/strong>);<\/li>\n<li>Hist\u00f3rico escolar simplificado (dispon\u00edvel no menu Relat\u00f3rios do\u00a0<a href=\"https:\/\/portal.ufsm.br\/aluno\/\">Portal do Aluno<\/a>); e,<\/li>\n<li>O arquivo\u00a0<strong>em PDF<\/strong>\u00a0da disserta\u00e7\u00e3o\/tese em andamento.<\/li>\n<\/ol>\n<\/li>\n<\/ol>\n<p style=\"text-align: justify\">\u00a0<\/p>\n<p style=\"text-align: justify\">\u21d2 Para d\u00favidas relacionadas \u00e0\u00a0<strong>prorroga\u00e7\u00e3o do<\/strong>\u00a0<strong>prazo de defesa final de disserta\u00e7\u00e3o<\/strong>\u00a0do Mestrado, clique\u00a0aqui.<\/p>\n\n\n\n<p><\/p>\n","protected":false},"excerpt":{"rendered":"<p>INSTRU\u00c7\u00d5ES SOBRE PRORROGA\u00c7\u00c3O DO PRAZO DE DEFESA DA QUALIFICA\u00c7\u00c3O Programa de P\u00f3s-Gradua\u00e7\u00e3o em Ci\u00eancias Cont\u00e1beis da UFSM \u00a0 Todo(a) aluno(a) regular poder\u00e1 solicitar, em car\u00e1ter excepcional, um pedido de prorroga\u00e7\u00e3o do prazo de defesa de qualifica\u00e7\u00e3o. A concess\u00e3o da prorroga\u00e7\u00e3o de prazo para a defesa\u00a0sempre ficar\u00e1 a crit\u00e9rio do Colegiado do PPG em Ci\u00eancias Cont\u00e1beis, [&hellip;]<\/p>\n","protected":false},"author":905,"featured_media":0,"parent":0,"menu_order":0,"comment_status":"closed","ping_status":"closed","template":"","meta":{"footnotes":""},"categories":[],"tags":[],"class_list":["post-1181","page","type-page","status-publish","hentry"],"acf":[],"_links":{"self":[{"href":"https:\/\/www.ufsm.br\/cursos\/pos-graduacao\/santa-maria\/ppgcont\/wp-json\/wp\/v2\/pages\/1181","targetHints":{"allow":["GET"]}}],"collection":[{"href":"https:\/\/www.ufsm.br\/cursos\/pos-graduacao\/santa-maria\/ppgcont\/wp-json\/wp\/v2\/pages"}],"about":[{"href":"https:\/\/www.ufsm.br\/cursos\/pos-graduacao\/santa-maria\/ppgcont\/wp-json\/wp\/v2\/types\/page"}],"author":[{"embeddable":true,"href":"https:\/\/www.ufsm.br\/cursos\/pos-graduacao\/santa-maria\/ppgcont\/wp-json\/wp\/v2\/users\/905"}],"replies":[{"embeddable":true,"href":"https:\/\/www.ufsm.br\/cursos\/pos-graduacao\/santa-maria\/ppgcont\/wp-json\/wp\/v2\/comments?post=1181"}],"version-history":[{"count":0,"href":"https:\/\/www.ufsm.br\/cursos\/pos-graduacao\/santa-maria\/ppgcont\/wp-json\/wp\/v2\/pages\/1181\/revisions"}],"wp:attachment":[{"href":"https:\/\/www.ufsm.br\/cursos\/pos-graduacao\/santa-maria\/ppgcont\/wp-json\/wp\/v2\/media?parent=1181"}],"wp:term":[{"taxonomy":"category","embeddable":true,"href":"https:\/\/www.ufsm.br\/cursos\/pos-graduacao\/santa-maria\/ppgcont\/wp-json\/wp\/v2\/categories?post=1181"},{"taxonomy":"post_tag","embeddable":true,"href":"https:\/\/www.ufsm.br\/cursos\/pos-graduacao\/santa-maria\/ppgcont\/wp-json\/wp\/v2\/tags?post=1181"}],"curies":[{"name":"wp","href":"https:\/\/api.w.org\/{rel}","templated":true}]}}