{"id":1182,"date":"2024-10-08T14:51:13","date_gmt":"2024-10-08T17:51:13","guid":{"rendered":"https:\/\/www.ufsm.br\/cursos\/pos-graduacao\/santa-maria\/ppgcont\/?page_id=1182"},"modified":"2024-10-17T15:47:07","modified_gmt":"2024-10-17T18:47:07","slug":"entrega-da-dissertacao","status":"publish","type":"page","link":"https:\/\/www.ufsm.br\/cursos\/pos-graduacao\/santa-maria\/ppgcont\/entrega-da-dissertacao","title":{"rendered":"Entrega da Disserta\u00e7\u00e3o e solicita\u00e7\u00e3o de Diploma"},"content":{"rendered":"\n<p style=\"text-align: center\"><strong>INSTRU\u00c7\u00d5ES PARA ENTREGA DA VERS\u00c3O FINAL DA DISSERTA\u00c7\u00c3O DE MESTRADO<\/strong><\/p>\n<p style=\"text-align: center\"><strong>Programa de P\u00f3s-Gradua\u00e7\u00e3o em Ci\u00eancias Cont\u00e1beis da UFSM<\/strong><\/p>\n<p>\u00a0<\/p>\n<p>\u00a0<\/p>\n<p><strong>\u21d2\u00a0<\/strong><strong>Procedimento digital via PEN-SIE:\u00a0<\/strong><\/p>\n<p style=\"text-align: justify\">Antes de iniciar o ato de entrega, favor ler o\u00a0<a href=\"https:\/\/www.ufsm.br\/app\/uploads\/sites\/544\/2022\/07\/Memo-Circ-04-2022-entrega-da-versao-final-MDT-digital-ASSINADO-2.pdf\" target=\"_blank\" rel=\"noopener\">Memorando Circular n.\u00ba 04-2022 \u2013 Entrega da vers\u00e3o final MDT digital<\/a>.<\/p>\n<p style=\"text-align: justify\">Para solicita\u00e7\u00e3o da tramita\u00e7\u00e3o do Diploma de Mestre em Administra\u00e7\u00e3o P\u00fablica\u00a0<u><strong>o(a) discente dever\u00e1<\/strong>\u00a0<strong>abrir um processo de \u201cAto de Entrega de MDT\u201d, via PEN-SIE<\/strong><\/u>\u00a0(conforme o\u00a0<u><a href=\"https:\/\/www.ufsm.br\/app\/uploads\/sites\/544\/2022\/07\/TUTORIAL-Ato-de-entrega-de-MDT-versao-05-07-22-edicao-PRPGP-1-2.pdf\" target=\"_blank\" rel=\"noopener\">TUTORIAL Ato de entrega de MDT \u2013 vers\u00e3o julho 2022 \u2013 edi\u00e7\u00e3o PRPGP<\/a><\/u>) e\u00a0<strong><u>anexar a este processo os seguintes documentos<\/u><\/strong>\u00a0(dentro do prazo estabelecido pela Comiss\u00e3o Examinadora para as altera\u00e7\u00f5es na Disserta\u00e7\u00e3o):<\/p>\n<ol style=\"text-align: justify\">\n<li>A Disserta\u00e7\u00e3o em formato PDF, de acordo com o\u00a0<a href=\"https:\/\/www.ufsm.br\/app\/uploads\/sites\/512\/2022\/09\/Manual-de-Dissertacoes-e-Teses_MDT_2021.pdf\" target=\"_blank\" rel=\"noopener\">Manual de Disserta\u00e7\u00f5es e Teses_- MDT_2021<\/a>\u00a0da UFSM.\u00a0<strong>ATEN\u00c7\u00c3O:<\/strong>\u00a0De acordo com o Item 10, p\u00e1gina 17, do MDT da UFSM (link acima), a\u00a0<strong>folha de aprova\u00e7\u00e3<\/strong><strong>o SEMPRE<\/strong><strong>\u00a0deve constar no arquivo da Disserta\u00e7\u00e3o<\/strong>. Frise-se que a folha de aprova\u00e7\u00e3o\u00a0<strong>N\u00c3O NECESSITA<\/strong>\u00a0da assinatura de orientador ou membros da banca de defesa. Al\u00e9m disso, a Disserta\u00e7\u00e3o\u00a0<strong>dever\u00e1 conter ficha catalogr\u00e1fica<\/strong>\u00a0(obtida no site da Biblioteca Central da UFSM, ou clicando\u00a0<a href=\"https:\/\/www.ufsm.br\/orgaos-suplementares\/biblioteca\/ficha-catalografica-2\/\" target=\"_blank\" rel=\"noopener\">AQUI<\/a>);<\/li>\n<li>O Artigo Cient\u00edfico em formato PDF, resultado do estudo, em co-autoria com o(a) orientador(a);<\/li>\n<li>O formul\u00e1rio\u00a0<a href=\"https:\/\/www.ufsm.br\/app\/uploads\/sites\/512\/2022\/09\/Autorizacao_Biblioteca-UFSM.doc\" target=\"_blank\" rel=\"noopener\">Autoriza\u00e7\u00e3o_para Libera\u00e7\u00e3o on-line de Trabalhos de Conclus\u00e3o \u2013 Biblioteca Central UFSM<\/a>, que dever\u00e1 ser preenchido e assinado digitalmente pelo discente no pr\u00f3prio processo PEN-SIE (ap\u00f3s anexado, clicar no s\u00edmbolo de \u201cchave\u201d, \u00e0 esquerda do arquivo a ser assinado, e inserir a senha da assinatura eletr\u00f4nica da UFSM).<\/li>\n<\/ol>\n<p style=\"text-align: justify\">Ap\u00f3s anexar os documentos acima relacionados,\u00a0<strong>o(a) aluno(a) dever\u00e1 tramitar o processo para o(a) seu\/sua orientador(a)<\/strong>.<\/p>\n<p style=\"text-align: justify\">O(a) docente orientador(a),\u00a0<strong>ap\u00f3s realizada a confer\u00eancia<\/strong>\u00a0de Disserta\u00e7\u00e3o, Artigo Cient\u00edfico e Formul\u00e1rio de Autoriza\u00e7\u00e3o da Biblioteca, deve tramitar o Processo PEN-SIE para a Coordena\u00e7\u00e3o do Programa de P\u00f3s-Gradua\u00e7\u00e3o em Administra\u00e7\u00e3o P\u00fablica,\u00a0<strong>SEM ASSINAR a Disserta\u00e7\u00e3o e o Artigo Cient\u00edfico<\/strong>\u00a0(quando o documento \u00e9 assinado pelo\/a docente\u00a0<strong>a Biblioteca Central da UFSM n\u00e3o aceita receber a Disserta\u00e7\u00e3o<\/strong>).<\/p>\n<p style=\"text-align: justify\"><strong>OBSERVA\u00c7\u00c3O 1:<\/strong>\u00a0A Ata de Defesa,\u00a0<strong>devidamente assinada<\/strong>\u00a0pela Comiss\u00e3o Examinadora (inclusive pelo\/a docente orientador\/a),\u00a0<strong>ser\u00e1 anexada ao processo<\/strong>\u00a0pela Secretaria Integrada de Cursos de P\u00f3s-Gradua\u00e7\u00e3o (SIPOS),\u00a0<strong>ap\u00f3s<\/strong> a tramita\u00e7\u00e3o do processo do(a) docente orientador(a) para a Coordena\u00e7\u00e3o do PPGCC. Se todos os documentos inseridos estiverem de acordo com os requisitos da Biblioteca Central da UFSM, a Coordena\u00e7\u00e3o\/SIPOS realizar\u00e1 todas as tramita\u00e7\u00f5es finais \u00e0 PRPGP, para verifica\u00e7\u00e3o e encaminhamento do diploma.<\/p>\n<p style=\"text-align: justify\"><strong>OBSERVA\u00c7\u00c3O 2:\u00a0<\/strong>Caso o(a) autor(a) da Disserta\u00e7\u00e3o\/Artigo Cient\u00edfico\u00a0<strong>N\u00c3O desejar a libera\u00e7\u00e3o\/publica\u00e7\u00e3o imediata<\/strong>\u00a0<strong>de seu trabalho ao p\u00fablico<\/strong>, dever\u00e1 marcar a op\u00e7\u00e3o \u201c<strong>Acesso Restrito<\/strong>\u201d\u00a0<strong>no momento em que estiver anexando o documento PDF ao processo PEN-SIE<\/strong>\u00a0de Ato de Entrega de MDT (essa op\u00e7\u00e3o deve ser marcada no momento de realiza\u00e7\u00e3o do\u00a0<em>upload<\/em>\u00a0do arquivo).<\/p>\n<p style=\"text-align: justify\"><strong>OBSERVA\u00c7\u00c3O 3:\u00a0<\/strong>Favor lembrar que no processo de Ato de Entrega de MDT os arquivos de Disserta\u00e7\u00e3o\/Artigo Cient\u00edfico\u00a0<strong>NUNCA devem ser assinados pelo(a) professor(a) orientador(a)<\/strong>.<\/p>\n<p style=\"text-align: justify\"><strong>OBSERVA\u00c7\u00c3O 4:<\/strong>\u00a0O ato de entrega\u00a0<strong>ser\u00e1 SEMPRE on-line<\/strong>, por meio de Processo PEN-SIE, e o(a) discente tem a obriga\u00e7\u00e3o de realizar o acompanhamento deste.<\/p>\n<p style=\"text-align: justify\"><strong>OBSERVA\u00c7\u00c3O 5:\u00a0<\/strong>Em caso de\u00a0<strong>urg\u00eancia na solicita\u00e7\u00e3o do diploma<\/strong>, o(a) discente dever\u00e1 anexar ao Processo PEN-SIE de Ato de Entrega de MDT o formul\u00e1rio de\u00a0\u00a0<a href=\"https:\/\/www.ufsm.br\/pro-reitorias\/prpgp\/servicos\/urgencia-para-emissao-de-diploma-da-pos-graduacao\/\" target=\"_blank\" rel=\"noopener\">Solicita\u00e7\u00e3o de Urg\u00eancia para Emiss\u00e3o do Diploma<\/a>, devidamente\u00a0<strong>preenchido e assinado digitalmente pelo(a) discente<\/strong>.<\/p>\n<div style=\"text-align: justify\">\n<p><strong>LEMBRETES<\/strong><\/p>\n<p><b>&#8211;\u00a0<\/b>TODOS os documentos (<strong style=\"color: initial\">A folha de aprova\u00e7\u00e3o se mant\u00e9m<\/strong><span style=\"color: initial\"> tem que constar do trabalho de conclus\u00e3o &#8211; De acordo com o Item 10, p\u00e1gina 17, Instru\u00e7\u00f5es sobre a entrega eletr\u00f4nica da vers\u00e3o final do trabalho do Manual de MDT, a folha de aprova\u00e7\u00e3o deve constar no arquivo da MDT e n\u00e3o necessita da assinatura dos membros da banca nem do orientador. A disserta\u00e7\u00e3o\/tese dever\u00e1 conter ficha catalogr\u00e1fica (obtida no site da Biblioteca Central da UFSM);\u00a0<\/span>Ata de defesa Assinada pela comiss\u00e3o avaliadora e Autoriza\u00e7\u00e3o para Disponibiliza\u00e7\u00e3o on-line dos trabalhos, devem estar assinados pelos docentes e discente. N\u00e3o ser\u00e3o tramitados processos que estejam faltando assinaturas;<\/p>\n<p>&#8211; A\u00a0entrega ser\u00e1 on line, o (a) discente encaminha ao orientador (a) o processo, este dever\u00e1 conferi se estiver de acordo encaminha a Coordena\u00e7\u00e3o estando ok a Coordena\u00e7\u00e3o encaminhar\u00e1 a PRPGP para verifica\u00e7\u00e3o e encaminhamento do diploma (<a href=\"https:\/\/www.ufsm.br\/app\/uploads\/sites\/544\/2022\/07\/Memo-Circ-04-2022-entrega-da-versao-final-MDT-digital-ASSINADO-2-1.pdf\">Memo Circ 04-2022 entrega da vers\u00e3o final MDT digital ASSINADO (2)<\/a>);<\/p>\n<p>&#8211; O (a) discente dever\u00e1 acompanhar seu processo;<\/p>\n<p>&#8211; Se houver urg\u00eancia na solicita\u00e7\u00e3o do diploma o discente deve encaminhar por e-mail (sipos.ccsh@ufsm.br) o\u00a0<a href=\"https:\/\/www.ufsm.br\/pro-reitorias\/prpgp\/servicos\/urgencia-para-emissao-de-diploma-da-pos-graduacao\/\">requerimento de urg\u00eancia.<\/a><\/p>\n<\/div>\n<div style=\"text-align: justify\">\u00a0<\/div>\n","protected":false},"excerpt":{"rendered":"<p>INSTRU\u00c7\u00d5ES PARA ENTREGA DA VERS\u00c3O FINAL DA DISSERTA\u00c7\u00c3O DE MESTRADO Programa de P\u00f3s-Gradua\u00e7\u00e3o em Ci\u00eancias Cont\u00e1beis da UFSM \u00a0 \u00a0 \u21d2\u00a0Procedimento digital via PEN-SIE:\u00a0 Antes de iniciar o ato de entrega, favor ler o\u00a0Memorando Circular n.\u00ba 04-2022 \u2013 Entrega da vers\u00e3o final MDT digital. Para solicita\u00e7\u00e3o da tramita\u00e7\u00e3o do Diploma de Mestre em Administra\u00e7\u00e3o P\u00fablica\u00a0o(a) [&hellip;]<\/p>\n","protected":false},"author":905,"featured_media":0,"parent":0,"menu_order":0,"comment_status":"closed","ping_status":"closed","template":"","meta":{"footnotes":""},"categories":[],"tags":[],"class_list":["post-1182","page","type-page","status-publish","hentry"],"acf":[],"_links":{"self":[{"href":"https:\/\/www.ufsm.br\/cursos\/pos-graduacao\/santa-maria\/ppgcont\/wp-json\/wp\/v2\/pages\/1182","targetHints":{"allow":["GET"]}}],"collection":[{"href":"https:\/\/www.ufsm.br\/cursos\/pos-graduacao\/santa-maria\/ppgcont\/wp-json\/wp\/v2\/pages"}],"about":[{"href":"https:\/\/www.ufsm.br\/cursos\/pos-graduacao\/santa-maria\/ppgcont\/wp-json\/wp\/v2\/types\/page"}],"author":[{"embeddable":true,"href":"https:\/\/www.ufsm.br\/cursos\/pos-graduacao\/santa-maria\/ppgcont\/wp-json\/wp\/v2\/users\/905"}],"replies":[{"embeddable":true,"href":"https:\/\/www.ufsm.br\/cursos\/pos-graduacao\/santa-maria\/ppgcont\/wp-json\/wp\/v2\/comments?post=1182"}],"version-history":[{"count":0,"href":"https:\/\/www.ufsm.br\/cursos\/pos-graduacao\/santa-maria\/ppgcont\/wp-json\/wp\/v2\/pages\/1182\/revisions"}],"wp:attachment":[{"href":"https:\/\/www.ufsm.br\/cursos\/pos-graduacao\/santa-maria\/ppgcont\/wp-json\/wp\/v2\/media?parent=1182"}],"wp:term":[{"taxonomy":"category","embeddable":true,"href":"https:\/\/www.ufsm.br\/cursos\/pos-graduacao\/santa-maria\/ppgcont\/wp-json\/wp\/v2\/categories?post=1182"},{"taxonomy":"post_tag","embeddable":true,"href":"https:\/\/www.ufsm.br\/cursos\/pos-graduacao\/santa-maria\/ppgcont\/wp-json\/wp\/v2\/tags?post=1182"}],"curies":[{"name":"wp","href":"https:\/\/api.w.org\/{rel}","templated":true}]}}