{"id":1185,"date":"2024-10-08T15:47:59","date_gmt":"2024-10-08T18:47:59","guid":{"rendered":"https:\/\/www.ufsm.br\/cursos\/pos-graduacao\/santa-maria\/ppgcont\/?page_id=1185"},"modified":"2024-10-08T16:18:39","modified_gmt":"2024-10-08T19:18:39","slug":"matricula-extracurricular","status":"publish","type":"page","link":"https:\/\/www.ufsm.br\/cursos\/pos-graduacao\/santa-maria\/ppgcont\/matricula-extracurricular","title":{"rendered":"Matr\u00edcula Extracurricular"},"content":{"rendered":"\n<p style=\"text-align: center\"><strong>INSTRU\u00c7\u00d5ES PARA SOLICITA\u00c7\u00c3O DE MATR\u00cdCULAS EXTRACURRICULARES<br \/><\/strong><\/p>\n<p style=\"text-align: center\"><strong>Programa de P\u00f3s-Gradua\u00e7\u00e3o em Ci\u00eancias Cont\u00e1beis da UFSM<\/strong><\/p>\n<p><strong> Disciplinas em outros cursos\/Programas &#8211; Autoriza\u00e7\u00e3o para Cursar Disciplinas fora do PPGCC:<\/strong><\/p>\n<p style=\"text-align: justify\">Conforme consta no Art. 69 do regulamento do PPGCC o discente, ap\u00f3s o ingresso no Programa de P\u00f3s-Gradua\u00e7\u00e3o em Ci\u00eancias Cont\u00e1beis (PPGCC\/UFSM), poder\u00e1 cursar, por indica\u00e7\u00e3o do Docente Orientador e aprova\u00e7\u00e3o do Colegiado do Programa, disciplinas de p\u00f3s-gradua\u00e7\u00e3o em outro curso ou programa reconhecidos pela CAPES, desde que esta disciplina esteja alinhada ao seu tema de pesquisa, no entanto estes cr\u00e9ditos ser\u00e3o considerados como adicionais a totalidade dos cr\u00e9ditos a serem cursados em disciplinas obrigat\u00f3rias e eletivas necess\u00e1rias para a integraliza\u00e7\u00e3o do total de cr\u00e9ditos exigidos para conclus\u00e3o do Curso.<\/p>\n<p style=\"text-align: justify\">As matr\u00edculas extracurriculares na UFSM usualmente ocorrem\u00a0<strong>ap\u00f3s a primeira semana de aula<\/strong>\u00a0<strong>de cada semestre letivo<\/strong>\u00a0e visam possibilitar que estudantes de p\u00f3s-gradua\u00e7\u00e3o solicitem matr\u00edcula em disciplinas de\u00a0<strong>outros<\/strong> Programas de P\u00f3s-Gradua\u00e7\u00e3o da UFSM, levando em conta oportunidade e conveni\u00eancia. Neste sentido, a Coordena\u00e7\u00e3o do PPG em Ci\u00eancias Cont\u00e1beis <strong>precisa estar ciente e em concord\u00e2ncia<\/strong>\u00a0com a matr\u00edcula do(a) aluno(a) em disciplina de outro PPG, bem como\u00a0<strong>deve existir saldo de vaga(s)<\/strong>\u00a0<strong>na referida disciplina<\/strong>, ap\u00f3s o per\u00edodo de ajustes da primeira semana de aulas do semestre.<\/p>\n<p style=\"text-align: justify\">Caber\u00e1 ao(\u00e0) aluno(a), a cada novo semestre letivo, a confer\u00eancia no\u00a0<a href=\"https:\/\/www.ufsm.br\/calendario\" target=\"_blank\" rel=\"noopener\">Calend\u00e1rio Acad\u00eamico da UFSM<\/a>\u00a0das datas previstas para a realiza\u00e7\u00e3o das solicita\u00e7\u00f5es de Matr\u00edcula Extracurricular. Usualmente, a UFSM reserva os\u00a0<strong>dois primeiros dias<\/strong>\u00a0(segunda e ter\u00e7a-feira) da\u00a0<strong>segunda semana<\/strong>\u00a0<strong>de aulas<\/strong>\u00a0para esse tipo de solicita\u00e7\u00e3o, sendo que solicita\u00e7\u00f5es enviadas\u00a0<strong>fora do prazo\u00a0<\/strong>estabelecido em calend\u00e1rio\u00a0<strong>n\u00e3o ser\u00e3o atendidas<\/strong>.<\/p>\n<p style=\"text-align: justify\">O envio da solicita\u00e7\u00e3o\/requerimento de matr\u00edcula extracurricular \u00e9 de\u00a0<strong>responsabilidade<\/strong>\u00a0<strong>do(a) aluno(a)<\/strong>, que dever\u00e1 requerer a disciplina em outro PPG por meio do\u00a0<strong>endere\u00e7o de<\/strong>\u00a0<strong>e-mail<\/strong> da Coordena\u00e7\u00e3o do PPG em Ci\u00eancias Cont\u00e1beis (vide <strong>exce\u00e7\u00e3o<\/strong>\u00a0ao final do texto).<\/p>\n<p style=\"text-align: justify\">Anteriormente, o(a) aluno(a) dever\u00e1 buscar todos os dados referentes \u00e0(s) disciplina(s) pretendida(s) no s\u00edtio eletr\u00f4nico do PPG em que a disciplina \u00e9 ofertada e, em seguida, preencher o\u00a0<a href=\"https:\/\/www.ufsm.br\/cursos\/pos-graduacao\/santa-maria\/ppgapublica\/wp-content\/uploads\/sites\/544\/2019\/08\/REQUERIMENTO_DE_MATR%C3%8DUCLA_EXTRACURRICULAR-1.doc\">requerimento de matr\u00edcula extracurricular<\/a>. O requerimento preenchido\u00a0<strong>dever\u00e1 ser enviado em formato PDF\u00a0<\/strong>para o endere\u00e7o de e-mail da Coordena\u00e7\u00e3o do PPGAP \u2013\u00a0<a href=\"mailto:ppgcontabeis@ufsm.br\">ppgcontabeis@ufsm.br<\/a>.<\/p>\n<p style=\"text-align: justify\">A avalia\u00e7\u00e3o das solicita\u00e7\u00f5es dos(as) estudantes e o encaminhamento \u00e0s Coordena\u00e7\u00f5es dos Programas competentes ser\u00e3o realizados no per\u00edodo previsto pelo cronograma do\u00a0<a href=\"https:\/\/www.ufsm.br\/calendario\" target=\"_blank\" rel=\"noopener\">Calend\u00e1rio Acad\u00eamico da UFSM<\/a>, sendo que estudantes poder\u00e3o consultar o comprovante de matr\u00edcula do\u00a0<a href=\"https:\/\/portal.ufsm.br\/estudantil\/\" target=\"_blank\" rel=\"noopener\">Portal Estudantil<\/a>\u00a0para confirmar se obtiveram a vaga pretendida. Recomenda-se a consulta somente ap\u00f3s o t\u00e9rmino do per\u00edodo previsto para distribui\u00e7\u00e3o de vagas.<\/p>\n<p style=\"text-align: justify\"><strong>ATEN\u00c7\u00c3O 1<\/strong>: Para solicitar matr\u00edcula extracurricular na disciplina\u00a0<strong>APG2505 \u2013 Doc\u00eancia Orientada<\/strong> o(a) aluno(a) dever\u00e1 cumprir as\u00a0seguintes condi\u00e7\u00f5es:<\/p>\n<p style=\"text-align: justify\">1) Houver disponibilidade de vagas;<br \/>2) O docente respons\u00e1vel pela disciplina de gradua\u00e7\u00e3o na qual ser\u00e1 realizada a Doc\u00eancia<br \/>Orientada fizer parte do corpo de docentes do Programa de P\u00f3s-Gradua\u00e7\u00e3o em<br \/>Ci\u00eancias Cont\u00e1beis;<br \/>2.1) Ter\u00e3o prioridade, as solicita\u00e7\u00f5es cujo orientador do discente no curso de p\u00f3s-gradua\u00e7\u00e3o de origem, tamb\u00e9m fizer parte do corpo de docentes do Programa de P\u00f3s-Gradua\u00e7\u00e3o em Ci\u00eancias Cont\u00e1beis;<br \/>3) Juntamente com o Requerimento de Matr\u00edcula Extracurricular, o discente dever\u00e1 apresentar o Plano de Doc\u00eancia Orientada.<\/p>\n<p style=\"text-align: justify\"><strong>ATEN\u00c7\u00c3O 2<\/strong>: Em alguns Centros de Ensino da UFSM as Coordena\u00e7\u00f5es\/Secretarias realizam\u00a0<strong>somente<\/strong>\u00a0matr\u00edculas extracurriculares\u00a0<strong>presenciais\u00a0<\/strong>, caso em que o(a) estudante dever\u00e1\u00a0<strong>imprimir e preencher<\/strong>\u00a0o\u00a0<a href=\"https:\/\/www.ufsm.br\/cursos\/pos-graduacao\/santa-maria\/ppgapublica\/wp-content\/uploads\/sites\/544\/2019\/08\/REQUERIMENTO_DE_MATR%C3%8DUCLA_EXTRACURRICULAR-1.doc\">requerimento de matr\u00edcula extracurricular<\/a>, solicitar que o(a) Coordenador(a) do PPG em Administra\u00e7\u00e3o P\u00fablica\u00a0<strong>assine<\/strong>\u00a0o formul\u00e1rio, e, posteriormente,\u00a0<strong>entregar<\/strong>\u00a0a solicita\u00e7\u00e3o na Secretaria do Programa que est\u00e1 ofertando a disciplina pretendida.<\/p>\n","protected":false},"excerpt":{"rendered":"<p>INSTRU\u00c7\u00d5ES PARA SOLICITA\u00c7\u00c3O DE MATR\u00cdCULAS EXTRACURRICULARES Programa de P\u00f3s-Gradua\u00e7\u00e3o em Ci\u00eancias Cont\u00e1beis da UFSM Disciplinas em outros cursos\/Programas &#8211; Autoriza\u00e7\u00e3o para Cursar Disciplinas fora do PPGCC: Conforme consta no Art. 69 do regulamento do PPGCC o discente, ap\u00f3s o ingresso no Programa de P\u00f3s-Gradua\u00e7\u00e3o em Ci\u00eancias Cont\u00e1beis (PPGCC\/UFSM), poder\u00e1 cursar, por indica\u00e7\u00e3o do Docente Orientador [&hellip;]<\/p>\n","protected":false},"author":905,"featured_media":0,"parent":0,"menu_order":0,"comment_status":"closed","ping_status":"closed","template":"","meta":{"footnotes":""},"categories":[],"tags":[],"class_list":["post-1185","page","type-page","status-publish","hentry"],"acf":[],"_links":{"self":[{"href":"https:\/\/www.ufsm.br\/cursos\/pos-graduacao\/santa-maria\/ppgcont\/wp-json\/wp\/v2\/pages\/1185","targetHints":{"allow":["GET"]}}],"collection":[{"href":"https:\/\/www.ufsm.br\/cursos\/pos-graduacao\/santa-maria\/ppgcont\/wp-json\/wp\/v2\/pages"}],"about":[{"href":"https:\/\/www.ufsm.br\/cursos\/pos-graduacao\/santa-maria\/ppgcont\/wp-json\/wp\/v2\/types\/page"}],"author":[{"embeddable":true,"href":"https:\/\/www.ufsm.br\/cursos\/pos-graduacao\/santa-maria\/ppgcont\/wp-json\/wp\/v2\/users\/905"}],"replies":[{"embeddable":true,"href":"https:\/\/www.ufsm.br\/cursos\/pos-graduacao\/santa-maria\/ppgcont\/wp-json\/wp\/v2\/comments?post=1185"}],"version-history":[{"count":0,"href":"https:\/\/www.ufsm.br\/cursos\/pos-graduacao\/santa-maria\/ppgcont\/wp-json\/wp\/v2\/pages\/1185\/revisions"}],"wp:attachment":[{"href":"https:\/\/www.ufsm.br\/cursos\/pos-graduacao\/santa-maria\/ppgcont\/wp-json\/wp\/v2\/media?parent=1185"}],"wp:term":[{"taxonomy":"category","embeddable":true,"href":"https:\/\/www.ufsm.br\/cursos\/pos-graduacao\/santa-maria\/ppgcont\/wp-json\/wp\/v2\/categories?post=1185"},{"taxonomy":"post_tag","embeddable":true,"href":"https:\/\/www.ufsm.br\/cursos\/pos-graduacao\/santa-maria\/ppgcont\/wp-json\/wp\/v2\/tags?post=1185"}],"curies":[{"name":"wp","href":"https:\/\/api.w.org\/{rel}","templated":true}]}}