{"id":1186,"date":"2024-10-08T15:52:43","date_gmt":"2024-10-08T18:52:43","guid":{"rendered":"https:\/\/www.ufsm.br\/cursos\/pos-graduacao\/santa-maria\/ppgcont\/?page_id=1186"},"modified":"2024-10-08T15:53:36","modified_gmt":"2024-10-08T18:53:36","slug":"recursos-para-discentes","status":"publish","type":"page","link":"https:\/\/www.ufsm.br\/cursos\/pos-graduacao\/santa-maria\/ppgcont\/recursos-para-discentes","title":{"rendered":"Recursos para Discentes"},"content":{"rendered":"\n<section class=\"elementor-section elementor-top-section elementor-element elementor-element-05542f1 elementor-section-boxed elementor-section-height-default elementor-section-height-default\" data-id=\"05542f1\" data-element_type=\"section\">\n<div class=\"elementor-container elementor-column-gap-default\">\n<div class=\"elementor-column elementor-col-100 elementor-top-column elementor-element elementor-element-315a735\" data-id=\"315a735\" data-element_type=\"column\">\n<div class=\"elementor-widget-wrap elementor-element-populated\">\n<div class=\"elementor-element elementor-element-60ce7f8 elementor-widget elementor-widget-text-editor\" data-id=\"60ce7f8\" data-element_type=\"widget\" data-widget_type=\"text-editor.default\">\n<div class=\"elementor-widget-container\">\n<p style=\"text-align: justify\">Estudantes do PPGCC que tiverem interesse em solicitar aux\u00edlio financeiro para: a) pagamento da <strong>taxa de inscri\u00e7\u00e3o\u00a0<\/strong>em eventos cient\u00edficos (apresenta\u00e7\u00e3o de trabalho ou ouvinte); b) recebimento de\u00a0<strong>di\u00e1rias e passagens a\u00e9reas<\/strong> para participa\u00e7\u00e3o ativa em eventos de interesse do PPGCC; e, c) compra de <strong>passagens rodovi\u00e1rias<\/strong>\u00a0para participa\u00e7\u00e3o ativa em eventos de interesse do PPGAP, devem tomar as medidas abaixo descritas para cada caso, encaminhando a documenta\u00e7\u00e3o necess\u00e1ria para an\u00e1lise. Solicita-se especial aten\u00e7\u00e3o \u00e0s\u00a0<strong>regras sobre a concess\u00e3o de recursos financeiros\u00a0<\/strong>pelo PPGCC, expressas no quadro ao final da p\u00e1gina.<\/p>\n<p style=\"text-align: justify\"><strong>OBSERVA\u00c7\u00c3O:<\/strong>\u00a0Discentes que necessitam de recursos financeiros para a revis\u00e3o ou tradu\u00e7\u00e3o de artigos cient\u00edficos, ou ainda, para pagamento de taxa de publica\u00e7\u00e3o em revista ou peri\u00f3dico, devem\u00a0<strong>realizar a solicita\u00e7\u00e3o ao(\u00e0) respectivo(a) docente orientador(a)<\/strong>, que providenciar\u00e1 o devido encaminhamento \u00e0 Coordena\u00e7\u00e3o.<\/p>\n<\/div>\n<\/div>\n<div class=\"elementor-element elementor-element-9096fae elementor-widget elementor-widget-accordion animated fadeInDown\" data-id=\"9096fae\" data-element_type=\"widget\" data-settings=\"{&quot;_animation&quot;:&quot;fadeInDown&quot;}\" data-widget_type=\"accordion.default\">\n<div class=\"elementor-widget-container\">\n<div class=\"elementor-accordion\">\n<div class=\"elementor-accordion-item\">\n<div id=\"elementor-tab-title-1511\" class=\"elementor-tab-title elementor-active\" style=\"text-align: justify\" role=\"button\" data-tab=\"1\" aria-controls=\"elementor-tab-content-1511\" aria-expanded=\"true\"><a class=\"elementor-accordion-title\">01. TAXA DE INSCRI\u00c7\u00c3O EM EVENTOS CIENT\u00cdFICOS<\/a><\/div>\n<div id=\"elementor-tab-content-1511\" class=\"elementor-tab-content elementor-clearfix elementor-active\" role=\"region\" data-tab=\"1\" aria-labelledby=\"elementor-tab-title-1511\">\n<p style=\"text-align: justify\"><strong>\u2666 Objetivo:<\/strong>\u00a0A modalidade se destina a interessado(a) na inscri\u00e7\u00e3o como ouvinte ou na apresenta\u00e7\u00e3o de trabalho em evento cient\u00edfico. A solicita\u00e7\u00e3o deve ocorrer com\u00a0<strong>anteced\u00eancia m\u00ednima de 25 dias antes da data de in\u00edcio do evento.<\/strong><\/p>\n<p style=\"text-align: justify\"><strong>\u2666 Procedimento de solicita\u00e7\u00e3o:\u00a0<\/strong>Para iniciar a solicita\u00e7\u00e3o, o(a) interessado(a) deve seguir os passos abaixo.<\/p>\n<table>\n<tbody>\n<tr>\n<td style=\"text-align: justify\">\u00a0 1.\u00a0<strong>Enviar<\/strong>\u00a0os documentos listados abaixo (no item 3) para o\u00a0<strong>e-mail<\/strong>\u00a0da Subdivis\u00e3o de Controle Financeiro das P\u00f3s-Gradua\u00e7\u00f5es do CCSH (SCFPOS) \u2013\u00a0<a class=\"notranslate\" href=\"mailto:financeiropos.ccsh@ufsm.br\" target=\"_blank\" rel=\"noreferrer noopener\"><strong>financeiropos.ccsh@ufsm.br<\/strong><\/a>, com c\u00f3pia para a Coordena\u00e7\u00e3o do PPGAP \u2013\u00a0<a href=\"mailto:ppgcontabeis@ufsm.br\"><strong>ppgcontabeis@ufsm.br<\/strong><\/a><\/td>\n<\/tr>\n<tr>\n<td>\u00a0 2. No campo de \u201c<strong>Assunto<\/strong>\u201d do e-mail, escrever \u201cSolicita\u00e7\u00e3o de recursos \u2013 Taxa de Inscri\u00e7\u00e3o\u201d.<\/td>\n<\/tr>\n<tr>\n<td>\n<p>3.\u00a0<strong>Anexar<\/strong>\u00a0ao e-mail\u00a0<strong>a seguinte documenta\u00e7\u00e3o:<\/strong><\/p>\n<ol>\n<li>\n<ol>\n<li>\n<ol>\n<li>\n<ol>\n<li><a href=\"https:\/\/www.ufsm.br\/app\/uploads\/sites\/544\/2020\/09\/formulario-prprp-taxa-insc-PEN-1.doc\">Requerimento de pagamento de taxa de inscri\u00e7\u00e3o em evento externo\u00a0<\/a>(totalmente preenchido);<\/li>\n<li>Aceite do trabalho (apresenta\u00e7\u00e3o);<\/li>\n<li>Folder do evento em que conste a\u00a0<strong>data<\/strong>\u00a0e o\u00a0<strong>valor<\/strong>\u00a0da taxa de inscri\u00e7\u00e3o;<\/li>\n<li><a href=\"https:\/\/www.ufsm.br\/app\/uploads\/sites\/544\/2020\/09\/Formulario_-_Autorizacao_Desconto_em_Folha-2.doc\">Autoriza\u00e7\u00e3o de desconto em folha<\/a>\u00a0(preenchida e assinada\u00a0<strong>pelo\/a orientador\/a<\/strong>);<\/li>\n<li>Tratando-se de\u00a0<strong>evento internacional<\/strong>: realizar a convers\u00e3o do valor em moeda estrangeira para valor em reais, por meio do\u00a0<a href=\"https:\/\/www.bcb.gov.br\/\" target=\"_blank\" rel=\"noopener\">site do Banco Central<\/a><\/li>\n<\/ol>\n<\/li>\n<\/ol>\n<\/li>\n<\/ol>\n<\/li>\n<\/ol>\n<\/td>\n<\/tr>\n<\/tbody>\n<\/table>\n<p>\u00a0<\/p>\n<p>\u00a0<\/p>\n<p>\u00a0<\/p>\n<p>\u00a0<\/p>\n<p style=\"text-align: justify\"><strong>\u2666 Fluxo do pedido do(a) discente:\u00a0<\/strong>Se a documenta\u00e7\u00e3o enviada via e-mail estiver\u00a0<strong>completa e corretamente preenchida<\/strong>, a Subdivis\u00e3o de Controle Financeiro (SCFPOS) ir\u00e1 abrir o processo PEN-SIE. Em seguida, o processo \u00e9 remetido \u00e0 Coordena\u00e7\u00e3o do PPGAP para aprova\u00e7\u00e3o\/recusa do Colegiado. Caso n\u00e3o aprovado, o processo se encerra. Em hip\u00f3tese de aprova\u00e7\u00e3o, o processo segue para empenho dos \u00f3rg\u00e3os competentes, e, finalmente, ocorre o pagamento\u00a0<strong>na conta banc\u00e1ria<\/strong>\u00a0do(a) discente (sempre\u00a0<strong>mediante disponibilidade de recursos\u00a0<\/strong>do PPG e UFSM).<\/p>\n<p style=\"text-align: justify\"><strong>\u2666 Procedimento da presta\u00e7\u00e3o de contas<\/strong>: Para recursos financeiros recebidos nessa modalidade\u00a0<strong>ser\u00e1 necess\u00e1rio realizar a presta\u00e7\u00e3o de contas em at\u00e9 15 (quinze) dias<\/strong>, a contar do primeiro dia \u00fatil ap\u00f3s o encerramento do evento. A presta\u00e7\u00e3o de contas \u00e9 realizada no pr\u00f3prio Processo PEN-SIE, gerado pela Subdivis\u00e3o de Controle Financeiro (SCFPOS), para pagamento da taxa de inscri\u00e7\u00e3o. Esse processo fica dispon\u00edvel ao(\u00e0) aluno(a) em sua Caixa Postal (via\u00a0<a href=\"https:\/\/portal.ufsm.br\/estudantil\/\" target=\"_blank\" rel=\"noopener\">Portal Estudantil<\/a>), sendo o passo a passo descrito abaixo:<\/p>\n<p style=\"text-align: justify\">\u00a0<\/p>\n<p style=\"text-align: justify\">\u00a0<\/p>\n<p>\u00a0<\/p>\n<p>\u00a0<\/p>\n<ol>\n<li>\n<ol>\n<li>\n<ol>\n<li>Entrar na Caixa Postal, logando em\u00a0<a class=\"oiM5sf\" dir=\"ltr\" href=\"https:\/\/portal.ufsm.br\/caixapostal\/index.html\" target=\"_blank\" rel=\"noopener nofollow noreferrer\">https:\/\/portal.ufsm.br\/caixapostal\/index.html<\/a>;<\/li>\n<li>Achar o processo que precisa da presta\u00e7\u00e3o de contas;<\/li>\n<li>Clicar em \u201cA\u00e7\u00f5es\u201d e, em seguida, inserir os documentos de presta\u00e7\u00e3o de contas, que s\u00e3o:\n<ol>\n<li><strong>Certificado de apresenta\u00e7\u00e3o de trabalho ou de participa\u00e7\u00e3o como ouvinte<\/strong>, e,<\/li>\n<li><strong>Recibo original do evento ou Nota Fiscal emitia pela organiza\u00e7\u00e3o do evento<\/strong>;<\/li>\n<\/ol>\n<\/li>\n<li>Ap\u00f3s inser\u00e7\u00e3o dos documentos, clicar em \u201c<strong>Tramitar<\/strong>\u201d (bot\u00e3o azul no canto inferior direito da tela);<\/li>\n<li>Na tela seguinte, no campo \u201cPr\u00f3ximo passo\u201d, escolher a op\u00e7\u00e3o \u201c<strong>Unidade Administrativa<\/strong>\u201c, em seguida, no campo \u201cDestino\u201d, escolher<strong>\u00a0\u201cSe\u00e7\u00e3o de Contabilidade SCONT (01.12.01.02.2.0)\u201d<\/strong>, no campo \u201cDespacho\u201d escrever \u201c<strong>Encaminho para presta\u00e7\u00e3o de contas<\/strong>\u201c, e, por fim, clicar em \u201c<strong>Tramitar<\/strong>\u201d (bot\u00e3o azul no canto inferior direito da tela).<\/li>\n<\/ol>\n<\/li>\n<\/ol>\n<\/li>\n<\/ol>\n<\/div>\n<\/div>\n<p>\u00a0<\/p>\n<div class=\"elementor-accordion-item\">\n<p>\u00a0<\/p>\n<div id=\"elementor-tab-content-1511\" class=\"elementor-tab-content elementor-clearfix elementor-active\" role=\"region\" data-tab=\"1\" aria-labelledby=\"elementor-tab-title-1511\">\n<p><strong>\u21d2 LEMBRETE 1:<\/strong>\u00a0Solicita\u00e7\u00f5es de pagamento de taxa de inscri\u00e7\u00e3o enviadas \u00e0 Coordena\u00e7\u00e3o e Subdivis\u00e3o de Controle Financeiro\u00a0<strong>ap\u00f3s<\/strong>\u00a0a realiza\u00e7\u00e3o do evento\u00a0<strong>n\u00e3o ser\u00e3o aceitas<\/strong>.<\/p>\n<p><strong>\u21d2 LEMBRETE 2:<\/strong>\u00a0Se o(a) interessado(a) tiver efetuado o pagamento da taxa de inscri\u00e7\u00e3o com\u00a0<strong>recursos pr\u00f3prios<\/strong>\u00a0<strong>com anteced\u00eancia ao evento<\/strong>\u00a0(exemplo: o evento est\u00e1 marcado para junho e o pagamento da inscri\u00e7\u00e3o se deu em abril), o(a) estudante poder\u00e1 solicitar a restitui\u00e7\u00e3o do valor investido\u00a0<strong>somente<\/strong>\u00a0se a solicita\u00e7\u00e3o for enviada para a Subdivis\u00e3o de Controle Financeiro (SCFPOS)\u00a0<strong>com 25 dias ou mais de anteced\u00eancia<\/strong>\u00a0ao in\u00edcio do evento.<\/p>\n<\/div>\n<\/div>\n<div class=\"elementor-accordion-item\">\n<div id=\"elementor-tab-title-1512\" class=\"elementor-tab-title\" role=\"button\" data-tab=\"2\" aria-controls=\"elementor-tab-content-1512\" aria-expanded=\"false\"><i class=\"far fa-caret-square-down\"><\/i><a class=\"elementor-accordion-title\">02. SOLICITA\u00c7\u00c3O DE DI\u00c1RIAS E\/OU PASSAGENS A\u00c9REAS<\/a><\/div>\n<\/div>\n<div class=\"elementor-accordion-item\">\n<div id=\"elementor-tab-title-1513\" class=\"elementor-tab-title\" role=\"button\" data-tab=\"3\" aria-controls=\"elementor-tab-content-1513\" aria-expanded=\"false\"><i class=\"far fa-caret-square-down\"><\/i><a class=\"elementor-accordion-title\">03. SOLICITA\u00c7\u00c3O PASSAGENS RODOVI\u00c1RIAS<\/a><\/div>\n<div role=\"button\" data-tab=\"3\" aria-controls=\"elementor-tab-content-1513\" aria-expanded=\"false\">\u00a0<\/div>\n<\/div>\n<\/div>\n<\/div>\n<\/div>\n<\/div>\n<\/div>\n<\/div>\n<\/section>\n<section class=\"elementor-section elementor-top-section elementor-element elementor-element-3462a7a elementor-section-boxed elementor-section-height-default elementor-section-height-default\" data-id=\"3462a7a\" data-element_type=\"section\">\n<div class=\"elementor-container elementor-column-gap-default\">\n<div class=\"elementor-column elementor-col-100 elementor-top-column elementor-element elementor-element-48ced8f\" data-id=\"48ced8f\" data-element_type=\"column\">\n<div class=\"elementor-widget-wrap elementor-element-populated\">\n<div class=\"elementor-element elementor-element-b7c1bc8 elementor-widget elementor-widget-text-editor\" data-id=\"b7c1bc8\" data-element_type=\"widget\" data-widget_type=\"text-editor.default\">\n<div class=\"elementor-widget-container\">\n<table>\n<tbody>\n<tr>\n<td><strong>ATEN\u00c7\u00c3O: Regras concernentes \u00e0 concess\u00e3o de recursos financeiros pelo PPGCC:<\/strong><\/td>\n<\/tr>\n<tr>\n<td>\n<p style=\"text-align: justify\">S\u00f3 ser\u00e3o atendidas solicita\u00e7\u00f5es dentro das disponibilidades or\u00e7ament\u00e1rias do PPGCC.<\/p>\n<p style=\"text-align: justify\">Os eventos nacionais priorit\u00e1rios para recebimento de concess\u00e3o s\u00e3o: EBAP, ENANPAD, ENAPG, SENEAD.<\/p>\n<p style=\"text-align: justify\">1. Poder\u00e1 ser ressarcida uma inscri\u00e7\u00e3o por artigo aceito;<\/p>\n<p style=\"text-align: justify\">2. Sendo um mesmo discente, autor de mais de um artigo e tendo a sua inscri\u00e7\u00e3o paga pelo programa, essa valer\u00e1 para todos os artigos de sua autoria, impedindo, portanto, o pagamento para outro autor de artigos de sua co-autoria.<\/p>\n<p style=\"text-align: justify\">\u00a03. Ordem de prioridade para concess\u00e3o:<\/p>\n<p style=\"text-align: justify\">\u00a01\u00aa \u2013 artigos em co-autoria de docentes e discentes do PPGCC;<\/p>\n<p>2\u00aa \u2013 artigos com somente docente(s) autor(es).<\/p>\n<p>\u00a0<\/p>\n<\/td>\n<\/tr>\n<\/tbody>\n<\/table>\n<\/div>\n<\/div>\n<\/div>\n<\/div>\n<\/div>\n<\/section>\n","protected":false},"excerpt":{"rendered":"<p>Estudantes do PPGCC que tiverem interesse em solicitar aux\u00edlio financeiro para: a) pagamento da taxa de inscri\u00e7\u00e3o\u00a0em eventos cient\u00edficos (apresenta\u00e7\u00e3o de trabalho ou ouvinte); b) recebimento de\u00a0di\u00e1rias e passagens a\u00e9reas para participa\u00e7\u00e3o ativa em eventos de interesse do PPGCC; e, c) compra de passagens rodovi\u00e1rias\u00a0para participa\u00e7\u00e3o ativa em eventos de interesse do PPGAP, devem tomar [&hellip;]<\/p>\n","protected":false},"author":905,"featured_media":0,"parent":0,"menu_order":0,"comment_status":"closed","ping_status":"closed","template":"","meta":{"footnotes":""},"categories":[],"tags":[],"class_list":["post-1186","page","type-page","status-publish","hentry"],"acf":[],"_links":{"self":[{"href":"https:\/\/www.ufsm.br\/cursos\/pos-graduacao\/santa-maria\/ppgcont\/wp-json\/wp\/v2\/pages\/1186","targetHints":{"allow":["GET"]}}],"collection":[{"href":"https:\/\/www.ufsm.br\/cursos\/pos-graduacao\/santa-maria\/ppgcont\/wp-json\/wp\/v2\/pages"}],"about":[{"href":"https:\/\/www.ufsm.br\/cursos\/pos-graduacao\/santa-maria\/ppgcont\/wp-json\/wp\/v2\/types\/page"}],"author":[{"embeddable":true,"href":"https:\/\/www.ufsm.br\/cursos\/pos-graduacao\/santa-maria\/ppgcont\/wp-json\/wp\/v2\/users\/905"}],"replies":[{"embeddable":true,"href":"https:\/\/www.ufsm.br\/cursos\/pos-graduacao\/santa-maria\/ppgcont\/wp-json\/wp\/v2\/comments?post=1186"}],"version-history":[{"count":0,"href":"https:\/\/www.ufsm.br\/cursos\/pos-graduacao\/santa-maria\/ppgcont\/wp-json\/wp\/v2\/pages\/1186\/revisions"}],"wp:attachment":[{"href":"https:\/\/www.ufsm.br\/cursos\/pos-graduacao\/santa-maria\/ppgcont\/wp-json\/wp\/v2\/media?parent=1186"}],"wp:term":[{"taxonomy":"category","embeddable":true,"href":"https:\/\/www.ufsm.br\/cursos\/pos-graduacao\/santa-maria\/ppgcont\/wp-json\/wp\/v2\/categories?post=1186"},{"taxonomy":"post_tag","embeddable":true,"href":"https:\/\/www.ufsm.br\/cursos\/pos-graduacao\/santa-maria\/ppgcont\/wp-json\/wp\/v2\/tags?post=1186"}],"curies":[{"name":"wp","href":"https:\/\/api.w.org\/{rel}","templated":true}]}}