{"id":1188,"date":"2024-10-08T16:01:31","date_gmt":"2024-10-08T19:01:31","guid":{"rendered":"https:\/\/www.ufsm.br\/cursos\/pos-graduacao\/santa-maria\/ppgcont\/?page_id=1188"},"modified":"2024-10-08T16:01:53","modified_gmt":"2024-10-08T19:01:53","slug":"matricula","status":"publish","type":"page","link":"https:\/\/www.ufsm.br\/cursos\/pos-graduacao\/santa-maria\/ppgcont\/matricula","title":{"rendered":"Matr\u00edcula"},"content":{"rendered":"\n<p>\u00a0<\/p>\n<p style=\"text-align: center\"><strong>INSTRU\u00c7\u00d5ES PARA SOLICITA\u00c7\u00c3O DE MATR\u00cdCULAS\u00a0<br \/><\/strong><\/p>\n<p style=\"text-align: center\"><strong>Programa de P\u00f3s-Gradua\u00e7\u00e3o em Ci\u00eancias Cont\u00e1beis da UFSM<\/strong><\/p>\n<p>\u00a0<\/p>\n<p><strong>Pelo Regulamento do PPGCC &#8211;\u00a0Se\u00e7\u00e3o III referente a Matr\u00edcula e Disciplinas<\/strong><\/p>\n<p style=\"text-align: justify\"><strong>Ter\u00e3o direito \u00e0 matr\u00edcula<\/strong>:<br \/>I &#8211; os candidatos selecionados e com o nome divulgado pela PRPGP;<br \/>II &#8211; os discentes com v\u00ednculo na matr\u00edcula anterior e que estiverem dentro dos prazos definidos no Regulamento do PPGCC.<\/p>\n<p style=\"text-align: justify\"><br \/><strong>A solicita\u00e7\u00e3o de matr\u00edcula, via Web<\/strong>, em disciplinas e demais atividades relacionadas no Plano de Estudos \u00e9 de responsabilidade do discente e dever\u00e1 ser realizada nos prazos estabelecidos pelo Calend\u00e1rio Acad\u00eamico da UFSM.<br \/>\u00a01\u00ba &#8211; Para efetivar a matr\u00edcula inicial, os candidatos selecionados dever\u00e3o encaminhar ao Controle Acad\u00eamico da PRPGP os documentos requeridos no Edital de Sele\u00e7\u00e3o, conforme as etapas de Solicita\u00e7\u00e3o de Vaga e Solicita\u00e7\u00e3o de Matr\u00edcula.<br \/>\u00a0 2\u00ba\u00a0 &#8211; A renova\u00e7\u00e3o da matr\u00edcula ser\u00e1 a cada per\u00edodo letivo, de acordo com o Calend\u00e1rio Acad\u00eamico da UFSM, <a href=\"https:\/\/portal.ufsm.br\/aluno\/\">via portal do aluno<\/a>.<br \/>\u00a0\u00a0<br \/>\u00a0 3\u00ba\u00a0 &#8211; Para efeito de matr\u00edcula, a EDT ter\u00e1 car\u00e1ter id\u00eantico \u00e0s demais disciplinas de P\u00f3s-Gradua\u00e7\u00e3o.<br \/>\u00a0 4\u00ba\u00a0 &#8211; <span style=\"text-decoration: underline\">A matr\u00edcula semestral na EDT ser\u00e1 obrigat\u00f3ria para todos os discentes que j\u00e1 houverem conclu\u00eddo os cr\u00e9ditos em disciplinas curriculares, a fim de estabelecer v\u00ednculo com a UFSM at\u00e9 o final do Curso<\/span>.<\/p>\n<p style=\"text-align: justify\"><br \/><strong><span style=\"text-decoration: underline\">O discente que n\u00e3o efetuar a matr\u00edcula regularmente ter\u00e1 sua situa\u00e7\u00e3o caracterizada como abandono do Curso<\/span><\/strong>.<\/p>\n","protected":false},"excerpt":{"rendered":"<p>\u00a0 INSTRU\u00c7\u00d5ES PARA SOLICITA\u00c7\u00c3O DE MATR\u00cdCULAS\u00a0 Programa de P\u00f3s-Gradua\u00e7\u00e3o em Ci\u00eancias Cont\u00e1beis da UFSM \u00a0 Pelo Regulamento do PPGCC &#8211;\u00a0Se\u00e7\u00e3o III referente a Matr\u00edcula e Disciplinas Ter\u00e3o direito \u00e0 matr\u00edcula:I &#8211; os candidatos selecionados e com o nome divulgado pela PRPGP;II &#8211; os discentes com v\u00ednculo na matr\u00edcula anterior e que estiverem dentro dos prazos [&hellip;]<\/p>\n","protected":false},"author":905,"featured_media":0,"parent":0,"menu_order":0,"comment_status":"closed","ping_status":"closed","template":"","meta":{"footnotes":""},"categories":[],"tags":[],"class_list":["post-1188","page","type-page","status-publish","hentry"],"acf":[],"_links":{"self":[{"href":"https:\/\/www.ufsm.br\/cursos\/pos-graduacao\/santa-maria\/ppgcont\/wp-json\/wp\/v2\/pages\/1188","targetHints":{"allow":["GET"]}}],"collection":[{"href":"https:\/\/www.ufsm.br\/cursos\/pos-graduacao\/santa-maria\/ppgcont\/wp-json\/wp\/v2\/pages"}],"about":[{"href":"https:\/\/www.ufsm.br\/cursos\/pos-graduacao\/santa-maria\/ppgcont\/wp-json\/wp\/v2\/types\/page"}],"author":[{"embeddable":true,"href":"https:\/\/www.ufsm.br\/cursos\/pos-graduacao\/santa-maria\/ppgcont\/wp-json\/wp\/v2\/users\/905"}],"replies":[{"embeddable":true,"href":"https:\/\/www.ufsm.br\/cursos\/pos-graduacao\/santa-maria\/ppgcont\/wp-json\/wp\/v2\/comments?post=1188"}],"version-history":[{"count":0,"href":"https:\/\/www.ufsm.br\/cursos\/pos-graduacao\/santa-maria\/ppgcont\/wp-json\/wp\/v2\/pages\/1188\/revisions"}],"wp:attachment":[{"href":"https:\/\/www.ufsm.br\/cursos\/pos-graduacao\/santa-maria\/ppgcont\/wp-json\/wp\/v2\/media?parent=1188"}],"wp:term":[{"taxonomy":"category","embeddable":true,"href":"https:\/\/www.ufsm.br\/cursos\/pos-graduacao\/santa-maria\/ppgcont\/wp-json\/wp\/v2\/categories?post=1188"},{"taxonomy":"post_tag","embeddable":true,"href":"https:\/\/www.ufsm.br\/cursos\/pos-graduacao\/santa-maria\/ppgcont\/wp-json\/wp\/v2\/tags?post=1188"}],"curies":[{"name":"wp","href":"https:\/\/api.w.org\/{rel}","templated":true}]}}