{"id":1235,"date":"2024-10-11T09:18:12","date_gmt":"2024-10-11T12:18:12","guid":{"rendered":"https:\/\/www.ufsm.br\/cursos\/pos-graduacao\/santa-maria\/ppgcont\/?page_id=1235"},"modified":"2024-10-11T09:18:40","modified_gmt":"2024-10-11T12:18:40","slug":"projetos-de-ensino-2","status":"publish","type":"page","link":"https:\/\/www.ufsm.br\/cursos\/pos-graduacao\/santa-maria\/ppgcont\/projetos-de-ensino-2","title":{"rendered":"Projetos de Ensino"},"content":{"rendered":"\n<p>\u00a0<\/p>\n<table style=\"width: 100%;border-collapse: collapse;border-style: solid;border-color: #170101\">\n<tbody>\n<tr>\n<td style=\"width: 15.2582%;border-style: solid;border-color: #1c0202;background-color: #dbd7d7\"><img decoding=\"async\" class=\"aligncenter wp-image-1150 size-thumbnail\" src=\"https:\/\/www.ufsm.br\/app\/uploads\/sites\/789\/2024\/09\/PPGCC-Transparente-1-150x150.png\" alt=\"\" width=\"150\" height=\"150\" srcset=\"https:\/\/www.ufsm.br\/app\/uploads\/sites\/789\/2024\/09\/PPGCC-Transparente-1-150x150.png 150w, https:\/\/www.ufsm.br\/app\/uploads\/sites\/789\/2024\/09\/PPGCC-Transparente-1-300x300.png 300w, https:\/\/www.ufsm.br\/app\/uploads\/sites\/789\/2024\/09\/PPGCC-Transparente-1.png 500w\" sizes=\"(max-width: 150px) 100vw, 150px\" \/><\/td>\n<td style=\"width: 84.7418%;border-style: solid;border-color: #1c0202;text-align: center;background-color: #dbd7d7\">\n<h1>Projetos de Ensino<\/h1>\n<\/td>\n<\/tr>\n<tr>\n<td style=\"width: 15.2582%;border-style: solid;border-color: #1c0202;background-color: #cbebf7\"><img decoding=\"async\" class=\"aligncenter wp-image-1172 size-thumbnail\" src=\"https:\/\/www.ufsm.br\/app\/uploads\/sites\/789\/2024\/09\/Vinicius-150x150.jpg\" alt=\"\" width=\"150\" height=\"150\" srcset=\"https:\/\/www.ufsm.br\/app\/uploads\/sites\/789\/2024\/09\/Vinicius-150x150.jpg 150w, https:\/\/www.ufsm.br\/app\/uploads\/sites\/789\/2024\/09\/Vinicius.jpg 225w\" sizes=\"(max-width: 150px) 100vw, 150px\" \/><\/td>\n<td style=\"width: 84.7418%;border-style: solid;border-color: #1c0202;text-align: justify;background-color: #cbebf7\">\n<p><strong>Coordenador<\/strong>: Vin\u00edcius Costa da Silva Zonatto<\/p>\n<p><strong>Projeto<\/strong>: OFICINAS DE ENSINO PARA ELABORA\u00c7\u00c3O DE ARTIGOS CIENT\u00cdFICOS<\/p>\n<p><strong>Resumo<\/strong>: Este projeto de ensino tem por objetivo oportunizar a inser\u00e7\u00e3o dos acad\u00eamicos dos cursos de gradua\u00e7\u00e3o, t\u00e9cnico, profissionalizante e m\u00e9dio, no meio cient\u00edfico, atrav\u00e9s do desenvolvimento de trabalhos de inicia\u00e7\u00e3o cient\u00edfica e de artigos cient\u00edficos. Como objetivos espec\u00edficos destacam-se: a) Desenvolver oficinas de estudos e orienta\u00e7\u00f5es aos estudantes para a produ\u00e7\u00e3o de resumos e artigos cient\u00edficos; b) Promover a inicia\u00e7\u00e3o cient\u00edfica e a pesquisa junto ao Curso de Ci\u00eancias Cont\u00e1beis, contribuindo para a participa\u00e7\u00e3o docente em processos de orienta\u00e7\u00e3o de inicia\u00e7\u00e3o cient\u00edfica; c) Fomentar o envolvimento do corpo discente na elabora\u00e7\u00e3o de resumos e artigos cient\u00edficos a partir de temas associados \u00e0 Contabilidade; d) Consolidar a institui\u00e7\u00e3o de grupos de pesquisa junto ao Programa de P\u00f3s-Gradua\u00e7\u00e3o em Ci\u00eancias Cont\u00e1beis, a partir do envolvimento dos docentes e discentes interessados e engajados no projeto, divulgando os resultados das pesquisas desenvolvidas; e, e) Oportunizar o uso da carga hor\u00e1ria complementar da gradua\u00e7\u00e3o atrav\u00e9s da aplica\u00e7\u00e3o de uma metodologia ativa de aprendizagem, por meio da inicia\u00e7\u00e3o cient\u00edfica e da pesquisa. Espera-se com estas a\u00e7\u00f5es, al\u00e9m de fortalecer a pesquisa nesta \u00e1rea do conhecimento, despertar o interesse de alunos pela inicia\u00e7\u00e3o cient\u00edfica e a pesquisa, e pela p\u00f3s-gradua\u00e7\u00e3o em n\u00edvel de mestrado e doutorado em Ci\u00eancias Cont\u00e1beis.<\/p>\n<p><strong>Equipe<\/strong>: Adriano Mendon\u00e7a Souza, Anderson Betti Frare, Cl\u00e1udia de Freitas Michelin, Cristiane Kr\u00fcger, Cristiano Sausen Soares, Igor Bernardi Sonza, Larissa Degenhart, Lucas Veiga \u00c1vila, Luiz Henrique Figueira Marquezan, Marcelo Trevisan, Marcia Helena dos Santos Bento, Mar\u00edndia Brachak dos Santos, Rosimeire Pimentel Gonzaga, Vagner Ant\u00f4nio Marques e Vin\u00edcius Costa da Silva Zonatto.<\/p>\n<p>\u00a0<\/p>\n<p><strong>Coordenador<\/strong>: Vin\u00edcius Costa da Silva Zonatto<\/p>\n<p><strong>Projeto<\/strong>: WORKSHOP DE PESQUISA EM CI\u00caNCIAS CONT\u00c1BEIS<\/p>\n<p><strong>Resumo<\/strong>: Este projeto de ensino tem por objetivo promover a realiza\u00e7\u00e3o de workshops tem\u00e1ticos de pesquisa em Ci\u00eancias Cont\u00e1beis, oportunizando a inser\u00e7\u00e3o e intera\u00e7\u00e3o de docentes e discentes em atividades de pesquisa cient\u00edfica, a partir da apresenta\u00e7\u00e3o e discuss\u00e3o de oportunidades de pesquisa na \u00e1rea de Ci\u00eancias Cont\u00e1beis, Gest\u00e3o e Neg\u00f3cios, e o desenvolvimento de artigos cient\u00edficos qualificados. Espera-se com estas a\u00e7\u00f5es, al\u00e9m de fortalecer a pesquisa nesta \u00e1rea, despertar o interesse de alunos de cursos de gradua\u00e7\u00e3o pela p\u00f3s-gradua\u00e7\u00e3o em n\u00edvel de mestrado e doutorado em Ci\u00eancias Cont\u00e1beis.<\/p>\n<strong>Equipe<\/strong>: Adriano Mendon\u00e7a Souza, Anderson Betti Frare, Cl\u00e1udia de Freitas Michelin, Cristiane Kr\u00fcger, Cristiano Sausen Soares, Igor Bernardi Sonza, Larissa Degenhart, Lucas Veiga \u00c1vila, Luiz Henrique Figueira Marquezan, Marcelo Trevisan, Marcia Helena dos Santos Bento, Mar\u00edndia Brachak dos Santos, Rosimeire Pimentel Gonzaga, Vagner Ant\u00f4nio Marques e Vin\u00edcius Costa da Silva Zonatto.<\/td>\n<\/tr>\n<tr>\n<td style=\"width: 15.2582%;border-style: solid;border-color: #1c0202\"><img decoding=\"async\" class=\"aligncenter wp-image-1217 size-thumbnail\" src=\"https:\/\/www.ufsm.br\/app\/uploads\/sites\/789\/2024\/10\/servletrecuperafoto-1-150x150.jpg\" alt=\"\" width=\"150\" height=\"150\" srcset=\"https:\/\/www.ufsm.br\/app\/uploads\/sites\/789\/2024\/10\/servletrecuperafoto-1-150x150.jpg 150w, https:\/\/www.ufsm.br\/app\/uploads\/sites\/789\/2024\/10\/servletrecuperafoto-1-300x300.jpg 300w, https:\/\/www.ufsm.br\/app\/uploads\/sites\/789\/2024\/10\/servletrecuperafoto-1.jpg 411w\" sizes=\"(max-width: 150px) 100vw, 150px\" \/><\/td>\n<td style=\"width: 84.7418%;border-style: solid;border-color: #1c0202;text-align: justify\">\n<p><strong>Coordenador<\/strong>: Anderson Betti Frare<\/p>\n<p><strong>Projeto<\/strong>: WORKSHOP DE M\u00c9TODOS E TEND\u00caNCIAS PARA PUBLICA\u00c7\u00c3O CIENT\u00cdFICA EM PERI\u00d3DICOS DE IMPACTO NA \u00c1REA DE CI\u00caNCIAS CONT\u00c1BEIS<\/p>\n<strong>Resumo<\/strong>: Este projeto de ensino objetiva apresentar e promover a discuss\u00e3o acad\u00eamica e a capacita\u00e7\u00e3o de docentes e discentes apresentando o contexto atual sobre m\u00e9todos de pesquisa e tend\u00eancias que s\u00e3o observadas recentemente nos peri\u00f3dicos de alto impacto, considerando o escopo da \u00e1rea de Ci\u00eancias Cont\u00e1beis. Almeja-se tamb\u00e9m promover a socializa\u00e7\u00e3o de conhecimentos e experi\u00eancias vivenciadas por docentes e discentes da Universidade Federal de Santa Maria (UFSM) e de outras institui\u00e7\u00f5es, nacionais e internacionais, com a\u00e7\u00f5es de ensino, pesquisa, interc\u00e2mbio e internacionaliza\u00e7\u00e3o em n\u00edvel de gradua\u00e7\u00e3o e p\u00f3s-gradua\u00e7\u00e3o.<\/td>\n<\/tr>\n<tr>\n<td style=\"width: 15.2582%;border-style: solid;border-color: #1c0202;background-color: #d3e8f5\">\n<p><img loading=\"lazy\" decoding=\"async\" class=\"aligncenter wp-image-1152 size-thumbnail\" src=\"https:\/\/www.ufsm.br\/app\/uploads\/sites\/789\/2024\/09\/Foto_Claudia_Vrs_Red-150x150.jpg\" alt=\"\" width=\"150\" height=\"150\" \/><\/p>\n<p><img loading=\"lazy\" decoding=\"async\" class=\"aligncenter wp-image-1153 size-thumbnail\" src=\"https:\/\/www.ufsm.br\/app\/uploads\/sites\/789\/2024\/09\/Foto_Cristiane_Red-150x150.jpg\" alt=\"\" width=\"150\" height=\"150\" \/><\/p>\n<\/td>\n<td style=\"width: 84.7418%;border-style: solid;border-color: #1c0202;text-align: justify;background-color: #d3e8f5\">\n<p><strong>Coordenador<\/strong>: Cristiane Kr\u00fcger e Cl\u00e1udia de Freitas Michelin<\/p>\n<p><strong>Projeto<\/strong>: SIMULADO CONT\u00c1BIL<\/p>\n<strong>Resumo<\/strong>: Este projeto de ensino tem por objetivo realizar periodicamente a\u00e7\u00f5es que promovam o ensino e a aprendizagem, por meio da revis\u00e3o e consolida\u00e7\u00e3o de conte\u00fados abordados na forma\u00e7\u00e3o profissional do Contador. Por meio de aulas, palestras e estudos dirigidos, promovem-se tais a\u00e7\u00f5es. Na sequ\u00eancia, periodicamente, realizam-se edi\u00e7\u00f5es de um simulado do exame profissional para obten\u00e7\u00e3o do registro profissional junto ao Conselho de Contabilidade, no intuito de contribuir para a capacita\u00e7\u00e3o e percep\u00e7\u00e3o dos alunos quanto ao seu n\u00edvel de conhecimento frente a essa avalia\u00e7\u00e3o e outras similares. Uma vez que a aprova\u00e7\u00e3o no exame de sufici\u00eancia \u00e9 um requisito obrigat\u00f3rio para que os bachar\u00e9is em Ci\u00eancias Cont\u00e1beis possam obter seu registro profissional, para exercer a profiss\u00e3o de Contador, tal a\u00e7\u00e3o visa contribuir de forma efetiva para a aprendizagem e a forma\u00e7\u00e3o dos profissionais formados em n\u00edvel superior nesta \u00e1rea do conhecimento. O simulado cont\u00e1bil \u00e9 um projeto de ensino que inclui alunos interessados neste projeto independente de seu v\u00ednculo institucional de forma\u00e7\u00e3o com a UFSM. Espera-se que este projeto contribua para uma melhor qualifica\u00e7\u00e3o profissional e preparo dos estudantes e egressos deste curso, com vistas a contribuir para uma maior aprova\u00e7\u00e3o dos alunos de Ci\u00eancias Cont\u00e1beis junto ao Exame de Sufici\u00eancia realizado pelo Conselho Federal de Contabilidade.<\/td>\n<\/tr>\n<tr>\n<td style=\"width: 15.2582%;border-style: solid;border-color: #1c0202\"><img loading=\"lazy\" decoding=\"async\" class=\"aligncenter wp-image-1162 size-thumbnail\" src=\"https:\/\/www.ufsm.br\/app\/uploads\/sites\/789\/2024\/09\/Luiz-e1595531247485-262x300-1-150x150.jpg\" alt=\"\" width=\"150\" height=\"150\" \/><\/td>\n<td style=\"width: 84.7418%;border-style: solid;border-color: #1c0202;text-align: justify\">\n<p><strong>Coordenador<\/strong>: Luiz Henrique Figueira Marquezan<\/p>\n<p><strong>Projeto<\/strong>: CONVERSA COM PROFISSIONAIS E GESTORES<\/p>\n<strong>Resumo<\/strong>: Este projeto de ensino objetiva promover o interc\u00e2mbio, a divulga\u00e7\u00e3o e a constru\u00e7\u00e3o de conhecimentos entre os acad\u00eamicos do Curso de Ci\u00eancias Cont\u00e1beis do Centro de Ci\u00eancias Sociais e Humanas da Universidade Federal de Santa Maria, por meio da intera\u00e7\u00e3o com profissionais da \u00e1rea cont\u00e1bil e gestores de organiza\u00e7\u00f5es.\u00a0O p\u00fablico-alvo a que se destina esse projeto \u00e9 composto primeiramente pelos estudantes dos cursos de Ci\u00eancias Cont\u00e1beis, Diurno e Noturno, da Universidade Federal de Santa Maria, por\u00e9m, pode abranger estudantes de outros cursos, interessados no mercado de trabalho da \u00e1rea cont\u00e1bil. O projeto \u00e9 abrangente em rela\u00e7\u00e3o ao per\u00edodo de execu\u00e7\u00e3o. Ser\u00e3o realizadas palestras e oficinas tem\u00e1ticas relacionadas \u00e0s carreiras profissionais ligadas \u00e0 contabilidade, com a participa\u00e7\u00e3o de profissionais da contabilidade e clientes de servi\u00e7os cont\u00e1beis. A programa\u00e7\u00e3o do projeto n\u00e3o \u00e9 fixa, envolvendo atividades recorrentes no ambiente da sala de aula, e em outros espa\u00e7os da universidade ou fora dela.<\/td>\n<\/tr>\n<\/tbody>\n<\/table>\n","protected":false},"excerpt":{"rendered":"<p>\u00a0 Projetos de Ensino Coordenador: Vin\u00edcius Costa da Silva Zonatto Projeto: OFICINAS DE ENSINO PARA ELABORA\u00c7\u00c3O DE ARTIGOS CIENT\u00cdFICOS Resumo: Este projeto de ensino tem por objetivo oportunizar a inser\u00e7\u00e3o dos acad\u00eamicos dos cursos de gradua\u00e7\u00e3o, t\u00e9cnico, profissionalizante e m\u00e9dio, no meio cient\u00edfico, atrav\u00e9s do desenvolvimento de trabalhos de inicia\u00e7\u00e3o cient\u00edfica e de artigos cient\u00edficos. [&hellip;]<\/p>\n","protected":false},"author":905,"featured_media":0,"parent":0,"menu_order":0,"comment_status":"closed","ping_status":"closed","template":"","meta":{"footnotes":""},"categories":[],"tags":[],"class_list":["post-1235","page","type-page","status-publish","hentry"],"acf":[],"_links":{"self":[{"href":"https:\/\/www.ufsm.br\/cursos\/pos-graduacao\/santa-maria\/ppgcont\/wp-json\/wp\/v2\/pages\/1235","targetHints":{"allow":["GET"]}}],"collection":[{"href":"https:\/\/www.ufsm.br\/cursos\/pos-graduacao\/santa-maria\/ppgcont\/wp-json\/wp\/v2\/pages"}],"about":[{"href":"https:\/\/www.ufsm.br\/cursos\/pos-graduacao\/santa-maria\/ppgcont\/wp-json\/wp\/v2\/types\/page"}],"author":[{"embeddable":true,"href":"https:\/\/www.ufsm.br\/cursos\/pos-graduacao\/santa-maria\/ppgcont\/wp-json\/wp\/v2\/users\/905"}],"replies":[{"embeddable":true,"href":"https:\/\/www.ufsm.br\/cursos\/pos-graduacao\/santa-maria\/ppgcont\/wp-json\/wp\/v2\/comments?post=1235"}],"version-history":[{"count":0,"href":"https:\/\/www.ufsm.br\/cursos\/pos-graduacao\/santa-maria\/ppgcont\/wp-json\/wp\/v2\/pages\/1235\/revisions"}],"wp:attachment":[{"href":"https:\/\/www.ufsm.br\/cursos\/pos-graduacao\/santa-maria\/ppgcont\/wp-json\/wp\/v2\/media?parent=1235"}],"wp:term":[{"taxonomy":"category","embeddable":true,"href":"https:\/\/www.ufsm.br\/cursos\/pos-graduacao\/santa-maria\/ppgcont\/wp-json\/wp\/v2\/categories?post=1235"},{"taxonomy":"post_tag","embeddable":true,"href":"https:\/\/www.ufsm.br\/cursos\/pos-graduacao\/santa-maria\/ppgcont\/wp-json\/wp\/v2\/tags?post=1235"}],"curies":[{"name":"wp","href":"https:\/\/api.w.org\/{rel}","templated":true}]}}