{"id":170,"date":"2020-04-30T13:41:01","date_gmt":"2020-04-30T16:41:01","guid":{"rendered":"https:\/\/www.ufsm.br\/cursos\/pos-graduacao\/santa-maria\/ppgcont\/?page_id=170"},"modified":"2022-07-26T08:57:28","modified_gmt":"2022-07-26T11:57:28","slug":"linhas-de-pesquisa","status":"publish","type":"page","link":"https:\/\/www.ufsm.br\/cursos\/pos-graduacao\/santa-maria\/ppgcont\/linhas-de-pesquisa","title":{"rendered":"Linhas de Pesquisa"},"content":{"rendered":"\t\t<div data-elementor-type=\"wp-page\" data-elementor-id=\"170\" class=\"elementor elementor-170\">\n\t\t\t\t\t\t<section class=\"elementor-section elementor-top-section elementor-element elementor-element-64c6944 elementor-section-boxed elementor-section-height-default elementor-section-height-default\" data-id=\"64c6944\" data-element_type=\"section\">\n\t\t\t\t\t\t<div class=\"elementor-container elementor-column-gap-default\">\n\t\t\t\t\t<div class=\"elementor-column elementor-col-100 elementor-top-column elementor-element elementor-element-b47f9f0\" data-id=\"b47f9f0\" data-element_type=\"column\">\n\t\t\t<div class=\"elementor-widget-wrap elementor-element-populated\">\n\t\t\t\t\t\t<div class=\"elementor-element elementor-element-60332d6 elementor-widget elementor-widget-text-editor\" data-id=\"60332d6\" data-element_type=\"widget\" data-widget_type=\"text-editor.default\">\n\t\t\t\t<div class=\"elementor-widget-container\">\n\t\t\t\t\t\t\t<p>O Programa de P\u00f3s-Gradua\u00e7\u00e3o em Ci\u00eancias Cont\u00e1beis da Universidade Federal de Santa Maria contempla as seguintes Linhas de Pesquisa:<\/p>\t\t\t\t\t\t<\/div>\n\t\t\t\t<\/div>\n\t\t\t\t\t<\/div>\n\t\t<\/div>\n\t\t\t\t\t<\/div>\n\t\t<\/section>\n\t\t\t\t<section class=\"elementor-section elementor-top-section elementor-element elementor-element-19cd3d9 elementor-section-boxed elementor-section-height-default elementor-section-height-default\" data-id=\"19cd3d9\" data-element_type=\"section\">\n\t\t\t\t\t\t<div class=\"elementor-container elementor-column-gap-default\">\n\t\t\t\t\t<div class=\"elementor-column elementor-col-100 elementor-top-column elementor-element elementor-element-0750a0f\" data-id=\"0750a0f\" data-element_type=\"column\">\n\t\t\t<div class=\"elementor-widget-wrap elementor-element-populated\">\n\t\t\t\t\t\t<div class=\"elementor-element elementor-element-b4de255 elementor-widget elementor-widget-text-editor\" data-id=\"b4de255\" data-element_type=\"widget\" data-widget_type=\"text-editor.default\">\n\t\t\t\t<div class=\"elementor-widget-container\">\n\t\t\t\t\t\t\t<h5><strong>Controladoria<\/strong>:<\/h5><p style=\"text-align: justify\">Compreende o desenvolvimento de estudos e pesquisas te\u00f3ricas e emp\u00edricas sobre aspectos da contabilidade relacionados ao processo de gest\u00e3o organizacional, com vistas \u00e0 continuidade dos neg\u00f3cios, tendo a controladoria e o controle de gest\u00e3o como elementos chaves de investiga\u00e7\u00e3o. Considerando a produ\u00e7\u00e3o e utiliza\u00e7\u00e3o de informa\u00e7\u00f5es pelos diferentes agentes institucionais, bem como o uso de instrumentos de controle gerencial, a linha de pesquisa em Controladoria busca promover estudos avan\u00e7ados articulando temas relacionados \u00e0 gest\u00e3o organizacional, o controle de gest\u00e3o e a avalia\u00e7\u00e3o de desempenho junto a organiza\u00e7\u00f5es privadas e p\u00fablicas, com ou sem fins lucrativos. Dentre as tem\u00e1ticas principais estudadas nesta Linha de Pesquisa, inserem-se: Controladoria, Contabilidade Comportamental, Controle de Gest\u00e3o, Contabilidade e Gest\u00e3o de Custos, Or\u00e7amento Empresarial, Planejamento e Controle Organizacional, Sistemas de Avalia\u00e7\u00e3o de Desempenho e Sistemas de Controle Gerencial.<\/p><h5 style=\"text-align: justify\"><strong>Governan\u00e7a e Sustentabilidade Organizacional<\/strong>:<\/h5><p style=\"text-align: justify\">Compreende o desenvolvimento de estudos e pesquisas te\u00f3ricas e emp\u00edricas sobre aspectos da contabilidade relacionados \u00e0 continuidade dos neg\u00f3cios e \u00e0 comunica\u00e7\u00e3o de informa\u00e7\u00f5es \u00e0 sociedade, tendo a contabilidade, a governan\u00e7a corporativa e a sustentabilidade organizacional como elementos chaves de investiga\u00e7\u00e3o. Abrange o desenvolvimento de conhecimentos associados \u00e0 ado\u00e7\u00e3o de normas, princ\u00edpios e procedimentos que afetam a gest\u00e3o, a transpar\u00eancia, a divulga\u00e7\u00e3o de informa\u00e7\u00f5es, o desempenho social, econ\u00f4mico e ambiental, a cria\u00e7\u00e3o de valor e a continuidade organizacional, pautando-se na contabilidade, nos instrumentos e processos de governan\u00e7a corporativa e na sustentabilidade organizacional como fundamentos de estudo e pesquisa. Dentre as tem\u00e1ticas principais estudadas nesta Linha de Pesquisa, inserem-se: Qualidade da Informa\u00e7\u00e3o Cont\u00e1bil, Governan\u00e7a Corporativa, Contabilidade Ambiental, Relat\u00f3rios Sociais, Responsabilidade Social Corporativa, Sustentabilidade Organizacional e Inova\u00e7\u00e3o Sustent\u00e1vel.<\/p>\t\t\t\t\t\t<\/div>\n\t\t\t\t<\/div>\n\t\t\t\t\t<\/div>\n\t\t<\/div>\n\t\t\t\t\t<\/div>\n\t\t<\/section>\n\t\t\t\t<\/div>\n\t\t","protected":false},"excerpt":{"rendered":"<p>O Programa de P\u00f3s-Gradua\u00e7\u00e3o em Ci\u00eancias Cont\u00e1beis da Universidade Federal de Santa Maria contempla as seguintes Linhas de Pesquisa: Controladoria: Compreende o desenvolvimento de estudos e pesquisas te\u00f3ricas e emp\u00edricas sobre aspectos da contabilidade relacionados ao processo de gest\u00e3o organizacional, com vistas \u00e0 continuidade dos neg\u00f3cios, tendo a controladoria e o controle de gest\u00e3o como [&hellip;]<\/p>\n","protected":false},"author":867,"featured_media":0,"parent":0,"menu_order":0,"comment_status":"closed","ping_status":"closed","template":"","meta":{"footnotes":""},"categories":[],"tags":[],"class_list":["post-170","page","type-page","status-publish","hentry"],"acf":[],"_links":{"self":[{"href":"https:\/\/www.ufsm.br\/cursos\/pos-graduacao\/santa-maria\/ppgcont\/wp-json\/wp\/v2\/pages\/170","targetHints":{"allow":["GET"]}}],"collection":[{"href":"https:\/\/www.ufsm.br\/cursos\/pos-graduacao\/santa-maria\/ppgcont\/wp-json\/wp\/v2\/pages"}],"about":[{"href":"https:\/\/www.ufsm.br\/cursos\/pos-graduacao\/santa-maria\/ppgcont\/wp-json\/wp\/v2\/types\/page"}],"author":[{"embeddable":true,"href":"https:\/\/www.ufsm.br\/cursos\/pos-graduacao\/santa-maria\/ppgcont\/wp-json\/wp\/v2\/users\/867"}],"replies":[{"embeddable":true,"href":"https:\/\/www.ufsm.br\/cursos\/pos-graduacao\/santa-maria\/ppgcont\/wp-json\/wp\/v2\/comments?post=170"}],"version-history":[{"count":0,"href":"https:\/\/www.ufsm.br\/cursos\/pos-graduacao\/santa-maria\/ppgcont\/wp-json\/wp\/v2\/pages\/170\/revisions"}],"wp:attachment":[{"href":"https:\/\/www.ufsm.br\/cursos\/pos-graduacao\/santa-maria\/ppgcont\/wp-json\/wp\/v2\/media?parent=170"}],"wp:term":[{"taxonomy":"category","embeddable":true,"href":"https:\/\/www.ufsm.br\/cursos\/pos-graduacao\/santa-maria\/ppgcont\/wp-json\/wp\/v2\/categories?post=170"},{"taxonomy":"post_tag","embeddable":true,"href":"https:\/\/www.ufsm.br\/cursos\/pos-graduacao\/santa-maria\/ppgcont\/wp-json\/wp\/v2\/tags?post=170"}],"curies":[{"name":"wp","href":"https:\/\/api.w.org\/{rel}","templated":true}]}}